{"id":15809,"date":"2024-12-02T12:38:35","date_gmt":"2024-12-02T11:38:35","guid":{"rendered":"https:\/\/estanteriasrecord.com\/incentives-development"},"modified":"2024-12-02T12:51:47","modified_gmt":"2024-12-02T12:51:47","slug":"incentives-development","status":"publish","type":"page","link":"https:\/\/estanteriasrecord.com\/en\/incentives-development","title":{"rendered":"Incentives Development<br>"},"content":{"rendered":"\t\t<div data-elementor-type=\"wp-page\" data-elementor-id=\"15809\" class=\"elementor elementor-15809 elementor-15779\" data-elementor-post-type=\"page\">\n\t\t\t\t<div class=\"elementor-element elementor-element-99d0cc5 e-flex e-con-boxed e-con e-parent\" data-id=\"99d0cc5\" data-element_type=\"container\" data-e-type=\"container\">\n\t\t\t\t\t<div class=\"e-con-inner\">\n\t\t\t\t<div class=\"elementor-element elementor-element-952f1f5 elementor-widget elementor-widget-heading\" data-id=\"952f1f5\" data-element_type=\"widget\" data-e-type=\"widget\" data-widget_type=\"heading.default\">\n\t\t\t\t<div class=\"elementor-widget-container\">\n\t\t\t\t\t<h2 class=\"elementor-heading-title elementor-size-default\">INCENTIVES DEVELOPMENT<br><\/h2>\t\t\t\t<\/div>\n\t\t\t\t<\/div>\n\t\t\t\t\t<\/div>\n\t\t\t\t<\/div>\n\t\t<div class=\"elementor-element elementor-element-1444bd2 e-flex e-con-boxed e-con e-parent\" data-id=\"1444bd2\" data-element_type=\"container\" data-e-type=\"container\">\n\t\t\t\t\t<div class=\"e-con-inner\">\n\t\t\t\t<div class=\"elementor-element elementor-element-f739a3b elementor-widget elementor-widget-text-editor\" data-id=\"f739a3b\" data-element_type=\"widget\" data-e-type=\"widget\" data-widget_type=\"text-editor.default\">\n\t\t\t\t<div class=\"elementor-widget-container\">\n\t\t\t\t\t\t\t\t\t<h4 style=\"text-align: center;\">Digital development project<\/h4>\n<p><b> ESTANTER\u00cdAS MET\u00c1LICAS RECORD S.L. <\/b> has been a beneficiary of the European Regional Development Fund, whose objective is to improve the use and quality of information and communication technologies and access to these, thanks to which it has carried out an online SEM promotion, a revitalisation of its social networks and email marketing to improve the company&#8217;s competitiveness and productivity. [16\/11\/2017][16\/11\/2017]. For this, it has counted on the support of the TicC\u00e1maras Programme from the Granada Chamber of Commerce. <\/p>\n\t\t\t\t\t\t\t\t<\/div>\n\t\t\t\t<\/div>\n\t\t\t\t<div class=\"elementor-element elementor-element-780b992 elementor-widget elementor-widget-image\" data-id=\"780b992\" data-element_type=\"widget\" data-e-type=\"widget\" data-widget_type=\"image.default\">\n\t\t\t\t<div class=\"elementor-widget-container\">\n\t\t\t\t\t\t\t\t\t\t\t\t\t\t\t<img loading=\"lazy\" decoding=\"async\" loading=\"lazy\" width=\"221\" height=\"300\" src=\"https:\/\/estanteriasrecord.com\/wp-content\/uploads\/2024\/12\/ticcamaras-221x300.jpg\" class=\"attachment-medium size-medium wp-image-15789\" alt=\"\" srcset=\"https:\/\/estanteriasrecord.com\/wp-content\/uploads\/2024\/12\/ticcamaras-221x300.jpg 221w, https:\/\/estanteriasrecord.com\/wp-content\/uploads\/2024\/12\/ticcamaras-600x815.jpg 600w, https:\/\/estanteriasrecord.com\/wp-content\/uploads\/2024\/12\/ticcamaras.jpg 671w\" sizes=\"auto, (max-width: 221px) 100vw, 221px\" \/>\t\t\t\t\t\t\t\t\t\t\t\t\t\t\t<\/div>\n\t\t\t\t<\/div>\n\t\t\t\t\t<\/div>\n\t\t\t\t<\/div>\n\t\t<div class=\"elementor-element elementor-element-93d0dbd e-flex e-con-boxed e-con e-parent\" data-id=\"93d0dbd\" data-element_type=\"container\" data-e-type=\"container\">\n\t\t\t\t\t<div class=\"e-con-inner\">\n\t\t\t\t<div class=\"elementor-element elementor-element-4c325f2 elementor-widget elementor-widget-text-editor\" data-id=\"4c325f2\" data-element_type=\"widget\" data-e-type=\"widget\" data-widget_type=\"text-editor.default\">\n\t\t\t\t<div class=\"elementor-widget-container\">\n\t\t\t\t\t\t\t\t\t<h3 style=\"text-align: center;\">Energy sustainability project<\/h3>\n<p><b> ESTANTER\u00cdAS MET\u00c1LICAS RECORD S.L.<\/b> has been a beneficiary of the European Regional Development Fund, whose objective is to promote research, technological development and innovation. Thanks to this Fund, the company has implemented energy improvements into the production and operational processes that allow its environmental sustainability to increase, in order to support the creation and consolidation of innovative companies. The implementation was carried out in November 2017. For this, it has counted on the support of the InnoC\u00e1maras Programme from the Granada Chamber of Commerce.  <\/p>\n\t\t\t\t\t\t\t\t<\/div>\n\t\t\t\t<\/div>\n\t\t\t\t<div class=\"elementor-element elementor-element-7d95e87 elementor-widget elementor-widget-image\" data-id=\"7d95e87\" data-element_type=\"widget\" data-e-type=\"widget\" data-widget_type=\"image.default\">\n\t\t\t\t<div class=\"elementor-widget-container\">\n\t\t\t\t\t\t\t\t\t\t\t\t\t\t\t<img loading=\"lazy\" decoding=\"async\" loading=\"lazy\" width=\"221\" height=\"300\" src=\"https:\/\/estanteriasrecord.com\/wp-content\/uploads\/2024\/12\/innocamara-221x300.png\" class=\"attachment-medium size-medium wp-image-15783\" alt=\"\" srcset=\"https:\/\/estanteriasrecord.com\/wp-content\/uploads\/2024\/12\/innocamara-221x300.png 221w, https:\/\/estanteriasrecord.com\/wp-content\/uploads\/2024\/12\/innocamara-600x815.png 600w, https:\/\/estanteriasrecord.com\/wp-content\/uploads\/2024\/12\/innocamara.png 671w\" sizes=\"auto, (max-width: 221px) 100vw, 221px\" \/>\t\t\t\t\t\t\t\t\t\t\t\t\t\t\t<\/div>\n\t\t\t\t<\/div>\n\t\t\t\t\t<\/div>\n\t\t\t\t<\/div>\n\t\t<div class=\"elementor-element elementor-element-ee428c8 e-flex e-con-boxed e-con e-parent\" data-id=\"ee428c8\" data-element_type=\"container\" data-e-type=\"container\">\n\t\t\t\t\t<div class=\"e-con-inner\">\n\t\t\t\t<div class=\"elementor-element elementor-element-a5e4c0d elementor-widget elementor-widget-text-editor\" data-id=\"a5e4c0d\" data-element_type=\"widget\" data-e-type=\"widget\" data-widget_type=\"text-editor.default\">\n\t\t\t\t<div class=\"elementor-widget-container\">\n\t\t\t\t\t\t\t\t\t<h3 style=\"text-align: center;\">Development project: Internationalisation plan<\/h3>\n<p><b> ESTANTER\u00cdAS MET\u00c1LICAS RECORD S.L. <\/b> has received funding from the European Fund for Regional Development, whose objective is to increase SMEs&#8217; competitiveness. This funding has enabled the company to implement an internationalization plan to enhance its competitive advantage abroad in 2017\/2018. The company also has support from the XPANDE Programme (Granada&#8217;s Chamber of Commerce). <\/p>\n\t\t\t\t\t\t\t\t<\/div>\n\t\t\t\t<\/div>\n\t\t\t\t<div class=\"elementor-element elementor-element-71421c7 elementor-widget elementor-widget-image\" data-id=\"71421c7\" data-element_type=\"widget\" data-e-type=\"widget\" data-widget_type=\"image.default\">\n\t\t\t\t<div class=\"elementor-widget-container\">\n\t\t\t\t\t\t\t\t\t\t\t\t\t\t\t<img loading=\"lazy\" decoding=\"async\" loading=\"lazy\" width=\"221\" height=\"300\" src=\"https:\/\/estanteriasrecord.com\/wp-content\/uploads\/2024\/12\/xpande-221x300.jpg\" class=\"attachment-medium size-medium wp-image-15795\" alt=\"\" srcset=\"https:\/\/estanteriasrecord.com\/wp-content\/uploads\/2024\/12\/xpande-221x300.jpg 221w, https:\/\/estanteriasrecord.com\/wp-content\/uploads\/2024\/12\/xpande-600x815.jpg 600w, https:\/\/estanteriasrecord.com\/wp-content\/uploads\/2024\/12\/xpande.jpg 671w\" sizes=\"auto, (max-width: 221px) 100vw, 221px\" \/>\t\t\t\t\t\t\t\t\t\t\t\t\t\t\t<\/div>\n\t\t\t\t<\/div>\n\t\t\t\t\t<\/div>\n\t\t\t\t<\/div>\n\t\t<div class=\"elementor-element elementor-element-b25eebd e-flex e-con-boxed e-con e-parent\" data-id=\"b25eebd\" data-element_type=\"container\" data-e-type=\"container\">\n\t\t\t\t\t<div class=\"e-con-inner\">\n\t\t\t\t<div class=\"elementor-element elementor-element-70bee45 elementor-widget elementor-widget-text-editor\" data-id=\"70bee45\" data-element_type=\"widget\" data-e-type=\"widget\" data-widget_type=\"text-editor.default\">\n\t\t\t\t<div class=\"elementor-widget-container\">\n\t\t\t\t\t\t\t\t\t<h3 style=\"text-align: center;\">Development project: International Digital Marketing Plan<\/h3>\n<p><b> ESTANTER\u00cdAS MET\u00c1LICAS RECORD S.L. <\/b> has received funding from the European Fund for Regional Development, whose objective is to increase SMEs&#8217; competitiveness. This funding has enabled the company to implement an International Digital Marketing plan to improve its online positioning in international markets in 2017\/-2018. The company also has support from XPANDE DIGITAL Programme (Granada&#8217;s Chamber of Commerce, Industry, Services and Navigation). <\/p>\n\t\t\t\t\t\t\t\t<\/div>\n\t\t\t\t<\/div>\n\t\t\t\t<div class=\"elementor-element elementor-element-c782b41 elementor-widget elementor-widget-image\" data-id=\"c782b41\" data-element_type=\"widget\" data-e-type=\"widget\" data-widget_type=\"image.default\">\n\t\t\t\t<div class=\"elementor-widget-container\">\n\t\t\t\t\t\t\t\t\t\t\t\t\t\t\t<img loading=\"lazy\" decoding=\"async\" loading=\"lazy\" width=\"221\" height=\"300\" src=\"https:\/\/estanteriasrecord.com\/wp-content\/uploads\/2024\/12\/xpande_digital-221x300.jpg\" class=\"attachment-medium size-medium wp-image-15792\" alt=\"\" srcset=\"https:\/\/estanteriasrecord.com\/wp-content\/uploads\/2024\/12\/xpande_digital-221x300.jpg 221w, https:\/\/estanteriasrecord.com\/wp-content\/uploads\/2024\/12\/xpande_digital-600x815.jpg 600w, https:\/\/estanteriasrecord.com\/wp-content\/uploads\/2024\/12\/xpande_digital.jpg 671w\" sizes=\"auto, (max-width: 221px) 100vw, 221px\" \/>\t\t\t\t\t\t\t\t\t\t\t\t\t\t\t<\/div>\n\t\t\t\t<\/div>\n\t\t\t\t\t<\/div>\n\t\t\t\t<\/div>\n\t\t<div class=\"elementor-element elementor-element-056ba30 e-flex e-con-boxed e-con e-parent\" data-id=\"056ba30\" data-element_type=\"container\" data-e-type=\"container\">\n\t\t\t\t\t<div class=\"e-con-inner\">\n\t\t\t\t<div class=\"elementor-element elementor-element-82163db elementor-widget elementor-widget-text-editor\" data-id=\"82163db\" data-element_type=\"widget\" data-e-type=\"widget\" data-widget_type=\"text-editor.default\">\n\t\t\t\t<div class=\"elementor-widget-container\">\n\t\t\t\t\t\t\t\t\t<h3 style=\"text-align: center;\">Sustainable energy development: Self-consumption<\/h3>\n<p><b> ESTANTER\u00cdAS MET\u00c1LICAS RECORD S.L. <\/b> has received the European Regional Development Fund from the European Union for a self-consumption photovoltaic installation of 81 kW. This Fund is within the Program for sustainable energy development of Andalusia in the period 2017-2020, which aims to achieve a more clean and sustainable economy.<\/p>\n\t\t\t\t\t\t\t\t<\/div>\n\t\t\t\t<\/div>\n\t\t\t\t<div class=\"elementor-element elementor-element-f967464 elementor-widget elementor-widget-image\" data-id=\"f967464\" data-element_type=\"widget\" data-e-type=\"widget\" data-widget_type=\"image.default\">\n\t\t\t\t<div class=\"elementor-widget-container\">\n\t\t\t\t\t\t\t\t\t\t\t\t\t\t\t<img loading=\"lazy\" decoding=\"async\" loading=\"lazy\" width=\"600\" height=\"317\" src=\"https:\/\/estanteriasrecord.com\/wp-content\/uploads\/2024\/12\/placa_est_record-600x317.jpg\" class=\"attachment-woocommerce_single size-woocommerce_single wp-image-15786\" alt=\"\" srcset=\"https:\/\/estanteriasrecord.com\/wp-content\/uploads\/2024\/12\/placa_est_record-600x317.jpg 600w, https:\/\/estanteriasrecord.com\/wp-content\/uploads\/2024\/12\/placa_est_record-300x159.jpg 300w, https:\/\/estanteriasrecord.com\/wp-content\/uploads\/2024\/12\/placa_est_record-1024x541.jpg 1024w, https:\/\/estanteriasrecord.com\/wp-content\/uploads\/2024\/12\/placa_est_record-768x406.jpg 768w, https:\/\/estanteriasrecord.com\/wp-content\/uploads\/2024\/12\/placa_est_record-1536x812.jpg 1536w, https:\/\/estanteriasrecord.com\/wp-content\/uploads\/2024\/12\/placa_est_record.jpg 1653w\" sizes=\"auto, (max-width: 600px) 100vw, 600px\" \/>\t\t\t\t\t\t\t\t\t\t\t\t\t\t\t<\/div>\n\t\t\t\t<\/div>\n\t\t\t\t\t<\/div>\n\t\t\t\t<\/div>\n\t\t\t\t<\/div>\n\t\t","protected":false},"excerpt":{"rendered":"<p>INCENTIVES DEVELOPMENT Digital development project ESTANTER\u00cdAS MET\u00c1LICAS RECORD S.L. has been a beneficiary of the European Regional Development Fund, whose objective is to improve the use and quality of information and communication technologies and access to these, thanks to which it has carried out an online SEM promotion, a revitalisation of its social networks and [&hellip;]<\/p>\n","protected":false},"author":5,"featured_media":0,"parent":0,"menu_order":0,"comment_status":"closed","ping_status":"closed","template":"","meta":{"_acf_changed":false,"_joinchat":[],"footnotes":""},"class_list":["post-15809","page","type-page","status-publish","hentry"],"acf":[],"yoast_head":"<!-- This site is optimized with the Yoast SEO plugin v27.0 - https:\/\/yoast.com\/product\/yoast-seo-wordpress\/ -->\n<title>Incentives Development | Estanter\u00edas Record<\/title>\n<meta name=\"robots\" content=\"index, follow, max-snippet:-1, max-image-preview:large, max-video-preview:-1\" \/>\n<link rel=\"canonical\" href=\"https:\/\/estanteriasrecord.com\/en\/incentives-development\" \/>\n<meta property=\"og:locale\" content=\"en_US\" \/>\n<meta property=\"og:type\" content=\"article\" \/>\n<meta property=\"og:title\" content=\"Incentives Development | Estanter\u00edas Record\" \/>\n<meta property=\"og:description\" content=\"INCENTIVES DEVELOPMENT Digital development project ESTANTER\u00cdAS MET\u00c1LICAS RECORD S.L. has been a beneficiary of the European Regional Development Fund, whose objective is to improve the use and quality of information and communication technologies and access to these, thanks to which it has carried out an online SEM promotion, a revitalisation of its social networks and [&hellip;]\" \/>\n<meta property=\"og:url\" content=\"https:\/\/estanteriasrecord.com\/en\/incentives-development\" \/>\n<meta property=\"og:site_name\" content=\"Estanter\u00edas Record\" \/>\n<meta property=\"article:publisher\" content=\"https:\/\/www.facebook.com\/estanteriasrecord\/\" \/>\n<meta property=\"article:modified_time\" content=\"2024-12-02T12:51:47+00:00\" \/>\n<meta property=\"og:image\" content=\"https:\/\/estanteriasrecord.comwp-content\/uploads\/2024\/12\/ticcamaras-221x300.jpg\" \/>\n<meta name=\"twitter:card\" content=\"summary_large_image\" \/>\n<meta name=\"twitter:label1\" content=\"Est. reading time\" \/>\n\t<meta name=\"twitter:data1\" content=\"2 minutes\" \/>\n<script type=\"application\/ld+json\" class=\"yoast-schema-graph\">{\"@context\":\"https:\/\/schema.org\",\"@graph\":[{\"@type\":\"WebPage\",\"@id\":\"https:\/\/estanteriasrecord.com\/en\/incentives-development\",\"url\":\"https:\/\/estanteriasrecord.com\/en\/incentives-development\",\"name\":\"Incentives Development | Estanter\u00edas Record\",\"isPartOf\":{\"@id\":\"https:\/\/estanteriasrecord.com\/en#website\"},\"primaryImageOfPage\":{\"@id\":\"https:\/\/estanteriasrecord.com\/en\/incentives-development#primaryimage\"},\"image\":{\"@id\":\"https:\/\/estanteriasrecord.com\/en\/incentives-development#primaryimage\"},\"thumbnailUrl\":\"https:\/\/estanteriasrecord.com\/wp-content\/uploads\/2024\/12\/ticcamaras-221x300.jpg\",\"datePublished\":\"2024-12-02T11:38:35+00:00\",\"dateModified\":\"2024-12-02T12:51:47+00:00\",\"breadcrumb\":{\"@id\":\"https:\/\/estanteriasrecord.com\/en\/incentives-development#breadcrumb\"},\"inLanguage\":\"en-US\",\"potentialAction\":[{\"@type\":\"ReadAction\",\"target\":[\"https:\/\/estanteriasrecord.com\/en\/incentives-development\"]}]},{\"@type\":\"ImageObject\",\"inLanguage\":\"en-US\",\"@id\":\"https:\/\/estanteriasrecord.com\/en\/incentives-development#primaryimage\",\"url\":\"https:\/\/estanteriasrecord.com\/wp-content\/uploads\/2024\/12\/ticcamaras-221x300.jpg\",\"contentUrl\":\"https:\/\/estanteriasrecord.com\/wp-content\/uploads\/2024\/12\/ticcamaras-221x300.jpg\"},{\"@type\":\"BreadcrumbList\",\"@id\":\"https:\/\/estanteriasrecord.com\/en\/incentives-development#breadcrumb\",\"itemListElement\":[{\"@type\":\"ListItem\",\"position\":1,\"name\":\"Portada\",\"item\":\"https:\/\/estanteriasrecord.com\/en\/estanterias-record\"},{\"@type\":\"ListItem\",\"position\":2,\"name\":\"Incentives Development\"}]},{\"@type\":\"WebSite\",\"@id\":\"https:\/\/estanteriasrecord.com\/en#website\",\"url\":\"https:\/\/estanteriasrecord.com\/en\",\"name\":\"Estanter\u00edas Record\",\"description\":\"Sistemas eficientes de almacenamiento\",\"publisher\":{\"@id\":\"https:\/\/estanteriasrecord.com\/en#organization\"},\"potentialAction\":[{\"@type\":\"SearchAction\",\"target\":{\"@type\":\"EntryPoint\",\"urlTemplate\":\"https:\/\/estanteriasrecord.com\/en?s={search_term_string}\"},\"query-input\":{\"@type\":\"PropertyValueSpecification\",\"valueRequired\":true,\"valueName\":\"search_term_string\"}}],\"inLanguage\":\"en-US\"},{\"@type\":\"Organization\",\"@id\":\"https:\/\/estanteriasrecord.com\/en#organization\",\"name\":\"Estanter\u00edas Record\",\"url\":\"https:\/\/estanteriasrecord.com\/en\",\"logo\":{\"@type\":\"ImageObject\",\"inLanguage\":\"en-US\",\"@id\":\"https:\/\/estanteriasrecord.com\/en#\/schema\/logo\/image\/\",\"url\":\"https:\/\/estanteriasrecord.com\/wp-content\/uploads\/2024\/03\/logo_cab_doc.png\",\"contentUrl\":\"https:\/\/estanteriasrecord.com\/wp-content\/uploads\/2024\/03\/logo_cab_doc.png\",\"width\":250,\"height\":119,\"caption\":\"Estanter\u00edas Record\"},\"image\":{\"@id\":\"https:\/\/estanteriasrecord.com\/en#\/schema\/logo\/image\/\"},\"sameAs\":[\"https:\/\/www.facebook.com\/estanteriasrecord\/\"]}]}<\/script>\n<!-- \/ Yoast SEO plugin. -->","yoast_head_json":{"title":"Incentives Development | Estanter\u00edas Record","robots":{"index":"index","follow":"follow","max-snippet":"max-snippet:-1","max-image-preview":"max-image-preview:large","max-video-preview":"max-video-preview:-1"},"canonical":"https:\/\/estanteriasrecord.com\/en\/incentives-development","og_locale":"en_US","og_type":"article","og_title":"Incentives Development | Estanter\u00edas Record","og_description":"INCENTIVES DEVELOPMENT Digital development project ESTANTER\u00cdAS MET\u00c1LICAS RECORD S.L. has been a beneficiary of the European Regional Development Fund, whose objective is to improve the use and quality of information and communication technologies and access to these, thanks to which it has carried out an online SEM promotion, a revitalisation of its social networks and [&hellip;]","og_url":"https:\/\/estanteriasrecord.com\/en\/incentives-development","og_site_name":"Estanter\u00edas Record","article_publisher":"https:\/\/www.facebook.com\/estanteriasrecord\/","article_modified_time":"2024-12-02T12:51:47+00:00","og_image":[{"url":"https:\/\/estanteriasrecord.comwp-content\/uploads\/2024\/12\/ticcamaras-221x300.jpg","type":"","width":"","height":""}],"twitter_card":"summary_large_image","twitter_misc":{"Est. reading time":"2 minutes"},"schema":{"@context":"https:\/\/schema.org","@graph":[{"@type":"WebPage","@id":"https:\/\/estanteriasrecord.com\/en\/incentives-development","url":"https:\/\/estanteriasrecord.com\/en\/incentives-development","name":"Incentives Development | Estanter\u00edas Record","isPartOf":{"@id":"https:\/\/estanteriasrecord.com\/en#website"},"primaryImageOfPage":{"@id":"https:\/\/estanteriasrecord.com\/en\/incentives-development#primaryimage"},"image":{"@id":"https:\/\/estanteriasrecord.com\/en\/incentives-development#primaryimage"},"thumbnailUrl":"https:\/\/estanteriasrecord.com\/wp-content\/uploads\/2024\/12\/ticcamaras-221x300.jpg","datePublished":"2024-12-02T11:38:35+00:00","dateModified":"2024-12-02T12:51:47+00:00","breadcrumb":{"@id":"https:\/\/estanteriasrecord.com\/en\/incentives-development#breadcrumb"},"inLanguage":"en-US","potentialAction":[{"@type":"ReadAction","target":["https:\/\/estanteriasrecord.com\/en\/incentives-development"]}]},{"@type":"ImageObject","inLanguage":"en-US","@id":"https:\/\/estanteriasrecord.com\/en\/incentives-development#primaryimage","url":"https:\/\/estanteriasrecord.com\/wp-content\/uploads\/2024\/12\/ticcamaras-221x300.jpg","contentUrl":"https:\/\/estanteriasrecord.com\/wp-content\/uploads\/2024\/12\/ticcamaras-221x300.jpg"},{"@type":"BreadcrumbList","@id":"https:\/\/estanteriasrecord.com\/en\/incentives-development#breadcrumb","itemListElement":[{"@type":"ListItem","position":1,"name":"Portada","item":"https:\/\/estanteriasrecord.com\/en\/estanterias-record"},{"@type":"ListItem","position":2,"name":"Incentives Development"}]},{"@type":"WebSite","@id":"https:\/\/estanteriasrecord.com\/en#website","url":"https:\/\/estanteriasrecord.com\/en","name":"Estanter\u00edas Record","description":"Sistemas eficientes de almacenamiento","publisher":{"@id":"https:\/\/estanteriasrecord.com\/en#organization"},"potentialAction":[{"@type":"SearchAction","target":{"@type":"EntryPoint","urlTemplate":"https:\/\/estanteriasrecord.com\/en?s={search_term_string}"},"query-input":{"@type":"PropertyValueSpecification","valueRequired":true,"valueName":"search_term_string"}}],"inLanguage":"en-US"},{"@type":"Organization","@id":"https:\/\/estanteriasrecord.com\/en#organization","name":"Estanter\u00edas Record","url":"https:\/\/estanteriasrecord.com\/en","logo":{"@type":"ImageObject","inLanguage":"en-US","@id":"https:\/\/estanteriasrecord.com\/en#\/schema\/logo\/image\/","url":"https:\/\/estanteriasrecord.com\/wp-content\/uploads\/2024\/03\/logo_cab_doc.png","contentUrl":"https:\/\/estanteriasrecord.com\/wp-content\/uploads\/2024\/03\/logo_cab_doc.png","width":250,"height":119,"caption":"Estanter\u00edas Record"},"image":{"@id":"https:\/\/estanteriasrecord.com\/en#\/schema\/logo\/image\/"},"sameAs":["https:\/\/www.facebook.com\/estanteriasrecord\/"]}]}},"_links":{"self":[{"href":"https:\/\/estanteriasrecord.com\/en\/wp-json\/wp\/v2\/pages\/15809","targetHints":{"allow":["GET"]}}],"collection":[{"href":"https:\/\/estanteriasrecord.com\/en\/wp-json\/wp\/v2\/pages"}],"about":[{"href":"https:\/\/estanteriasrecord.com\/en\/wp-json\/wp\/v2\/types\/page"}],"author":[{"embeddable":true,"href":"https:\/\/estanteriasrecord.com\/en\/wp-json\/wp\/v2\/users\/5"}],"replies":[{"embeddable":true,"href":"https:\/\/estanteriasrecord.com\/en\/wp-json\/wp\/v2\/comments?post=15809"}],"version-history":[{"count":0,"href":"https:\/\/estanteriasrecord.com\/en\/wp-json\/wp\/v2\/pages\/15809\/revisions"}],"wp:attachment":[{"href":"https:\/\/estanteriasrecord.com\/en\/wp-json\/wp\/v2\/media?parent=15809"}],"curies":[{"name":"wp","href":"https:\/\/api.w.org\/{rel}","templated":true}]}}