{"id":14881,"date":"2024-11-06T07:26:38","date_gmt":"2024-11-06T06:26:38","guid":{"rendered":"https:\/\/estanteriasrecord.com\/politique-de-qualite"},"modified":"2024-11-19T11:45:46","modified_gmt":"2024-11-19T11:45:46","slug":"politique-de-qualite","status":"publish","type":"page","link":"https:\/\/estanteriasrecord.com\/fr\/politique-de-qualite","title":{"rendered":"Politique de Qualit\u00e9"},"content":{"rendered":"\t\t<div data-elementor-type=\"wp-page\" data-elementor-id=\"14881\" class=\"elementor elementor-14881 elementor-12300\" data-elementor-post-type=\"page\">\n\t\t\t\t<div class=\"elementor-element elementor-element-e5e7178 e-flex e-con-boxed e-con e-parent\" data-id=\"e5e7178\" data-element_type=\"container\" data-e-type=\"container\">\n\t\t\t\t\t<div class=\"e-con-inner\">\n\t\t\t\t<div class=\"elementor-element elementor-element-15ee3de elementor-widget elementor-widget-heading\" data-id=\"15ee3de\" data-element_type=\"widget\" data-e-type=\"widget\" data-widget_type=\"heading.default\">\n\t\t\t\t<div class=\"elementor-widget-container\">\n\t\t\t\t\t<h1 class=\"elementor-heading-title elementor-size-default\">Politique de Qualit\u00e9<\/h1>\t\t\t\t<\/div>\n\t\t\t\t<\/div>\n\t\t\t\t<div class=\"elementor-element elementor-element-ce6ddb4 elementor-widget elementor-widget-text-editor\" data-id=\"ce6ddb4\" data-element_type=\"widget\" data-e-type=\"widget\" data-widget_type=\"text-editor.default\">\n\t\t\t\t<div class=\"elementor-widget-container\">\n\t\t\t\t\t\t\t\t\t<div class=\"container aviso-privacidad content-md\">\n<div class=\"col-xs-12\">\n<p><span style=\"color: #000000;\"><b>ESTANTERIAS RECORD, SL<\/b> est une soci\u00e9t\u00e9 consacr\u00e9e \u00e0 la <b>conception, production, vente et installation de rayonnages m\u00e9talliques.<\/b><\/span><\/p>\n<p><span style=\"color: #000000;\">Notre personnel dans son ensemble est conscient de la n\u00e9cessit\u00e9 de travailler de fa\u00e7on \u00e0 ce que les <b>exigences du client<\/b> soient garanties, ainsi que celles qui n&rsquo;ont pas \u00e9t\u00e9 \u00e9tablies par le client, mais qui sont n\u00e9cessaires pour la prestation de services ad\u00e9quate et l&rsquo;utilisation post\u00e9rieure de l&rsquo;installation.<\/span><\/p>\n<p><span style=\"color: #000000;\">De m\u00eame, nous connaissons et assumons tous la n\u00e9cessit\u00e9 de respecter chacune des <b>obligations l\u00e9gales et r\u00e8glementaires<\/b> qui touchent la prestation de notre service, ainsi que les objectifs de qualit\u00e9 qui sont \u00e9tablis dans le cadre de cette politique et ses futures r\u00e9visions, le guide, les proc\u00e9dures, les instructions et tout autre document ou sp\u00e9cification applicable.<\/span><\/p>\n<p><span style=\"color: #000000;\">Afin d&rsquo;atteindre l&rsquo;objectif g\u00e9n\u00e9ral de respect des conditions, le syst\u00e8me de gestion de la qualit\u00e9 a \u00e9t\u00e9 mis en \u0153uvre conform\u00e9ment \u00e0 la norme internationale UNE-EN ISO 9001:2015, qui concerne tout le personnel de l&rsquo;entreprise, ainsi que toutes nos activit\u00e9s.<\/span><\/p>\n<p><span style=\"color: #000000;\">L&rsquo;objectif fondamental est, en plus d&rsquo;augmenter la <b>satisfaction du client<\/b>, d&rsquo;obtenir la syst\u00e9matisation ad\u00e9quate de nos activit\u00e9s gr\u00e2ce \u00e0 un outil nous permettant de g\u00e9rer la qualit\u00e9 de fa\u00e7on \u00e0 entrer dans un processus d&rsquo;am\u00e9lioration continue.<\/span><\/p>\n<p><span style=\"color: #000000;\">Nous devons assumer la <b>conscience pr\u00e9ventive<\/b> et d&rsquo;<b>am\u00e9lioration continue<\/b> afin d&rsquo;\u00e9viter les \u00e9ventuelles erreurs, proposer des solutions, nous communiquer de fa\u00e7on efficace, nous identifier avec les objectifs de l&rsquo;entreprise et de suivre de fa\u00e7on scrupuleuse les exigences qui d\u00e9coulent de notre syst\u00e8me.<\/span><\/p>\n<p><span style=\"color: #000000;\">Nous comprenons tous les implications qui d\u00e9coulent de cette politique de qualit\u00e9 dans notre travail quotidien, tant dans la prestation des services que dans les op\u00e9rations de gestion interne.<\/span><\/p>\n<\/div>\n<\/div>\n\t\t\t\t\t\t\t\t<\/div>\n\t\t\t\t<\/div>\n\t\t\t\t\t<\/div>\n\t\t\t\t<\/div>\n\t\t\t\t<\/div>\n\t\t","protected":false},"excerpt":{"rendered":"<p>Politique de Qualit\u00e9 ESTANTERIAS RECORD, SL est une soci\u00e9t\u00e9 consacr\u00e9e \u00e0 la conception, production, vente et installation de rayonnages m\u00e9talliques. Notre personnel dans son ensemble est conscient de la n\u00e9cessit\u00e9 de travailler de fa\u00e7on \u00e0 ce que les exigences du client soient garanties, ainsi que celles qui n&rsquo;ont pas \u00e9t\u00e9 \u00e9tablies par le client, mais [&hellip;]<\/p>\n","protected":false},"author":5,"featured_media":0,"parent":0,"menu_order":0,"comment_status":"closed","ping_status":"closed","template":"","meta":{"_acf_changed":false,"_joinchat":[],"footnotes":""},"class_list":["post-14881","page","type-page","status-publish","hentry"],"acf":[],"yoast_head":"<!-- This site is optimized with the Yoast SEO plugin v27.0 - https:\/\/yoast.com\/product\/yoast-seo-wordpress\/ -->\n<title>Politique de Qualit\u00e9 | Estanter\u00edas Record<\/title>\n<meta name=\"robots\" content=\"index, follow, max-snippet:-1, max-image-preview:large, max-video-preview:-1\" \/>\n<link rel=\"canonical\" href=\"https:\/\/estanteriasrecord.com\/fr\/politique-de-qualite\" \/>\n<meta property=\"og:locale\" content=\"fr_FR\" \/>\n<meta property=\"og:type\" content=\"article\" \/>\n<meta property=\"og:title\" content=\"Politique de Qualit\u00e9 | Estanter\u00edas Record\" \/>\n<meta property=\"og:description\" content=\"Politique de Qualit\u00e9 ESTANTERIAS RECORD, SL est une soci\u00e9t\u00e9 consacr\u00e9e \u00e0 la conception, production, vente et installation de rayonnages m\u00e9talliques. Notre personnel dans son ensemble est conscient de la n\u00e9cessit\u00e9 de travailler de fa\u00e7on \u00e0 ce que les exigences du client soient garanties, ainsi que celles qui n&rsquo;ont pas \u00e9t\u00e9 \u00e9tablies par le client, mais [&hellip;]\" \/>\n<meta property=\"og:url\" content=\"https:\/\/estanteriasrecord.com\/fr\/politique-de-qualite\" \/>\n<meta property=\"og:site_name\" content=\"Estanter\u00edas Record\" \/>\n<meta property=\"article:publisher\" content=\"https:\/\/www.facebook.com\/estanteriasrecord\/\" \/>\n<meta property=\"article:modified_time\" content=\"2024-11-19T11:45:46+00:00\" \/>\n<meta property=\"og:image\" content=\"https:\/\/estanteriasrecord.com\/wp-content\/uploads\/2024\/04\/Logo_2K_1-1516290663-scaled-1.jpg\" \/>\n\t<meta property=\"og:image:width\" content=\"2560\" \/>\n\t<meta property=\"og:image:height\" content=\"1513\" \/>\n\t<meta property=\"og:image:type\" content=\"image\/jpeg\" \/>\n<meta name=\"twitter:card\" content=\"summary_large_image\" \/>\n<meta name=\"twitter:label1\" content=\"Dur\u00e9e de lecture estim\u00e9e\" \/>\n\t<meta name=\"twitter:data1\" content=\"2 minutes\" \/>\n<script type=\"application\/ld+json\" class=\"yoast-schema-graph\">{\"@context\":\"https:\/\/schema.org\",\"@graph\":[{\"@type\":\"WebPage\",\"@id\":\"https:\/\/estanteriasrecord.com\/fr\/politique-de-qualite\",\"url\":\"https:\/\/estanteriasrecord.com\/fr\/politique-de-qualite\",\"name\":\"Politique de Qualit\u00e9 | Estanter\u00edas Record\",\"isPartOf\":{\"@id\":\"https:\/\/estanteriasrecord.com\/fr#website\"},\"datePublished\":\"2024-11-06T06:26:38+00:00\",\"dateModified\":\"2024-11-19T11:45:46+00:00\",\"breadcrumb\":{\"@id\":\"https:\/\/estanteriasrecord.com\/fr\/politique-de-qualite#breadcrumb\"},\"inLanguage\":\"fr-FR\",\"potentialAction\":[{\"@type\":\"ReadAction\",\"target\":[\"https:\/\/estanteriasrecord.com\/fr\/politique-de-qualite\"]}]},{\"@type\":\"BreadcrumbList\",\"@id\":\"https:\/\/estanteriasrecord.com\/fr\/politique-de-qualite#breadcrumb\",\"itemListElement\":[{\"@type\":\"ListItem\",\"position\":1,\"name\":\"Portada\",\"item\":\"https:\/\/estanteriasrecord.com\/fr\/estanterias-record\"},{\"@type\":\"ListItem\",\"position\":2,\"name\":\"Politique de Qualit\u00e9\"}]},{\"@type\":\"WebSite\",\"@id\":\"https:\/\/estanteriasrecord.com\/fr#website\",\"url\":\"https:\/\/estanteriasrecord.com\/fr\",\"name\":\"Estanter\u00edas Record\",\"description\":\"Sistemas eficientes de almacenamiento\",\"publisher\":{\"@id\":\"https:\/\/estanteriasrecord.com\/fr#organization\"},\"potentialAction\":[{\"@type\":\"SearchAction\",\"target\":{\"@type\":\"EntryPoint\",\"urlTemplate\":\"https:\/\/estanteriasrecord.com\/fr?s={search_term_string}\"},\"query-input\":{\"@type\":\"PropertyValueSpecification\",\"valueRequired\":true,\"valueName\":\"search_term_string\"}}],\"inLanguage\":\"fr-FR\"},{\"@type\":\"Organization\",\"@id\":\"https:\/\/estanteriasrecord.com\/fr#organization\",\"name\":\"Estanter\u00edas Record\",\"url\":\"https:\/\/estanteriasrecord.com\/fr\",\"logo\":{\"@type\":\"ImageObject\",\"inLanguage\":\"fr-FR\",\"@id\":\"https:\/\/estanteriasrecord.com\/fr#\/schema\/logo\/image\/\",\"url\":\"https:\/\/estanteriasrecord.com\/wp-content\/uploads\/2024\/03\/logo_cab_doc.png\",\"contentUrl\":\"https:\/\/estanteriasrecord.com\/wp-content\/uploads\/2024\/03\/logo_cab_doc.png\",\"width\":250,\"height\":119,\"caption\":\"Estanter\u00edas Record\"},\"image\":{\"@id\":\"https:\/\/estanteriasrecord.com\/fr#\/schema\/logo\/image\/\"},\"sameAs\":[\"https:\/\/www.facebook.com\/estanteriasrecord\/\"]}]}<\/script>\n<!-- \/ Yoast SEO plugin. -->","yoast_head_json":{"title":"Politique de Qualit\u00e9 | Estanter\u00edas Record","robots":{"index":"index","follow":"follow","max-snippet":"max-snippet:-1","max-image-preview":"max-image-preview:large","max-video-preview":"max-video-preview:-1"},"canonical":"https:\/\/estanteriasrecord.com\/fr\/politique-de-qualite","og_locale":"fr_FR","og_type":"article","og_title":"Politique de Qualit\u00e9 | Estanter\u00edas Record","og_description":"Politique de Qualit\u00e9 ESTANTERIAS RECORD, SL est une soci\u00e9t\u00e9 consacr\u00e9e \u00e0 la conception, production, vente et installation de rayonnages m\u00e9talliques. Notre personnel dans son ensemble est conscient de la n\u00e9cessit\u00e9 de travailler de fa\u00e7on \u00e0 ce que les exigences du client soient garanties, ainsi que celles qui n&rsquo;ont pas \u00e9t\u00e9 \u00e9tablies par le client, mais [&hellip;]","og_url":"https:\/\/estanteriasrecord.com\/fr\/politique-de-qualite","og_site_name":"Estanter\u00edas Record","article_publisher":"https:\/\/www.facebook.com\/estanteriasrecord\/","article_modified_time":"2024-11-19T11:45:46+00:00","og_image":[{"width":2560,"height":1513,"url":"https:\/\/estanteriasrecord.com\/wp-content\/uploads\/2024\/04\/Logo_2K_1-1516290663-scaled-1.jpg","type":"image\/jpeg"}],"twitter_card":"summary_large_image","twitter_misc":{"Dur\u00e9e de lecture estim\u00e9e":"2 minutes"},"schema":{"@context":"https:\/\/schema.org","@graph":[{"@type":"WebPage","@id":"https:\/\/estanteriasrecord.com\/fr\/politique-de-qualite","url":"https:\/\/estanteriasrecord.com\/fr\/politique-de-qualite","name":"Politique de Qualit\u00e9 | Estanter\u00edas Record","isPartOf":{"@id":"https:\/\/estanteriasrecord.com\/fr#website"},"datePublished":"2024-11-06T06:26:38+00:00","dateModified":"2024-11-19T11:45:46+00:00","breadcrumb":{"@id":"https:\/\/estanteriasrecord.com\/fr\/politique-de-qualite#breadcrumb"},"inLanguage":"fr-FR","potentialAction":[{"@type":"ReadAction","target":["https:\/\/estanteriasrecord.com\/fr\/politique-de-qualite"]}]},{"@type":"BreadcrumbList","@id":"https:\/\/estanteriasrecord.com\/fr\/politique-de-qualite#breadcrumb","itemListElement":[{"@type":"ListItem","position":1,"name":"Portada","item":"https:\/\/estanteriasrecord.com\/fr\/estanterias-record"},{"@type":"ListItem","position":2,"name":"Politique de Qualit\u00e9"}]},{"@type":"WebSite","@id":"https:\/\/estanteriasrecord.com\/fr#website","url":"https:\/\/estanteriasrecord.com\/fr","name":"Estanter\u00edas Record","description":"Sistemas eficientes de almacenamiento","publisher":{"@id":"https:\/\/estanteriasrecord.com\/fr#organization"},"potentialAction":[{"@type":"SearchAction","target":{"@type":"EntryPoint","urlTemplate":"https:\/\/estanteriasrecord.com\/fr?s={search_term_string}"},"query-input":{"@type":"PropertyValueSpecification","valueRequired":true,"valueName":"search_term_string"}}],"inLanguage":"fr-FR"},{"@type":"Organization","@id":"https:\/\/estanteriasrecord.com\/fr#organization","name":"Estanter\u00edas Record","url":"https:\/\/estanteriasrecord.com\/fr","logo":{"@type":"ImageObject","inLanguage":"fr-FR","@id":"https:\/\/estanteriasrecord.com\/fr#\/schema\/logo\/image\/","url":"https:\/\/estanteriasrecord.com\/wp-content\/uploads\/2024\/03\/logo_cab_doc.png","contentUrl":"https:\/\/estanteriasrecord.com\/wp-content\/uploads\/2024\/03\/logo_cab_doc.png","width":250,"height":119,"caption":"Estanter\u00edas Record"},"image":{"@id":"https:\/\/estanteriasrecord.com\/fr#\/schema\/logo\/image\/"},"sameAs":["https:\/\/www.facebook.com\/estanteriasrecord\/"]}]}},"_links":{"self":[{"href":"https:\/\/estanteriasrecord.com\/fr\/wp-json\/wp\/v2\/pages\/14881","targetHints":{"allow":["GET"]}}],"collection":[{"href":"https:\/\/estanteriasrecord.com\/fr\/wp-json\/wp\/v2\/pages"}],"about":[{"href":"https:\/\/estanteriasrecord.com\/fr\/wp-json\/wp\/v2\/types\/page"}],"author":[{"embeddable":true,"href":"https:\/\/estanteriasrecord.com\/fr\/wp-json\/wp\/v2\/users\/5"}],"replies":[{"embeddable":true,"href":"https:\/\/estanteriasrecord.com\/fr\/wp-json\/wp\/v2\/comments?post=14881"}],"version-history":[{"count":0,"href":"https:\/\/estanteriasrecord.com\/fr\/wp-json\/wp\/v2\/pages\/14881\/revisions"}],"wp:attachment":[{"href":"https:\/\/estanteriasrecord.com\/fr\/wp-json\/wp\/v2\/media?parent=14881"}],"curies":[{"name":"wp","href":"https:\/\/api.w.org\/{rel}","templated":true}]}}