{"id":14936,"date":"2024-04-29T11:05:39","date_gmt":"2024-04-29T09:05:39","guid":{"rendered":"https:\/\/estanteriasrecord.com\/services\/maintenance-apres-vente"},"modified":"2025-05-05T11:16:00","modified_gmt":"2025-05-05T09:16:00","slug":"maintenance-apres-vente","status":"publish","type":"page","link":"https:\/\/estanteriasrecord.com\/fr\/services\/maintenance-apres-vente","title":{"rendered":"Maintenance apr\u00e8s-vente"},"content":{"rendered":"\t\t<div data-elementor-type=\"wp-page\" data-elementor-id=\"14936\" class=\"elementor elementor-14936 elementor-464\" data-elementor-post-type=\"page\">\n\t\t\t\t<div class=\"elementor-element elementor-element-6a8c16c5 e-con-full e-flex e-con e-parent\" data-id=\"6a8c16c5\" data-element_type=\"container\" data-e-type=\"container\" data-settings=\"{&quot;background_background&quot;:&quot;classic&quot;}\">\n\t\t\t\t<div class=\"elementor-element elementor-element-2dfcd91d elementor-widget elementor-widget-image\" data-id=\"2dfcd91d\" data-element_type=\"widget\" data-e-type=\"widget\" data-widget_type=\"image.default\">\n\t\t\t\t<div class=\"elementor-widget-container\">\n\t\t\t\t\t\t\t\t\t\t\t\t\t\t\t<img loading=\"lazy\" decoding=\"async\" loading=\"lazy\" width=\"1440\" height=\"810\" src=\"https:\/\/estanteriasrecord.com\/wp-content\/uploads\/2024\/11\/Mantenimiento-postventa_pagina.jpg\" class=\"attachment-full size-full wp-image-14777\" alt=\"\" srcset=\"https:\/\/estanteriasrecord.com\/wp-content\/uploads\/2024\/11\/Mantenimiento-postventa_pagina.jpg 1440w, https:\/\/estanteriasrecord.com\/wp-content\/uploads\/2024\/11\/Mantenimiento-postventa_pagina-300x169.jpg 300w, https:\/\/estanteriasrecord.com\/wp-content\/uploads\/2024\/11\/Mantenimiento-postventa_pagina-1024x576.jpg 1024w, https:\/\/estanteriasrecord.com\/wp-content\/uploads\/2024\/11\/Mantenimiento-postventa_pagina-768x432.jpg 768w, https:\/\/estanteriasrecord.com\/wp-content\/uploads\/2024\/11\/Mantenimiento-postventa_pagina-600x338.jpg 600w\" sizes=\"auto, (max-width: 1440px) 100vw, 1440px\" \/>\t\t\t\t\t\t\t\t\t\t\t\t\t\t\t<\/div>\n\t\t\t\t<\/div>\n\t\t<div class=\"elementor-element elementor-element-3059c72e e-con-full e-flex e-con e-child\" data-id=\"3059c72e\" data-element_type=\"container\" data-e-type=\"container\" data-settings=\"{&quot;background_background&quot;:&quot;classic&quot;}\">\n\t\t<div class=\"elementor-element elementor-element-384b2411 e-con-full elementor-hidden-mobile e-flex e-con e-child\" data-id=\"384b2411\" data-element_type=\"container\" data-e-type=\"container\">\n\t\t\t\t<div class=\"elementor-element elementor-element-3e4a1c02 elementor-widget elementor-widget-text-editor\" data-id=\"3e4a1c02\" data-element_type=\"widget\" data-e-type=\"widget\" data-widget_type=\"text-editor.default\">\n\t\t\t\t<div class=\"elementor-widget-container\">\n\t\t\t\t\t\t\t\t\t<p>Vous \u00eates ici:&nbsp; <\/p>\t\t\t\t\t\t\t\t<\/div>\n\t\t\t\t<\/div>\n\t\t\t\t<div class=\"elementor-element elementor-element-59ecbcb9 elementor-widget elementor-widget-woocommerce-breadcrumb\" data-id=\"59ecbcb9\" data-element_type=\"widget\" data-e-type=\"widget\" data-widget_type=\"woocommerce-breadcrumb.default\">\n\t\t\t\t<div class=\"elementor-widget-container\">\n\t\t\t\t\t<nav class=\"woocommerce-breadcrumb\" aria-label=\"Breadcrumb\">Accueil<\/nav>\t\t\t\t<\/div>\n\t\t\t\t<\/div>\n\t\t\t\t<\/div>\n\t\t\t\t<\/div>\n\t\t\t\t<\/div>\n\t\t<div class=\"elementor-element elementor-element-86fc88c e-flex e-con-boxed e-con e-parent\" data-id=\"86fc88c\" data-element_type=\"container\" data-e-type=\"container\">\n\t\t\t\t\t<div class=\"e-con-inner\">\n\t\t<div class=\"elementor-element elementor-element-342eb92d e-flex e-con-boxed e-con e-child\" data-id=\"342eb92d\" data-element_type=\"container\" data-e-type=\"container\">\n\t\t\t\t\t<div class=\"e-con-inner\">\n\t\t\t\t<div class=\"elementor-element elementor-element-190ee426 elementor-widget__width-inherit elementor-widget elementor-widget-image\" data-id=\"190ee426\" data-element_type=\"widget\" data-e-type=\"widget\" data-widget_type=\"image.default\">\n\t\t\t\t<div class=\"elementor-widget-container\">\n\t\t\t\t\t\t\t\t\t\t\t\t\t\t\t<img loading=\"lazy\" decoding=\"async\" loading=\"lazy\" width=\"1280\" height=\"529\" src=\"https:\/\/estanteriasrecord.com\/wp-content\/uploads\/2024\/04\/mantenimiento_posventa_RECORD_1-1517829022.jpg\" class=\"attachment-full size-full wp-image-13355\" alt=\"\" srcset=\"https:\/\/estanteriasrecord.com\/wp-content\/uploads\/2024\/04\/mantenimiento_posventa_RECORD_1-1517829022.jpg 1280w, https:\/\/estanteriasrecord.com\/wp-content\/uploads\/2024\/04\/mantenimiento_posventa_RECORD_1-1517829022-300x124.jpg 300w, https:\/\/estanteriasrecord.com\/wp-content\/uploads\/2024\/04\/mantenimiento_posventa_RECORD_1-1517829022-1024x423.jpg 1024w, https:\/\/estanteriasrecord.com\/wp-content\/uploads\/2024\/04\/mantenimiento_posventa_RECORD_1-1517829022-768x317.jpg 768w, https:\/\/estanteriasrecord.com\/wp-content\/uploads\/2024\/04\/mantenimiento_posventa_RECORD_1-1517829022-600x248.jpg 600w\" sizes=\"auto, (max-width: 1280px) 100vw, 1280px\" \/>\t\t\t\t\t\t\t\t\t\t\t\t\t\t\t<\/div>\n\t\t\t\t<\/div>\n\t\t<div class=\"elementor-element elementor-element-6cdf2509 e-flex e-con-boxed e-con e-child\" data-id=\"6cdf2509\" data-element_type=\"container\" data-e-type=\"container\" data-settings=\"{&quot;background_background&quot;:&quot;classic&quot;}\">\n\t\t\t\t\t<div class=\"e-con-inner\">\n\t\t\t\t<div class=\"elementor-element elementor-element-636b0116 elementor-widget elementor-widget-text-editor\" data-id=\"636b0116\" data-element_type=\"widget\" data-e-type=\"widget\" data-widget_type=\"text-editor.default\">\n\t\t\t\t<div class=\"elementor-widget-container\">\n\t\t\t\t\t\t\t\t\t<p><span style=\"font-family: Roboto, sans-serif; white-space-collapse: preserve;\">Du fait de l&rsquo;utilisation continue et\/ou incorrecte des rayonnages, les composants de ceux-ci se d\u00e9gradent au fil du temps. Leur fonctionnalit\u00e9 et leur portance de conception s&rsquo;en trouvent r\u00e9duites Il en r\u00e9sulte une augmentation significative du risque d&rsquo;accidents, avec des effets impr\u00e9visibles, non seulement pour l&rsquo;installation elle-m\u00eame et les marchandises stock\u00e9es, mais aussi pour les op\u00e9rateurs travaillant dans les entrep\u00f4ts. Les \u00e9l\u00e9ments endommag\u00e9s ou heurt\u00e9s, m\u00eame si leur d\u00e9t\u00e9rioration n&rsquo;est pas visuellement perceptible, peuvent g\u00e9n\u00e9rer des tensions dangereuses qui compromettent la verticalit\u00e9 du syst\u00e8me ou peuvent m\u00eame provoquer son effondrement, parfois imm\u00e9diatement et sans avertissement pr\u00e9alable. <\/span><\/p>\t\t\t\t\t\t\t\t<\/div>\n\t\t\t\t<\/div>\n\t\t\t\t\t<\/div>\n\t\t\t\t<\/div>\n\t\t\t\t\t<\/div>\n\t\t\t\t<\/div>\n\t\t<div class=\"elementor-element elementor-element-d0674d6 e-con-full e-flex e-con e-child\" data-id=\"d0674d6\" data-element_type=\"container\" data-e-type=\"container\">\n\t\t\t\t<div class=\"elementor-element elementor-element-4e1eeeb9 elementor-widget__width-inherit elementor-widget elementor-widget-image\" data-id=\"4e1eeeb9\" data-element_type=\"widget\" data-e-type=\"widget\" data-widget_type=\"image.default\">\n\t\t\t\t<div class=\"elementor-widget-container\">\n\t\t\t\t\t\t\t\t\t\t\t\t\t\t\t<img loading=\"lazy\" decoding=\"async\" loading=\"lazy\" width=\"640\" height=\"379\" src=\"https:\/\/estanteriasrecord.com\/wp-content\/uploads\/2024\/04\/mantenimiento_posventa_RECORD_2-1517829038-e1713870540573.jpg\" class=\"attachment-full size-full wp-image-13357\" alt=\"\" srcset=\"https:\/\/estanteriasrecord.com\/wp-content\/uploads\/2024\/04\/mantenimiento_posventa_RECORD_2-1517829038-e1713870540573.jpg 640w, https:\/\/estanteriasrecord.com\/wp-content\/uploads\/2024\/04\/mantenimiento_posventa_RECORD_2-1517829038-e1713870540573-300x178.jpg 300w, https:\/\/estanteriasrecord.com\/wp-content\/uploads\/2024\/04\/mantenimiento_posventa_RECORD_2-1517829038-e1713870540573-600x355.jpg 600w\" sizes=\"auto, (max-width: 640px) 100vw, 640px\" \/>\t\t\t\t\t\t\t\t\t\t\t\t\t\t\t<\/div>\n\t\t\t\t<\/div>\n\t\t<div class=\"elementor-element elementor-element-8702a6b e-con-full e-flex e-con e-child\" data-id=\"8702a6b\" data-element_type=\"container\" data-e-type=\"container\" data-settings=\"{&quot;background_background&quot;:&quot;classic&quot;}\">\n\t\t\t\t<div class=\"elementor-element elementor-element-6a5ffe24 elementor-widget elementor-widget-text-editor\" data-id=\"6a5ffe24\" data-element_type=\"widget\" data-e-type=\"widget\" data-widget_type=\"text-editor.default\">\n\t\t\t\t<div class=\"elementor-widget-container\">\n\t\t\t\t\t\t\t\t\t<p><span style=\"font-family: Roboto, sans-serif; text-align: justify; white-space-collapse: preserve;\">Nous insistons sur le respect de<\/span> <span style=\"font-weight: bolder; font-family: Roboto, sans-serif; text-align: justify; white-space-collapse: preserve;\">la norme EN 15635.<\/span><span style=\"font-family: Roboto, sans-serif; text-align: justify; white-space-collapse: preserve;\"> La section \u00ab Utilisation et maintenance des mat\u00e9riels d&rsquo;entreposage \u00bb \u00e9tablit la  <\/span><span style=\"font-weight: bolder; font-family: Roboto, sans-serif; text-align: justify; white-space-collapse: preserve;\">n\u00e9cessit\u00e9 d&rsquo;<\/span><span style=\"font-family: Roboto, sans-serif; text-align: justify; white-space-collapse: preserve;\">inspecter les installations de rayonnages<\/span> <span style=\"font-weight: bolder; font-family: Roboto, sans-serif; text-align: justify; white-space-collapse: preserve;\">au moins une fois par an, et ce par un professionnel expert.<\/span><span style=\"font-family: Roboto, sans-serif; text-align: justify; white-space-collapse: preserve;\">. \u00c9tant donn\u00e9 les implications tr\u00e8s importantes qui d\u00e9coulent du sc\u00e9nario d\u00e9crit, Estanter\u00edas Record recommande vivement \u00e0 l&rsquo;utilisateur d&rsquo;agir diligemment en cons\u00e9quence. N&rsquo;h\u00e9sitez pas \u00e0  <\/span>N&rsquo;h\u00e9sitez pas \u00e0 nous <span style=\"font-weight: bolder; font-family: Roboto, sans-serif; text-align: justify; white-space-collapse: preserve;\">contacter<\/span> <span style=\"font-family: Roboto, sans-serif; text-align: justify; white-space-collapse: preserve;\">pour plus de renseignements sur la s\u00e9curit\u00e9 de vos installations ou pour obtenir notre conseil technique.<\/span><\/p>\t\t\t\t\t\t\t\t<\/div>\n\t\t\t\t<\/div>\n\t\t\t\t<\/div>\n\t\t\t\t<\/div>\n\t\t<div class=\"elementor-element elementor-element-3625efd7 e-con-full e-flex e-con e-child\" data-id=\"3625efd7\" data-element_type=\"container\" data-e-type=\"container\">\n\t\t\t\t<div class=\"elementor-element elementor-element-4ac9eff4 elementor-widget__width-inherit elementor-widget-mobile__width-auto elementor-widget elementor-widget-image\" data-id=\"4ac9eff4\" data-element_type=\"widget\" data-e-type=\"widget\" data-widget_type=\"image.default\">\n\t\t\t\t<div class=\"elementor-widget-container\">\n\t\t\t\t\t\t\t\t\t\t\t\t\t\t\t<img loading=\"lazy\" decoding=\"async\" loading=\"lazy\" width=\"640\" height=\"379\" src=\"https:\/\/estanteriasrecord.com\/wp-content\/uploads\/2024\/04\/mantenimiento_posventa_RECORD_2-1517829038-1-e1713870574346.jpg\" class=\"attachment-full size-full wp-image-13359\" alt=\"\" srcset=\"https:\/\/estanteriasrecord.com\/wp-content\/uploads\/2024\/04\/mantenimiento_posventa_RECORD_2-1517829038-1-e1713870574346.jpg 640w, https:\/\/estanteriasrecord.com\/wp-content\/uploads\/2024\/04\/mantenimiento_posventa_RECORD_2-1517829038-1-e1713870574346-300x178.jpg 300w, https:\/\/estanteriasrecord.com\/wp-content\/uploads\/2024\/04\/mantenimiento_posventa_RECORD_2-1517829038-1-e1713870574346-600x355.jpg 600w\" sizes=\"auto, (max-width: 640px) 100vw, 640px\" \/>\t\t\t\t\t\t\t\t\t\t\t\t\t\t\t<\/div>\n\t\t\t\t<\/div>\n\t\t<div class=\"elementor-element elementor-element-6aea33c9 e-flex e-con-boxed e-con e-child\" data-id=\"6aea33c9\" data-element_type=\"container\" data-e-type=\"container\" data-settings=\"{&quot;background_background&quot;:&quot;classic&quot;}\">\n\t\t\t\t\t<div class=\"e-con-inner\">\n\t\t\t\t<div class=\"elementor-element elementor-element-36bd9d4d elementor-widget elementor-widget-text-editor\" data-id=\"36bd9d4d\" data-element_type=\"widget\" data-e-type=\"widget\" data-widget_type=\"text-editor.default\">\n\t\t\t\t<div class=\"elementor-widget-container\">\n\t\t\t\t\t\t\t\t\t<p style=\"font-family: Roboto, sans-serif;\">Par cons\u00e9quent, <span style=\"font-weight: bolder;\">il est de la responsabilit\u00e9 de l\u2019utilisateur des racks de s\u2019assurer du bon \u00e9tat structurel de ses installations et de veiller \u00e0 leur bonne utilisation<\/span>. Afin de collaborer dans ce sens, Estanter\u00edas Record offre \u00e0 ses clients, sur demande, diff\u00e9rents services d\u2019assistance technique et d\u2019apr\u00e8s-vente. Nous signalons, sans \u00eatre exhaustifs, les suivants :  <\/p><ul style=\"font-size: 16px; background-color: #ffffff; font-family: Roboto, sans-serif;\"><li style=\"font-size: 16px;\"><span style=\"font-weight: bolder;\">R\u00e9vision et examen<\/span> des mat\u00e9riels install\u00e9s en vue d&rsquo;assurer une bonne maintenance, pr\u00e9ventive ou corrective selon le cas, afin de r\u00e9duire les risques qu&rsquo;ils comportent.<\/li><li style=\"font-size: 16px;\"><span style=\"font-weight: bolder;\">Conseil<\/span> pour la bonne utilisation des installation et pour l&rsquo;adoption de r\u00e8gles de gestion en mati\u00e8re de manutention et de logistique du service.<\/li><li style=\"font-size: 16px;\"><span style=\"font-weight: bolder;\">Orientation et appui<\/span> pour l&rsquo;adoption de protocoles op\u00e9rationnels en cas d&rsquo;accident.<\/li><li style=\"font-size: 16px;\"><span style=\"font-weight: bolder;\">Formation<\/span> en mati\u00e8re de s\u00e9curit\u00e9 et de bonne utilisation des mat\u00e9riels de travail.<\/li><li style=\"font-size: 16px;\">Remise des <span style=\"font-weight: bolder;\">manuels techniques<\/span> sur les produits et leur utilisation.<\/li><li style=\"font-size: 16px;\"><span style=\"font-weight: bolder;\">Supervision et \u00e9valuation<\/span> des travaux de maintenance men\u00e9s par l&rsquo;utilisateur des installations.<\/li><li style=\"font-size: 16px;\">Accomplissement des interventions correctives n\u00e9cessaires au service et remplacement des composants endommag\u00e9s.<\/li><\/ul>\t\t\t\t\t\t\t\t<\/div>\n\t\t\t\t<\/div>\n\t\t\t\t\t<\/div>\n\t\t\t\t<\/div>\n\t\t\t\t<\/div>\n\t\t\t\t\t<\/div>\n\t\t\t\t<\/div>\n\t\t\t\t<\/div>\n\t\t","protected":false},"excerpt":{"rendered":"<p>Vous \u00eates ici:&nbsp; Du fait de l&rsquo;utilisation continue et\/ou incorrecte des rayonnages, les composants de ceux-ci se d\u00e9gradent au fil du temps. Leur fonctionnalit\u00e9 et leur portance de conception s&rsquo;en trouvent r\u00e9duites Il en r\u00e9sulte une augmentation significative du risque d&rsquo;accidents, avec des effets impr\u00e9visibles, non seulement pour l&rsquo;installation elle-m\u00eame et les marchandises stock\u00e9es, mais [&hellip;]<\/p>\n","protected":false},"author":5,"featured_media":14793,"parent":14928,"menu_order":0,"comment_status":"closed","ping_status":"closed","template":"","meta":{"_acf_changed":false,"_joinchat":[],"footnotes":""},"class_list":["post-14936","page","type-page","status-publish","has-post-thumbnail","hentry"],"acf":[],"yoast_head":"<!-- This site is optimized with the Yoast SEO plugin v27.0 - https:\/\/yoast.com\/product\/yoast-seo-wordpress\/ -->\n<title>Maintenance apr\u00e8s-vente | Estanter\u00edas Record<\/title>\n<meta name=\"robots\" content=\"index, follow, max-snippet:-1, max-image-preview:large, max-video-preview:-1\" \/>\n<link rel=\"canonical\" href=\"https:\/\/estanteriasrecord.com\/fr\/services\/maintenance-apres-vente\" \/>\n<meta property=\"og:locale\" content=\"fr_FR\" \/>\n<meta property=\"og:type\" content=\"article\" \/>\n<meta property=\"og:title\" content=\"Maintenance apr\u00e8s-vente | Estanter\u00edas Record\" \/>\n<meta property=\"og:description\" content=\"Vous \u00eates ici:&nbsp; Du fait de l&rsquo;utilisation continue et\/ou incorrecte des rayonnages, les composants de ceux-ci se d\u00e9gradent au fil du temps. Leur fonctionnalit\u00e9 et leur portance de conception s&rsquo;en trouvent r\u00e9duites Il en r\u00e9sulte une augmentation significative du risque d&rsquo;accidents, avec des effets impr\u00e9visibles, non seulement pour l&rsquo;installation elle-m\u00eame et les marchandises stock\u00e9es, mais [&hellip;]\" \/>\n<meta property=\"og:url\" content=\"https:\/\/estanteriasrecord.com\/fr\/services\/maintenance-apres-vente\" \/>\n<meta property=\"og:site_name\" content=\"Estanter\u00edas Record\" \/>\n<meta property=\"article:publisher\" content=\"https:\/\/www.facebook.com\/estanteriasrecord\/\" \/>\n<meta property=\"article:modified_time\" content=\"2025-05-05T09:16:00+00:00\" \/>\n<meta property=\"og:image\" content=\"https:\/\/estanteriasrecord.com\/wp-content\/uploads\/2024\/11\/cut_servicio-mantenimiento-postventa.jpg\" \/>\n\t<meta property=\"og:image:width\" content=\"598\" \/>\n\t<meta property=\"og:image:height\" content=\"810\" \/>\n\t<meta property=\"og:image:type\" content=\"image\/jpeg\" \/>\n<meta name=\"twitter:card\" content=\"summary_large_image\" \/>\n<meta name=\"twitter:label1\" content=\"Dur\u00e9e de lecture estim\u00e9e\" \/>\n\t<meta name=\"twitter:data1\" content=\"2 minutes\" \/>\n<script type=\"application\/ld+json\" class=\"yoast-schema-graph\">{\"@context\":\"https:\/\/schema.org\",\"@graph\":[{\"@type\":\"WebPage\",\"@id\":\"https:\/\/estanteriasrecord.com\/fr\/services\/maintenance-apres-vente\",\"url\":\"https:\/\/estanteriasrecord.com\/fr\/services\/maintenance-apres-vente\",\"name\":\"Maintenance apr\u00e8s-vente | Estanter\u00edas Record\",\"isPartOf\":{\"@id\":\"https:\/\/estanteriasrecord.com\/fr#website\"},\"primaryImageOfPage\":{\"@id\":\"https:\/\/estanteriasrecord.com\/fr\/services\/maintenance-apres-vente#primaryimage\"},\"image\":{\"@id\":\"https:\/\/estanteriasrecord.com\/fr\/services\/maintenance-apres-vente#primaryimage\"},\"thumbnailUrl\":\"https:\/\/estanteriasrecord.com\/wp-content\/uploads\/2024\/11\/cut_servicio-mantenimiento-postventa.jpg\",\"datePublished\":\"2024-04-29T09:05:39+00:00\",\"dateModified\":\"2025-05-05T09:16:00+00:00\",\"breadcrumb\":{\"@id\":\"https:\/\/estanteriasrecord.com\/fr\/services\/maintenance-apres-vente#breadcrumb\"},\"inLanguage\":\"fr-FR\",\"potentialAction\":[{\"@type\":\"ReadAction\",\"target\":[\"https:\/\/estanteriasrecord.com\/fr\/services\/maintenance-apres-vente\"]}]},{\"@type\":\"ImageObject\",\"inLanguage\":\"fr-FR\",\"@id\":\"https:\/\/estanteriasrecord.com\/fr\/services\/maintenance-apres-vente#primaryimage\",\"url\":\"https:\/\/estanteriasrecord.com\/wp-content\/uploads\/2024\/11\/cut_servicio-mantenimiento-postventa.jpg\",\"contentUrl\":\"https:\/\/estanteriasrecord.com\/wp-content\/uploads\/2024\/11\/cut_servicio-mantenimiento-postventa.jpg\",\"width\":598,\"height\":810},{\"@type\":\"BreadcrumbList\",\"@id\":\"https:\/\/estanteriasrecord.com\/fr\/services\/maintenance-apres-vente#breadcrumb\",\"itemListElement\":[{\"@type\":\"ListItem\",\"position\":1,\"name\":\"Portada\",\"item\":\"https:\/\/estanteriasrecord.com\/fr\/estanterias-record\"},{\"@type\":\"ListItem\",\"position\":2,\"name\":\"Services\",\"item\":\"https:\/\/estanteriasrecord.com\/fr\/services\"},{\"@type\":\"ListItem\",\"position\":3,\"name\":\"Maintenance apr\u00e8s-vente\"}]},{\"@type\":\"WebSite\",\"@id\":\"https:\/\/estanteriasrecord.com\/fr#website\",\"url\":\"https:\/\/estanteriasrecord.com\/fr\",\"name\":\"Estanter\u00edas Record\",\"description\":\"Sistemas eficientes de almacenamiento\",\"publisher\":{\"@id\":\"https:\/\/estanteriasrecord.com\/fr#organization\"},\"potentialAction\":[{\"@type\":\"SearchAction\",\"target\":{\"@type\":\"EntryPoint\",\"urlTemplate\":\"https:\/\/estanteriasrecord.com\/fr?s={search_term_string}\"},\"query-input\":{\"@type\":\"PropertyValueSpecification\",\"valueRequired\":true,\"valueName\":\"search_term_string\"}}],\"inLanguage\":\"fr-FR\"},{\"@type\":\"Organization\",\"@id\":\"https:\/\/estanteriasrecord.com\/fr#organization\",\"name\":\"Estanter\u00edas Record\",\"url\":\"https:\/\/estanteriasrecord.com\/fr\",\"logo\":{\"@type\":\"ImageObject\",\"inLanguage\":\"fr-FR\",\"@id\":\"https:\/\/estanteriasrecord.com\/fr#\/schema\/logo\/image\/\",\"url\":\"https:\/\/estanteriasrecord.com\/wp-content\/uploads\/2024\/03\/logo_cab_doc.png\",\"contentUrl\":\"https:\/\/estanteriasrecord.com\/wp-content\/uploads\/2024\/03\/logo_cab_doc.png\",\"width\":250,\"height\":119,\"caption\":\"Estanter\u00edas Record\"},\"image\":{\"@id\":\"https:\/\/estanteriasrecord.com\/fr#\/schema\/logo\/image\/\"},\"sameAs\":[\"https:\/\/www.facebook.com\/estanteriasrecord\/\"]}]}<\/script>\n<!-- \/ Yoast SEO plugin. -->","yoast_head_json":{"title":"Maintenance apr\u00e8s-vente | Estanter\u00edas Record","robots":{"index":"index","follow":"follow","max-snippet":"max-snippet:-1","max-image-preview":"max-image-preview:large","max-video-preview":"max-video-preview:-1"},"canonical":"https:\/\/estanteriasrecord.com\/fr\/services\/maintenance-apres-vente","og_locale":"fr_FR","og_type":"article","og_title":"Maintenance apr\u00e8s-vente | Estanter\u00edas Record","og_description":"Vous \u00eates ici:&nbsp; Du fait de l&rsquo;utilisation continue et\/ou incorrecte des rayonnages, les composants de ceux-ci se d\u00e9gradent au fil du temps. Leur fonctionnalit\u00e9 et leur portance de conception s&rsquo;en trouvent r\u00e9duites Il en r\u00e9sulte une augmentation significative du risque d&rsquo;accidents, avec des effets impr\u00e9visibles, non seulement pour l&rsquo;installation elle-m\u00eame et les marchandises stock\u00e9es, mais [&hellip;]","og_url":"https:\/\/estanteriasrecord.com\/fr\/services\/maintenance-apres-vente","og_site_name":"Estanter\u00edas Record","article_publisher":"https:\/\/www.facebook.com\/estanteriasrecord\/","article_modified_time":"2025-05-05T09:16:00+00:00","og_image":[{"width":598,"height":810,"url":"https:\/\/estanteriasrecord.com\/wp-content\/uploads\/2024\/11\/cut_servicio-mantenimiento-postventa.jpg","type":"image\/jpeg"}],"twitter_card":"summary_large_image","twitter_misc":{"Dur\u00e9e de lecture estim\u00e9e":"2 minutes"},"schema":{"@context":"https:\/\/schema.org","@graph":[{"@type":"WebPage","@id":"https:\/\/estanteriasrecord.com\/fr\/services\/maintenance-apres-vente","url":"https:\/\/estanteriasrecord.com\/fr\/services\/maintenance-apres-vente","name":"Maintenance apr\u00e8s-vente | Estanter\u00edas Record","isPartOf":{"@id":"https:\/\/estanteriasrecord.com\/fr#website"},"primaryImageOfPage":{"@id":"https:\/\/estanteriasrecord.com\/fr\/services\/maintenance-apres-vente#primaryimage"},"image":{"@id":"https:\/\/estanteriasrecord.com\/fr\/services\/maintenance-apres-vente#primaryimage"},"thumbnailUrl":"https:\/\/estanteriasrecord.com\/wp-content\/uploads\/2024\/11\/cut_servicio-mantenimiento-postventa.jpg","datePublished":"2024-04-29T09:05:39+00:00","dateModified":"2025-05-05T09:16:00+00:00","breadcrumb":{"@id":"https:\/\/estanteriasrecord.com\/fr\/services\/maintenance-apres-vente#breadcrumb"},"inLanguage":"fr-FR","potentialAction":[{"@type":"ReadAction","target":["https:\/\/estanteriasrecord.com\/fr\/services\/maintenance-apres-vente"]}]},{"@type":"ImageObject","inLanguage":"fr-FR","@id":"https:\/\/estanteriasrecord.com\/fr\/services\/maintenance-apres-vente#primaryimage","url":"https:\/\/estanteriasrecord.com\/wp-content\/uploads\/2024\/11\/cut_servicio-mantenimiento-postventa.jpg","contentUrl":"https:\/\/estanteriasrecord.com\/wp-content\/uploads\/2024\/11\/cut_servicio-mantenimiento-postventa.jpg","width":598,"height":810},{"@type":"BreadcrumbList","@id":"https:\/\/estanteriasrecord.com\/fr\/services\/maintenance-apres-vente#breadcrumb","itemListElement":[{"@type":"ListItem","position":1,"name":"Portada","item":"https:\/\/estanteriasrecord.com\/fr\/estanterias-record"},{"@type":"ListItem","position":2,"name":"Services","item":"https:\/\/estanteriasrecord.com\/fr\/services"},{"@type":"ListItem","position":3,"name":"Maintenance apr\u00e8s-vente"}]},{"@type":"WebSite","@id":"https:\/\/estanteriasrecord.com\/fr#website","url":"https:\/\/estanteriasrecord.com\/fr","name":"Estanter\u00edas Record","description":"Sistemas eficientes de almacenamiento","publisher":{"@id":"https:\/\/estanteriasrecord.com\/fr#organization"},"potentialAction":[{"@type":"SearchAction","target":{"@type":"EntryPoint","urlTemplate":"https:\/\/estanteriasrecord.com\/fr?s={search_term_string}"},"query-input":{"@type":"PropertyValueSpecification","valueRequired":true,"valueName":"search_term_string"}}],"inLanguage":"fr-FR"},{"@type":"Organization","@id":"https:\/\/estanteriasrecord.com\/fr#organization","name":"Estanter\u00edas Record","url":"https:\/\/estanteriasrecord.com\/fr","logo":{"@type":"ImageObject","inLanguage":"fr-FR","@id":"https:\/\/estanteriasrecord.com\/fr#\/schema\/logo\/image\/","url":"https:\/\/estanteriasrecord.com\/wp-content\/uploads\/2024\/03\/logo_cab_doc.png","contentUrl":"https:\/\/estanteriasrecord.com\/wp-content\/uploads\/2024\/03\/logo_cab_doc.png","width":250,"height":119,"caption":"Estanter\u00edas Record"},"image":{"@id":"https:\/\/estanteriasrecord.com\/fr#\/schema\/logo\/image\/"},"sameAs":["https:\/\/www.facebook.com\/estanteriasrecord\/"]}]}},"_links":{"self":[{"href":"https:\/\/estanteriasrecord.com\/fr\/wp-json\/wp\/v2\/pages\/14936","targetHints":{"allow":["GET"]}}],"collection":[{"href":"https:\/\/estanteriasrecord.com\/fr\/wp-json\/wp\/v2\/pages"}],"about":[{"href":"https:\/\/estanteriasrecord.com\/fr\/wp-json\/wp\/v2\/types\/page"}],"author":[{"embeddable":true,"href":"https:\/\/estanteriasrecord.com\/fr\/wp-json\/wp\/v2\/users\/5"}],"replies":[{"embeddable":true,"href":"https:\/\/estanteriasrecord.com\/fr\/wp-json\/wp\/v2\/comments?post=14936"}],"version-history":[{"count":3,"href":"https:\/\/estanteriasrecord.com\/fr\/wp-json\/wp\/v2\/pages\/14936\/revisions"}],"predecessor-version":[{"id":19455,"href":"https:\/\/estanteriasrecord.com\/fr\/wp-json\/wp\/v2\/pages\/14936\/revisions\/19455"}],"up":[{"embeddable":true,"href":"https:\/\/estanteriasrecord.com\/fr\/wp-json\/wp\/v2\/pages\/14928"}],"wp:featuredmedia":[{"embeddable":true,"href":"https:\/\/estanteriasrecord.com\/fr\/wp-json\/wp\/v2\/media\/14793"}],"wp:attachment":[{"href":"https:\/\/estanteriasrecord.com\/fr\/wp-json\/wp\/v2\/media?parent=14936"}],"curies":[{"name":"wp","href":"https:\/\/api.w.org\/{rel}","templated":true}]}}