{"id":14948,"date":"2024-05-06T07:15:36","date_gmt":"2024-05-06T05:15:36","guid":{"rendered":"https:\/\/estanteriasrecord.com\/services\/conseil-technique"},"modified":"2025-05-05T11:12:43","modified_gmt":"2025-05-05T09:12:43","slug":"conseil-technique","status":"publish","type":"page","link":"https:\/\/estanteriasrecord.com\/fr\/services\/conseil-technique","title":{"rendered":"Conseil technique"},"content":{"rendered":"\t\t<div data-elementor-type=\"wp-page\" data-elementor-id=\"14948\" class=\"elementor elementor-14948 elementor-275\" data-elementor-post-type=\"page\">\n\t\t\t\t<div class=\"elementor-element elementor-element-5310c2a7 e-con-full e-flex e-con e-parent\" data-id=\"5310c2a7\" data-element_type=\"container\" data-e-type=\"container\" data-settings=\"{&quot;background_background&quot;:&quot;classic&quot;}\">\n\t\t\t\t<div class=\"elementor-element elementor-element-6e650b69 elementor-widget elementor-widget-image\" data-id=\"6e650b69\" data-element_type=\"widget\" data-e-type=\"widget\" data-widget_type=\"image.default\">\n\t\t\t\t<div class=\"elementor-widget-container\">\n\t\t\t\t\t\t\t\t\t\t\t\t\t\t\t<img loading=\"lazy\" decoding=\"async\" loading=\"lazy\" width=\"2560\" height=\"1707\" src=\"https:\/\/estanteriasrecord.com\/wp-content\/uploads\/2024\/11\/consultoria-estanterias-record-pagina-scaled.jpg\" class=\"attachment-full size-full wp-image-14767\" alt=\"\" srcset=\"https:\/\/estanteriasrecord.com\/wp-content\/uploads\/2024\/11\/consultoria-estanterias-record-pagina-scaled.jpg 2560w, https:\/\/estanteriasrecord.com\/wp-content\/uploads\/2024\/11\/consultoria-estanterias-record-pagina-300x200.jpg 300w, https:\/\/estanteriasrecord.com\/wp-content\/uploads\/2024\/11\/consultoria-estanterias-record-pagina-1024x683.jpg 1024w, https:\/\/estanteriasrecord.com\/wp-content\/uploads\/2024\/11\/consultoria-estanterias-record-pagina-768x512.jpg 768w, https:\/\/estanteriasrecord.com\/wp-content\/uploads\/2024\/11\/consultoria-estanterias-record-pagina-1536x1024.jpg 1536w, https:\/\/estanteriasrecord.com\/wp-content\/uploads\/2024\/11\/consultoria-estanterias-record-pagina-2048x1366.jpg 2048w, https:\/\/estanteriasrecord.com\/wp-content\/uploads\/2024\/11\/consultoria-estanterias-record-pagina-600x400.jpg 600w\" sizes=\"auto, (max-width: 2560px) 100vw, 2560px\" \/>\t\t\t\t\t\t\t\t\t\t\t\t\t\t\t<\/div>\n\t\t\t\t<\/div>\n\t\t<div class=\"elementor-element elementor-element-31ec80a0 e-con-full e-flex e-con e-child\" data-id=\"31ec80a0\" data-element_type=\"container\" data-e-type=\"container\" data-settings=\"{&quot;background_background&quot;:&quot;classic&quot;}\">\n\t\t<div class=\"elementor-element elementor-element-55e5f947 e-con-full elementor-hidden-mobile e-flex e-con e-child\" data-id=\"55e5f947\" data-element_type=\"container\" data-e-type=\"container\">\n\t\t\t\t<div class=\"elementor-element elementor-element-4248ebbd elementor-widget elementor-widget-text-editor\" data-id=\"4248ebbd\" data-element_type=\"widget\" data-e-type=\"widget\" data-widget_type=\"text-editor.default\">\n\t\t\t\t<div class=\"elementor-widget-container\">\n\t\t\t\t\t\t\t\t\t<p>Vous \u00eates ici:&nbsp; <\/p>\t\t\t\t\t\t\t\t<\/div>\n\t\t\t\t<\/div>\n\t\t\t\t<div class=\"elementor-element elementor-element-3302ee1 elementor-widget elementor-widget-woocommerce-breadcrumb\" data-id=\"3302ee1\" data-element_type=\"widget\" data-e-type=\"widget\" data-widget_type=\"woocommerce-breadcrumb.default\">\n\t\t\t\t<div class=\"elementor-widget-container\">\n\t\t\t\t\t<nav class=\"woocommerce-breadcrumb\" aria-label=\"Breadcrumb\">Accueil<\/nav>\t\t\t\t<\/div>\n\t\t\t\t<\/div>\n\t\t\t\t<\/div>\n\t\t\t\t<\/div>\n\t\t\t\t<\/div>\n\t\t<div class=\"elementor-element elementor-element-610a0492 e-flex e-con-boxed e-con e-parent\" data-id=\"610a0492\" data-element_type=\"container\" data-e-type=\"container\">\n\t\t\t\t\t<div class=\"e-con-inner\">\n\t\t<div class=\"elementor-element elementor-element-4c0d5050 e-flex e-con-boxed e-con e-child\" data-id=\"4c0d5050\" data-element_type=\"container\" data-e-type=\"container\">\n\t\t\t\t\t<div class=\"e-con-inner\">\n\t\t\t\t<div class=\"elementor-element elementor-element-25746e2f elementor-widget__width-inherit elementor-widget elementor-widget-image\" data-id=\"25746e2f\" data-element_type=\"widget\" data-e-type=\"widget\" data-widget_type=\"image.default\">\n\t\t\t\t<div class=\"elementor-widget-container\">\n\t\t\t\t\t\t\t\t\t\t\t\t\t\t\t<img loading=\"lazy\" decoding=\"async\" loading=\"lazy\" width=\"1280\" height=\"525\" src=\"https:\/\/estanteriasrecord.com\/wp-content\/uploads\/2024\/04\/consultoria_tecnica_RECORD_1-1517829714.jpg\" class=\"attachment-full size-full wp-image-13321\" alt=\"\" srcset=\"https:\/\/estanteriasrecord.com\/wp-content\/uploads\/2024\/04\/consultoria_tecnica_RECORD_1-1517829714.jpg 1280w, https:\/\/estanteriasrecord.com\/wp-content\/uploads\/2024\/04\/consultoria_tecnica_RECORD_1-1517829714-300x123.jpg 300w, https:\/\/estanteriasrecord.com\/wp-content\/uploads\/2024\/04\/consultoria_tecnica_RECORD_1-1517829714-1024x420.jpg 1024w, https:\/\/estanteriasrecord.com\/wp-content\/uploads\/2024\/04\/consultoria_tecnica_RECORD_1-1517829714-768x315.jpg 768w, https:\/\/estanteriasrecord.com\/wp-content\/uploads\/2024\/04\/consultoria_tecnica_RECORD_1-1517829714-600x246.jpg 600w\" sizes=\"auto, (max-width: 1280px) 100vw, 1280px\" \/>\t\t\t\t\t\t\t\t\t\t\t\t\t\t\t<\/div>\n\t\t\t\t<\/div>\n\t\t<div class=\"elementor-element elementor-element-1375c1ee e-flex e-con-boxed e-con e-child\" data-id=\"1375c1ee\" data-element_type=\"container\" data-e-type=\"container\" data-settings=\"{&quot;background_background&quot;:&quot;classic&quot;}\">\n\t\t\t\t\t<div class=\"e-con-inner\">\n\t\t\t\t<div class=\"elementor-element elementor-element-755dce72 elementor-widget elementor-widget-text-editor\" data-id=\"755dce72\" data-element_type=\"widget\" data-e-type=\"widget\" data-widget_type=\"text-editor.default\">\n\t\t\t\t<div class=\"elementor-widget-container\">\n\t\t\t\t\t\t\t\t\t<p><span style=\"font-family: Roboto, sans-serif; white-space-collapse: preserve;\">Dans le cadre de l&rsquo;offre de services pr\u00e9vente et apr\u00e8s-vente de notre soci\u00e9t\u00e9, nous nous mettons \u00e0 disposition de l&rsquo;utilisateur pour lui pr\u00eater assistance en toute question sur laquelle il aurait besoin d&rsquo;informations en mati\u00e8re d&rsquo;entreposage en g\u00e9n\u00e9ral, gracieusement et sans engagement d&rsquo;aucune sorte.<br><br>Les professionnels hautement qualifi\u00e9s qui composent notre service technique r\u00e9soudront tous les probl\u00e8mes que vous leur soumettrez, en mettant \u00e0 contribution non seulement leurs comp\u00e9tences accr\u00e9dit\u00e9es, leurs sp\u00e9cialisations individuelles et leur connaissance technique du secteur, mais aussi toutes les ressources mat\u00e9rielles et technologiques mises \u00e0 leur port\u00e9e. <\/span><\/p>\t\t\t\t\t\t\t\t<\/div>\n\t\t\t\t<\/div>\n\t\t\t\t\t<\/div>\n\t\t\t\t<\/div>\n\t\t\t\t\t<\/div>\n\t\t\t\t<\/div>\n\t\t<div class=\"elementor-element elementor-element-5cf9e199 e-con-full e-flex e-con e-child\" data-id=\"5cf9e199\" data-element_type=\"container\" data-e-type=\"container\">\n\t\t\t\t<div class=\"elementor-element elementor-element-1e45794b elementor-widget__width-inherit elementor-widget elementor-widget-image\" data-id=\"1e45794b\" data-element_type=\"widget\" data-e-type=\"widget\" data-widget_type=\"image.default\">\n\t\t\t\t<div class=\"elementor-widget-container\">\n\t\t\t\t\t\t\t\t\t\t\t\t\t\t\t<img loading=\"lazy\" decoding=\"async\" loading=\"lazy\" width=\"640\" height=\"426\" src=\"https:\/\/estanteriasrecord.com\/wp-content\/uploads\/2024\/04\/consultoria_tecnica_RECORD_2-1517829724-2-e1713858757562.jpg\" class=\"attachment-full size-full wp-image-13327\" alt=\"\" srcset=\"https:\/\/estanteriasrecord.com\/wp-content\/uploads\/2024\/04\/consultoria_tecnica_RECORD_2-1517829724-2-e1713858757562.jpg 640w, https:\/\/estanteriasrecord.com\/wp-content\/uploads\/2024\/04\/consultoria_tecnica_RECORD_2-1517829724-2-e1713858757562-300x200.jpg 300w, https:\/\/estanteriasrecord.com\/wp-content\/uploads\/2024\/04\/consultoria_tecnica_RECORD_2-1517829724-2-e1713858757562-600x399.jpg 600w\" sizes=\"auto, (max-width: 640px) 100vw, 640px\" \/>\t\t\t\t\t\t\t\t\t\t\t\t\t\t\t<\/div>\n\t\t\t\t<\/div>\n\t\t<div class=\"elementor-element elementor-element-116cdac8 e-con-full e-flex e-con e-child\" data-id=\"116cdac8\" data-element_type=\"container\" data-e-type=\"container\" data-settings=\"{&quot;background_background&quot;:&quot;classic&quot;}\">\n\t\t\t\t<div class=\"elementor-element elementor-element-2092c2ab elementor-widget elementor-widget-text-editor\" data-id=\"2092c2ab\" data-element_type=\"widget\" data-e-type=\"widget\" data-widget_type=\"text-editor.default\">\n\t\t\t\t<div class=\"elementor-widget-container\">\n\t\t\t\t\t\t\t\t\t<p><span style=\"font-family: Roboto, sans-serif; text-align: justify; white-space-collapse: preserve;\">Quant aux membres de notre service commercial, ils affichent un profond savoir faire, fruit de leur exp\u00e9rience et de leurs vastes parcours. Ils ont abord\u00e9 tous les types de probl\u00e9matiques li\u00e9es \u00e0 la manutention logistique. Ils sont en mesure de vous conseiller utilement pour la r\u00e9solution satisfaisante des cas d&rsquo;esp\u00e8ce les plus complexes imaginables.<\/span><\/p>\t\t\t\t\t\t\t\t<\/div>\n\t\t\t\t<\/div>\n\t\t\t\t<\/div>\n\t\t\t\t<\/div>\n\t\t<div class=\"elementor-element elementor-element-177f6e3 e-con-full e-flex e-con e-child\" data-id=\"177f6e3\" data-element_type=\"container\" data-e-type=\"container\">\n\t\t\t\t<div class=\"elementor-element elementor-element-6312d3a5 elementor-widget__width-inherit elementor-widget-mobile__width-auto elementor-widget elementor-widget-image\" data-id=\"6312d3a5\" data-element_type=\"widget\" data-e-type=\"widget\" data-widget_type=\"image.default\">\n\t\t\t\t<div class=\"elementor-widget-container\">\n\t\t\t\t\t\t\t\t\t\t\t\t\t\t\t<img loading=\"lazy\" decoding=\"async\" loading=\"lazy\" width=\"640\" height=\"426\" src=\"https:\/\/estanteriasrecord.com\/wp-content\/uploads\/2024\/04\/consultoria_tecnica_RECORD_2-1517829724-e1713858853865.jpg\" class=\"attachment-full size-full wp-image-13329\" alt=\"\" srcset=\"https:\/\/estanteriasrecord.com\/wp-content\/uploads\/2024\/04\/consultoria_tecnica_RECORD_2-1517829724-e1713858853865.jpg 640w, https:\/\/estanteriasrecord.com\/wp-content\/uploads\/2024\/04\/consultoria_tecnica_RECORD_2-1517829724-e1713858853865-300x200.jpg 300w, https:\/\/estanteriasrecord.com\/wp-content\/uploads\/2024\/04\/consultoria_tecnica_RECORD_2-1517829724-e1713858853865-600x399.jpg 600w\" sizes=\"auto, (max-width: 640px) 100vw, 640px\" \/>\t\t\t\t\t\t\t\t\t\t\t\t\t\t\t<\/div>\n\t\t\t\t<\/div>\n\t\t<div class=\"elementor-element elementor-element-4b33b521 e-flex e-con-boxed e-con e-child\" data-id=\"4b33b521\" data-element_type=\"container\" data-e-type=\"container\" data-settings=\"{&quot;background_background&quot;:&quot;classic&quot;}\">\n\t\t\t\t\t<div class=\"e-con-inner\">\n\t\t\t\t<div class=\"elementor-element elementor-element-11ca6208 elementor-widget elementor-widget-text-editor\" data-id=\"11ca6208\" data-element_type=\"widget\" data-e-type=\"widget\" data-widget_type=\"text-editor.default\">\n\t\t\t\t<div class=\"elementor-widget-container\">\n\t\t\t\t\t\t\t\t\t<p style=\"font-family: Roboto, sans-serif; text-align: justify;\"><span style=\"white-space-collapse: preserve;\">Les informations seront trait\u00e9es de mani\u00e8re diligente et scrupuleuse, dans le respect des r\u00e9glementations en vigueur, notamment de la loi sur la protection des donn\u00e9es \u00e0 caract\u00e8re personnel et de notre politique interne de confidentialit\u00e9.<\/span><\/p><p style=\"font-family: Roboto, sans-serif;\">Pour nous consulter sur une question technique, vous pouvez nous joindre en suivant ce <span style=\"color: #ff8200;\"><span style=\"color: #ff9900;\"><span style=\"font-weight: bold;\"><a href=\"https:\/\/estanteriasrecord.com\/fr\/contact\">lien<\/a><\/span><\/span><\/span>.<\/p>\t\t\t\t\t\t\t\t<\/div>\n\t\t\t\t<\/div>\n\t\t\t\t\t<\/div>\n\t\t\t\t<\/div>\n\t\t\t\t<\/div>\n\t\t\t\t\t<\/div>\n\t\t\t\t<\/div>\n\t\t\t\t<\/div>\n\t\t","protected":false},"excerpt":{"rendered":"<p>Vous \u00eates ici:&nbsp; Dans le cadre de l&rsquo;offre de services pr\u00e9vente et apr\u00e8s-vente de notre soci\u00e9t\u00e9, nous nous mettons \u00e0 disposition de l&rsquo;utilisateur pour lui pr\u00eater assistance en toute question sur laquelle il aurait besoin d&rsquo;informations en mati\u00e8re d&rsquo;entreposage en g\u00e9n\u00e9ral, gracieusement et sans engagement d&rsquo;aucune sorte. Les professionnels hautement qualifi\u00e9s qui composent notre service [&hellip;]<\/p>\n","protected":false},"author":5,"featured_media":14787,"parent":14928,"menu_order":0,"comment_status":"closed","ping_status":"closed","template":"","meta":{"_acf_changed":false,"_joinchat":[],"footnotes":""},"class_list":["post-14948","page","type-page","status-publish","has-post-thumbnail","hentry"],"acf":[],"yoast_head":"<!-- This site is optimized with the Yoast SEO plugin v27.0 - https:\/\/yoast.com\/product\/yoast-seo-wordpress\/ -->\n<title>Conseil technique | Estanter\u00edas Record<\/title>\n<meta name=\"robots\" content=\"index, follow, max-snippet:-1, max-image-preview:large, max-video-preview:-1\" \/>\n<link rel=\"canonical\" href=\"https:\/\/estanteriasrecord.com\/fr\/services\/conseil-technique\" \/>\n<meta property=\"og:locale\" content=\"fr_FR\" \/>\n<meta property=\"og:type\" content=\"article\" \/>\n<meta property=\"og:title\" content=\"Conseil technique | Estanter\u00edas Record\" \/>\n<meta property=\"og:description\" content=\"Vous \u00eates ici:&nbsp; Dans le cadre de l&rsquo;offre de services pr\u00e9vente et apr\u00e8s-vente de notre soci\u00e9t\u00e9, nous nous mettons \u00e0 disposition de l&rsquo;utilisateur pour lui pr\u00eater assistance en toute question sur laquelle il aurait besoin d&rsquo;informations en mati\u00e8re d&rsquo;entreposage en g\u00e9n\u00e9ral, gracieusement et sans engagement d&rsquo;aucune sorte. Les professionnels hautement qualifi\u00e9s qui composent notre service [&hellip;]\" \/>\n<meta property=\"og:url\" content=\"https:\/\/estanteriasrecord.com\/fr\/services\/conseil-technique\" \/>\n<meta property=\"og:site_name\" content=\"Estanter\u00edas Record\" \/>\n<meta property=\"article:publisher\" content=\"https:\/\/www.facebook.com\/estanteriasrecord\/\" \/>\n<meta property=\"article:modified_time\" content=\"2025-05-05T09:12:43+00:00\" \/>\n<meta property=\"og:image\" content=\"https:\/\/estanteriasrecord.com\/wp-content\/uploads\/2024\/11\/cut_servicio-consultoria-estanterias-record-scaled.jpg\" \/>\n\t<meta property=\"og:image:width\" content=\"1918\" \/>\n\t<meta property=\"og:image:height\" content=\"2560\" \/>\n\t<meta property=\"og:image:type\" content=\"image\/jpeg\" \/>\n<meta name=\"twitter:card\" content=\"summary_large_image\" \/>\n<meta name=\"twitter:label1\" content=\"Dur\u00e9e de lecture estim\u00e9e\" \/>\n\t<meta name=\"twitter:data1\" content=\"1 minute\" \/>\n<script type=\"application\/ld+json\" class=\"yoast-schema-graph\">{\"@context\":\"https:\/\/schema.org\",\"@graph\":[{\"@type\":\"WebPage\",\"@id\":\"https:\/\/estanteriasrecord.com\/fr\/services\/conseil-technique\",\"url\":\"https:\/\/estanteriasrecord.com\/fr\/services\/conseil-technique\",\"name\":\"Conseil technique | Estanter\u00edas Record\",\"isPartOf\":{\"@id\":\"https:\/\/estanteriasrecord.com\/fr#website\"},\"primaryImageOfPage\":{\"@id\":\"https:\/\/estanteriasrecord.com\/fr\/services\/conseil-technique#primaryimage\"},\"image\":{\"@id\":\"https:\/\/estanteriasrecord.com\/fr\/services\/conseil-technique#primaryimage\"},\"thumbnailUrl\":\"https:\/\/estanteriasrecord.com\/wp-content\/uploads\/2024\/11\/cut_servicio-consultoria-estanterias-record-scaled.jpg\",\"datePublished\":\"2024-05-06T05:15:36+00:00\",\"dateModified\":\"2025-05-05T09:12:43+00:00\",\"breadcrumb\":{\"@id\":\"https:\/\/estanteriasrecord.com\/fr\/services\/conseil-technique#breadcrumb\"},\"inLanguage\":\"fr-FR\",\"potentialAction\":[{\"@type\":\"ReadAction\",\"target\":[\"https:\/\/estanteriasrecord.com\/fr\/services\/conseil-technique\"]}]},{\"@type\":\"ImageObject\",\"inLanguage\":\"fr-FR\",\"@id\":\"https:\/\/estanteriasrecord.com\/fr\/services\/conseil-technique#primaryimage\",\"url\":\"https:\/\/estanteriasrecord.com\/wp-content\/uploads\/2024\/11\/cut_servicio-consultoria-estanterias-record-scaled.jpg\",\"contentUrl\":\"https:\/\/estanteriasrecord.com\/wp-content\/uploads\/2024\/11\/cut_servicio-consultoria-estanterias-record-scaled.jpg\",\"width\":1918,\"height\":2560},{\"@type\":\"BreadcrumbList\",\"@id\":\"https:\/\/estanteriasrecord.com\/fr\/services\/conseil-technique#breadcrumb\",\"itemListElement\":[{\"@type\":\"ListItem\",\"position\":1,\"name\":\"Portada\",\"item\":\"https:\/\/estanteriasrecord.com\/fr\/estanterias-record\"},{\"@type\":\"ListItem\",\"position\":2,\"name\":\"Services\",\"item\":\"https:\/\/estanteriasrecord.com\/fr\/services\"},{\"@type\":\"ListItem\",\"position\":3,\"name\":\"Conseil technique\"}]},{\"@type\":\"WebSite\",\"@id\":\"https:\/\/estanteriasrecord.com\/fr#website\",\"url\":\"https:\/\/estanteriasrecord.com\/fr\",\"name\":\"Estanter\u00edas Record\",\"description\":\"Sistemas eficientes de almacenamiento\",\"publisher\":{\"@id\":\"https:\/\/estanteriasrecord.com\/fr#organization\"},\"potentialAction\":[{\"@type\":\"SearchAction\",\"target\":{\"@type\":\"EntryPoint\",\"urlTemplate\":\"https:\/\/estanteriasrecord.com\/fr?s={search_term_string}\"},\"query-input\":{\"@type\":\"PropertyValueSpecification\",\"valueRequired\":true,\"valueName\":\"search_term_string\"}}],\"inLanguage\":\"fr-FR\"},{\"@type\":\"Organization\",\"@id\":\"https:\/\/estanteriasrecord.com\/fr#organization\",\"name\":\"Estanter\u00edas Record\",\"url\":\"https:\/\/estanteriasrecord.com\/fr\",\"logo\":{\"@type\":\"ImageObject\",\"inLanguage\":\"fr-FR\",\"@id\":\"https:\/\/estanteriasrecord.com\/fr#\/schema\/logo\/image\/\",\"url\":\"https:\/\/estanteriasrecord.com\/wp-content\/uploads\/2024\/03\/logo_cab_doc.png\",\"contentUrl\":\"https:\/\/estanteriasrecord.com\/wp-content\/uploads\/2024\/03\/logo_cab_doc.png\",\"width\":250,\"height\":119,\"caption\":\"Estanter\u00edas Record\"},\"image\":{\"@id\":\"https:\/\/estanteriasrecord.com\/fr#\/schema\/logo\/image\/\"},\"sameAs\":[\"https:\/\/www.facebook.com\/estanteriasrecord\/\"]}]}<\/script>\n<!-- \/ Yoast SEO plugin. -->","yoast_head_json":{"title":"Conseil technique | Estanter\u00edas Record","robots":{"index":"index","follow":"follow","max-snippet":"max-snippet:-1","max-image-preview":"max-image-preview:large","max-video-preview":"max-video-preview:-1"},"canonical":"https:\/\/estanteriasrecord.com\/fr\/services\/conseil-technique","og_locale":"fr_FR","og_type":"article","og_title":"Conseil technique | Estanter\u00edas Record","og_description":"Vous \u00eates ici:&nbsp; Dans le cadre de l&rsquo;offre de services pr\u00e9vente et apr\u00e8s-vente de notre soci\u00e9t\u00e9, nous nous mettons \u00e0 disposition de l&rsquo;utilisateur pour lui pr\u00eater assistance en toute question sur laquelle il aurait besoin d&rsquo;informations en mati\u00e8re d&rsquo;entreposage en g\u00e9n\u00e9ral, gracieusement et sans engagement d&rsquo;aucune sorte. Les professionnels hautement qualifi\u00e9s qui composent notre service [&hellip;]","og_url":"https:\/\/estanteriasrecord.com\/fr\/services\/conseil-technique","og_site_name":"Estanter\u00edas Record","article_publisher":"https:\/\/www.facebook.com\/estanteriasrecord\/","article_modified_time":"2025-05-05T09:12:43+00:00","og_image":[{"width":1918,"height":2560,"url":"https:\/\/estanteriasrecord.com\/wp-content\/uploads\/2024\/11\/cut_servicio-consultoria-estanterias-record-scaled.jpg","type":"image\/jpeg"}],"twitter_card":"summary_large_image","twitter_misc":{"Dur\u00e9e de lecture estim\u00e9e":"1 minute"},"schema":{"@context":"https:\/\/schema.org","@graph":[{"@type":"WebPage","@id":"https:\/\/estanteriasrecord.com\/fr\/services\/conseil-technique","url":"https:\/\/estanteriasrecord.com\/fr\/services\/conseil-technique","name":"Conseil technique | Estanter\u00edas Record","isPartOf":{"@id":"https:\/\/estanteriasrecord.com\/fr#website"},"primaryImageOfPage":{"@id":"https:\/\/estanteriasrecord.com\/fr\/services\/conseil-technique#primaryimage"},"image":{"@id":"https:\/\/estanteriasrecord.com\/fr\/services\/conseil-technique#primaryimage"},"thumbnailUrl":"https:\/\/estanteriasrecord.com\/wp-content\/uploads\/2024\/11\/cut_servicio-consultoria-estanterias-record-scaled.jpg","datePublished":"2024-05-06T05:15:36+00:00","dateModified":"2025-05-05T09:12:43+00:00","breadcrumb":{"@id":"https:\/\/estanteriasrecord.com\/fr\/services\/conseil-technique#breadcrumb"},"inLanguage":"fr-FR","potentialAction":[{"@type":"ReadAction","target":["https:\/\/estanteriasrecord.com\/fr\/services\/conseil-technique"]}]},{"@type":"ImageObject","inLanguage":"fr-FR","@id":"https:\/\/estanteriasrecord.com\/fr\/services\/conseil-technique#primaryimage","url":"https:\/\/estanteriasrecord.com\/wp-content\/uploads\/2024\/11\/cut_servicio-consultoria-estanterias-record-scaled.jpg","contentUrl":"https:\/\/estanteriasrecord.com\/wp-content\/uploads\/2024\/11\/cut_servicio-consultoria-estanterias-record-scaled.jpg","width":1918,"height":2560},{"@type":"BreadcrumbList","@id":"https:\/\/estanteriasrecord.com\/fr\/services\/conseil-technique#breadcrumb","itemListElement":[{"@type":"ListItem","position":1,"name":"Portada","item":"https:\/\/estanteriasrecord.com\/fr\/estanterias-record"},{"@type":"ListItem","position":2,"name":"Services","item":"https:\/\/estanteriasrecord.com\/fr\/services"},{"@type":"ListItem","position":3,"name":"Conseil technique"}]},{"@type":"WebSite","@id":"https:\/\/estanteriasrecord.com\/fr#website","url":"https:\/\/estanteriasrecord.com\/fr","name":"Estanter\u00edas Record","description":"Sistemas eficientes de almacenamiento","publisher":{"@id":"https:\/\/estanteriasrecord.com\/fr#organization"},"potentialAction":[{"@type":"SearchAction","target":{"@type":"EntryPoint","urlTemplate":"https:\/\/estanteriasrecord.com\/fr?s={search_term_string}"},"query-input":{"@type":"PropertyValueSpecification","valueRequired":true,"valueName":"search_term_string"}}],"inLanguage":"fr-FR"},{"@type":"Organization","@id":"https:\/\/estanteriasrecord.com\/fr#organization","name":"Estanter\u00edas Record","url":"https:\/\/estanteriasrecord.com\/fr","logo":{"@type":"ImageObject","inLanguage":"fr-FR","@id":"https:\/\/estanteriasrecord.com\/fr#\/schema\/logo\/image\/","url":"https:\/\/estanteriasrecord.com\/wp-content\/uploads\/2024\/03\/logo_cab_doc.png","contentUrl":"https:\/\/estanteriasrecord.com\/wp-content\/uploads\/2024\/03\/logo_cab_doc.png","width":250,"height":119,"caption":"Estanter\u00edas Record"},"image":{"@id":"https:\/\/estanteriasrecord.com\/fr#\/schema\/logo\/image\/"},"sameAs":["https:\/\/www.facebook.com\/estanteriasrecord\/"]}]}},"_links":{"self":[{"href":"https:\/\/estanteriasrecord.com\/fr\/wp-json\/wp\/v2\/pages\/14948","targetHints":{"allow":["GET"]}}],"collection":[{"href":"https:\/\/estanteriasrecord.com\/fr\/wp-json\/wp\/v2\/pages"}],"about":[{"href":"https:\/\/estanteriasrecord.com\/fr\/wp-json\/wp\/v2\/types\/page"}],"author":[{"embeddable":true,"href":"https:\/\/estanteriasrecord.com\/fr\/wp-json\/wp\/v2\/users\/5"}],"replies":[{"embeddable":true,"href":"https:\/\/estanteriasrecord.com\/fr\/wp-json\/wp\/v2\/comments?post=14948"}],"version-history":[{"count":3,"href":"https:\/\/estanteriasrecord.com\/fr\/wp-json\/wp\/v2\/pages\/14948\/revisions"}],"predecessor-version":[{"id":19446,"href":"https:\/\/estanteriasrecord.com\/fr\/wp-json\/wp\/v2\/pages\/14948\/revisions\/19446"}],"up":[{"embeddable":true,"href":"https:\/\/estanteriasrecord.com\/fr\/wp-json\/wp\/v2\/pages\/14928"}],"wp:featuredmedia":[{"embeddable":true,"href":"https:\/\/estanteriasrecord.com\/fr\/wp-json\/wp\/v2\/media\/14787"}],"wp:attachment":[{"href":"https:\/\/estanteriasrecord.com\/fr\/wp-json\/wp\/v2\/media?parent=14948"}],"curies":[{"name":"wp","href":"https:\/\/api.w.org\/{rel}","templated":true}]}}