{"id":14952,"date":"2024-05-08T09:25:36","date_gmt":"2024-05-08T07:25:36","guid":{"rendered":"https:\/\/estanteriasrecord.com\/services\/installation-et-montage"},"modified":"2025-05-05T11:15:15","modified_gmt":"2025-05-05T09:15:15","slug":"installation-et-montage","status":"publish","type":"page","link":"https:\/\/estanteriasrecord.com\/fr\/services\/installation-et-montage","title":{"rendered":"Installation et montage"},"content":{"rendered":"\t\t<div data-elementor-type=\"wp-page\" data-elementor-id=\"14952\" class=\"elementor elementor-14952 elementor-273\" data-elementor-post-type=\"page\">\n\t\t\t\t<div class=\"elementor-element elementor-element-f90b24d e-con-full e-flex e-con e-parent\" data-id=\"f90b24d\" data-element_type=\"container\" data-e-type=\"container\" data-settings=\"{&quot;background_background&quot;:&quot;classic&quot;}\">\n\t\t\t\t<div class=\"elementor-element elementor-element-1765e4f6 elementor-widget elementor-widget-image\" data-id=\"1765e4f6\" data-element_type=\"widget\" data-e-type=\"widget\" data-widget_type=\"image.default\">\n\t\t\t\t<div class=\"elementor-widget-container\">\n\t\t\t\t\t\t\t\t\t\t\t\t\t\t\t<img loading=\"lazy\" decoding=\"async\" loading=\"lazy\" width=\"1998\" height=\"1332\" src=\"https:\/\/estanteriasrecord.com\/wp-content\/uploads\/2024\/11\/instalacion-y-montaje-estanterias-record.jpg\" class=\"attachment-full size-full wp-image-14775\" alt=\"\" srcset=\"https:\/\/estanteriasrecord.com\/wp-content\/uploads\/2024\/11\/instalacion-y-montaje-estanterias-record.jpg 1998w, https:\/\/estanteriasrecord.com\/wp-content\/uploads\/2024\/11\/instalacion-y-montaje-estanterias-record-300x200.jpg 300w, https:\/\/estanteriasrecord.com\/wp-content\/uploads\/2024\/11\/instalacion-y-montaje-estanterias-record-1024x683.jpg 1024w, https:\/\/estanteriasrecord.com\/wp-content\/uploads\/2024\/11\/instalacion-y-montaje-estanterias-record-768x512.jpg 768w, https:\/\/estanteriasrecord.com\/wp-content\/uploads\/2024\/11\/instalacion-y-montaje-estanterias-record-1536x1024.jpg 1536w, https:\/\/estanteriasrecord.com\/wp-content\/uploads\/2024\/11\/instalacion-y-montaje-estanterias-record-600x400.jpg 600w\" sizes=\"auto, (max-width: 1998px) 100vw, 1998px\" \/>\t\t\t\t\t\t\t\t\t\t\t\t\t\t\t<\/div>\n\t\t\t\t<\/div>\n\t\t<div class=\"elementor-element elementor-element-42c7b86 e-con-full e-flex e-con e-child\" data-id=\"42c7b86\" data-element_type=\"container\" data-e-type=\"container\" data-settings=\"{&quot;background_background&quot;:&quot;classic&quot;}\">\n\t\t<div class=\"elementor-element elementor-element-63925419 e-con-full elementor-hidden-mobile e-flex e-con e-child\" data-id=\"63925419\" data-element_type=\"container\" data-e-type=\"container\">\n\t\t\t\t<div class=\"elementor-element elementor-element-2576da77 elementor-widget elementor-widget-text-editor\" data-id=\"2576da77\" data-element_type=\"widget\" data-e-type=\"widget\" data-widget_type=\"text-editor.default\">\n\t\t\t\t<div class=\"elementor-widget-container\">\n\t\t\t\t\t\t\t\t\t<p>Vous \u00eates ici:&nbsp; <\/p>\t\t\t\t\t\t\t\t<\/div>\n\t\t\t\t<\/div>\n\t\t\t\t<div class=\"elementor-element elementor-element-7c9725a0 elementor-widget elementor-widget-woocommerce-breadcrumb\" data-id=\"7c9725a0\" data-element_type=\"widget\" data-e-type=\"widget\" data-widget_type=\"woocommerce-breadcrumb.default\">\n\t\t\t\t<div class=\"elementor-widget-container\">\n\t\t\t\t\t<nav class=\"woocommerce-breadcrumb\" aria-label=\"Breadcrumb\">Accueil<\/nav>\t\t\t\t<\/div>\n\t\t\t\t<\/div>\n\t\t\t\t<\/div>\n\t\t\t\t<\/div>\n\t\t\t\t<\/div>\n\t\t<div class=\"elementor-element elementor-element-31db8588 e-flex e-con-boxed e-con e-parent\" data-id=\"31db8588\" data-element_type=\"container\" data-e-type=\"container\">\n\t\t\t\t\t<div class=\"e-con-inner\">\n\t\t<div class=\"elementor-element elementor-element-a8c1bfc e-flex e-con-boxed e-con e-child\" data-id=\"a8c1bfc\" data-element_type=\"container\" data-e-type=\"container\">\n\t\t\t\t\t<div class=\"e-con-inner\">\n\t\t\t\t<div class=\"elementor-element elementor-element-54a8df0a elementor-widget__width-inherit elementor-widget elementor-widget-image\" data-id=\"54a8df0a\" data-element_type=\"widget\" data-e-type=\"widget\" data-widget_type=\"image.default\">\n\t\t\t\t<div class=\"elementor-widget-container\">\n\t\t\t\t\t\t\t\t\t\t\t\t\t\t\t<img loading=\"lazy\" decoding=\"async\" loading=\"lazy\" width=\"1280\" height=\"529\" src=\"https:\/\/estanteriasrecord.com\/wp-content\/uploads\/2024\/04\/instalacion_montaje_RECORD-1517573243.jpg\" class=\"attachment-full size-full wp-image-13315\" alt=\"\" srcset=\"https:\/\/estanteriasrecord.com\/wp-content\/uploads\/2024\/04\/instalacion_montaje_RECORD-1517573243.jpg 1280w, https:\/\/estanteriasrecord.com\/wp-content\/uploads\/2024\/04\/instalacion_montaje_RECORD-1517573243-300x124.jpg 300w, https:\/\/estanteriasrecord.com\/wp-content\/uploads\/2024\/04\/instalacion_montaje_RECORD-1517573243-1024x423.jpg 1024w, https:\/\/estanteriasrecord.com\/wp-content\/uploads\/2024\/04\/instalacion_montaje_RECORD-1517573243-768x317.jpg 768w, https:\/\/estanteriasrecord.com\/wp-content\/uploads\/2024\/04\/instalacion_montaje_RECORD-1517573243-600x248.jpg 600w\" sizes=\"auto, (max-width: 1280px) 100vw, 1280px\" \/>\t\t\t\t\t\t\t\t\t\t\t\t\t\t\t<\/div>\n\t\t\t\t<\/div>\n\t\t<div class=\"elementor-element elementor-element-5a4c88b7 e-flex e-con-boxed e-con e-child\" data-id=\"5a4c88b7\" data-element_type=\"container\" data-e-type=\"container\" data-settings=\"{&quot;background_background&quot;:&quot;classic&quot;}\">\n\t\t\t\t\t<div class=\"e-con-inner\">\n\t\t\t\t<div class=\"elementor-element elementor-element-5d6e39ca elementor-widget elementor-widget-text-editor\" data-id=\"5d6e39ca\" data-element_type=\"widget\" data-e-type=\"widget\" data-widget_type=\"text-editor.default\">\n\t\t\t\t<div class=\"elementor-widget-container\">\n\t\t\t\t\t\t\t\t\t<p>Pour qu&rsquo;une implantation d&rsquo;entreposage remplisse ad\u00e9quatement les fonctionnalit\u00e9s pour lesquelles elle a \u00e9t\u00e9 projet\u00e9e, il ne suffit pas d&rsquo;une conception performante de la solution requise ni de mat\u00e9riaux d&rsquo;une qualit\u00e9 \u00e9prouv\u00e9e : elle doit aussi \u00eatre install\u00e9e de telle sorte que le syst\u00e8me se comporte correctement.<\/p><p>L&rsquo;importance d&rsquo;un bon montage est d\u00e9terminante, non seulement pour l&rsquo;obtention de la performance attendue et pour l&rsquo;\u00e9vitement de probl\u00e8mes ult\u00e9rieurs, mais bien pour la s\u00e9curit\u00e9 des marchandises et des manutentionnaires.<\/p>\t\t\t\t\t\t\t\t<\/div>\n\t\t\t\t<\/div>\n\t\t\t\t\t<\/div>\n\t\t\t\t<\/div>\n\t\t\t\t\t<\/div>\n\t\t\t\t<\/div>\n\t\t<div class=\"elementor-element elementor-element-72a28002 e-con-full e-flex e-con e-child\" data-id=\"72a28002\" data-element_type=\"container\" data-e-type=\"container\">\n\t\t\t\t<div class=\"elementor-element elementor-element-203e5135 elementor-widget__width-inherit elementor-widget elementor-widget-image\" data-id=\"203e5135\" data-element_type=\"widget\" data-e-type=\"widget\" data-widget_type=\"image.default\">\n\t\t\t\t<div class=\"elementor-widget-container\">\n\t\t\t\t\t\t\t\t\t\t\t\t\t\t\t<img loading=\"lazy\" decoding=\"async\" loading=\"lazy\" width=\"640\" height=\"373\" src=\"https:\/\/estanteriasrecord.com\/wp-content\/uploads\/2024\/04\/instalacion_montaje_RECORD_2-1517573280-e1713856873235.jpg\" class=\"attachment-full size-full wp-image-13313\" alt=\"\" srcset=\"https:\/\/estanteriasrecord.com\/wp-content\/uploads\/2024\/04\/instalacion_montaje_RECORD_2-1517573280-e1713856873235.jpg 640w, https:\/\/estanteriasrecord.com\/wp-content\/uploads\/2024\/04\/instalacion_montaje_RECORD_2-1517573280-e1713856873235-300x175.jpg 300w, https:\/\/estanteriasrecord.com\/wp-content\/uploads\/2024\/04\/instalacion_montaje_RECORD_2-1517573280-e1713856873235-600x350.jpg 600w\" sizes=\"auto, (max-width: 640px) 100vw, 640px\" \/>\t\t\t\t\t\t\t\t\t\t\t\t\t\t\t<\/div>\n\t\t\t\t<\/div>\n\t\t<div class=\"elementor-element elementor-element-25e72fa8 e-con-full e-flex e-con e-child\" data-id=\"25e72fa8\" data-element_type=\"container\" data-e-type=\"container\" data-settings=\"{&quot;background_background&quot;:&quot;classic&quot;}\">\n\t\t\t\t<div class=\"elementor-element elementor-element-2c1b21 elementor-widget elementor-widget-text-editor\" data-id=\"2c1b21\" data-element_type=\"widget\" data-e-type=\"widget\" data-widget_type=\"text-editor.default\">\n\t\t\t\t<div class=\"elementor-widget-container\">\n\t\t\t\t\t\t\t\t\t<div class=\"elementor-element elementor-element-732dba53 e-con-full e-flex e-con e-child\" data-id=\"732dba53\" data-element_type=\"container\"><div class=\"elementor-element elementor-element-3a639e30 e-con-full e-flex e-con e-child\" data-id=\"3a639e30\" data-element_type=\"container\" data-settings=\"{\"background_background\":\"classic\"}\"><div class=\"elementor-element elementor-element-281fa946 elementor-widget elementor-widget-text-editor\" data-id=\"281fa946\" data-element_type=\"widget\" data-widget_type=\"text-editor.default\"><div class=\"elementor-widget-container\"><p><span style=\"color: #000000;\">Estanter\u00edas Record met \u00e0 contribution sa vaste exp\u00e9rience en mati\u00e8re d&rsquo;installation de toute sorte de syst\u00e8mes d&rsquo;entreposage, pour s\u00e9lectionner des <b>\u00e9quipes de professionnels hautement qualifi\u00e9s qui connaissent en profondeur<\/b> tous les d\u00e9tails techniques de tous les types de mise en \u0153uvre et <b>assurent ainsi un maximum de qualit\u00e9 lors des travaux de montage<\/b>. Cela se traduit par des r\u00e9sultats optimaux de la solution planifi\u00e9e.<\/span><\/p><\/div><\/div><\/div><\/div>\t\t\t\t\t\t\t\t<\/div>\n\t\t\t\t<\/div>\n\t\t\t\t<\/div>\n\t\t\t\t<\/div>\n\t\t<div class=\"elementor-element elementor-element-557b4eea e-con-full e-flex e-con e-child\" data-id=\"557b4eea\" data-element_type=\"container\" data-e-type=\"container\">\n\t\t\t\t<div class=\"elementor-element elementor-element-a683841 elementor-widget__width-inherit elementor-widget-mobile__width-auto elementor-widget elementor-widget-image\" data-id=\"a683841\" data-element_type=\"widget\" data-e-type=\"widget\" data-widget_type=\"image.default\">\n\t\t\t\t<div class=\"elementor-widget-container\">\n\t\t\t\t\t\t\t\t\t\t\t\t\t\t\t<img loading=\"lazy\" decoding=\"async\" loading=\"lazy\" width=\"640\" height=\"373\" src=\"https:\/\/estanteriasrecord.com\/wp-content\/uploads\/2024\/04\/instalacion_montaje_RECORD_2-1517573280-1-e1713857651966.jpg\" class=\"attachment-full size-full wp-image-13317\" alt=\"\" srcset=\"https:\/\/estanteriasrecord.com\/wp-content\/uploads\/2024\/04\/instalacion_montaje_RECORD_2-1517573280-1-e1713857651966.jpg 640w, https:\/\/estanteriasrecord.com\/wp-content\/uploads\/2024\/04\/instalacion_montaje_RECORD_2-1517573280-1-e1713857651966-300x175.jpg 300w, https:\/\/estanteriasrecord.com\/wp-content\/uploads\/2024\/04\/instalacion_montaje_RECORD_2-1517573280-1-e1713857651966-600x350.jpg 600w\" sizes=\"auto, (max-width: 640px) 100vw, 640px\" \/>\t\t\t\t\t\t\t\t\t\t\t\t\t\t\t<\/div>\n\t\t\t\t<\/div>\n\t\t<div class=\"elementor-element elementor-element-21081aa2 e-flex e-con-boxed e-con e-child\" data-id=\"21081aa2\" data-element_type=\"container\" data-e-type=\"container\" data-settings=\"{&quot;background_background&quot;:&quot;classic&quot;}\">\n\t\t\t\t\t<div class=\"e-con-inner\">\n\t\t\t\t<div class=\"elementor-element elementor-element-4c93d336 elementor-widget elementor-widget-text-editor\" data-id=\"4c93d336\" data-element_type=\"widget\" data-e-type=\"widget\" data-widget_type=\"text-editor.default\">\n\t\t\t\t<div class=\"elementor-widget-container\">\n\t\t\t\t\t\t\t\t\t<p>Nos dires se trouvent garantis par l&rsquo;accr\u00e9ditation <b>ISO 9001:2008<\/b> accord\u00e9e \u00e0 notre organisation, qui couvre non seulement les processus de conception, d&rsquo;\u00e9laboration, de fabrication et de service apr\u00e8s-vente, mais aussi les services proprement dits d&rsquo;installation et de montage de toutes nos fabrications.<\/p><p> <\/p>\t\t\t\t\t\t\t\t<\/div>\n\t\t\t\t<\/div>\n\t\t\t\t\t<\/div>\n\t\t\t\t<\/div>\n\t\t\t\t<\/div>\n\t\t\t\t\t<\/div>\n\t\t\t\t<\/div>\n\t\t\t\t<\/div>\n\t\t","protected":false},"excerpt":{"rendered":"<p>Vous \u00eates ici:&nbsp; Pour qu&rsquo;une implantation d&rsquo;entreposage remplisse ad\u00e9quatement les fonctionnalit\u00e9s pour lesquelles elle a \u00e9t\u00e9 projet\u00e9e, il ne suffit pas d&rsquo;une conception performante de la solution requise ni de mat\u00e9riaux d&rsquo;une qualit\u00e9 \u00e9prouv\u00e9e : elle doit aussi \u00eatre install\u00e9e de telle sorte que le syst\u00e8me se comporte correctement. L&rsquo;importance d&rsquo;un bon montage est d\u00e9terminante, [&hellip;]<\/p>\n","protected":false},"author":5,"featured_media":14797,"parent":14928,"menu_order":0,"comment_status":"closed","ping_status":"closed","template":"","meta":{"_acf_changed":false,"_joinchat":[],"footnotes":""},"class_list":["post-14952","page","type-page","status-publish","has-post-thumbnail","hentry"],"acf":[],"yoast_head":"<!-- This site is optimized with the Yoast SEO plugin v27.0 - https:\/\/yoast.com\/product\/yoast-seo-wordpress\/ -->\n<title>Installation et montage | Estanter\u00edas Record<\/title>\n<meta name=\"robots\" content=\"index, follow, max-snippet:-1, max-image-preview:large, max-video-preview:-1\" \/>\n<link rel=\"canonical\" href=\"https:\/\/estanteriasrecord.com\/fr\/services\/installation-et-montage\" \/>\n<meta property=\"og:locale\" content=\"fr_FR\" \/>\n<meta property=\"og:type\" content=\"article\" \/>\n<meta property=\"og:title\" content=\"Installation et montage | Estanter\u00edas Record\" \/>\n<meta property=\"og:description\" content=\"Vous \u00eates ici:&nbsp; Pour qu&rsquo;une implantation d&rsquo;entreposage remplisse ad\u00e9quatement les fonctionnalit\u00e9s pour lesquelles elle a \u00e9t\u00e9 projet\u00e9e, il ne suffit pas d&rsquo;une conception performante de la solution requise ni de mat\u00e9riaux d&rsquo;une qualit\u00e9 \u00e9prouv\u00e9e : elle doit aussi \u00eatre install\u00e9e de telle sorte que le syst\u00e8me se comporte correctement. L&rsquo;importance d&rsquo;un bon montage est d\u00e9terminante, [&hellip;]\" \/>\n<meta property=\"og:url\" content=\"https:\/\/estanteriasrecord.com\/fr\/services\/installation-et-montage\" \/>\n<meta property=\"og:site_name\" content=\"Estanter\u00edas Record\" \/>\n<meta property=\"article:publisher\" content=\"https:\/\/www.facebook.com\/estanteriasrecord\/\" \/>\n<meta property=\"article:modified_time\" content=\"2025-05-05T09:15:15+00:00\" \/>\n<meta property=\"og:image\" content=\"https:\/\/estanteriasrecord.com\/wp-content\/uploads\/2024\/11\/cut_montaje-estanterias-record.jpg\" \/>\n\t<meta property=\"og:image:width\" content=\"564\" \/>\n\t<meta property=\"og:image:height\" content=\"773\" \/>\n\t<meta property=\"og:image:type\" content=\"image\/jpeg\" \/>\n<meta name=\"twitter:card\" content=\"summary_large_image\" \/>\n<meta name=\"twitter:label1\" content=\"Dur\u00e9e de lecture estim\u00e9e\" \/>\n\t<meta name=\"twitter:data1\" content=\"1 minute\" \/>\n<script type=\"application\/ld+json\" class=\"yoast-schema-graph\">{\"@context\":\"https:\/\/schema.org\",\"@graph\":[{\"@type\":\"WebPage\",\"@id\":\"https:\/\/estanteriasrecord.com\/fr\/services\/installation-et-montage\",\"url\":\"https:\/\/estanteriasrecord.com\/fr\/services\/installation-et-montage\",\"name\":\"Installation et montage | Estanter\u00edas Record\",\"isPartOf\":{\"@id\":\"https:\/\/estanteriasrecord.com\/fr#website\"},\"primaryImageOfPage\":{\"@id\":\"https:\/\/estanteriasrecord.com\/fr\/services\/installation-et-montage#primaryimage\"},\"image\":{\"@id\":\"https:\/\/estanteriasrecord.com\/fr\/services\/installation-et-montage#primaryimage\"},\"thumbnailUrl\":\"https:\/\/estanteriasrecord.com\/wp-content\/uploads\/2024\/11\/cut_montaje-estanterias-record.jpg\",\"datePublished\":\"2024-05-08T07:25:36+00:00\",\"dateModified\":\"2025-05-05T09:15:15+00:00\",\"breadcrumb\":{\"@id\":\"https:\/\/estanteriasrecord.com\/fr\/services\/installation-et-montage#breadcrumb\"},\"inLanguage\":\"fr-FR\",\"potentialAction\":[{\"@type\":\"ReadAction\",\"target\":[\"https:\/\/estanteriasrecord.com\/fr\/services\/installation-et-montage\"]}]},{\"@type\":\"ImageObject\",\"inLanguage\":\"fr-FR\",\"@id\":\"https:\/\/estanteriasrecord.com\/fr\/services\/installation-et-montage#primaryimage\",\"url\":\"https:\/\/estanteriasrecord.com\/wp-content\/uploads\/2024\/11\/cut_montaje-estanterias-record.jpg\",\"contentUrl\":\"https:\/\/estanteriasrecord.com\/wp-content\/uploads\/2024\/11\/cut_montaje-estanterias-record.jpg\",\"width\":564,\"height\":773},{\"@type\":\"BreadcrumbList\",\"@id\":\"https:\/\/estanteriasrecord.com\/fr\/services\/installation-et-montage#breadcrumb\",\"itemListElement\":[{\"@type\":\"ListItem\",\"position\":1,\"name\":\"Portada\",\"item\":\"https:\/\/estanteriasrecord.com\/fr\/estanterias-record\"},{\"@type\":\"ListItem\",\"position\":2,\"name\":\"Services\",\"item\":\"https:\/\/estanteriasrecord.com\/fr\/services\"},{\"@type\":\"ListItem\",\"position\":3,\"name\":\"Installation et montage\"}]},{\"@type\":\"WebSite\",\"@id\":\"https:\/\/estanteriasrecord.com\/fr#website\",\"url\":\"https:\/\/estanteriasrecord.com\/fr\",\"name\":\"Estanter\u00edas Record\",\"description\":\"Sistemas eficientes de almacenamiento\",\"publisher\":{\"@id\":\"https:\/\/estanteriasrecord.com\/fr#organization\"},\"potentialAction\":[{\"@type\":\"SearchAction\",\"target\":{\"@type\":\"EntryPoint\",\"urlTemplate\":\"https:\/\/estanteriasrecord.com\/fr?s={search_term_string}\"},\"query-input\":{\"@type\":\"PropertyValueSpecification\",\"valueRequired\":true,\"valueName\":\"search_term_string\"}}],\"inLanguage\":\"fr-FR\"},{\"@type\":\"Organization\",\"@id\":\"https:\/\/estanteriasrecord.com\/fr#organization\",\"name\":\"Estanter\u00edas Record\",\"url\":\"https:\/\/estanteriasrecord.com\/fr\",\"logo\":{\"@type\":\"ImageObject\",\"inLanguage\":\"fr-FR\",\"@id\":\"https:\/\/estanteriasrecord.com\/fr#\/schema\/logo\/image\/\",\"url\":\"https:\/\/estanteriasrecord.com\/wp-content\/uploads\/2024\/03\/logo_cab_doc.png\",\"contentUrl\":\"https:\/\/estanteriasrecord.com\/wp-content\/uploads\/2024\/03\/logo_cab_doc.png\",\"width\":250,\"height\":119,\"caption\":\"Estanter\u00edas Record\"},\"image\":{\"@id\":\"https:\/\/estanteriasrecord.com\/fr#\/schema\/logo\/image\/\"},\"sameAs\":[\"https:\/\/www.facebook.com\/estanteriasrecord\/\"]}]}<\/script>\n<!-- \/ Yoast SEO plugin. -->","yoast_head_json":{"title":"Installation et montage | Estanter\u00edas Record","robots":{"index":"index","follow":"follow","max-snippet":"max-snippet:-1","max-image-preview":"max-image-preview:large","max-video-preview":"max-video-preview:-1"},"canonical":"https:\/\/estanteriasrecord.com\/fr\/services\/installation-et-montage","og_locale":"fr_FR","og_type":"article","og_title":"Installation et montage | Estanter\u00edas Record","og_description":"Vous \u00eates ici:&nbsp; Pour qu&rsquo;une implantation d&rsquo;entreposage remplisse ad\u00e9quatement les fonctionnalit\u00e9s pour lesquelles elle a \u00e9t\u00e9 projet\u00e9e, il ne suffit pas d&rsquo;une conception performante de la solution requise ni de mat\u00e9riaux d&rsquo;une qualit\u00e9 \u00e9prouv\u00e9e : elle doit aussi \u00eatre install\u00e9e de telle sorte que le syst\u00e8me se comporte correctement. L&rsquo;importance d&rsquo;un bon montage est d\u00e9terminante, [&hellip;]","og_url":"https:\/\/estanteriasrecord.com\/fr\/services\/installation-et-montage","og_site_name":"Estanter\u00edas Record","article_publisher":"https:\/\/www.facebook.com\/estanteriasrecord\/","article_modified_time":"2025-05-05T09:15:15+00:00","og_image":[{"width":564,"height":773,"url":"https:\/\/estanteriasrecord.com\/wp-content\/uploads\/2024\/11\/cut_montaje-estanterias-record.jpg","type":"image\/jpeg"}],"twitter_card":"summary_large_image","twitter_misc":{"Dur\u00e9e de lecture estim\u00e9e":"1 minute"},"schema":{"@context":"https:\/\/schema.org","@graph":[{"@type":"WebPage","@id":"https:\/\/estanteriasrecord.com\/fr\/services\/installation-et-montage","url":"https:\/\/estanteriasrecord.com\/fr\/services\/installation-et-montage","name":"Installation et montage | Estanter\u00edas Record","isPartOf":{"@id":"https:\/\/estanteriasrecord.com\/fr#website"},"primaryImageOfPage":{"@id":"https:\/\/estanteriasrecord.com\/fr\/services\/installation-et-montage#primaryimage"},"image":{"@id":"https:\/\/estanteriasrecord.com\/fr\/services\/installation-et-montage#primaryimage"},"thumbnailUrl":"https:\/\/estanteriasrecord.com\/wp-content\/uploads\/2024\/11\/cut_montaje-estanterias-record.jpg","datePublished":"2024-05-08T07:25:36+00:00","dateModified":"2025-05-05T09:15:15+00:00","breadcrumb":{"@id":"https:\/\/estanteriasrecord.com\/fr\/services\/installation-et-montage#breadcrumb"},"inLanguage":"fr-FR","potentialAction":[{"@type":"ReadAction","target":["https:\/\/estanteriasrecord.com\/fr\/services\/installation-et-montage"]}]},{"@type":"ImageObject","inLanguage":"fr-FR","@id":"https:\/\/estanteriasrecord.com\/fr\/services\/installation-et-montage#primaryimage","url":"https:\/\/estanteriasrecord.com\/wp-content\/uploads\/2024\/11\/cut_montaje-estanterias-record.jpg","contentUrl":"https:\/\/estanteriasrecord.com\/wp-content\/uploads\/2024\/11\/cut_montaje-estanterias-record.jpg","width":564,"height":773},{"@type":"BreadcrumbList","@id":"https:\/\/estanteriasrecord.com\/fr\/services\/installation-et-montage#breadcrumb","itemListElement":[{"@type":"ListItem","position":1,"name":"Portada","item":"https:\/\/estanteriasrecord.com\/fr\/estanterias-record"},{"@type":"ListItem","position":2,"name":"Services","item":"https:\/\/estanteriasrecord.com\/fr\/services"},{"@type":"ListItem","position":3,"name":"Installation et montage"}]},{"@type":"WebSite","@id":"https:\/\/estanteriasrecord.com\/fr#website","url":"https:\/\/estanteriasrecord.com\/fr","name":"Estanter\u00edas Record","description":"Sistemas eficientes de almacenamiento","publisher":{"@id":"https:\/\/estanteriasrecord.com\/fr#organization"},"potentialAction":[{"@type":"SearchAction","target":{"@type":"EntryPoint","urlTemplate":"https:\/\/estanteriasrecord.com\/fr?s={search_term_string}"},"query-input":{"@type":"PropertyValueSpecification","valueRequired":true,"valueName":"search_term_string"}}],"inLanguage":"fr-FR"},{"@type":"Organization","@id":"https:\/\/estanteriasrecord.com\/fr#organization","name":"Estanter\u00edas Record","url":"https:\/\/estanteriasrecord.com\/fr","logo":{"@type":"ImageObject","inLanguage":"fr-FR","@id":"https:\/\/estanteriasrecord.com\/fr#\/schema\/logo\/image\/","url":"https:\/\/estanteriasrecord.com\/wp-content\/uploads\/2024\/03\/logo_cab_doc.png","contentUrl":"https:\/\/estanteriasrecord.com\/wp-content\/uploads\/2024\/03\/logo_cab_doc.png","width":250,"height":119,"caption":"Estanter\u00edas Record"},"image":{"@id":"https:\/\/estanteriasrecord.com\/fr#\/schema\/logo\/image\/"},"sameAs":["https:\/\/www.facebook.com\/estanteriasrecord\/"]}]}},"_links":{"self":[{"href":"https:\/\/estanteriasrecord.com\/fr\/wp-json\/wp\/v2\/pages\/14952","targetHints":{"allow":["GET"]}}],"collection":[{"href":"https:\/\/estanteriasrecord.com\/fr\/wp-json\/wp\/v2\/pages"}],"about":[{"href":"https:\/\/estanteriasrecord.com\/fr\/wp-json\/wp\/v2\/types\/page"}],"author":[{"embeddable":true,"href":"https:\/\/estanteriasrecord.com\/fr\/wp-json\/wp\/v2\/users\/5"}],"replies":[{"embeddable":true,"href":"https:\/\/estanteriasrecord.com\/fr\/wp-json\/wp\/v2\/comments?post=14952"}],"version-history":[{"count":3,"href":"https:\/\/estanteriasrecord.com\/fr\/wp-json\/wp\/v2\/pages\/14952\/revisions"}],"predecessor-version":[{"id":19453,"href":"https:\/\/estanteriasrecord.com\/fr\/wp-json\/wp\/v2\/pages\/14952\/revisions\/19453"}],"up":[{"embeddable":true,"href":"https:\/\/estanteriasrecord.com\/fr\/wp-json\/wp\/v2\/pages\/14928"}],"wp:featuredmedia":[{"embeddable":true,"href":"https:\/\/estanteriasrecord.com\/fr\/wp-json\/wp\/v2\/media\/14797"}],"wp:attachment":[{"href":"https:\/\/estanteriasrecord.com\/fr\/wp-json\/wp\/v2\/media?parent=14952"}],"curies":[{"name":"wp","href":"https:\/\/api.w.org\/{rel}","templated":true}]}}