{"id":14964,"date":"2024-05-13T06:42:42","date_gmt":"2024-05-13T04:42:42","guid":{"rendered":"https:\/\/estanteriasrecord.com\/produits"},"modified":"2025-11-14T08:49:15","modified_gmt":"2025-11-14T07:49:15","slug":"produits","status":"publish","type":"page","link":"https:\/\/estanteriasrecord.com\/fr\/produits","title":{"rendered":"Produits"},"content":{"rendered":"\t\t<div data-elementor-type=\"wp-page\" data-elementor-id=\"14964\" class=\"elementor elementor-14964 elementor-404\" data-elementor-post-type=\"page\">\n\t\t\t\t<div class=\"elementor-element elementor-element-7b07bd6c e-con-full e-flex e-con e-parent\" data-id=\"7b07bd6c\" data-element_type=\"container\" data-e-type=\"container\" data-settings=\"{&quot;background_background&quot;:&quot;classic&quot;}\">\n\t\t\t\t<div class=\"elementor-element elementor-element-7e5920b8 elementor-widget elementor-widget-image\" data-id=\"7e5920b8\" data-element_type=\"widget\" data-e-type=\"widget\" data-widget_type=\"image.default\">\n\t\t\t\t<div class=\"elementor-widget-container\">\n\t\t\t\t\t\t\t\t\t\t\t\t\t\t\t<img fetchpriority=\"high\" decoding=\"async\" width=\"2560\" height=\"1026\" src=\"https:\/\/estanteriasrecord.com\/wp-content\/uploads\/2024\/06\/productos-hero-scaled.jpg\" class=\"attachment-full size-full wp-image-13801\" alt=\"\" srcset=\"https:\/\/estanteriasrecord.com\/wp-content\/uploads\/2024\/06\/productos-hero-scaled.jpg 2560w, https:\/\/estanteriasrecord.com\/wp-content\/uploads\/2024\/06\/productos-hero-300x120.jpg 300w, https:\/\/estanteriasrecord.com\/wp-content\/uploads\/2024\/06\/productos-hero-1024x410.jpg 1024w, https:\/\/estanteriasrecord.com\/wp-content\/uploads\/2024\/06\/productos-hero-768x308.jpg 768w, https:\/\/estanteriasrecord.com\/wp-content\/uploads\/2024\/06\/productos-hero-1536x615.jpg 1536w, https:\/\/estanteriasrecord.com\/wp-content\/uploads\/2024\/06\/productos-hero-2048x821.jpg 2048w, https:\/\/estanteriasrecord.com\/wp-content\/uploads\/2024\/06\/productos-hero-600x240.jpg 600w\" sizes=\"(max-width: 2560px) 100vw, 2560px\" \/>\t\t\t\t\t\t\t\t\t\t\t\t\t\t\t<\/div>\n\t\t\t\t<\/div>\n\t\t<div class=\"elementor-element elementor-element-d2a21b2 e-con-full e-flex e-con e-child\" data-id=\"d2a21b2\" data-element_type=\"container\" data-e-type=\"container\" data-settings=\"{&quot;background_background&quot;:&quot;classic&quot;}\">\n\t\t<div class=\"elementor-element elementor-element-6a068ace e-con-full elementor-hidden-mobile e-flex e-con e-child\" data-id=\"6a068ace\" data-element_type=\"container\" data-e-type=\"container\">\n\t\t\t\t<div class=\"elementor-element elementor-element-13fad57 elementor-hidden-desktop elementor-hidden-tablet elementor-widget elementor-widget-text-editor\" data-id=\"13fad57\" data-element_type=\"widget\" data-e-type=\"widget\" data-widget_type=\"text-editor.default\">\n\t\t\t\t<div class=\"elementor-widget-container\">\n\t\t\t\t\t\t\t\t\t<p>Ils filtrent nos produits par les cat\u00e9gories les plus populaires<\/p>\t\t\t\t\t\t\t\t<\/div>\n\t\t\t\t<\/div>\n\t\t\t\t<div class=\"elementor-element elementor-element-76da8ed3 elementor-hidden-mobile elementor-widget elementor-widget-text-editor\" data-id=\"76da8ed3\" data-element_type=\"widget\" data-e-type=\"widget\" data-widget_type=\"text-editor.default\">\n\t\t\t\t<div class=\"elementor-widget-container\">\n\t\t\t\t\t\t\t\t\t<p>Vous \u00eates ici:&nbsp; <\/p>\t\t\t\t\t\t\t\t<\/div>\n\t\t\t\t<\/div>\n\t\t\t\t<div class=\"elementor-element elementor-element-4b360f5 elementor-hidden-mobile elementor-widget elementor-widget-woocommerce-breadcrumb\" data-id=\"4b360f5\" data-element_type=\"widget\" data-e-type=\"widget\" data-widget_type=\"woocommerce-breadcrumb.default\">\n\t\t\t\t<div class=\"elementor-widget-container\">\n\t\t\t\t\t<nav class=\"woocommerce-breadcrumb\" aria-label=\"Breadcrumb\">Accueil<\/nav>\t\t\t\t<\/div>\n\t\t\t\t<\/div>\n\t\t\t\t<\/div>\n\t\t\t\t<\/div>\n\t\t\t\t<\/div>\n\t\t<div class=\"elementor-element elementor-element-70248e1 e-flex e-con-boxed e-con e-parent\" data-id=\"70248e1\" data-element_type=\"container\" data-e-type=\"container\">\n\t\t\t\t\t<div class=\"e-con-inner\">\n\t\t<div class=\"elementor-element elementor-element-8885b1b e-con-full e-flex e-con e-child\" data-id=\"8885b1b\" data-element_type=\"container\" data-e-type=\"container\">\n\t\t\t\t<div class=\"elementor-element elementor-element-b52a336 title elementor-widget elementor-widget-text-editor\" data-id=\"b52a336\" data-element_type=\"widget\" data-e-type=\"widget\" data-widget_type=\"text-editor.default\">\n\t\t\t\t<div class=\"elementor-widget-container\">\n\t\t\t\t\t\t\t\t\t<p>S\u00e9lectionner une cat\u00e9gorie<\/p>\t\t\t\t\t\t\t\t<\/div>\n\t\t\t\t<\/div>\n\t\t\t\t<div class=\"elementor-element elementor-element-54401f6 elementor-hidden-mobile elementor-widget elementor-widget-html\" data-id=\"54401f6\" data-element_type=\"widget\" data-e-type=\"widget\" data-widget_type=\"html.default\">\n\t\t\t\t<div class=\"elementor-widget-container\">\n\t\t\t\t\t<div class=\"category-selector\">\n    <button class=\"category-button all-products-button\" data-category-slug=\"all\">\n Voir Tout\n    <\/button>\n<\/div>\t\t\t\t<\/div>\n\t\t\t\t<\/div>\n\t\t\t\t<\/div>\n\t\t<div class=\"elementor-element elementor-element-6b2a776 e-con-full info-container e-flex e-con e-child\" data-id=\"6b2a776\" data-element_type=\"container\" data-e-type=\"container\">\n\t\t\t\t<div class=\"elementor-element elementor-element-9c5a914 category-title elementor-widget elementor-widget-text-editor\" data-id=\"9c5a914\" data-element_type=\"widget\" data-e-type=\"widget\" data-widget_type=\"text-editor.default\">\n\t\t\t\t<div class=\"elementor-widget-container\">\n\t\t\t\t\t\t\t\t\t<p>Mezzanines et Greniers<\/p>\t\t\t\t\t\t\t\t<\/div>\n\t\t\t\t<\/div>\n\t\t\t\t<div class=\"elementor-element elementor-element-9e5e330 elementor-widget elementor-widget-button\" data-id=\"9e5e330\" data-element_type=\"widget\" data-e-type=\"widget\" data-widget_type=\"button.default\">\n\t\t\t\t<div class=\"elementor-widget-container\">\n\t\t\t\t\t\t\t\t\t<div class=\"elementor-button-wrapper\">\n\t\t\t\t\t<a class=\"elementor-button elementor-size-sm\" role=\"button\" id=\"go-back-btn\">\n\t\t\t\t\t\t<span class=\"elementor-button-content-wrapper\">\n\t\t\t\t\t\t\t\t\t<span class=\"elementor-button-text\">Dos<\/span>\n\t\t\t\t\t<\/span>\n\t\t\t\t\t<\/a>\n\t\t\t\t<\/div>\n\t\t\t\t\t\t\t\t<\/div>\n\t\t\t\t<\/div>\n\t\t\t\t<\/div>\n\t\t\t\t<div class=\"elementor-element elementor-element-845492e elementor-widget__width-inherit elementor-widget-mobile__width-initial elementor-widget elementor-widget-shortcode\" data-id=\"845492e\" data-element_type=\"widget\" data-e-type=\"widget\" data-widget_type=\"shortcode.default\">\n\t\t\t\t<div class=\"elementor-widget-container\">\n\t\t\t\t\t\t\t<div class=\"elementor-shortcode\"><div class=\"filters-container\"><div class=\"categories-container\"><div class=\"category-selector\"><button class=\"category-button\" data-category-slug=\"rayonnages-a-palettes\"><img decoding=\"async\" src=\"https:\/\/estanteriasrecord.com\/wp-content\/uploads\/2024\/11\/cut_almacen-paletizado-estanterias-record.jpg\" alt=\"Rayonnages \u00e0 Palettes\" class=\"category-thumbnail\"><div style=\"height: 50px; justify-content: flex-start; padding-top: 2px;\"><p>Rayonnages \u00e0 Palettes<\/p><\/div><\/button><\/div><div class=\"category-selector\"><button class=\"category-button\" data-category-slug=\"rayonnage-mi-lourd-et-leger\"><img decoding=\"async\" src=\"https:\/\/estanteriasrecord.com\/wp-content\/uploads\/2024\/11\/cat_picking_estanterias_record_.jpg\" alt=\"Rayonnage mi-lourd et l\u00e9ger\" class=\"category-thumbnail\"><div style=\"height: 50px; justify-content: flex-start; padding-top: 2px;\"><p>Rayonnage mi-lourd et l\u00e9ger<\/p><\/div><\/button><\/div><div class=\"category-selector\"><button class=\"category-button\" data-category-slug=\"stockage-speciale\"><img decoding=\"async\" src=\"https:\/\/estanteriasrecord.com\/wp-content\/uploads\/2024\/11\/Cerramientos-Picon-4.jpg\" alt=\"Stockage sp\u00e9ciale\" class=\"category-thumbnail\"><div style=\"height: 50px; justify-content: flex-start; padding-top: 2px;\"><p>Stockage sp\u00e9ciale<\/p><\/div><\/button><\/div><div class=\"category-selector\"><button class=\"category-button\" data-category-slug=\"mezzanines\"><img decoding=\"async\" src=\"https:\/\/estanteriasrecord.com\/wp-content\/uploads\/2024\/11\/cut_entreplanta3_estanterias_record_.jpg\" alt=\"Mezzanines\" class=\"category-thumbnail\"><div style=\"height: 50px; justify-content: flex-start; padding-top: 2px;\"><p>Mezzanines<\/p><\/div><\/button><\/div><\/div><div style=\"font-size: 24px; font-weight: 800;\"><p>Produits<\/p><\/div><\/div><div id=\"products-container\"><ul class=\"products-list\"><\/ul><\/div><\/div>\n\t\t\t\t\t\t<\/div>\n\t\t\t\t<\/div>\n\t\t\t\t<div class=\"elementor-element elementor-element-8479b6a filters-loader elementor-widget elementor-widget-html\" data-id=\"8479b6a\" data-element_type=\"widget\" data-e-type=\"widget\" data-widget_type=\"html.default\">\n\t\t\t\t<div class=\"elementor-widget-container\">\n\t\t\t\t\t<div class=\"loader\"\/>\t\t\t\t<\/div>\n\t\t\t\t<\/div>\n\t\t\t\t\t<\/div>\n\t\t\t\t<\/div>\n\t\t\t\t<\/div>\n\t\t","protected":false},"excerpt":{"rendered":"<p>Ils filtrent nos produits par les cat\u00e9gories les plus populaires Vous \u00eates ici:&nbsp; S\u00e9lectionner une cat\u00e9gorie Voir Tout Mezzanines et Greniers Dos<\/p>\n","protected":false},"author":5,"featured_media":0,"parent":0,"menu_order":0,"comment_status":"closed","ping_status":"closed","template":"","meta":{"_acf_changed":false,"_joinchat":[],"footnotes":""},"class_list":["post-14964","page","type-page","status-publish","hentry"],"acf":[],"yoast_head":"<!-- This site is optimized with the Yoast SEO plugin v27.0 - https:\/\/yoast.com\/product\/yoast-seo-wordpress\/ -->\n<title>Produits | Estanter\u00edas Record<\/title>\n<meta name=\"robots\" content=\"index, follow, max-snippet:-1, max-image-preview:large, max-video-preview:-1\" \/>\n<link rel=\"canonical\" href=\"https:\/\/estanteriasrecord.com\/fr\/produits\" \/>\n<meta property=\"og:locale\" content=\"fr_FR\" \/>\n<meta property=\"og:type\" content=\"article\" \/>\n<meta property=\"og:title\" content=\"Produits | Estanter\u00edas Record\" \/>\n<meta property=\"og:description\" content=\"Ils filtrent nos produits par les cat\u00e9gories les plus populaires Vous \u00eates ici:&nbsp; S\u00e9lectionner une cat\u00e9gorie Voir Tout Mezzanines et Greniers Dos\" \/>\n<meta property=\"og:url\" content=\"https:\/\/estanteriasrecord.com\/fr\/produits\" \/>\n<meta property=\"og:site_name\" content=\"Estanter\u00edas Record\" \/>\n<meta property=\"article:publisher\" content=\"https:\/\/www.facebook.com\/estanteriasrecord\/\" \/>\n<meta property=\"article:modified_time\" content=\"2025-11-14T07:49:15+00:00\" \/>\n<meta property=\"og:image\" content=\"https:\/\/estanteriasrecord.com\/wp-content\/uploads\/2024\/06\/productos-hero-scaled.jpg\" \/>\n\t<meta property=\"og:image:width\" content=\"2560\" \/>\n\t<meta property=\"og:image:height\" content=\"1026\" \/>\n\t<meta property=\"og:image:type\" content=\"image\/jpeg\" \/>\n<meta name=\"twitter:card\" content=\"summary_large_image\" \/>\n<meta name=\"twitter:label1\" content=\"Dur\u00e9e de lecture estim\u00e9e\" \/>\n\t<meta name=\"twitter:data1\" content=\"1 minute\" \/>\n<script type=\"application\/ld+json\" class=\"yoast-schema-graph\">{\"@context\":\"https:\/\/schema.org\",\"@graph\":[{\"@type\":\"WebPage\",\"@id\":\"https:\/\/estanteriasrecord.com\/fr\/produits\",\"url\":\"https:\/\/estanteriasrecord.com\/fr\/produits\",\"name\":\"Produits | Estanter\u00edas Record\",\"isPartOf\":{\"@id\":\"https:\/\/estanteriasrecord.com\/fr#website\"},\"primaryImageOfPage\":{\"@id\":\"https:\/\/estanteriasrecord.com\/fr\/produits#primaryimage\"},\"image\":{\"@id\":\"https:\/\/estanteriasrecord.com\/fr\/produits#primaryimage\"},\"thumbnailUrl\":\"https:\/\/estanteriasrecord.com\/wp-content\/uploads\/2024\/06\/productos-hero-scaled.jpg\",\"datePublished\":\"2024-05-13T04:42:42+00:00\",\"dateModified\":\"2025-11-14T07:49:15+00:00\",\"breadcrumb\":{\"@id\":\"https:\/\/estanteriasrecord.com\/fr\/produits#breadcrumb\"},\"inLanguage\":\"fr-FR\",\"potentialAction\":[{\"@type\":\"ReadAction\",\"target\":[\"https:\/\/estanteriasrecord.com\/fr\/produits\"]}]},{\"@type\":\"ImageObject\",\"inLanguage\":\"fr-FR\",\"@id\":\"https:\/\/estanteriasrecord.com\/fr\/produits#primaryimage\",\"url\":\"https:\/\/estanteriasrecord.com\/wp-content\/uploads\/2024\/06\/productos-hero-scaled.jpg\",\"contentUrl\":\"https:\/\/estanteriasrecord.com\/wp-content\/uploads\/2024\/06\/productos-hero-scaled.jpg\"},{\"@type\":\"BreadcrumbList\",\"@id\":\"https:\/\/estanteriasrecord.com\/fr\/produits#breadcrumb\",\"itemListElement\":[{\"@type\":\"ListItem\",\"position\":1,\"name\":\"Portada\",\"item\":\"https:\/\/estanteriasrecord.com\/fr\/estanterias-record\"},{\"@type\":\"ListItem\",\"position\":2,\"name\":\"Produits\"}]},{\"@type\":\"WebSite\",\"@id\":\"https:\/\/estanteriasrecord.com\/fr#website\",\"url\":\"https:\/\/estanteriasrecord.com\/fr\",\"name\":\"Estanter\u00edas Record\",\"description\":\"Sistemas eficientes de almacenamiento\",\"publisher\":{\"@id\":\"https:\/\/estanteriasrecord.com\/fr#organization\"},\"potentialAction\":[{\"@type\":\"SearchAction\",\"target\":{\"@type\":\"EntryPoint\",\"urlTemplate\":\"https:\/\/estanteriasrecord.com\/fr?s={search_term_string}\"},\"query-input\":{\"@type\":\"PropertyValueSpecification\",\"valueRequired\":true,\"valueName\":\"search_term_string\"}}],\"inLanguage\":\"fr-FR\"},{\"@type\":\"Organization\",\"@id\":\"https:\/\/estanteriasrecord.com\/fr#organization\",\"name\":\"Estanter\u00edas Record\",\"url\":\"https:\/\/estanteriasrecord.com\/fr\",\"logo\":{\"@type\":\"ImageObject\",\"inLanguage\":\"fr-FR\",\"@id\":\"https:\/\/estanteriasrecord.com\/fr#\/schema\/logo\/image\/\",\"url\":\"https:\/\/estanteriasrecord.com\/wp-content\/uploads\/2024\/03\/logo_cab_doc.png\",\"contentUrl\":\"https:\/\/estanteriasrecord.com\/wp-content\/uploads\/2024\/03\/logo_cab_doc.png\",\"width\":250,\"height\":119,\"caption\":\"Estanter\u00edas Record\"},\"image\":{\"@id\":\"https:\/\/estanteriasrecord.com\/fr#\/schema\/logo\/image\/\"},\"sameAs\":[\"https:\/\/www.facebook.com\/estanteriasrecord\/\"]}]}<\/script>\n<!-- \/ Yoast SEO plugin. -->","yoast_head_json":{"title":"Produits | Estanter\u00edas Record","robots":{"index":"index","follow":"follow","max-snippet":"max-snippet:-1","max-image-preview":"max-image-preview:large","max-video-preview":"max-video-preview:-1"},"canonical":"https:\/\/estanteriasrecord.com\/fr\/produits","og_locale":"fr_FR","og_type":"article","og_title":"Produits | Estanter\u00edas Record","og_description":"Ils filtrent nos produits par les cat\u00e9gories les plus populaires Vous \u00eates ici:&nbsp; S\u00e9lectionner une cat\u00e9gorie Voir Tout Mezzanines et Greniers Dos","og_url":"https:\/\/estanteriasrecord.com\/fr\/produits","og_site_name":"Estanter\u00edas Record","article_publisher":"https:\/\/www.facebook.com\/estanteriasrecord\/","article_modified_time":"2025-11-14T07:49:15+00:00","og_image":[{"width":2560,"height":1026,"url":"https:\/\/estanteriasrecord.com\/wp-content\/uploads\/2024\/06\/productos-hero-scaled.jpg","type":"image\/jpeg"}],"twitter_card":"summary_large_image","twitter_misc":{"Dur\u00e9e de lecture estim\u00e9e":"1 minute"},"schema":{"@context":"https:\/\/schema.org","@graph":[{"@type":"WebPage","@id":"https:\/\/estanteriasrecord.com\/fr\/produits","url":"https:\/\/estanteriasrecord.com\/fr\/produits","name":"Produits | Estanter\u00edas Record","isPartOf":{"@id":"https:\/\/estanteriasrecord.com\/fr#website"},"primaryImageOfPage":{"@id":"https:\/\/estanteriasrecord.com\/fr\/produits#primaryimage"},"image":{"@id":"https:\/\/estanteriasrecord.com\/fr\/produits#primaryimage"},"thumbnailUrl":"https:\/\/estanteriasrecord.com\/wp-content\/uploads\/2024\/06\/productos-hero-scaled.jpg","datePublished":"2024-05-13T04:42:42+00:00","dateModified":"2025-11-14T07:49:15+00:00","breadcrumb":{"@id":"https:\/\/estanteriasrecord.com\/fr\/produits#breadcrumb"},"inLanguage":"fr-FR","potentialAction":[{"@type":"ReadAction","target":["https:\/\/estanteriasrecord.com\/fr\/produits"]}]},{"@type":"ImageObject","inLanguage":"fr-FR","@id":"https:\/\/estanteriasrecord.com\/fr\/produits#primaryimage","url":"https:\/\/estanteriasrecord.com\/wp-content\/uploads\/2024\/06\/productos-hero-scaled.jpg","contentUrl":"https:\/\/estanteriasrecord.com\/wp-content\/uploads\/2024\/06\/productos-hero-scaled.jpg"},{"@type":"BreadcrumbList","@id":"https:\/\/estanteriasrecord.com\/fr\/produits#breadcrumb","itemListElement":[{"@type":"ListItem","position":1,"name":"Portada","item":"https:\/\/estanteriasrecord.com\/fr\/estanterias-record"},{"@type":"ListItem","position":2,"name":"Produits"}]},{"@type":"WebSite","@id":"https:\/\/estanteriasrecord.com\/fr#website","url":"https:\/\/estanteriasrecord.com\/fr","name":"Estanter\u00edas Record","description":"Sistemas eficientes de almacenamiento","publisher":{"@id":"https:\/\/estanteriasrecord.com\/fr#organization"},"potentialAction":[{"@type":"SearchAction","target":{"@type":"EntryPoint","urlTemplate":"https:\/\/estanteriasrecord.com\/fr?s={search_term_string}"},"query-input":{"@type":"PropertyValueSpecification","valueRequired":true,"valueName":"search_term_string"}}],"inLanguage":"fr-FR"},{"@type":"Organization","@id":"https:\/\/estanteriasrecord.com\/fr#organization","name":"Estanter\u00edas Record","url":"https:\/\/estanteriasrecord.com\/fr","logo":{"@type":"ImageObject","inLanguage":"fr-FR","@id":"https:\/\/estanteriasrecord.com\/fr#\/schema\/logo\/image\/","url":"https:\/\/estanteriasrecord.com\/wp-content\/uploads\/2024\/03\/logo_cab_doc.png","contentUrl":"https:\/\/estanteriasrecord.com\/wp-content\/uploads\/2024\/03\/logo_cab_doc.png","width":250,"height":119,"caption":"Estanter\u00edas Record"},"image":{"@id":"https:\/\/estanteriasrecord.com\/fr#\/schema\/logo\/image\/"},"sameAs":["https:\/\/www.facebook.com\/estanteriasrecord\/"]}]}},"_links":{"self":[{"href":"https:\/\/estanteriasrecord.com\/fr\/wp-json\/wp\/v2\/pages\/14964","targetHints":{"allow":["GET"]}}],"collection":[{"href":"https:\/\/estanteriasrecord.com\/fr\/wp-json\/wp\/v2\/pages"}],"about":[{"href":"https:\/\/estanteriasrecord.com\/fr\/wp-json\/wp\/v2\/types\/page"}],"author":[{"embeddable":true,"href":"https:\/\/estanteriasrecord.com\/fr\/wp-json\/wp\/v2\/users\/5"}],"replies":[{"embeddable":true,"href":"https:\/\/estanteriasrecord.com\/fr\/wp-json\/wp\/v2\/comments?post=14964"}],"version-history":[{"count":4,"href":"https:\/\/estanteriasrecord.com\/fr\/wp-json\/wp\/v2\/pages\/14964\/revisions"}],"predecessor-version":[{"id":20532,"href":"https:\/\/estanteriasrecord.com\/fr\/wp-json\/wp\/v2\/pages\/14964\/revisions\/20532"}],"wp:attachment":[{"href":"https:\/\/estanteriasrecord.com\/fr\/wp-json\/wp\/v2\/media?parent=14964"}],"curies":[{"name":"wp","href":"https:\/\/api.w.org\/{rel}","templated":true}]}}