{"id":14978,"date":"2024-05-27T07:17:25","date_gmt":"2024-05-27T05:17:25","guid":{"rendered":"https:\/\/estanteriasrecord.com\/documentation"},"modified":"2026-01-14T17:53:04","modified_gmt":"2026-01-14T16:53:04","slug":"documentation","status":"publish","type":"page","link":"https:\/\/estanteriasrecord.com\/fr\/documentation","title":{"rendered":"Documentation"},"content":{"rendered":"\t\t<div data-elementor-type=\"wp-page\" data-elementor-id=\"14978\" class=\"elementor elementor-14978 elementor-406\" data-elementor-post-type=\"page\">\n\t\t\t\t<div class=\"elementor-element elementor-element-f35eb48 e-con-full e-flex e-con e-parent\" data-id=\"f35eb48\" data-element_type=\"container\" data-e-type=\"container\" data-settings=\"{&quot;background_background&quot;:&quot;classic&quot;}\">\n\t\t\t\t<div class=\"elementor-element elementor-element-25ae611f elementor-widget elementor-widget-image\" data-id=\"25ae611f\" data-element_type=\"widget\" data-e-type=\"widget\" data-widget_type=\"image.default\">\n\t\t\t\t<div class=\"elementor-widget-container\">\n\t\t\t\t\t\t\t\t\t\t\t\t\t\t\t<img loading=\"lazy\" decoding=\"async\" loading=\"lazy\" width=\"1920\" height=\"1080\" src=\"https:\/\/estanteriasrecord.com\/wp-content\/uploads\/2024\/06\/home-hero-1-e1737561127986.jpeg\" class=\"attachment-full size-full wp-image-13813\" alt=\"\" \/>\t\t\t\t\t\t\t\t\t\t\t\t\t\t\t<\/div>\n\t\t\t\t<\/div>\n\t\t<div class=\"elementor-element elementor-element-64876640 e-con-full e-flex e-con e-child\" data-id=\"64876640\" data-element_type=\"container\" data-e-type=\"container\" data-settings=\"{&quot;background_background&quot;:&quot;classic&quot;}\">\n\t\t<div class=\"elementor-element elementor-element-4a8a9e89 e-con-full elementor-hidden-mobile e-flex e-con e-child\" data-id=\"4a8a9e89\" data-element_type=\"container\" data-e-type=\"container\">\n\t\t\t\t<div class=\"elementor-element elementor-element-40510c61 elementor-widget elementor-widget-text-editor\" data-id=\"40510c61\" data-element_type=\"widget\" data-e-type=\"widget\" data-widget_type=\"text-editor.default\">\n\t\t\t\t<div class=\"elementor-widget-container\">\n\t\t\t\t\t\t\t\t\t<p>Vous \u00eates ici:\u00a0<\/p>\t\t\t\t\t\t\t\t<\/div>\n\t\t\t\t<\/div>\n\t\t\t\t<div class=\"elementor-element elementor-element-5c6346ee elementor-widget elementor-widget-woocommerce-breadcrumb\" data-id=\"5c6346ee\" data-element_type=\"widget\" data-e-type=\"widget\" data-widget_type=\"woocommerce-breadcrumb.default\">\n\t\t\t\t<div class=\"elementor-widget-container\">\n\t\t\t\t\t<nav class=\"woocommerce-breadcrumb\" aria-label=\"Breadcrumb\">Accueil<\/nav>\t\t\t\t<\/div>\n\t\t\t\t<\/div>\n\t\t\t\t<\/div>\n\t\t\t\t<\/div>\n\t\t\t\t<\/div>\n\t\t<div class=\"elementor-element elementor-element-5a04717 e-flex e-con-boxed e-con e-parent\" data-id=\"5a04717\" data-element_type=\"container\" data-e-type=\"container\">\n\t\t\t\t\t<div class=\"e-con-inner\">\n\t\t\t\t<div class=\"elementor-element elementor-element-70ecb97 elementor-widget elementor-widget-text-editor\" data-id=\"70ecb97\" data-element_type=\"widget\" data-e-type=\"widget\" data-widget_type=\"text-editor.default\">\n\t\t\t\t<div class=\"elementor-widget-container\">\n\t\t\t\t\t\t\t\t\t<div class=\"search-bar\"><select id=\"type-search\" name=\"type\">\n<option value=\"\">Rechercher par type<\/option>\n<option value=\"catalogue\">Catalogue<\/option>\n<option value=\"produit\">Produits<\/option>\n<option value=\"montage\">Montage<\/option>\n<option value=\"s\u00e9curit\u00e9\">S\u00e9curit\u00e9<\/option>\n<\/select>\n<input id=\"name-search\" name=\"name\" type=\"text\" placeholder=\"Rechercher par nom\" \/><\/div>\t\t\t\t\t\t\t\t<\/div>\n\t\t\t\t<\/div>\n\t\t\t\t<div class=\"elementor-element elementor-element-2ac4f2b3 elementor-widget-mobile__width-inherit elementor-widget elementor-widget-text-editor\" data-id=\"2ac4f2b3\" data-element_type=\"widget\" data-e-type=\"widget\" data-widget_type=\"text-editor.default\">\n\t\t\t\t<div class=\"elementor-widget-container\">\n\t\t\t\t\t\t\t\t\t<table id=\"doc-table\"><thead><tr><th class=\"sortable\" data-column=\"0\">Nom<\/th><th class=\"sortable\" data-column=\"1\">Type<\/th><th>Document<\/th><\/tr><\/thead><tbody><tr id=\"no-results\" style=\"text-align: center; font-weight: 500; display: none;\"><td colspan=\"3\">Aucun r\u00e9sultat ne correspond \u00e0 votre recherche<\/td><\/tr><tr><td>Catalogue<\/td><td>Catalogue<\/td><td><a href=\"https:\/\/estanteriasrecord.com\/wp-content\/uploads\/2024\/07\/catalogue_estanterias_record_fr.pdf\" target=\"_blank\" rel=\"noopener\">catalogue_estanterias_record_fr&lt;\/a &gt;<br \/><\/a><\/td><\/tr><tr><td>Catalogue de produits<\/td><td>Catalogue<\/td><td><a href=\"https:\/\/estanteriasrecord.com\/wp-content\/uploads\/2024\/07\/catalogue_de_produits_esrecord_fr.pdf\" target=\"_blank\" rel=\"noopener\">catalogue_de_produits_esrecord_fr&lt;\/a &gt;<br \/><\/a><\/td><\/tr><tr><td>Rayonnage \u00e0 palettes classique<\/td><td>Produits<\/td><td><a href=\"https:\/\/estanteriasrecord.com\/wp-content\/uploads\/2024\/05\/rayonnage_a_palettes_classique_memoire_de_produit_fr.pdf\" target=\"_blank\" rel=\"noopener\">rayonnage_a_palettes_classique_memoire_de_produit_fr&lt;\/a &gt;<br \/><\/a><\/td><\/tr><tr><td>Rayonnage \u00e0 palletes par accumulation<\/td><td>Produits<\/td><td><a href=\"https:\/\/estanteriasrecord.com\/wp-content\/uploads\/2024\/04\/Memoria_Producto_Compatco_PC_FR.pdf\" target=\"_blank\" rel=\"noopener\">rayonnage_a_palettes_par_accumulation_memoire_de_produit_fr&lt;\/a<br \/>&gt;<br \/><\/a><\/td><\/tr><tr><td>Plateforme &#8211; mezzanine<\/td><td>Produits<\/td><td><a href=\"https:\/\/estanteriasrecord.com\/wp-content\/uploads\/2024\/05\/plateforme_mezzanine_memoire_de_produit_fr.pdf\" target=\"_blank\" rel=\"noopener\">plateforme_mezzanine_memoire_de_produit_fr&lt;\/a &gt;<br \/><\/a><\/td><\/tr><tr><td>Cantilever<\/td><td>Produits<\/td><td><a href=\"https:\/\/estanteriasrecord.com\/wp-content\/uploads\/2024\/07\/cantilever_memoire_de_produit_fr.pdf\" target=\"_blank\" rel=\"noopener\">cantilever_memoire_de_produit_fr&lt;\/a &gt;<br \/><\/a><\/td><\/tr><tr><td>Rayonnage semi-lourd<\/td><td>Produits<\/td><td><a href=\"https:\/\/estanteriasrecord.com\/wp-content\/uploads\/2024\/07\/rayonnage_semi_lourd_memoire_de_produit_fr.pdf\" target=\"_blank\" rel=\"noopener\">rayonnage_semi_lourd_memoire_de_produit_fr&lt;\/a &gt;<br \/><\/a><\/td><\/tr><tr><td>SINcord Basic<\/td><td>Produits<\/td><td><a href=\"https:\/\/estanteriasrecord.com\/wp-content\/uploads\/2024\/07\/rayonnages_sans_vis_sincord_fr.pdf\" target=\"_blank\" rel=\"noopener\">rayonnages_sans_vis_sincord_fr&lt;\/a &gt;<br \/><\/a><\/td><\/tr><tr><td>SINcord Plus+<\/td><td>Produits<\/td><td><a href=\"https:\/\/estanteriasrecord.com\/wp-content\/uploads\/2024\/07\/rayonnages_sans_vis_sincord_fr.pdf\" target=\"_blank\" rel=\"noopener\">rayonnages_sans_vis_sincord_fr&lt;\/a &gt;<br \/><\/a><\/td><\/tr><tr><td>Penderies, casiers et consignes<\/td><td>Produits<\/td><td><a href=\"https:\/\/estanteriasrecord.com\/wp-content\/uploads\/2025\/05\/Penderies-casiers-et-consignes_Memoire_du_Produ-it_l_fr.pdf\" target=\"_blank\" rel=\"noopener\">Penderies, casiers et consignes_M\u00e9moire_du_Produit_l_fr<br \/><\/a><\/td><\/tr><tr><td>Bricord<\/td><td>Produits<\/td><td><a href=\"https:\/\/estanteriasrecord.com\/wp-content\/uploads\/2024\/07\/bricord_b_memoire_produit_fr.pdf\" target=\"_blank\" rel=\"noopener\">bricord_b_memoire_produit_fr&lt;\/a &gt;<br \/><\/a><\/td><\/tr><tr><td>Charge L\u00e9g\u00e8re<\/td><td>Produits<\/td><td><a href=\"https:\/\/estanteriasrecord.com\/wp-content\/uploads\/2025\/02\/leger_perfore_classique_estanterias_record_fr_L.pdf\" target=\"_blank\" rel=\"noopener\">leger_perfore_classique_estanterias_record_fr_L&lt;\/a &gt;<br \/><\/a><\/td><\/tr><tr><td>Rayonnage semi-lourd<\/td><td>Montage<\/td><td><a href=\"https:\/\/estanteriasrecord.com\/wp-content\/uploads\/2024\/07\/instructions_de_montage_rayonnage_semi-lourd_fr.pdf\" target=\"_blank\" rel=\"noopener\">instructions_de_montage_rayonnage_semi-lourd_fr&lt;\/a &gt;<br \/><\/a><\/td><\/tr><tr><td>Rayonnage \u00e0 palettes classique<\/td><td>Montage<\/td><td><a href=\"https:\/\/estanteriasrecord.com\/wp-content\/uploads\/2024\/05\/instructions_de_montage_rayonnage_a_palettes_classique_fr.pdf\" target=\"_blank\" rel=\"noopener\">instructions_de_montage_rayonnage_a_palettes_classique_fr&lt;\/a &gt;<br \/><\/a><\/td><\/tr><tr><td>Cantilever<\/td><td>Montage<\/td><td><a href=\"https:\/\/estanteriasrecord.com\/wp-content\/uploads\/2024\/07\/notice_de_montage_cantilever_fr.pdf\" target=\"_blank\" rel=\"noopener\">notice_de_montage_cantilever_fr&lt;\/a &gt;<br \/><\/a><\/td><\/tr><tr><td>SINcord Basic<\/td><td>Montage<\/td><td><a href=\"https:\/\/estanteriasrecord.com\/wp-content\/uploads\/2024\/07\/notice_de_montage_sincord_basic_fr.pdf\" target=\"_blank\" rel=\"noopener\">notice_de_montage_sincord_basic_fr&lt;\/a &gt;<br \/><\/a><\/td><\/tr><tr><td>SINcord Plus+<\/td><td>Montage<\/td><td><a href=\"https:\/\/estanteriasrecord.com\/wp-content\/uploads\/2024\/07\/notice_de_montage_sincord_plus_fr.pdf\" target=\"_blank\" rel=\"noopener\">notice_de_montage_sincord_plus_fr&lt;\/a &gt;<br \/><\/a><\/td><\/tr><tr><td>Rayonnage l\u00e9ger perfor\u00e9 classique<\/td><td>Montage<\/td><td><a href=\"https:\/\/estanteriasrecord.com\/wp-content\/uploads\/2025\/02\/notice_de_montage_angle_perfore_classique_fr_esrecord.pdf\" target=\"_blank\" rel=\"noopener\">notice_de_montage_angle_perfore_classique_fr_esrecord&lt;\/a &gt;<br \/><\/a><\/td><\/tr><tr><td>Bricord<\/td><td>Montage<\/td><td><a href=\"https:\/\/estanteriasrecord.com\/wp-content\/uploads\/2024\/07\/notice_de_montage_bricord_b_fr.pdf\" target=\"_blank\" rel=\"noopener\">notice_de_montage_bricord_b_fr&lt;\/a &gt;<br \/><\/a><\/td><\/tr><tr><td>Penderies, casiers et consignes<\/td><td>Montage<\/td><td><a href=\"https:\/\/estanteriasrecord.com\/wp-content\/uploads\/2025\/02\/Notice_de_montage_Penderies-casiers-et-consignes_fr.pdf\" target=\"_blank\" rel=\"noopener\">Notice_de_montage_Penderies, casiers et consignes_fr&lt;\/a &gt;<br \/><\/a><\/td><\/tr><tr><td>Rayonnage \u00e0 palettes classique<\/td><td>S\u00e9curit\u00e9<\/td><td><a href=\"https:\/\/estanteriasrecord.com\/wp-content\/uploads\/2024\/05\/manuel_dutilisation_maintenance_et_securite_fr.pdf\" target=\"_blank\" rel=\"noopener\">manuel_dutilisation_maintenance_et_securite_fr&lt;\/a &gt;<br \/><\/a><\/td><\/tr><\/tbody><\/table>\t\t\t\t\t\t\t\t<\/div>\n\t\t\t\t<\/div>\n\t\t\t\t<div class=\"elementor-element elementor-element-f068dee elementor-widget elementor-widget-html\" data-id=\"f068dee\" data-element_type=\"widget\" data-e-type=\"widget\" data-widget_type=\"html.default\">\n\t\t\t\t<div class=\"elementor-widget-container\">\n\t\t\t\t\t<script>document.addEventListener(\"DOMContentLoaded\", function() {\n    const headers = document.querySelectorAll(\"#doc-table th.sortable\");\n    headers.forEach(header => {\n        header.style.cursor = \"pointer\";\n        header.style.position = \"relative\";\n        header.addEventListener(\"click\", () => {\n            const columnIndex = parseInt(header.getAttribute(\"data-column\"), 10);\n            sortTable(columnIndex, header);\n        });\n    });\n});\n\nlet sortDirection = {}; \/\/ Objeto para rastrear la direcci\u00f3n de ordenaci\u00f3n de cada columna\n\nfunction sortTable(columnIndex, header) {\n    const table = document.getElementById(\"doc-table\");\n    const rowsArray = Array.from(table.tBodies[0].rows);\n\n    \/\/ Alterna la direcci\u00f3n de ordenaci\u00f3n: ascendente o descendente\n    const direction = sortDirection[columnIndex] === \"asc\" ? \"desc\" : \"asc\";\n    sortDirection[columnIndex] = direction;\n\n    \/\/ Limpia las flechas y clases de todos los encabezados y aplica solo al seleccionado\n    document.querySelectorAll(\"#doc-table th.sortable\").forEach(h => {\n        h.classList.remove(\"asc\", \"desc\");\n        h.style.setProperty(\"--arrow-content\", \"\u25b2\");\n        h.style.opacity = \"0.3\";\n    });\n\n    header.classList.add(direction);\n    header.style.opacity = \"1\";\n    header.style.setProperty(\"--arrow-content\", direction === \"asc\" ? \"\u25b2\" : \"\u25bc\");\n\n    \/\/ Ordena las filas seg\u00fan la columna y direcci\u00f3n especificada\n    rowsArray.sort((a, b) => {\n      const cellA = a.cells[columnIndex]?.innerText.toLowerCase() || \"\";\n      const cellB = b.cells[columnIndex]?.innerText.toLowerCase() || \"\";\n\n      if (cellA <cellB) return direction === \"asc\" ? -1 : 1; if (cellA> cellB) return direction === \"asc\" ? 1 : -1;\n      return 0;\n    });\n\n    \/\/ Remueve y agrega las filas ordenadas\n    rowsArray.forEach(row => table.tBodies[0].appendChild(row));\n}\n<\/script>\t\t\t\t<\/div>\n\t\t\t\t<\/div>\n\t\t\t\t\t<\/div>\n\t\t\t\t<\/div>\n\t\t\t\t<\/div>\n\t\t","protected":false},"excerpt":{"rendered":"<p>Vous \u00eates ici:\u00a0 Rechercher par typeCatalogueProduitsMontageS\u00e9curit\u00e9 Nom Type Document Aucun r\u00e9sultat ne correspond \u00e0 votre recherche Catalogue Catalogue catalogue_estanterias_record_fr&lt;\/a &gt; Catalogue de produits Catalogue catalogue_de_produits_esrecord_fr&lt;\/a &gt; Rayonnage \u00e0 palettes classique Produits rayonnage_a_palettes_classique_memoire_de_produit_fr&lt;\/a &gt; Rayonnage \u00e0 palletes par accumulation Produits rayonnage_a_palettes_par_accumulation_memoire_de_produit_fr&lt;\/a&gt; Plateforme &#8211; mezzanine Produits plateforme_mezzanine_memoire_de_produit_fr&lt;\/a &gt; Cantilever Produits cantilever_memoire_de_produit_fr&lt;\/a &gt; Rayonnage semi-lourd Produits rayonnage_semi_lourd_memoire_de_produit_fr&lt;\/a &gt; [&hellip;]<\/p>\n","protected":false},"author":5,"featured_media":0,"parent":0,"menu_order":0,"comment_status":"closed","ping_status":"closed","template":"","meta":{"_acf_changed":false,"_joinchat":[],"footnotes":""},"class_list":["post-14978","page","type-page","status-publish","hentry"],"acf":[],"yoast_head":"<!-- This site is optimized with the Yoast SEO plugin v27.0 - https:\/\/yoast.com\/product\/yoast-seo-wordpress\/ -->\n<title>Documentation | Estanter\u00edas Record<\/title>\n<meta name=\"robots\" content=\"index, follow, max-snippet:-1, max-image-preview:large, max-video-preview:-1\" \/>\n<link rel=\"canonical\" href=\"https:\/\/estanteriasrecord.com\/fr\/documentation\" \/>\n<meta property=\"og:locale\" content=\"fr_FR\" \/>\n<meta property=\"og:type\" content=\"article\" \/>\n<meta property=\"og:title\" content=\"Documentation | Estanter\u00edas Record\" \/>\n<meta property=\"og:description\" content=\"Vous \u00eates ici:\u00a0 Rechercher par typeCatalogueProduitsMontageS\u00e9curit\u00e9 Nom Type Document Aucun r\u00e9sultat ne correspond \u00e0 votre recherche Catalogue Catalogue catalogue_estanterias_record_fr&lt;\/a &gt; Catalogue de produits Catalogue catalogue_de_produits_esrecord_fr&lt;\/a &gt; Rayonnage \u00e0 palettes classique Produits rayonnage_a_palettes_classique_memoire_de_produit_fr&lt;\/a &gt; Rayonnage \u00e0 palletes par accumulation Produits rayonnage_a_palettes_par_accumulation_memoire_de_produit_fr&lt;\/a&gt; Plateforme &#8211; mezzanine Produits plateforme_mezzanine_memoire_de_produit_fr&lt;\/a &gt; Cantilever Produits cantilever_memoire_de_produit_fr&lt;\/a &gt; Rayonnage semi-lourd Produits rayonnage_semi_lourd_memoire_de_produit_fr&lt;\/a &gt; [&hellip;]\" \/>\n<meta property=\"og:url\" content=\"https:\/\/estanteriasrecord.com\/fr\/documentation\" \/>\n<meta property=\"og:site_name\" content=\"Estanter\u00edas Record\" \/>\n<meta property=\"article:publisher\" content=\"https:\/\/www.facebook.com\/estanteriasrecord\/\" \/>\n<meta property=\"article:modified_time\" content=\"2026-01-14T16:53:04+00:00\" \/>\n<meta property=\"og:image\" content=\"https:\/\/estanteriasrecord.com\/wp-content\/uploads\/2024\/06\/home-hero-1-e1737561127986.jpeg\" \/>\n\t<meta property=\"og:image:width\" content=\"1920\" \/>\n\t<meta property=\"og:image:height\" content=\"1080\" \/>\n\t<meta property=\"og:image:type\" content=\"image\/jpeg\" \/>\n<meta name=\"twitter:card\" content=\"summary_large_image\" \/>\n<meta name=\"twitter:label1\" content=\"Dur\u00e9e de lecture estim\u00e9e\" \/>\n\t<meta name=\"twitter:data1\" content=\"1 minute\" \/>\n<script type=\"application\/ld+json\" class=\"yoast-schema-graph\">{\"@context\":\"https:\/\/schema.org\",\"@graph\":[{\"@type\":\"WebPage\",\"@id\":\"https:\/\/estanteriasrecord.com\/fr\/documentation\",\"url\":\"https:\/\/estanteriasrecord.com\/fr\/documentation\",\"name\":\"Documentation | Estanter\u00edas Record\",\"isPartOf\":{\"@id\":\"https:\/\/estanteriasrecord.com\/fr#website\"},\"primaryImageOfPage\":{\"@id\":\"https:\/\/estanteriasrecord.com\/fr\/documentation#primaryimage\"},\"image\":{\"@id\":\"https:\/\/estanteriasrecord.com\/fr\/documentation#primaryimage\"},\"thumbnailUrl\":\"https:\/\/estanteriasrecord.com\/wp-content\/uploads\/2024\/06\/home-hero-1-e1737561127986.jpeg\",\"datePublished\":\"2024-05-27T05:17:25+00:00\",\"dateModified\":\"2026-01-14T16:53:04+00:00\",\"breadcrumb\":{\"@id\":\"https:\/\/estanteriasrecord.com\/fr\/documentation#breadcrumb\"},\"inLanguage\":\"fr-FR\",\"potentialAction\":[{\"@type\":\"ReadAction\",\"target\":[\"https:\/\/estanteriasrecord.com\/fr\/documentation\"]}]},{\"@type\":\"ImageObject\",\"inLanguage\":\"fr-FR\",\"@id\":\"https:\/\/estanteriasrecord.com\/fr\/documentation#primaryimage\",\"url\":\"https:\/\/estanteriasrecord.com\/wp-content\/uploads\/2024\/06\/home-hero-1-e1737561127986.jpeg\",\"contentUrl\":\"https:\/\/estanteriasrecord.com\/wp-content\/uploads\/2024\/06\/home-hero-1-e1737561127986.jpeg\"},{\"@type\":\"BreadcrumbList\",\"@id\":\"https:\/\/estanteriasrecord.com\/fr\/documentation#breadcrumb\",\"itemListElement\":[{\"@type\":\"ListItem\",\"position\":1,\"name\":\"Portada\",\"item\":\"https:\/\/estanteriasrecord.com\/fr\/estanterias-record\"},{\"@type\":\"ListItem\",\"position\":2,\"name\":\"Documentation\"}]},{\"@type\":\"WebSite\",\"@id\":\"https:\/\/estanteriasrecord.com\/fr#website\",\"url\":\"https:\/\/estanteriasrecord.com\/fr\",\"name\":\"Estanter\u00edas Record\",\"description\":\"Sistemas eficientes de almacenamiento\",\"publisher\":{\"@id\":\"https:\/\/estanteriasrecord.com\/fr#organization\"},\"potentialAction\":[{\"@type\":\"SearchAction\",\"target\":{\"@type\":\"EntryPoint\",\"urlTemplate\":\"https:\/\/estanteriasrecord.com\/fr?s={search_term_string}\"},\"query-input\":{\"@type\":\"PropertyValueSpecification\",\"valueRequired\":true,\"valueName\":\"search_term_string\"}}],\"inLanguage\":\"fr-FR\"},{\"@type\":\"Organization\",\"@id\":\"https:\/\/estanteriasrecord.com\/fr#organization\",\"name\":\"Estanter\u00edas Record\",\"url\":\"https:\/\/estanteriasrecord.com\/fr\",\"logo\":{\"@type\":\"ImageObject\",\"inLanguage\":\"fr-FR\",\"@id\":\"https:\/\/estanteriasrecord.com\/fr#\/schema\/logo\/image\/\",\"url\":\"https:\/\/estanteriasrecord.com\/wp-content\/uploads\/2024\/03\/logo_cab_doc.png\",\"contentUrl\":\"https:\/\/estanteriasrecord.com\/wp-content\/uploads\/2024\/03\/logo_cab_doc.png\",\"width\":250,\"height\":119,\"caption\":\"Estanter\u00edas Record\"},\"image\":{\"@id\":\"https:\/\/estanteriasrecord.com\/fr#\/schema\/logo\/image\/\"},\"sameAs\":[\"https:\/\/www.facebook.com\/estanteriasrecord\/\"]}]}<\/script>\n<!-- \/ Yoast SEO plugin. -->","yoast_head_json":{"title":"Documentation | Estanter\u00edas Record","robots":{"index":"index","follow":"follow","max-snippet":"max-snippet:-1","max-image-preview":"max-image-preview:large","max-video-preview":"max-video-preview:-1"},"canonical":"https:\/\/estanteriasrecord.com\/fr\/documentation","og_locale":"fr_FR","og_type":"article","og_title":"Documentation | Estanter\u00edas Record","og_description":"Vous \u00eates ici:\u00a0 Rechercher par typeCatalogueProduitsMontageS\u00e9curit\u00e9 Nom Type Document Aucun r\u00e9sultat ne correspond \u00e0 votre recherche Catalogue Catalogue catalogue_estanterias_record_fr&lt;\/a &gt; Catalogue de produits Catalogue catalogue_de_produits_esrecord_fr&lt;\/a &gt; Rayonnage \u00e0 palettes classique Produits rayonnage_a_palettes_classique_memoire_de_produit_fr&lt;\/a &gt; Rayonnage \u00e0 palletes par accumulation Produits rayonnage_a_palettes_par_accumulation_memoire_de_produit_fr&lt;\/a&gt; Plateforme &#8211; mezzanine Produits plateforme_mezzanine_memoire_de_produit_fr&lt;\/a &gt; Cantilever Produits cantilever_memoire_de_produit_fr&lt;\/a &gt; Rayonnage semi-lourd Produits rayonnage_semi_lourd_memoire_de_produit_fr&lt;\/a &gt; [&hellip;]","og_url":"https:\/\/estanteriasrecord.com\/fr\/documentation","og_site_name":"Estanter\u00edas Record","article_publisher":"https:\/\/www.facebook.com\/estanteriasrecord\/","article_modified_time":"2026-01-14T16:53:04+00:00","og_image":[{"width":1920,"height":1080,"url":"https:\/\/estanteriasrecord.com\/wp-content\/uploads\/2024\/06\/home-hero-1-e1737561127986.jpeg","type":"image\/jpeg"}],"twitter_card":"summary_large_image","twitter_misc":{"Dur\u00e9e de lecture estim\u00e9e":"1 minute"},"schema":{"@context":"https:\/\/schema.org","@graph":[{"@type":"WebPage","@id":"https:\/\/estanteriasrecord.com\/fr\/documentation","url":"https:\/\/estanteriasrecord.com\/fr\/documentation","name":"Documentation | Estanter\u00edas Record","isPartOf":{"@id":"https:\/\/estanteriasrecord.com\/fr#website"},"primaryImageOfPage":{"@id":"https:\/\/estanteriasrecord.com\/fr\/documentation#primaryimage"},"image":{"@id":"https:\/\/estanteriasrecord.com\/fr\/documentation#primaryimage"},"thumbnailUrl":"https:\/\/estanteriasrecord.com\/wp-content\/uploads\/2024\/06\/home-hero-1-e1737561127986.jpeg","datePublished":"2024-05-27T05:17:25+00:00","dateModified":"2026-01-14T16:53:04+00:00","breadcrumb":{"@id":"https:\/\/estanteriasrecord.com\/fr\/documentation#breadcrumb"},"inLanguage":"fr-FR","potentialAction":[{"@type":"ReadAction","target":["https:\/\/estanteriasrecord.com\/fr\/documentation"]}]},{"@type":"ImageObject","inLanguage":"fr-FR","@id":"https:\/\/estanteriasrecord.com\/fr\/documentation#primaryimage","url":"https:\/\/estanteriasrecord.com\/wp-content\/uploads\/2024\/06\/home-hero-1-e1737561127986.jpeg","contentUrl":"https:\/\/estanteriasrecord.com\/wp-content\/uploads\/2024\/06\/home-hero-1-e1737561127986.jpeg"},{"@type":"BreadcrumbList","@id":"https:\/\/estanteriasrecord.com\/fr\/documentation#breadcrumb","itemListElement":[{"@type":"ListItem","position":1,"name":"Portada","item":"https:\/\/estanteriasrecord.com\/fr\/estanterias-record"},{"@type":"ListItem","position":2,"name":"Documentation"}]},{"@type":"WebSite","@id":"https:\/\/estanteriasrecord.com\/fr#website","url":"https:\/\/estanteriasrecord.com\/fr","name":"Estanter\u00edas Record","description":"Sistemas eficientes de almacenamiento","publisher":{"@id":"https:\/\/estanteriasrecord.com\/fr#organization"},"potentialAction":[{"@type":"SearchAction","target":{"@type":"EntryPoint","urlTemplate":"https:\/\/estanteriasrecord.com\/fr?s={search_term_string}"},"query-input":{"@type":"PropertyValueSpecification","valueRequired":true,"valueName":"search_term_string"}}],"inLanguage":"fr-FR"},{"@type":"Organization","@id":"https:\/\/estanteriasrecord.com\/fr#organization","name":"Estanter\u00edas Record","url":"https:\/\/estanteriasrecord.com\/fr","logo":{"@type":"ImageObject","inLanguage":"fr-FR","@id":"https:\/\/estanteriasrecord.com\/fr#\/schema\/logo\/image\/","url":"https:\/\/estanteriasrecord.com\/wp-content\/uploads\/2024\/03\/logo_cab_doc.png","contentUrl":"https:\/\/estanteriasrecord.com\/wp-content\/uploads\/2024\/03\/logo_cab_doc.png","width":250,"height":119,"caption":"Estanter\u00edas Record"},"image":{"@id":"https:\/\/estanteriasrecord.com\/fr#\/schema\/logo\/image\/"},"sameAs":["https:\/\/www.facebook.com\/estanteriasrecord\/"]}]}},"_links":{"self":[{"href":"https:\/\/estanteriasrecord.com\/fr\/wp-json\/wp\/v2\/pages\/14978","targetHints":{"allow":["GET"]}}],"collection":[{"href":"https:\/\/estanteriasrecord.com\/fr\/wp-json\/wp\/v2\/pages"}],"about":[{"href":"https:\/\/estanteriasrecord.com\/fr\/wp-json\/wp\/v2\/types\/page"}],"author":[{"embeddable":true,"href":"https:\/\/estanteriasrecord.com\/fr\/wp-json\/wp\/v2\/users\/5"}],"replies":[{"embeddable":true,"href":"https:\/\/estanteriasrecord.com\/fr\/wp-json\/wp\/v2\/comments?post=14978"}],"version-history":[{"count":6,"href":"https:\/\/estanteriasrecord.com\/fr\/wp-json\/wp\/v2\/pages\/14978\/revisions"}],"predecessor-version":[{"id":21414,"href":"https:\/\/estanteriasrecord.com\/fr\/wp-json\/wp\/v2\/pages\/14978\/revisions\/21414"}],"wp:attachment":[{"href":"https:\/\/estanteriasrecord.com\/fr\/wp-json\/wp\/v2\/media?parent=14978"}],"curies":[{"name":"wp","href":"https:\/\/api.w.org\/{rel}","templated":true}]}}