{"id":14994,"date":"2024-05-27T07:17:25","date_gmt":"2024-05-27T05:17:25","guid":{"rendered":"https:\/\/estanteriasrecord.com\/entreprise\/presence"},"modified":"2025-07-11T13:37:52","modified_gmt":"2025-07-11T11:37:52","slug":"presence","status":"publish","type":"page","link":"https:\/\/estanteriasrecord.com\/fr\/entreprise\/presence","title":{"rendered":"Pr\u00e9sence"},"content":{"rendered":"\t\t<div data-elementor-type=\"wp-page\" data-elementor-id=\"14994\" class=\"elementor elementor-14994 elementor-828\" data-elementor-post-type=\"page\">\n\t\t\t\t<div class=\"elementor-element elementor-element-1b69d7a7 e-con-full e-flex e-con e-parent\" data-id=\"1b69d7a7\" data-element_type=\"container\" data-e-type=\"container\" data-settings=\"{&quot;background_background&quot;:&quot;classic&quot;}\">\n\t\t\t\t<div class=\"elementor-element elementor-element-22b6a748 elementor-widget elementor-widget-image\" data-id=\"22b6a748\" data-element_type=\"widget\" data-e-type=\"widget\" data-widget_type=\"image.default\">\n\t\t\t\t<div class=\"elementor-widget-container\">\n\t\t\t\t\t\t\t\t\t\t\t\t\t\t\t<img loading=\"lazy\" decoding=\"async\" loading=\"lazy\" width=\"1280\" height=\"504\" src=\"https:\/\/estanteriasrecord.com\/wp-content\/uploads\/2024\/04\/presencia_record-1.jpg\" class=\"attachment-full size-full wp-image-13443\" alt=\"Presencia\" srcset=\"https:\/\/estanteriasrecord.com\/wp-content\/uploads\/2024\/04\/presencia_record-1.jpg 1280w, https:\/\/estanteriasrecord.com\/wp-content\/uploads\/2024\/04\/presencia_record-1-300x118.jpg 300w, https:\/\/estanteriasrecord.com\/wp-content\/uploads\/2024\/04\/presencia_record-1-1024x403.jpg 1024w, https:\/\/estanteriasrecord.com\/wp-content\/uploads\/2024\/04\/presencia_record-1-768x302.jpg 768w, https:\/\/estanteriasrecord.com\/wp-content\/uploads\/2024\/04\/presencia_record-1-600x236.jpg 600w\" sizes=\"auto, (max-width: 1280px) 100vw, 1280px\" \/>\t\t\t\t\t\t\t\t\t\t\t\t\t\t\t<\/div>\n\t\t\t\t<\/div>\n\t\t<div class=\"elementor-element elementor-element-584d3bb2 e-con-full e-flex e-con e-child\" data-id=\"584d3bb2\" data-element_type=\"container\" data-e-type=\"container\" data-settings=\"{&quot;background_background&quot;:&quot;classic&quot;}\">\n\t\t<div class=\"elementor-element elementor-element-552bb16b e-con-full elementor-hidden-mobile e-flex e-con e-child\" data-id=\"552bb16b\" data-element_type=\"container\" data-e-type=\"container\">\n\t\t\t\t<div class=\"elementor-element elementor-element-4fbc7d69 elementor-widget elementor-widget-text-editor\" data-id=\"4fbc7d69\" data-element_type=\"widget\" data-e-type=\"widget\" data-widget_type=\"text-editor.default\">\n\t\t\t\t<div class=\"elementor-widget-container\">\n\t\t\t\t\t\t\t\t\t<p>Vous \u00eates ici:&nbsp; <\/p>\t\t\t\t\t\t\t\t<\/div>\n\t\t\t\t<\/div>\n\t\t\t\t<div class=\"elementor-element elementor-element-32fc80ac elementor-widget elementor-widget-woocommerce-breadcrumb\" data-id=\"32fc80ac\" data-element_type=\"widget\" data-e-type=\"widget\" data-widget_type=\"woocommerce-breadcrumb.default\">\n\t\t\t\t<div class=\"elementor-widget-container\">\n\t\t\t\t\t<nav class=\"woocommerce-breadcrumb\" aria-label=\"Breadcrumb\">Accueil<\/nav>\t\t\t\t<\/div>\n\t\t\t\t<\/div>\n\t\t\t\t<\/div>\n\t\t\t\t<\/div>\n\t\t\t\t<\/div>\n\t\t<div class=\"elementor-element elementor-element-1c5b0f32 e-con-full e-flex e-con e-parent\" data-id=\"1c5b0f32\" data-element_type=\"container\" data-e-type=\"container\">\n\t\t<div class=\"elementor-element elementor-element-764cab53 e-flex e-con-boxed e-con e-child\" data-id=\"764cab53\" data-element_type=\"container\" data-e-type=\"container\">\n\t\t\t\t\t<div class=\"e-con-inner\">\n\t\t\t\t<div class=\"elementor-element elementor-element-5d8cce elementor-widget__width-inherit elementor-widget elementor-widget-image\" data-id=\"5d8cce\" data-element_type=\"widget\" data-e-type=\"widget\" data-widget_type=\"image.default\">\n\t\t\t\t<div class=\"elementor-widget-container\">\n\t\t\t\t\t\t\t\t\t\t\t\t\t\t\t<img loading=\"lazy\" decoding=\"async\" loading=\"lazy\" width=\"900\" height=\"327\" src=\"https:\/\/estanteriasrecord.com\/wp-content\/uploads\/2024\/04\/empr1.jpg\" class=\"attachment-full size-full wp-image-13447\" alt=\"Estanter\u00edas Record Ultra Logo\" srcset=\"https:\/\/estanteriasrecord.com\/wp-content\/uploads\/2024\/04\/empr1.jpg 900w, https:\/\/estanteriasrecord.com\/wp-content\/uploads\/2024\/04\/empr1-300x109.jpg 300w, https:\/\/estanteriasrecord.com\/wp-content\/uploads\/2024\/04\/empr1-768x279.jpg 768w, https:\/\/estanteriasrecord.com\/wp-content\/uploads\/2024\/04\/empr1-600x218.jpg 600w\" sizes=\"auto, (max-width: 900px) 100vw, 900px\" \/>\t\t\t\t\t\t\t\t\t\t\t\t\t\t\t<\/div>\n\t\t\t\t<\/div>\n\t\t<div class=\"elementor-element elementor-element-4478c658 e-flex e-con-boxed e-con e-child\" data-id=\"4478c658\" data-element_type=\"container\" data-e-type=\"container\" data-settings=\"{&quot;background_background&quot;:&quot;classic&quot;}\">\n\t\t\t\t\t<div class=\"e-con-inner\">\n\t\t\t\t<div class=\"elementor-element elementor-element-5d706c6 elementor-widget elementor-widget-text-editor\" data-id=\"5d706c6\" data-element_type=\"widget\" data-e-type=\"widget\" data-widget_type=\"text-editor.default\">\n\t\t\t\t<div class=\"elementor-widget-container\">\n\t\t\t\t\t\t\t\t\t<p><span lang=\"es-ES\" style=\"font-family: Roboto, sans-serif;\">Estanter\u00edas Record est une soci\u00e9t\u00e9 solidement ancr\u00e9e dans le<\/span> <span style=\"font-weight: bolder;\"><span lang=\"es-ES\" style=\"font-family: Roboto, sans-serif;\">march\u00e9 national et international.<\/span><\/span><span lang=\"es-ES\" style=\"font-family: Roboto, sans-serif;\">. En tant que fournisseur mondial de solutions de stockage, il s\u2019est impos\u00e9 comme un acteur cl\u00e9 du secteur logistique gr\u00e2ce \u00e0 la qualit\u00e9 de ses produits et services, ainsi qu\u2019\u00e0 sa capacit\u00e9 \u00e0 apporter des r\u00e9ponses tr\u00e8s professionnelles aux probl\u00e9matiques les plus vari\u00e9es.<\/span><\/p>\t\t\t\t\t\t\t\t<\/div>\n\t\t\t\t<\/div>\n\t\t\t\t\t<\/div>\n\t\t\t\t<\/div>\n\t\t\t\t\t<\/div>\n\t\t\t\t<\/div>\n\t\t<div class=\"elementor-element elementor-element-5e79fa01 e-con-full e-flex e-con e-child\" data-id=\"5e79fa01\" data-element_type=\"container\" data-e-type=\"container\">\n\t\t\t\t<div class=\"elementor-element elementor-element-664413c1 elementor-widget__width-inherit elementor-widget elementor-widget-image\" data-id=\"664413c1\" data-element_type=\"widget\" data-e-type=\"widget\" data-widget_type=\"image.default\">\n\t\t\t\t<div class=\"elementor-widget-container\">\n\t\t\t\t\t\t\t\t\t\t\t\t\t\t\t<img loading=\"lazy\" decoding=\"async\" loading=\"lazy\" width=\"500\" height=\"302\" src=\"https:\/\/estanteriasrecord.com\/wp-content\/uploads\/2024\/04\/empr1b.jpg\" class=\"attachment-full size-full wp-image-13445\" alt=\"Presencia 1\" srcset=\"https:\/\/estanteriasrecord.com\/wp-content\/uploads\/2024\/04\/empr1b.jpg 500w, https:\/\/estanteriasrecord.com\/wp-content\/uploads\/2024\/04\/empr1b-300x181.jpg 300w\" sizes=\"auto, (max-width: 500px) 100vw, 500px\" \/>\t\t\t\t\t\t\t\t\t\t\t\t\t\t\t<\/div>\n\t\t\t\t<\/div>\n\t\t<div class=\"elementor-element elementor-element-5cad5120 e-con-full e-flex e-con e-child\" data-id=\"5cad5120\" data-element_type=\"container\" data-e-type=\"container\" data-settings=\"{&quot;background_background&quot;:&quot;classic&quot;}\">\n\t\t\t\t<div class=\"elementor-element elementor-element-9f3d92f elementor-widget elementor-widget-text-editor\" data-id=\"9f3d92f\" data-element_type=\"widget\" data-e-type=\"widget\" data-widget_type=\"text-editor.default\">\n\t\t\t\t<div class=\"elementor-widget-container\">\n\t\t\t\t\t\t\t\t\t<p><span style=\"font-family: Roboto, sans-serif; text-align: justify;\">En tant que fournisseur mondial de solutions d&rsquo;entreposage,<\/span> <span style=\"font-weight: bolder; font-family: Roboto, sans-serif; text-align: justify;\">il s&rsquo;est construit une position<\/span> <span style=\"font-family: Roboto, sans-serif; text-align: justify;\">d&rsquo;exemple dans le secteur logistique gr\u00e2ce \u00e0 la qualit\u00e9 de ses produits et services, et \u00e0 sa capacit\u00e9 \u00e0 fournir des r\u00e9ponses hautement professionnelles devant<\/span> <span style=\"font-weight: bolder; font-family: Roboto, sans-serif; text-align: justify;\">les probl\u00e9matiques les plus diverses.<\/span><span style=\"font-family: Roboto, sans-serif; text-align: justify;\"> Pour mieux desservir toute sa client\u00e8le, il a d\u00e9velopp\u00e9 un vaste r\u00e9seau commercial, dot\u00e9 de conseillers techniques, de collaborateurs, d&rsquo;interm\u00e9diaires et de d\u00e9l\u00e9gations propres, garantissant ainsi une r\u00e9ponse rapide et efficace aussi bien sur le territoire national que sur.  <\/span><span style=\"font-weight: bolder; font-family: Roboto, sans-serif; text-align: justify;\">les march\u00e9s internationaux.<\/span><span style=\"font-family: Roboto, sans-serif; text-align: justify;\"> <\/span><span style=\"font-weight: bolder; font-family: Roboto, sans-serif; text-align: justify;\">Il a \u00e9galement pass\u00e9 <\/span><span style=\"font-family: Roboto, sans-serif; text-align: justify;\">des accords de coop\u00e9ration avec d&rsquo;importants distributeurs, techniquement tr\u00e8s qualifi\u00e9s, qui fournissent un service soign\u00e9 et un traitement personnalis\u00e9 \u00e0 des soci\u00e9t\u00e9s en tous genres et de toutes dimensions, quels que soient les besoins \u00e0 satisfaire.<\/span><\/p>\t\t\t\t\t\t\t\t<\/div>\n\t\t\t\t<\/div>\n\t\t\t\t<\/div>\n\t\t\t\t<\/div>\n\t\t<div class=\"elementor-element elementor-element-6dd79a77 e-con-full e-flex e-con e-child\" data-id=\"6dd79a77\" data-element_type=\"container\" data-e-type=\"container\">\n\t\t\t\t<div class=\"elementor-element elementor-element-1f9447ce elementor-widget__width-inherit elementor-widget-mobile__width-auto elementor-widget elementor-widget-image\" data-id=\"1f9447ce\" data-element_type=\"widget\" data-e-type=\"widget\" data-widget_type=\"image.default\">\n\t\t\t\t<div class=\"elementor-widget-container\">\n\t\t\t\t\t\t\t\t\t\t\t\t\t\t\t<img loading=\"lazy\" decoding=\"async\" loading=\"lazy\" width=\"1920\" height=\"1280\" src=\"https:\/\/estanteriasrecord.com\/wp-content\/uploads\/2024\/04\/post_kpis_estanterias_record_041121.jpg\" class=\"attachment-full size-full wp-image-13449\" alt=\"Kpis Estanter\u00edas Record\" srcset=\"https:\/\/estanteriasrecord.com\/wp-content\/uploads\/2024\/04\/post_kpis_estanterias_record_041121.jpg 1920w, https:\/\/estanteriasrecord.com\/wp-content\/uploads\/2024\/04\/post_kpis_estanterias_record_041121-300x200.jpg 300w, https:\/\/estanteriasrecord.com\/wp-content\/uploads\/2024\/04\/post_kpis_estanterias_record_041121-1024x683.jpg 1024w, https:\/\/estanteriasrecord.com\/wp-content\/uploads\/2024\/04\/post_kpis_estanterias_record_041121-768x512.jpg 768w, https:\/\/estanteriasrecord.com\/wp-content\/uploads\/2024\/04\/post_kpis_estanterias_record_041121-1536x1024.jpg 1536w, https:\/\/estanteriasrecord.com\/wp-content\/uploads\/2024\/04\/post_kpis_estanterias_record_041121-600x400.jpg 600w\" sizes=\"auto, (max-width: 1920px) 100vw, 1920px\" \/>\t\t\t\t\t\t\t\t\t\t\t\t\t\t\t<\/div>\n\t\t\t\t<\/div>\n\t\t<div class=\"elementor-element elementor-element-2413e16a e-flex e-con-boxed e-con e-child\" data-id=\"2413e16a\" data-element_type=\"container\" data-e-type=\"container\" data-settings=\"{&quot;background_background&quot;:&quot;classic&quot;}\">\n\t\t\t\t\t<div class=\"e-con-inner\">\n\t\t\t\t<div class=\"elementor-element elementor-element-7d402995 elementor-widget elementor-widget-text-editor\" data-id=\"7d402995\" data-element_type=\"widget\" data-e-type=\"widget\" data-widget_type=\"text-editor.default\">\n\t\t\t\t<div class=\"elementor-widget-container\">\n\t\t\t\t\t\t\t\t\t<p class=\"western\" style=\"font-family: Roboto, sans-serif;\" align=\"justify\"><span style=\"font-weight: bolder;\"><span lang=\"es-ES\">Au niveau international,<\/span><\/span> <span lang=\"es-ES\">Estanter\u00edas Record<\/span> <span style=\"font-weight: bolder;\"><span lang=\"es-ES\">affermit sa pr\u00e9sence<\/span><\/span> <span lang=\"es-ES\">\u00e0 l&rsquo;aide des garanties que d\u00e9terminent ses politiques en mati\u00e8re d&rsquo;organisation dans la poursuite des objectifs fix\u00e9s, et ce en respectant les valeurs commerciales qui sont le sceau de son identit\u00e9 comme entreprise.<\/span><\/p><p class=\"western\" style=\"font-family: Roboto, sans-serif;\" align=\"justify\">La conviction qu&rsquo;un service personnalis\u00e9 doit \u00eatre aussi agile que direct est la base m\u00eame d&rsquo;une <span style=\"font-weight: bolder;\">organisation dynamique<\/span> qui n&rsquo;h\u00e9site pas \u00e0 faire le n\u00e9cessaire pour construire un tissu commercial capable de faire parvenir ses solutions l\u00e0 o\u00f9 il les faut, aussi imm\u00e9diatement que possible.<\/p>\t\t\t\t\t\t\t\t<\/div>\n\t\t\t\t<\/div>\n\t\t\t\t\t<\/div>\n\t\t\t\t<\/div>\n\t\t\t\t<\/div>\n\t\t\t\t<\/div>\n\t\t\t\t<\/div>\n\t\t","protected":false},"excerpt":{"rendered":"<p>Vous \u00eates ici:&nbsp; Estanter\u00edas Record est une soci\u00e9t\u00e9 solidement ancr\u00e9e dans le march\u00e9 national et international.. En tant que fournisseur mondial de solutions de stockage, il s\u2019est impos\u00e9 comme un acteur cl\u00e9 du secteur logistique gr\u00e2ce \u00e0 la qualit\u00e9 de ses produits et services, ainsi qu\u2019\u00e0 sa capacit\u00e9 \u00e0 apporter des r\u00e9ponses tr\u00e8s professionnelles aux [&hellip;]<\/p>\n","protected":false},"author":5,"featured_media":0,"parent":14909,"menu_order":0,"comment_status":"closed","ping_status":"closed","template":"","meta":{"_acf_changed":false,"_joinchat":[],"footnotes":""},"class_list":["post-14994","page","type-page","status-publish","hentry"],"acf":[],"yoast_head":"<!-- This site is optimized with the Yoast SEO plugin v27.0 - https:\/\/yoast.com\/product\/yoast-seo-wordpress\/ -->\n<title>Pr\u00e9sence | Estanter\u00edas Record<\/title>\n<meta name=\"robots\" content=\"index, follow, max-snippet:-1, max-image-preview:large, max-video-preview:-1\" \/>\n<link rel=\"canonical\" href=\"https:\/\/estanteriasrecord.com\/fr\/entreprise\/presence\" \/>\n<meta property=\"og:locale\" content=\"fr_FR\" \/>\n<meta property=\"og:type\" content=\"article\" \/>\n<meta property=\"og:title\" content=\"Pr\u00e9sence | Estanter\u00edas Record\" \/>\n<meta property=\"og:description\" content=\"Vous \u00eates ici:&nbsp; Estanter\u00edas Record est une soci\u00e9t\u00e9 solidement ancr\u00e9e dans le march\u00e9 national et international.. En tant que fournisseur mondial de solutions de stockage, il s\u2019est impos\u00e9 comme un acteur cl\u00e9 du secteur logistique gr\u00e2ce \u00e0 la qualit\u00e9 de ses produits et services, ainsi qu\u2019\u00e0 sa capacit\u00e9 \u00e0 apporter des r\u00e9ponses tr\u00e8s professionnelles aux [&hellip;]\" \/>\n<meta property=\"og:url\" content=\"https:\/\/estanteriasrecord.com\/fr\/entreprise\/presence\" \/>\n<meta property=\"og:site_name\" content=\"Estanter\u00edas Record\" \/>\n<meta property=\"article:publisher\" content=\"https:\/\/www.facebook.com\/estanteriasrecord\/\" \/>\n<meta property=\"article:modified_time\" content=\"2025-07-11T11:37:52+00:00\" \/>\n<meta property=\"og:image\" content=\"https:\/\/estanteriasrecord.com\/wp-content\/uploads\/2024\/04\/presencia_record-1.jpg\" \/>\n\t<meta property=\"og:image:width\" content=\"1280\" \/>\n\t<meta property=\"og:image:height\" content=\"504\" \/>\n\t<meta property=\"og:image:type\" content=\"image\/jpeg\" \/>\n<meta name=\"twitter:card\" content=\"summary_large_image\" \/>\n<meta name=\"twitter:label1\" content=\"Dur\u00e9e de lecture estim\u00e9e\" \/>\n\t<meta name=\"twitter:data1\" content=\"3 minutes\" \/>\n<script type=\"application\/ld+json\" class=\"yoast-schema-graph\">{\"@context\":\"https:\/\/schema.org\",\"@graph\":[{\"@type\":\"WebPage\",\"@id\":\"https:\/\/estanteriasrecord.com\/fr\/entreprise\/presence\",\"url\":\"https:\/\/estanteriasrecord.com\/fr\/entreprise\/presence\",\"name\":\"Pr\u00e9sence | Estanter\u00edas Record\",\"isPartOf\":{\"@id\":\"https:\/\/estanteriasrecord.com\/fr#website\"},\"primaryImageOfPage\":{\"@id\":\"https:\/\/estanteriasrecord.com\/fr\/entreprise\/presence#primaryimage\"},\"image\":{\"@id\":\"https:\/\/estanteriasrecord.com\/fr\/entreprise\/presence#primaryimage\"},\"thumbnailUrl\":\"https:\/\/estanteriasrecord.com\/wp-content\/uploads\/2024\/04\/presencia_record-1.jpg\",\"datePublished\":\"2024-05-27T05:17:25+00:00\",\"dateModified\":\"2025-07-11T11:37:52+00:00\",\"breadcrumb\":{\"@id\":\"https:\/\/estanteriasrecord.com\/fr\/entreprise\/presence#breadcrumb\"},\"inLanguage\":\"fr-FR\",\"potentialAction\":[{\"@type\":\"ReadAction\",\"target\":[\"https:\/\/estanteriasrecord.com\/fr\/entreprise\/presence\"]}]},{\"@type\":\"ImageObject\",\"inLanguage\":\"fr-FR\",\"@id\":\"https:\/\/estanteriasrecord.com\/fr\/entreprise\/presence#primaryimage\",\"url\":\"https:\/\/estanteriasrecord.com\/wp-content\/uploads\/2024\/04\/presencia_record-1.jpg\",\"contentUrl\":\"https:\/\/estanteriasrecord.com\/wp-content\/uploads\/2024\/04\/presencia_record-1.jpg\"},{\"@type\":\"BreadcrumbList\",\"@id\":\"https:\/\/estanteriasrecord.com\/fr\/entreprise\/presence#breadcrumb\",\"itemListElement\":[{\"@type\":\"ListItem\",\"position\":1,\"name\":\"Portada\",\"item\":\"https:\/\/estanteriasrecord.com\/fr\/estanterias-record\"},{\"@type\":\"ListItem\",\"position\":2,\"name\":\"Enterprise\",\"item\":\"https:\/\/estanteriasrecord.com\/fr\/entreprise\"},{\"@type\":\"ListItem\",\"position\":3,\"name\":\"Pr\u00e9sence\"}]},{\"@type\":\"WebSite\",\"@id\":\"https:\/\/estanteriasrecord.com\/fr#website\",\"url\":\"https:\/\/estanteriasrecord.com\/fr\",\"name\":\"Estanter\u00edas Record\",\"description\":\"Sistemas eficientes de almacenamiento\",\"publisher\":{\"@id\":\"https:\/\/estanteriasrecord.com\/fr#organization\"},\"potentialAction\":[{\"@type\":\"SearchAction\",\"target\":{\"@type\":\"EntryPoint\",\"urlTemplate\":\"https:\/\/estanteriasrecord.com\/fr?s={search_term_string}\"},\"query-input\":{\"@type\":\"PropertyValueSpecification\",\"valueRequired\":true,\"valueName\":\"search_term_string\"}}],\"inLanguage\":\"fr-FR\"},{\"@type\":\"Organization\",\"@id\":\"https:\/\/estanteriasrecord.com\/fr#organization\",\"name\":\"Estanter\u00edas Record\",\"url\":\"https:\/\/estanteriasrecord.com\/fr\",\"logo\":{\"@type\":\"ImageObject\",\"inLanguage\":\"fr-FR\",\"@id\":\"https:\/\/estanteriasrecord.com\/fr#\/schema\/logo\/image\/\",\"url\":\"https:\/\/estanteriasrecord.com\/wp-content\/uploads\/2024\/03\/logo_cab_doc.png\",\"contentUrl\":\"https:\/\/estanteriasrecord.com\/wp-content\/uploads\/2024\/03\/logo_cab_doc.png\",\"width\":250,\"height\":119,\"caption\":\"Estanter\u00edas Record\"},\"image\":{\"@id\":\"https:\/\/estanteriasrecord.com\/fr#\/schema\/logo\/image\/\"},\"sameAs\":[\"https:\/\/www.facebook.com\/estanteriasrecord\/\"]}]}<\/script>\n<!-- \/ Yoast SEO plugin. -->","yoast_head_json":{"title":"Pr\u00e9sence | Estanter\u00edas Record","robots":{"index":"index","follow":"follow","max-snippet":"max-snippet:-1","max-image-preview":"max-image-preview:large","max-video-preview":"max-video-preview:-1"},"canonical":"https:\/\/estanteriasrecord.com\/fr\/entreprise\/presence","og_locale":"fr_FR","og_type":"article","og_title":"Pr\u00e9sence | Estanter\u00edas Record","og_description":"Vous \u00eates ici:&nbsp; Estanter\u00edas Record est une soci\u00e9t\u00e9 solidement ancr\u00e9e dans le march\u00e9 national et international.. En tant que fournisseur mondial de solutions de stockage, il s\u2019est impos\u00e9 comme un acteur cl\u00e9 du secteur logistique gr\u00e2ce \u00e0 la qualit\u00e9 de ses produits et services, ainsi qu\u2019\u00e0 sa capacit\u00e9 \u00e0 apporter des r\u00e9ponses tr\u00e8s professionnelles aux [&hellip;]","og_url":"https:\/\/estanteriasrecord.com\/fr\/entreprise\/presence","og_site_name":"Estanter\u00edas Record","article_publisher":"https:\/\/www.facebook.com\/estanteriasrecord\/","article_modified_time":"2025-07-11T11:37:52+00:00","og_image":[{"width":1280,"height":504,"url":"https:\/\/estanteriasrecord.com\/wp-content\/uploads\/2024\/04\/presencia_record-1.jpg","type":"image\/jpeg"}],"twitter_card":"summary_large_image","twitter_misc":{"Dur\u00e9e de lecture estim\u00e9e":"3 minutes"},"schema":{"@context":"https:\/\/schema.org","@graph":[{"@type":"WebPage","@id":"https:\/\/estanteriasrecord.com\/fr\/entreprise\/presence","url":"https:\/\/estanteriasrecord.com\/fr\/entreprise\/presence","name":"Pr\u00e9sence | Estanter\u00edas Record","isPartOf":{"@id":"https:\/\/estanteriasrecord.com\/fr#website"},"primaryImageOfPage":{"@id":"https:\/\/estanteriasrecord.com\/fr\/entreprise\/presence#primaryimage"},"image":{"@id":"https:\/\/estanteriasrecord.com\/fr\/entreprise\/presence#primaryimage"},"thumbnailUrl":"https:\/\/estanteriasrecord.com\/wp-content\/uploads\/2024\/04\/presencia_record-1.jpg","datePublished":"2024-05-27T05:17:25+00:00","dateModified":"2025-07-11T11:37:52+00:00","breadcrumb":{"@id":"https:\/\/estanteriasrecord.com\/fr\/entreprise\/presence#breadcrumb"},"inLanguage":"fr-FR","potentialAction":[{"@type":"ReadAction","target":["https:\/\/estanteriasrecord.com\/fr\/entreprise\/presence"]}]},{"@type":"ImageObject","inLanguage":"fr-FR","@id":"https:\/\/estanteriasrecord.com\/fr\/entreprise\/presence#primaryimage","url":"https:\/\/estanteriasrecord.com\/wp-content\/uploads\/2024\/04\/presencia_record-1.jpg","contentUrl":"https:\/\/estanteriasrecord.com\/wp-content\/uploads\/2024\/04\/presencia_record-1.jpg"},{"@type":"BreadcrumbList","@id":"https:\/\/estanteriasrecord.com\/fr\/entreprise\/presence#breadcrumb","itemListElement":[{"@type":"ListItem","position":1,"name":"Portada","item":"https:\/\/estanteriasrecord.com\/fr\/estanterias-record"},{"@type":"ListItem","position":2,"name":"Enterprise","item":"https:\/\/estanteriasrecord.com\/fr\/entreprise"},{"@type":"ListItem","position":3,"name":"Pr\u00e9sence"}]},{"@type":"WebSite","@id":"https:\/\/estanteriasrecord.com\/fr#website","url":"https:\/\/estanteriasrecord.com\/fr","name":"Estanter\u00edas Record","description":"Sistemas eficientes de almacenamiento","publisher":{"@id":"https:\/\/estanteriasrecord.com\/fr#organization"},"potentialAction":[{"@type":"SearchAction","target":{"@type":"EntryPoint","urlTemplate":"https:\/\/estanteriasrecord.com\/fr?s={search_term_string}"},"query-input":{"@type":"PropertyValueSpecification","valueRequired":true,"valueName":"search_term_string"}}],"inLanguage":"fr-FR"},{"@type":"Organization","@id":"https:\/\/estanteriasrecord.com\/fr#organization","name":"Estanter\u00edas Record","url":"https:\/\/estanteriasrecord.com\/fr","logo":{"@type":"ImageObject","inLanguage":"fr-FR","@id":"https:\/\/estanteriasrecord.com\/fr#\/schema\/logo\/image\/","url":"https:\/\/estanteriasrecord.com\/wp-content\/uploads\/2024\/03\/logo_cab_doc.png","contentUrl":"https:\/\/estanteriasrecord.com\/wp-content\/uploads\/2024\/03\/logo_cab_doc.png","width":250,"height":119,"caption":"Estanter\u00edas Record"},"image":{"@id":"https:\/\/estanteriasrecord.com\/fr#\/schema\/logo\/image\/"},"sameAs":["https:\/\/www.facebook.com\/estanteriasrecord\/"]}]}},"_links":{"self":[{"href":"https:\/\/estanteriasrecord.com\/fr\/wp-json\/wp\/v2\/pages\/14994","targetHints":{"allow":["GET"]}}],"collection":[{"href":"https:\/\/estanteriasrecord.com\/fr\/wp-json\/wp\/v2\/pages"}],"about":[{"href":"https:\/\/estanteriasrecord.com\/fr\/wp-json\/wp\/v2\/types\/page"}],"author":[{"embeddable":true,"href":"https:\/\/estanteriasrecord.com\/fr\/wp-json\/wp\/v2\/users\/5"}],"replies":[{"embeddable":true,"href":"https:\/\/estanteriasrecord.com\/fr\/wp-json\/wp\/v2\/comments?post=14994"}],"version-history":[{"count":3,"href":"https:\/\/estanteriasrecord.com\/fr\/wp-json\/wp\/v2\/pages\/14994\/revisions"}],"predecessor-version":[{"id":20097,"href":"https:\/\/estanteriasrecord.com\/fr\/wp-json\/wp\/v2\/pages\/14994\/revisions\/20097"}],"up":[{"embeddable":true,"href":"https:\/\/estanteriasrecord.com\/fr\/wp-json\/wp\/v2\/pages\/14909"}],"wp:attachment":[{"href":"https:\/\/estanteriasrecord.com\/fr\/wp-json\/wp\/v2\/media?parent=14994"}],"curies":[{"name":"wp","href":"https:\/\/api.w.org\/{rel}","templated":true}]}}