{"id":14998,"date":"2024-05-27T07:25:09","date_gmt":"2024-05-27T05:25:09","guid":{"rendered":"https:\/\/estanteriasrecord.com\/entreprise\/projection"},"modified":"2025-05-05T11:01:08","modified_gmt":"2025-05-05T09:01:08","slug":"projection","status":"publish","type":"page","link":"https:\/\/estanteriasrecord.com\/fr\/entreprise\/projection","title":{"rendered":"Projection"},"content":{"rendered":"\t\t<div data-elementor-type=\"wp-page\" data-elementor-id=\"14998\" class=\"elementor elementor-14998 elementor-885\" data-elementor-post-type=\"page\">\n\t\t\t\t<div class=\"elementor-element elementor-element-3cf880b5 e-con-full e-flex e-con e-parent\" data-id=\"3cf880b5\" data-element_type=\"container\" data-e-type=\"container\" data-settings=\"{&quot;background_background&quot;:&quot;classic&quot;}\">\n\t\t\t\t<div class=\"elementor-element elementor-element-13665162 elementor-widget elementor-widget-image\" data-id=\"13665162\" data-element_type=\"widget\" data-e-type=\"widget\" data-widget_type=\"image.default\">\n\t\t\t\t<div class=\"elementor-widget-container\">\n\t\t\t\t\t\t\t\t\t\t\t\t\t\t\t<img loading=\"lazy\" decoding=\"async\" loading=\"lazy\" width=\"2560\" height=\"1656\" src=\"https:\/\/estanteriasrecord.com\/wp-content\/uploads\/2024\/11\/proyeccion_estanterias_record-scaled.jpg\" class=\"attachment-full size-full wp-image-15264\" alt=\"\" srcset=\"https:\/\/estanteriasrecord.com\/wp-content\/uploads\/2024\/11\/proyeccion_estanterias_record-scaled.jpg 2560w, https:\/\/estanteriasrecord.com\/wp-content\/uploads\/2024\/11\/proyeccion_estanterias_record-300x194.jpg 300w, https:\/\/estanteriasrecord.com\/wp-content\/uploads\/2024\/11\/proyeccion_estanterias_record-1024x663.jpg 1024w, https:\/\/estanteriasrecord.com\/wp-content\/uploads\/2024\/11\/proyeccion_estanterias_record-768x497.jpg 768w, https:\/\/estanteriasrecord.com\/wp-content\/uploads\/2024\/11\/proyeccion_estanterias_record-1536x994.jpg 1536w, https:\/\/estanteriasrecord.com\/wp-content\/uploads\/2024\/11\/proyeccion_estanterias_record-2048x1325.jpg 2048w, https:\/\/estanteriasrecord.com\/wp-content\/uploads\/2024\/11\/proyeccion_estanterias_record-600x388.jpg 600w\" sizes=\"auto, (max-width: 2560px) 100vw, 2560px\" \/>\t\t\t\t\t\t\t\t\t\t\t\t\t\t\t<\/div>\n\t\t\t\t<\/div>\n\t\t<div class=\"elementor-element elementor-element-373deda9 e-con-full e-flex e-con e-child\" data-id=\"373deda9\" data-element_type=\"container\" data-e-type=\"container\" data-settings=\"{&quot;background_background&quot;:&quot;classic&quot;}\">\n\t\t<div class=\"elementor-element elementor-element-7d7d0d47 e-con-full elementor-hidden-mobile e-flex e-con e-child\" data-id=\"7d7d0d47\" data-element_type=\"container\" data-e-type=\"container\">\n\t\t\t\t<div class=\"elementor-element elementor-element-759da6d4 elementor-widget elementor-widget-text-editor\" data-id=\"759da6d4\" data-element_type=\"widget\" data-e-type=\"widget\" data-widget_type=\"text-editor.default\">\n\t\t\t\t<div class=\"elementor-widget-container\">\n\t\t\t\t\t\t\t\t\t<p>Vous \u00eates ici:&nbsp; <\/p>\t\t\t\t\t\t\t\t<\/div>\n\t\t\t\t<\/div>\n\t\t\t\t<div class=\"elementor-element elementor-element-3c3e2bd8 elementor-widget elementor-widget-woocommerce-breadcrumb\" data-id=\"3c3e2bd8\" data-element_type=\"widget\" data-e-type=\"widget\" data-widget_type=\"woocommerce-breadcrumb.default\">\n\t\t\t\t<div class=\"elementor-widget-container\">\n\t\t\t\t\t<nav class=\"woocommerce-breadcrumb\" aria-label=\"Breadcrumb\">Accueil<\/nav>\t\t\t\t<\/div>\n\t\t\t\t<\/div>\n\t\t\t\t<\/div>\n\t\t\t\t<\/div>\n\t\t\t\t<\/div>\n\t\t<div class=\"elementor-element elementor-element-5bc6f0c e-flex e-con-boxed e-con e-parent\" data-id=\"5bc6f0c\" data-element_type=\"container\" data-e-type=\"container\">\n\t\t\t\t\t<div class=\"e-con-inner\">\n\t\t<div class=\"elementor-element elementor-element-49915a4c e-con-full e-flex e-con e-child\" data-id=\"49915a4c\" data-element_type=\"container\" data-e-type=\"container\">\n\t\t\t\t<div class=\"elementor-element elementor-element-42aad00e elementor-widget__width-inherit elementor-widget elementor-widget-image\" data-id=\"42aad00e\" data-element_type=\"widget\" data-e-type=\"widget\" data-widget_type=\"image.default\">\n\t\t\t\t<div class=\"elementor-widget-container\">\n\t\t\t\t\t\t\t\t\t\t\t\t\t\t\t<img loading=\"lazy\" decoding=\"async\" loading=\"lazy\" width=\"1280\" height=\"387\" src=\"https:\/\/estanteriasrecord.com\/wp-content\/uploads\/2024\/04\/acreditaciones_record.jpg\" class=\"attachment-full size-full wp-image-13459\" alt=\"\" srcset=\"https:\/\/estanteriasrecord.com\/wp-content\/uploads\/2024\/04\/acreditaciones_record.jpg 1280w, https:\/\/estanteriasrecord.com\/wp-content\/uploads\/2024\/04\/acreditaciones_record-300x91.jpg 300w, https:\/\/estanteriasrecord.com\/wp-content\/uploads\/2024\/04\/acreditaciones_record-1024x310.jpg 1024w, https:\/\/estanteriasrecord.com\/wp-content\/uploads\/2024\/04\/acreditaciones_record-768x232.jpg 768w, https:\/\/estanteriasrecord.com\/wp-content\/uploads\/2024\/04\/acreditaciones_record-600x181.jpg 600w\" sizes=\"auto, (max-width: 1280px) 100vw, 1280px\" \/>\t\t\t\t\t\t\t\t\t\t\t\t\t\t\t<\/div>\n\t\t\t\t<\/div>\n\t\t<div class=\"elementor-element elementor-element-64360d1a e-flex e-con-boxed e-con e-child\" data-id=\"64360d1a\" data-element_type=\"container\" data-e-type=\"container\" data-settings=\"{&quot;background_background&quot;:&quot;classic&quot;}\">\n\t\t\t\t\t<div class=\"e-con-inner\">\n\t\t\t\t<div class=\"elementor-element elementor-element-1779d689 elementor-widget elementor-widget-text-editor\" data-id=\"1779d689\" data-element_type=\"widget\" data-e-type=\"widget\" data-widget_type=\"text-editor.default\">\n\t\t\t\t<div class=\"elementor-widget-container\">\n\t\t\t\t\t\t\t\t\t<p><span lang=\"es-ES\" style=\"font-family: Roboto, sans-serif;\">Estanter\u00edas Record est sur la m\u00eame fr\u00e9quence que l&rsquo;esprit entreprenant de ses <\/span><span style=\"font-weight: bolder;\"><span lang=\"es-ES\" style=\"font-family: Roboto, sans-serif;\">politiques de gouvernance.<\/span><\/span><span lang=\"es-ES\" style=\"font-family: Roboto, sans-serif;\"> Il fait confiance aux bienfaits d&rsquo;aller de l&rsquo;avant et de progresser sans pauses comme les moyens d&rsquo;atteindre l&rsquo;excellence. C&rsquo;est l\u00e0 un  <\/span><span style=\"font-weight: bolder;\"><span lang=\"es-ES\" style=\"font-family: Roboto, sans-serif;\">objectif d&rsquo;entreprise essentiel<\/span><\/span><span lang=\"es-ES\" style=\"font-family: Roboto, sans-serif;\"> qui inspire toutes les activit\u00e9s de notre organisation.<\/span><\/p>\t\t\t\t\t\t\t\t<\/div>\n\t\t\t\t<\/div>\n\t\t\t\t\t<\/div>\n\t\t\t\t<\/div>\n\t\t\t\t<\/div>\n\t\t<div class=\"elementor-element elementor-element-33ea37d4 e-con-full e-flex e-con e-child\" data-id=\"33ea37d4\" data-element_type=\"container\" data-e-type=\"container\">\n\t\t\t\t<div class=\"elementor-element elementor-element-67f58c86 elementor-widget__width-inherit elementor-widget elementor-widget-image\" data-id=\"67f58c86\" data-element_type=\"widget\" data-e-type=\"widget\" data-widget_type=\"image.default\">\n\t\t\t\t<div class=\"elementor-widget-container\">\n\t\t\t\t\t\t\t\t\t\t\t\t\t\t\t<img loading=\"lazy\" decoding=\"async\" loading=\"lazy\" width=\"1200\" height=\"810\" src=\"https:\/\/estanteriasrecord.com\/wp-content\/uploads\/2024\/04\/tendencias_en_logistica_para_2018.jpg\" class=\"attachment-full size-full wp-image-13465\" alt=\"\" srcset=\"https:\/\/estanteriasrecord.com\/wp-content\/uploads\/2024\/04\/tendencias_en_logistica_para_2018.jpg 1200w, https:\/\/estanteriasrecord.com\/wp-content\/uploads\/2024\/04\/tendencias_en_logistica_para_2018-300x203.jpg 300w, https:\/\/estanteriasrecord.com\/wp-content\/uploads\/2024\/04\/tendencias_en_logistica_para_2018-1024x691.jpg 1024w, https:\/\/estanteriasrecord.com\/wp-content\/uploads\/2024\/04\/tendencias_en_logistica_para_2018-768x518.jpg 768w, https:\/\/estanteriasrecord.com\/wp-content\/uploads\/2024\/04\/tendencias_en_logistica_para_2018-600x405.jpg 600w\" sizes=\"auto, (max-width: 1200px) 100vw, 1200px\" \/>\t\t\t\t\t\t\t\t\t\t\t\t\t\t\t<\/div>\n\t\t\t\t<\/div>\n\t\t<div class=\"elementor-element elementor-element-4d07a4cb e-con-full e-flex e-con e-child\" data-id=\"4d07a4cb\" data-element_type=\"container\" data-e-type=\"container\" data-settings=\"{&quot;background_background&quot;:&quot;classic&quot;}\">\n\t\t\t\t<div class=\"elementor-element elementor-element-41b753bc elementor-widget elementor-widget-text-editor\" data-id=\"41b753bc\" data-element_type=\"widget\" data-e-type=\"widget\" data-widget_type=\"text-editor.default\">\n\t\t\t\t<div class=\"elementor-widget-container\">\n\t\t\t\t\t\t\t\t\t<p class=\"western\" style=\"font-family: Roboto, sans-serif; text-align: justify;\" align=\"justify\">Dans les march\u00e9s o\u00f9 la soci\u00e9t\u00e9 est fermement positionn\u00e9e, l&rsquo;effort demeure constant pour continuer d&rsquo;<span style=\"font-weight: bolder;\">am\u00e9liorer et de tenir \u00e0 jour<\/span> la gamme de produits et de services gr\u00e2ce \u00e0 <span style=\"font-weight: bolder;\">des solutions innovantes et \u00e9volutives.<\/span><\/p><p class=\"western\" style=\"font-family: Roboto, sans-serif; text-align: justify;\" align=\"justify\"><span lang=\"es-ES\">Dans les march\u00e9s internationaux, Estanter\u00edas Record poursuit ses<\/span> <span style=\"font-weight: bolder;\"><span lang=\"es-ES\">projets d&rsquo;expansion <\/span><\/span><span lang=\"es-ES\">en vue de cr\u00e9er<\/span> <span style=\"font-weight: bolder;\"><span lang=\"es-ES\">de nouvelles alliances commerciales<\/span><\/span><span lang=\"es-ES\"> et d&rsquo;\u00e9tendre progressivement son activit\u00e9 \u00e0 l&rsquo;\u00e9chelle mondiale. Dans les pays o\u00f9 il est d\u00e9j\u00e0 pr\u00e9sent il continue d&rsquo;affermir son offre commerciale, soutenu par la fid\u00e9lit\u00e9 que lui montrent ses clients. <\/span><\/p>\t\t\t\t\t\t\t\t<\/div>\n\t\t\t\t<\/div>\n\t\t\t\t<\/div>\n\t\t\t\t<\/div>\n\t\t<div class=\"elementor-element elementor-element-6bddf112 e-con-full e-flex e-con e-child\" data-id=\"6bddf112\" data-element_type=\"container\" data-e-type=\"container\">\n\t\t\t\t<div class=\"elementor-element elementor-element-1d8833e4 elementor-widget__width-inherit elementor-widget-mobile__width-auto elementor-widget elementor-widget-image\" data-id=\"1d8833e4\" data-element_type=\"widget\" data-e-type=\"widget\" data-widget_type=\"image.default\">\n\t\t\t\t<div class=\"elementor-widget-container\">\n\t\t\t\t\t\t\t\t\t\t\t\t\t\t\t<img loading=\"lazy\" decoding=\"async\" loading=\"lazy\" width=\"2048\" height=\"1536\" src=\"https:\/\/estanteriasrecord.com\/wp-content\/uploads\/2024\/04\/feria_logistics_2019_05.jpg\" class=\"attachment-full size-full wp-image-13463\" alt=\"\" srcset=\"https:\/\/estanteriasrecord.com\/wp-content\/uploads\/2024\/04\/feria_logistics_2019_05.jpg 2048w, https:\/\/estanteriasrecord.com\/wp-content\/uploads\/2024\/04\/feria_logistics_2019_05-300x225.jpg 300w, https:\/\/estanteriasrecord.com\/wp-content\/uploads\/2024\/04\/feria_logistics_2019_05-1024x768.jpg 1024w, https:\/\/estanteriasrecord.com\/wp-content\/uploads\/2024\/04\/feria_logistics_2019_05-768x576.jpg 768w, https:\/\/estanteriasrecord.com\/wp-content\/uploads\/2024\/04\/feria_logistics_2019_05-1536x1152.jpg 1536w, https:\/\/estanteriasrecord.com\/wp-content\/uploads\/2024\/04\/feria_logistics_2019_05-600x450.jpg 600w\" sizes=\"auto, (max-width: 2048px) 100vw, 2048px\" \/>\t\t\t\t\t\t\t\t\t\t\t\t\t\t\t<\/div>\n\t\t\t\t<\/div>\n\t\t<div class=\"elementor-element elementor-element-73b15f72 e-flex e-con-boxed e-con e-child\" data-id=\"73b15f72\" data-element_type=\"container\" data-e-type=\"container\" data-settings=\"{&quot;background_background&quot;:&quot;classic&quot;}\">\n\t\t\t\t\t<div class=\"e-con-inner\">\n\t\t\t\t<div class=\"elementor-element elementor-element-936d45f elementor-widget elementor-widget-text-editor\" data-id=\"936d45f\" data-element_type=\"widget\" data-e-type=\"widget\" data-widget_type=\"text-editor.default\">\n\t\t\t\t<div class=\"elementor-widget-container\">\n\t\t\t\t\t\t\t\t\t<p><span lang=\"es-ES\" style=\"font-family: Roboto, sans-serif;\">Estanter\u00edas Record repr\u00e9sente clairement<\/span><span style=\"font-weight: bolder;\"><span lang=\"es-ES\" style=\"font-family: Roboto, sans-serif;\"> un pari sur la continuit\u00e9<\/span><\/span><span lang=\"es-ES\" style=\"font-family: Roboto, sans-serif;\"> pour les utilisateurs de ses installations, tant par la comp\u00e9tence technique de son offre que par son caract\u00e8re de<\/span> <span lang=\"es-ES\" style=\"font-family: Roboto, sans-serif;\"><span style=\"font-weight: bolder;\">fournisseur int\u00e9gral<\/span><\/span> <span lang=\"es-ES\" style=\"font-family: Roboto, sans-serif;\">de solutions, engag\u00e9 envers son activit\u00e9, financi\u00e8rement sain et <span style=\"font-weight: bolder;\">franchement tourn\u00e9 vers l&rsquo;avenir.<\/span><\/span><\/p>\t\t\t\t\t\t\t\t<\/div>\n\t\t\t\t<\/div>\n\t\t\t\t\t<\/div>\n\t\t\t\t<\/div>\n\t\t\t\t<\/div>\n\t\t\t\t\t<\/div>\n\t\t\t\t<\/div>\n\t\t\t\t<\/div>\n\t\t","protected":false},"excerpt":{"rendered":"<p>Vous \u00eates ici:&nbsp; Estanter\u00edas Record est sur la m\u00eame fr\u00e9quence que l&rsquo;esprit entreprenant de ses politiques de gouvernance. Il fait confiance aux bienfaits d&rsquo;aller de l&rsquo;avant et de progresser sans pauses comme les moyens d&rsquo;atteindre l&rsquo;excellence. C&rsquo;est l\u00e0 un objectif d&rsquo;entreprise essentiel qui inspire toutes les activit\u00e9s de notre organisation. Dans les march\u00e9s o\u00f9 la [&hellip;]<\/p>\n","protected":false},"author":5,"featured_media":0,"parent":14909,"menu_order":0,"comment_status":"closed","ping_status":"closed","template":"","meta":{"_acf_changed":false,"_joinchat":[],"footnotes":""},"class_list":["post-14998","page","type-page","status-publish","hentry"],"acf":[],"yoast_head":"<!-- This site is optimized with the Yoast SEO plugin v27.0 - https:\/\/yoast.com\/product\/yoast-seo-wordpress\/ -->\n<title>Projection | Estanter\u00edas Record<\/title>\n<meta name=\"robots\" content=\"index, follow, max-snippet:-1, max-image-preview:large, max-video-preview:-1\" \/>\n<link rel=\"canonical\" href=\"https:\/\/estanteriasrecord.com\/fr\/entreprise\/projection\" \/>\n<meta property=\"og:locale\" content=\"fr_FR\" \/>\n<meta property=\"og:type\" content=\"article\" \/>\n<meta property=\"og:title\" content=\"Projection | Estanter\u00edas Record\" \/>\n<meta property=\"og:description\" content=\"Vous \u00eates ici:&nbsp; Estanter\u00edas Record est sur la m\u00eame fr\u00e9quence que l&rsquo;esprit entreprenant de ses politiques de gouvernance. Il fait confiance aux bienfaits d&rsquo;aller de l&rsquo;avant et de progresser sans pauses comme les moyens d&rsquo;atteindre l&rsquo;excellence. C&rsquo;est l\u00e0 un objectif d&rsquo;entreprise essentiel qui inspire toutes les activit\u00e9s de notre organisation. Dans les march\u00e9s o\u00f9 la [&hellip;]\" \/>\n<meta property=\"og:url\" content=\"https:\/\/estanteriasrecord.com\/fr\/entreprise\/projection\" \/>\n<meta property=\"og:site_name\" content=\"Estanter\u00edas Record\" \/>\n<meta property=\"article:publisher\" content=\"https:\/\/www.facebook.com\/estanteriasrecord\/\" \/>\n<meta property=\"article:modified_time\" content=\"2025-05-05T09:01:08+00:00\" \/>\n<meta property=\"og:image\" content=\"https:\/\/estanteriasrecord.com\/wp-content\/uploads\/2024\/11\/proyeccion_estanterias_record-scaled.jpg\" \/>\n\t<meta property=\"og:image:width\" content=\"2560\" \/>\n\t<meta property=\"og:image:height\" content=\"1656\" \/>\n\t<meta property=\"og:image:type\" content=\"image\/jpeg\" \/>\n<meta name=\"twitter:card\" content=\"summary_large_image\" \/>\n<meta name=\"twitter:label1\" content=\"Dur\u00e9e de lecture estim\u00e9e\" \/>\n\t<meta name=\"twitter:data1\" content=\"2 minutes\" \/>\n<script type=\"application\/ld+json\" class=\"yoast-schema-graph\">{\"@context\":\"https:\/\/schema.org\",\"@graph\":[{\"@type\":\"WebPage\",\"@id\":\"https:\/\/estanteriasrecord.com\/fr\/entreprise\/projection\",\"url\":\"https:\/\/estanteriasrecord.com\/fr\/entreprise\/projection\",\"name\":\"Projection | Estanter\u00edas Record\",\"isPartOf\":{\"@id\":\"https:\/\/estanteriasrecord.com\/fr#website\"},\"primaryImageOfPage\":{\"@id\":\"https:\/\/estanteriasrecord.com\/fr\/entreprise\/projection#primaryimage\"},\"image\":{\"@id\":\"https:\/\/estanteriasrecord.com\/fr\/entreprise\/projection#primaryimage\"},\"thumbnailUrl\":\"https:\/\/estanteriasrecord.com\/wp-content\/uploads\/2024\/11\/proyeccion_estanterias_record-scaled.jpg\",\"datePublished\":\"2024-05-27T05:25:09+00:00\",\"dateModified\":\"2025-05-05T09:01:08+00:00\",\"breadcrumb\":{\"@id\":\"https:\/\/estanteriasrecord.com\/fr\/entreprise\/projection#breadcrumb\"},\"inLanguage\":\"fr-FR\",\"potentialAction\":[{\"@type\":\"ReadAction\",\"target\":[\"https:\/\/estanteriasrecord.com\/fr\/entreprise\/projection\"]}]},{\"@type\":\"ImageObject\",\"inLanguage\":\"fr-FR\",\"@id\":\"https:\/\/estanteriasrecord.com\/fr\/entreprise\/projection#primaryimage\",\"url\":\"https:\/\/estanteriasrecord.com\/wp-content\/uploads\/2024\/11\/proyeccion_estanterias_record-scaled.jpg\",\"contentUrl\":\"https:\/\/estanteriasrecord.com\/wp-content\/uploads\/2024\/11\/proyeccion_estanterias_record-scaled.jpg\"},{\"@type\":\"BreadcrumbList\",\"@id\":\"https:\/\/estanteriasrecord.com\/fr\/entreprise\/projection#breadcrumb\",\"itemListElement\":[{\"@type\":\"ListItem\",\"position\":1,\"name\":\"Portada\",\"item\":\"https:\/\/estanteriasrecord.com\/fr\/estanterias-record\"},{\"@type\":\"ListItem\",\"position\":2,\"name\":\"Enterprise\",\"item\":\"https:\/\/estanteriasrecord.com\/fr\/entreprise\"},{\"@type\":\"ListItem\",\"position\":3,\"name\":\"Projection\"}]},{\"@type\":\"WebSite\",\"@id\":\"https:\/\/estanteriasrecord.com\/fr#website\",\"url\":\"https:\/\/estanteriasrecord.com\/fr\",\"name\":\"Estanter\u00edas Record\",\"description\":\"Sistemas eficientes de almacenamiento\",\"publisher\":{\"@id\":\"https:\/\/estanteriasrecord.com\/fr#organization\"},\"potentialAction\":[{\"@type\":\"SearchAction\",\"target\":{\"@type\":\"EntryPoint\",\"urlTemplate\":\"https:\/\/estanteriasrecord.com\/fr?s={search_term_string}\"},\"query-input\":{\"@type\":\"PropertyValueSpecification\",\"valueRequired\":true,\"valueName\":\"search_term_string\"}}],\"inLanguage\":\"fr-FR\"},{\"@type\":\"Organization\",\"@id\":\"https:\/\/estanteriasrecord.com\/fr#organization\",\"name\":\"Estanter\u00edas Record\",\"url\":\"https:\/\/estanteriasrecord.com\/fr\",\"logo\":{\"@type\":\"ImageObject\",\"inLanguage\":\"fr-FR\",\"@id\":\"https:\/\/estanteriasrecord.com\/fr#\/schema\/logo\/image\/\",\"url\":\"https:\/\/estanteriasrecord.com\/wp-content\/uploads\/2024\/03\/logo_cab_doc.png\",\"contentUrl\":\"https:\/\/estanteriasrecord.com\/wp-content\/uploads\/2024\/03\/logo_cab_doc.png\",\"width\":250,\"height\":119,\"caption\":\"Estanter\u00edas Record\"},\"image\":{\"@id\":\"https:\/\/estanteriasrecord.com\/fr#\/schema\/logo\/image\/\"},\"sameAs\":[\"https:\/\/www.facebook.com\/estanteriasrecord\/\"]}]}<\/script>\n<!-- \/ Yoast SEO plugin. -->","yoast_head_json":{"title":"Projection | Estanter\u00edas Record","robots":{"index":"index","follow":"follow","max-snippet":"max-snippet:-1","max-image-preview":"max-image-preview:large","max-video-preview":"max-video-preview:-1"},"canonical":"https:\/\/estanteriasrecord.com\/fr\/entreprise\/projection","og_locale":"fr_FR","og_type":"article","og_title":"Projection | Estanter\u00edas Record","og_description":"Vous \u00eates ici:&nbsp; Estanter\u00edas Record est sur la m\u00eame fr\u00e9quence que l&rsquo;esprit entreprenant de ses politiques de gouvernance. Il fait confiance aux bienfaits d&rsquo;aller de l&rsquo;avant et de progresser sans pauses comme les moyens d&rsquo;atteindre l&rsquo;excellence. C&rsquo;est l\u00e0 un objectif d&rsquo;entreprise essentiel qui inspire toutes les activit\u00e9s de notre organisation. Dans les march\u00e9s o\u00f9 la [&hellip;]","og_url":"https:\/\/estanteriasrecord.com\/fr\/entreprise\/projection","og_site_name":"Estanter\u00edas Record","article_publisher":"https:\/\/www.facebook.com\/estanteriasrecord\/","article_modified_time":"2025-05-05T09:01:08+00:00","og_image":[{"width":2560,"height":1656,"url":"https:\/\/estanteriasrecord.com\/wp-content\/uploads\/2024\/11\/proyeccion_estanterias_record-scaled.jpg","type":"image\/jpeg"}],"twitter_card":"summary_large_image","twitter_misc":{"Dur\u00e9e de lecture estim\u00e9e":"2 minutes"},"schema":{"@context":"https:\/\/schema.org","@graph":[{"@type":"WebPage","@id":"https:\/\/estanteriasrecord.com\/fr\/entreprise\/projection","url":"https:\/\/estanteriasrecord.com\/fr\/entreprise\/projection","name":"Projection | Estanter\u00edas Record","isPartOf":{"@id":"https:\/\/estanteriasrecord.com\/fr#website"},"primaryImageOfPage":{"@id":"https:\/\/estanteriasrecord.com\/fr\/entreprise\/projection#primaryimage"},"image":{"@id":"https:\/\/estanteriasrecord.com\/fr\/entreprise\/projection#primaryimage"},"thumbnailUrl":"https:\/\/estanteriasrecord.com\/wp-content\/uploads\/2024\/11\/proyeccion_estanterias_record-scaled.jpg","datePublished":"2024-05-27T05:25:09+00:00","dateModified":"2025-05-05T09:01:08+00:00","breadcrumb":{"@id":"https:\/\/estanteriasrecord.com\/fr\/entreprise\/projection#breadcrumb"},"inLanguage":"fr-FR","potentialAction":[{"@type":"ReadAction","target":["https:\/\/estanteriasrecord.com\/fr\/entreprise\/projection"]}]},{"@type":"ImageObject","inLanguage":"fr-FR","@id":"https:\/\/estanteriasrecord.com\/fr\/entreprise\/projection#primaryimage","url":"https:\/\/estanteriasrecord.com\/wp-content\/uploads\/2024\/11\/proyeccion_estanterias_record-scaled.jpg","contentUrl":"https:\/\/estanteriasrecord.com\/wp-content\/uploads\/2024\/11\/proyeccion_estanterias_record-scaled.jpg"},{"@type":"BreadcrumbList","@id":"https:\/\/estanteriasrecord.com\/fr\/entreprise\/projection#breadcrumb","itemListElement":[{"@type":"ListItem","position":1,"name":"Portada","item":"https:\/\/estanteriasrecord.com\/fr\/estanterias-record"},{"@type":"ListItem","position":2,"name":"Enterprise","item":"https:\/\/estanteriasrecord.com\/fr\/entreprise"},{"@type":"ListItem","position":3,"name":"Projection"}]},{"@type":"WebSite","@id":"https:\/\/estanteriasrecord.com\/fr#website","url":"https:\/\/estanteriasrecord.com\/fr","name":"Estanter\u00edas Record","description":"Sistemas eficientes de almacenamiento","publisher":{"@id":"https:\/\/estanteriasrecord.com\/fr#organization"},"potentialAction":[{"@type":"SearchAction","target":{"@type":"EntryPoint","urlTemplate":"https:\/\/estanteriasrecord.com\/fr?s={search_term_string}"},"query-input":{"@type":"PropertyValueSpecification","valueRequired":true,"valueName":"search_term_string"}}],"inLanguage":"fr-FR"},{"@type":"Organization","@id":"https:\/\/estanteriasrecord.com\/fr#organization","name":"Estanter\u00edas Record","url":"https:\/\/estanteriasrecord.com\/fr","logo":{"@type":"ImageObject","inLanguage":"fr-FR","@id":"https:\/\/estanteriasrecord.com\/fr#\/schema\/logo\/image\/","url":"https:\/\/estanteriasrecord.com\/wp-content\/uploads\/2024\/03\/logo_cab_doc.png","contentUrl":"https:\/\/estanteriasrecord.com\/wp-content\/uploads\/2024\/03\/logo_cab_doc.png","width":250,"height":119,"caption":"Estanter\u00edas Record"},"image":{"@id":"https:\/\/estanteriasrecord.com\/fr#\/schema\/logo\/image\/"},"sameAs":["https:\/\/www.facebook.com\/estanteriasrecord\/"]}]}},"_links":{"self":[{"href":"https:\/\/estanteriasrecord.com\/fr\/wp-json\/wp\/v2\/pages\/14998","targetHints":{"allow":["GET"]}}],"collection":[{"href":"https:\/\/estanteriasrecord.com\/fr\/wp-json\/wp\/v2\/pages"}],"about":[{"href":"https:\/\/estanteriasrecord.com\/fr\/wp-json\/wp\/v2\/types\/page"}],"author":[{"embeddable":true,"href":"https:\/\/estanteriasrecord.com\/fr\/wp-json\/wp\/v2\/users\/5"}],"replies":[{"embeddable":true,"href":"https:\/\/estanteriasrecord.com\/fr\/wp-json\/wp\/v2\/comments?post=14998"}],"version-history":[{"count":3,"href":"https:\/\/estanteriasrecord.com\/fr\/wp-json\/wp\/v2\/pages\/14998\/revisions"}],"predecessor-version":[{"id":19434,"href":"https:\/\/estanteriasrecord.com\/fr\/wp-json\/wp\/v2\/pages\/14998\/revisions\/19434"}],"up":[{"embeddable":true,"href":"https:\/\/estanteriasrecord.com\/fr\/wp-json\/wp\/v2\/pages\/14909"}],"wp:attachment":[{"href":"https:\/\/estanteriasrecord.com\/fr\/wp-json\/wp\/v2\/media?parent=14998"}],"curies":[{"name":"wp","href":"https:\/\/api.w.org\/{rel}","templated":true}]}}