{"id":15049,"date":"2024-05-27T07:17:25","date_gmt":"2024-05-27T05:17:25","guid":{"rendered":"https:\/\/estanteriasrecord.com\/entreprise\/fabrication"},"modified":"2025-05-05T10:54:23","modified_gmt":"2025-05-05T08:54:23","slug":"fabrication","status":"publish","type":"page","link":"https:\/\/estanteriasrecord.com\/fr\/entreprise\/fabrication","title":{"rendered":"Fabrication"},"content":{"rendered":"\t\t<div data-elementor-type=\"wp-page\" data-elementor-id=\"15049\" class=\"elementor elementor-15049 elementor-497\" data-elementor-post-type=\"page\">\n\t\t\t\t<div class=\"elementor-element elementor-element-82099f2 e-con-full e-flex e-con e-parent\" data-id=\"82099f2\" data-element_type=\"container\" data-e-type=\"container\" data-settings=\"{&quot;background_background&quot;:&quot;classic&quot;}\">\n\t\t\t\t<div class=\"elementor-element elementor-element-79535506 elementor-widget elementor-widget-image\" data-id=\"79535506\" data-element_type=\"widget\" data-e-type=\"widget\" data-widget_type=\"image.default\">\n\t\t\t\t<div class=\"elementor-widget-container\">\n\t\t\t\t\t\t\t\t\t\t\t\t\t\t\t<img loading=\"lazy\" decoding=\"async\" loading=\"lazy\" width=\"1058\" height=\"525\" src=\"https:\/\/estanteriasrecord.com\/wp-content\/uploads\/2024\/04\/fabricacion_RECORD_1-1517843296.jpg\" class=\"attachment-full size-full wp-image-13377\" alt=\"Fabricaci\u00f3n\" srcset=\"https:\/\/estanteriasrecord.com\/wp-content\/uploads\/2024\/04\/fabricacion_RECORD_1-1517843296.jpg 1058w, https:\/\/estanteriasrecord.com\/wp-content\/uploads\/2024\/04\/fabricacion_RECORD_1-1517843296-300x149.jpg 300w, https:\/\/estanteriasrecord.com\/wp-content\/uploads\/2024\/04\/fabricacion_RECORD_1-1517843296-1024x508.jpg 1024w, https:\/\/estanteriasrecord.com\/wp-content\/uploads\/2024\/04\/fabricacion_RECORD_1-1517843296-768x381.jpg 768w, https:\/\/estanteriasrecord.com\/wp-content\/uploads\/2024\/04\/fabricacion_RECORD_1-1517843296-600x298.jpg 600w\" sizes=\"auto, (max-width: 1058px) 100vw, 1058px\" \/>\t\t\t\t\t\t\t\t\t\t\t\t\t\t\t<\/div>\n\t\t\t\t<\/div>\n\t\t<div class=\"elementor-element elementor-element-7f047244 e-con-full e-flex e-con e-child\" data-id=\"7f047244\" data-element_type=\"container\" data-e-type=\"container\" data-settings=\"{&quot;background_background&quot;:&quot;classic&quot;}\">\n\t\t<div class=\"elementor-element elementor-element-2b7eaf68 e-con-full elementor-hidden-mobile e-flex e-con e-child\" data-id=\"2b7eaf68\" data-element_type=\"container\" data-e-type=\"container\">\n\t\t\t\t<div class=\"elementor-element elementor-element-26f90604 elementor-widget elementor-widget-text-editor\" data-id=\"26f90604\" data-element_type=\"widget\" data-e-type=\"widget\" data-widget_type=\"text-editor.default\">\n\t\t\t\t<div class=\"elementor-widget-container\">\n\t\t\t\t\t\t\t\t\t<p>Vous \u00eates ici:&nbsp; <\/p>\t\t\t\t\t\t\t\t<\/div>\n\t\t\t\t<\/div>\n\t\t\t\t<div class=\"elementor-element elementor-element-1b23808d elementor-widget elementor-widget-woocommerce-breadcrumb\" data-id=\"1b23808d\" data-element_type=\"widget\" data-e-type=\"widget\" data-widget_type=\"woocommerce-breadcrumb.default\">\n\t\t\t\t<div class=\"elementor-widget-container\">\n\t\t\t\t\t<nav class=\"woocommerce-breadcrumb\" aria-label=\"Breadcrumb\">Accueil<\/nav>\t\t\t\t<\/div>\n\t\t\t\t<\/div>\n\t\t\t\t<\/div>\n\t\t\t\t<\/div>\n\t\t\t\t<\/div>\n\t\t<div class=\"elementor-element elementor-element-2029a4e6 e-flex e-con-boxed e-con e-parent\" data-id=\"2029a4e6\" data-element_type=\"container\" data-e-type=\"container\">\n\t\t\t\t\t<div class=\"e-con-inner\">\n\t\t<div class=\"elementor-element elementor-element-624d5a1b e-con-full e-flex e-con e-child\" data-id=\"624d5a1b\" data-element_type=\"container\" data-e-type=\"container\">\n\t\t\t\t<div class=\"elementor-element elementor-element-500486b8 elementor-widget__width-inherit elementor-widget elementor-widget-image\" data-id=\"500486b8\" data-element_type=\"widget\" data-e-type=\"widget\" data-widget_type=\"image.default\">\n\t\t\t\t<div class=\"elementor-widget-container\">\n\t\t\t\t\t\t\t\t\t\t\t\t\t\t\t<img loading=\"lazy\" decoding=\"async\" loading=\"lazy\" width=\"1058\" height=\"525\" src=\"https:\/\/estanteriasrecord.com\/wp-content\/uploads\/2024\/04\/fabricacion_RECORD_1-1517843296.jpg\" class=\"attachment-full size-full wp-image-13377\" alt=\"Fabricaci\u00f3n\" srcset=\"https:\/\/estanteriasrecord.com\/wp-content\/uploads\/2024\/04\/fabricacion_RECORD_1-1517843296.jpg 1058w, https:\/\/estanteriasrecord.com\/wp-content\/uploads\/2024\/04\/fabricacion_RECORD_1-1517843296-300x149.jpg 300w, https:\/\/estanteriasrecord.com\/wp-content\/uploads\/2024\/04\/fabricacion_RECORD_1-1517843296-1024x508.jpg 1024w, https:\/\/estanteriasrecord.com\/wp-content\/uploads\/2024\/04\/fabricacion_RECORD_1-1517843296-768x381.jpg 768w, https:\/\/estanteriasrecord.com\/wp-content\/uploads\/2024\/04\/fabricacion_RECORD_1-1517843296-600x298.jpg 600w\" sizes=\"auto, (max-width: 1058px) 100vw, 1058px\" \/>\t\t\t\t\t\t\t\t\t\t\t\t\t\t\t<\/div>\n\t\t\t\t<\/div>\n\t\t<div class=\"elementor-element elementor-element-62a9d8ef e-flex e-con-boxed e-con e-child\" data-id=\"62a9d8ef\" data-element_type=\"container\" data-e-type=\"container\" data-settings=\"{&quot;background_background&quot;:&quot;classic&quot;}\">\n\t\t\t\t\t<div class=\"e-con-inner\">\n\t\t\t\t<div class=\"elementor-element elementor-element-2a546a4a elementor-widget elementor-widget-text-editor\" data-id=\"2a546a4a\" data-element_type=\"widget\" data-e-type=\"widget\" data-widget_type=\"text-editor.default\">\n\t\t\t\t<div class=\"elementor-widget-container\">\n\t\t\t\t\t\t\t\t\t<p style=\"font-family: Roboto, sans-serif;\"><span style=\"white-space-collapse: preserve;\">Estanter\u00edas Record est une firme sp\u00e9cialis\u00e9e dans la conception, la fabrication et \u00e0 la fourniture d&rsquo;une vaste gamme de produits r\u00e9pondant \u00e0 des besoins en tout genre en mati\u00e8re d&rsquo;entreposage, des simples rayonnages l\u00e9gers aux structures industrielles destin\u00e9es aux demandes les plus exigeantes.  Chaque pi\u00e8ce a une mission pr\u00e9cise pour laquelle elle a \u00e9t\u00e9 con\u00e7ue, individuellement et en tant que partie d\u2019un <span style=\"font-weight: bolder;\">ensemble int\u00e9gr\u00e9 et efficace<\/span>.<\/span><\/p><p style=\"font-family: Roboto, sans-serif;\">Actuellement, \u00e9tant donn\u00e9 la cadence d&rsquo;\u00e9volution effr\u00e9n\u00e9e de l&rsquo;industrie, les entreprises exigent des <span style=\"font-weight: bolder;\">r\u00e9ponses efficaces et personnalis\u00e9es<\/span> dans les plus brefs d\u00e9lais. Sensible \u00e0 cette demande, Estanter\u00edas Record a dot\u00e9 son syst\u00e8me de fabrication de la <span style=\"font-weight: bolder;\">souplesse op\u00e9rationnelle<\/span> n\u00e9cessaire pour y r\u00e9pondre. D&rsquo;importants programmes d&rsquo;investissements dans des moyens d&rsquo;organisation, de planification et de s\u00e9quenciation de la production ont dot\u00e9 l&rsquo;usine de la capacit\u00e9 de mettre en \u0153uvre les conceptions les plus sp\u00e9cifiques avec <span style=\"font-weight: bolder;\">agilit\u00e9<\/span> et avec les plus <span style=\"font-weight: bolder;\">hautes garanties de qualit\u00e9.<\/span>  <\/p>\t\t\t\t\t\t\t\t<\/div>\n\t\t\t\t<\/div>\n\t\t\t\t\t<\/div>\n\t\t\t\t<\/div>\n\t\t\t\t<\/div>\n\t\t<div class=\"elementor-element elementor-element-78d9cf7f e-con-full e-flex e-con e-child\" data-id=\"78d9cf7f\" data-element_type=\"container\" data-e-type=\"container\">\n\t\t\t\t<div class=\"elementor-element elementor-element-3444be23 elementor-widget__width-inherit elementor-widget elementor-widget-image\" data-id=\"3444be23\" data-element_type=\"widget\" data-e-type=\"widget\" data-widget_type=\"image.default\">\n\t\t\t\t<div class=\"elementor-widget-container\">\n\t\t\t\t\t\t\t\t\t\t\t\t\t\t\t<img loading=\"lazy\" decoding=\"async\" loading=\"lazy\" width=\"640\" height=\"426\" src=\"https:\/\/estanteriasrecord.com\/wp-content\/uploads\/2024\/04\/fabricacion_RECORD_2-1517843314-e1713872846242.jpg\" class=\"attachment-full size-full wp-image-13379\" alt=\"Fabricaci\u00f3n 2\" srcset=\"https:\/\/estanteriasrecord.com\/wp-content\/uploads\/2024\/04\/fabricacion_RECORD_2-1517843314-e1713872846242.jpg 640w, https:\/\/estanteriasrecord.com\/wp-content\/uploads\/2024\/04\/fabricacion_RECORD_2-1517843314-e1713872846242-300x200.jpg 300w, https:\/\/estanteriasrecord.com\/wp-content\/uploads\/2024\/04\/fabricacion_RECORD_2-1517843314-e1713872846242-600x399.jpg 600w\" sizes=\"auto, (max-width: 640px) 100vw, 640px\" \/>\t\t\t\t\t\t\t\t\t\t\t\t\t\t\t<\/div>\n\t\t\t\t<\/div>\n\t\t<div class=\"elementor-element elementor-element-5e4737d8 e-con-full e-flex e-con e-child\" data-id=\"5e4737d8\" data-element_type=\"container\" data-e-type=\"container\" data-settings=\"{&quot;background_background&quot;:&quot;classic&quot;}\">\n\t\t\t\t<div class=\"elementor-element elementor-element-473266c9 elementor-widget elementor-widget-text-editor\" data-id=\"473266c9\" data-element_type=\"widget\" data-e-type=\"widget\" data-widget_type=\"text-editor.default\">\n\t\t\t\t<div class=\"elementor-widget-container\">\n\t\t\t\t\t\t\t\t\t<p><span style=\"font-family: Roboto, sans-serif; text-align: justify; white-space-collapse: preserve;\">Dans ce sens, le d\u00e9fi technologique relev\u00e9 est clair. L&rsquo;utilisation des mod\u00e8les d&rsquo;  <\/span><span style=\"font-weight: bolder; font-family: Roboto, sans-serif; text-align: justify; white-space-collapse: preserve;\">organisation et de programmation<\/span> <span style=\"font-family: Roboto, sans-serif; text-align: justify; white-space-collapse: preserve;\">de la production les plus \u00e9volu\u00e9s du march\u00e9 permet \u00e0 notre entreprise de d\u00e9passer les attentes auto-impos\u00e9es en mati\u00e8re de flexibilit\u00e9 et de<\/span> <span style=\"font-weight: bolder; font-family: Roboto, sans-serif; text-align: justify; white-space-collapse: preserve;\">r\u00e9ponse<\/span><span style=\"font-family: Roboto, sans-serif; text-align: justify; white-space-collapse: preserve;\"> imm\u00e9diate. L&rsquo;  <\/span><span style=\"font-weight: bolder; font-family: Roboto, sans-serif; text-align: justify; white-space-collapse: preserve;\">environnement de production, hautement automatis\u00e9 et robotis\u00e9<\/span><span style=\"font-family: Roboto, sans-serif; text-align: justify; white-space-collapse: preserve;\">, est dimensionn\u00e9 en incorporant les machines de toute derni\u00e8re g\u00e9n\u00e9ration n\u00e9cessaires pour atteindre une fabrication ordonn\u00e9s et dynamique, tout en optimisant les co\u00fbts et en r\u00e9duisant les d\u00e9lais de livraison. Actuellement, notre entreprise affiche les taux de productivit\u00e9 les plus \u00e9lev\u00e9s du march\u00e9. <\/span><\/p>\t\t\t\t\t\t\t\t<\/div>\n\t\t\t\t<\/div>\n\t\t\t\t<\/div>\n\t\t\t\t<\/div>\n\t\t<div class=\"elementor-element elementor-element-1d151c68 e-con-full e-flex e-con e-child\" data-id=\"1d151c68\" data-element_type=\"container\" data-e-type=\"container\">\n\t\t\t\t<div class=\"elementor-element elementor-element-fd96551 elementor-widget__width-inherit elementor-widget-mobile__width-auto elementor-widget elementor-widget-image\" data-id=\"fd96551\" data-element_type=\"widget\" data-e-type=\"widget\" data-widget_type=\"image.default\">\n\t\t\t\t<div class=\"elementor-widget-container\">\n\t\t\t\t\t\t\t\t\t\t\t\t\t\t\t<img loading=\"lazy\" decoding=\"async\" loading=\"lazy\" width=\"640\" height=\"426\" src=\"https:\/\/estanteriasrecord.com\/wp-content\/uploads\/2024\/04\/fabricacion_RECORD_2-1517843314-1-e1713872883798.jpg\" class=\"attachment-full size-full wp-image-13381\" alt=\"Fabricaci\u00f3n 3\" srcset=\"https:\/\/estanteriasrecord.com\/wp-content\/uploads\/2024\/04\/fabricacion_RECORD_2-1517843314-1-e1713872883798.jpg 640w, https:\/\/estanteriasrecord.com\/wp-content\/uploads\/2024\/04\/fabricacion_RECORD_2-1517843314-1-e1713872883798-300x200.jpg 300w, https:\/\/estanteriasrecord.com\/wp-content\/uploads\/2024\/04\/fabricacion_RECORD_2-1517843314-1-e1713872883798-600x399.jpg 600w\" sizes=\"auto, (max-width: 640px) 100vw, 640px\" \/>\t\t\t\t\t\t\t\t\t\t\t\t\t\t\t<\/div>\n\t\t\t\t<\/div>\n\t\t<div class=\"elementor-element elementor-element-74121cc8 e-flex e-con-boxed e-con e-child\" data-id=\"74121cc8\" data-element_type=\"container\" data-e-type=\"container\" data-settings=\"{&quot;background_background&quot;:&quot;classic&quot;}\">\n\t\t\t\t\t<div class=\"e-con-inner\">\n\t\t\t\t<div class=\"elementor-element elementor-element-3567a0a9 elementor-widget elementor-widget-text-editor\" data-id=\"3567a0a9\" data-element_type=\"widget\" data-e-type=\"widget\" data-widget_type=\"text-editor.default\">\n\t\t\t\t<div class=\"elementor-widget-container\">\n\t\t\t\t\t\t\t\t\t<p style=\"font-family: Roboto, sans-serif; text-align: justify;\"><span style=\"white-space-collapse: preserve;\">Comme une condition essentielle de d\u00e9part, Estanter\u00edas Record se pourvoit des <span style=\"font-weight: bolder;\">meilleures mati\u00e8res premi\u00e8res <\/span>disponibles, toujours <span style=\"font-weight: bolder;\">certifi\u00e9es \u00e0 l&rsquo;origine <\/span>et conformes, non seulement aux normes r\u00e9glementaires techniques les plus s\u00e9v\u00e8res, mais aussi \u00e0 ses propres normes de qualit\u00e9 \u00e9tablies en vue d&rsquo;obtenir les meilleurs r\u00e9sultats.<\/span><\/p><p style=\"font-family: Roboto, sans-serif;\">Des d\u00e9cennies d&rsquo;exp\u00e9rience industrielle se traduisent par une gamme de produits largement appr\u00e9ci\u00e9s sur le march\u00e9 de par l&rsquo;e<span style=\"font-weight: bolder;\">xcellence de leur conception, leur finition et leur importante valeur ajout\u00e9e.<\/span><\/p><p style=\"font-family: Roboto, sans-serif;\">Les politiques d&rsquo;entreprise de <span style=\"font-weight: bolder;\">renouvellement et d&rsquo;am\u00e9lioration permanents<\/span> de la production d\u00e9terminent une capacit\u00e9 totale de fabrication excellente, et qui ne cesse de s&rsquo;accro\u00eetre. Elles permettent \u00e9galement de mener de front des programmes de fabrication standard et la production la plus sp\u00e9cialis\u00e9e, sur demande, pour des lots tr\u00e8s pr\u00e9cis et m\u00eame pratiquement \u00e0 la pi\u00e8ce. <\/p><p style=\"font-family: Roboto, sans-serif;\">Ainsi donc, Estanter\u00edas Record se postule comme une des organisations de production les plus performantes et les mieux accr\u00e9dit\u00e9es de l&rsquo;horizon international. <\/p>\t\t\t\t\t\t\t\t<\/div>\n\t\t\t\t<\/div>\n\t\t\t\t\t<\/div>\n\t\t\t\t<\/div>\n\t\t\t\t<\/div>\n\t\t\t\t\t<\/div>\n\t\t\t\t<\/div>\n\t\t\t\t<\/div>\n\t\t","protected":false},"excerpt":{"rendered":"<p>Vous \u00eates ici:&nbsp; Estanter\u00edas Record est une firme sp\u00e9cialis\u00e9e dans la conception, la fabrication et \u00e0 la fourniture d&rsquo;une vaste gamme de produits r\u00e9pondant \u00e0 des besoins en tout genre en mati\u00e8re d&rsquo;entreposage, des simples rayonnages l\u00e9gers aux structures industrielles destin\u00e9es aux demandes les plus exigeantes. Chaque pi\u00e8ce a une mission pr\u00e9cise pour laquelle elle [&hellip;]<\/p>\n","protected":false},"author":5,"featured_media":0,"parent":14909,"menu_order":0,"comment_status":"closed","ping_status":"closed","template":"","meta":{"_acf_changed":false,"_joinchat":[],"footnotes":""},"class_list":["post-15049","page","type-page","status-publish","hentry"],"acf":[],"yoast_head":"<!-- This site is optimized with the Yoast SEO plugin v27.0 - https:\/\/yoast.com\/product\/yoast-seo-wordpress\/ -->\n<title>Fabrication | Estanter\u00edas Record<\/title>\n<meta name=\"robots\" content=\"index, follow, max-snippet:-1, max-image-preview:large, max-video-preview:-1\" \/>\n<link rel=\"canonical\" href=\"https:\/\/estanteriasrecord.com\/fr\/entreprise\/fabrication\" \/>\n<meta property=\"og:locale\" content=\"fr_FR\" \/>\n<meta property=\"og:type\" content=\"article\" \/>\n<meta property=\"og:title\" content=\"Fabrication | Estanter\u00edas Record\" \/>\n<meta property=\"og:description\" content=\"Vous \u00eates ici:&nbsp; Estanter\u00edas Record est une firme sp\u00e9cialis\u00e9e dans la conception, la fabrication et \u00e0 la fourniture d&rsquo;une vaste gamme de produits r\u00e9pondant \u00e0 des besoins en tout genre en mati\u00e8re d&rsquo;entreposage, des simples rayonnages l\u00e9gers aux structures industrielles destin\u00e9es aux demandes les plus exigeantes. Chaque pi\u00e8ce a une mission pr\u00e9cise pour laquelle elle [&hellip;]\" \/>\n<meta property=\"og:url\" content=\"https:\/\/estanteriasrecord.com\/fr\/entreprise\/fabrication\" \/>\n<meta property=\"og:site_name\" content=\"Estanter\u00edas Record\" \/>\n<meta property=\"article:publisher\" content=\"https:\/\/www.facebook.com\/estanteriasrecord\/\" \/>\n<meta property=\"article:modified_time\" content=\"2025-05-05T08:54:23+00:00\" \/>\n<meta property=\"og:image\" content=\"https:\/\/estanteriasrecord.com\/wp-content\/uploads\/2024\/04\/fabricacion_RECORD_1-1517843296.jpg\" \/>\n\t<meta property=\"og:image:width\" content=\"1058\" \/>\n\t<meta property=\"og:image:height\" content=\"525\" \/>\n\t<meta property=\"og:image:type\" content=\"image\/jpeg\" \/>\n<meta name=\"twitter:card\" content=\"summary_large_image\" \/>\n<meta name=\"twitter:label1\" content=\"Dur\u00e9e de lecture estim\u00e9e\" \/>\n\t<meta name=\"twitter:data1\" content=\"3 minutes\" \/>\n<script type=\"application\/ld+json\" class=\"yoast-schema-graph\">{\"@context\":\"https:\/\/schema.org\",\"@graph\":[{\"@type\":\"WebPage\",\"@id\":\"https:\/\/estanteriasrecord.com\/fr\/entreprise\/fabrication\",\"url\":\"https:\/\/estanteriasrecord.com\/fr\/entreprise\/fabrication\",\"name\":\"Fabrication | Estanter\u00edas Record\",\"isPartOf\":{\"@id\":\"https:\/\/estanteriasrecord.com\/fr#website\"},\"primaryImageOfPage\":{\"@id\":\"https:\/\/estanteriasrecord.com\/fr\/entreprise\/fabrication#primaryimage\"},\"image\":{\"@id\":\"https:\/\/estanteriasrecord.com\/fr\/entreprise\/fabrication#primaryimage\"},\"thumbnailUrl\":\"https:\/\/estanteriasrecord.com\/wp-content\/uploads\/2024\/04\/fabricacion_RECORD_1-1517843296.jpg\",\"datePublished\":\"2024-05-27T05:17:25+00:00\",\"dateModified\":\"2025-05-05T08:54:23+00:00\",\"breadcrumb\":{\"@id\":\"https:\/\/estanteriasrecord.com\/fr\/entreprise\/fabrication#breadcrumb\"},\"inLanguage\":\"fr-FR\",\"potentialAction\":[{\"@type\":\"ReadAction\",\"target\":[\"https:\/\/estanteriasrecord.com\/fr\/entreprise\/fabrication\"]}]},{\"@type\":\"ImageObject\",\"inLanguage\":\"fr-FR\",\"@id\":\"https:\/\/estanteriasrecord.com\/fr\/entreprise\/fabrication#primaryimage\",\"url\":\"https:\/\/estanteriasrecord.com\/wp-content\/uploads\/2024\/04\/fabricacion_RECORD_1-1517843296.jpg\",\"contentUrl\":\"https:\/\/estanteriasrecord.com\/wp-content\/uploads\/2024\/04\/fabricacion_RECORD_1-1517843296.jpg\"},{\"@type\":\"BreadcrumbList\",\"@id\":\"https:\/\/estanteriasrecord.com\/fr\/entreprise\/fabrication#breadcrumb\",\"itemListElement\":[{\"@type\":\"ListItem\",\"position\":1,\"name\":\"Portada\",\"item\":\"https:\/\/estanteriasrecord.com\/fr\/estanterias-record\"},{\"@type\":\"ListItem\",\"position\":2,\"name\":\"Enterprise\",\"item\":\"https:\/\/estanteriasrecord.com\/fr\/entreprise\"},{\"@type\":\"ListItem\",\"position\":3,\"name\":\"Fabrication\"}]},{\"@type\":\"WebSite\",\"@id\":\"https:\/\/estanteriasrecord.com\/fr#website\",\"url\":\"https:\/\/estanteriasrecord.com\/fr\",\"name\":\"Estanter\u00edas Record\",\"description\":\"Sistemas eficientes de almacenamiento\",\"publisher\":{\"@id\":\"https:\/\/estanteriasrecord.com\/fr#organization\"},\"potentialAction\":[{\"@type\":\"SearchAction\",\"target\":{\"@type\":\"EntryPoint\",\"urlTemplate\":\"https:\/\/estanteriasrecord.com\/fr?s={search_term_string}\"},\"query-input\":{\"@type\":\"PropertyValueSpecification\",\"valueRequired\":true,\"valueName\":\"search_term_string\"}}],\"inLanguage\":\"fr-FR\"},{\"@type\":\"Organization\",\"@id\":\"https:\/\/estanteriasrecord.com\/fr#organization\",\"name\":\"Estanter\u00edas Record\",\"url\":\"https:\/\/estanteriasrecord.com\/fr\",\"logo\":{\"@type\":\"ImageObject\",\"inLanguage\":\"fr-FR\",\"@id\":\"https:\/\/estanteriasrecord.com\/fr#\/schema\/logo\/image\/\",\"url\":\"https:\/\/estanteriasrecord.com\/wp-content\/uploads\/2024\/03\/logo_cab_doc.png\",\"contentUrl\":\"https:\/\/estanteriasrecord.com\/wp-content\/uploads\/2024\/03\/logo_cab_doc.png\",\"width\":250,\"height\":119,\"caption\":\"Estanter\u00edas Record\"},\"image\":{\"@id\":\"https:\/\/estanteriasrecord.com\/fr#\/schema\/logo\/image\/\"},\"sameAs\":[\"https:\/\/www.facebook.com\/estanteriasrecord\/\"]}]}<\/script>\n<!-- \/ Yoast SEO plugin. -->","yoast_head_json":{"title":"Fabrication | Estanter\u00edas Record","robots":{"index":"index","follow":"follow","max-snippet":"max-snippet:-1","max-image-preview":"max-image-preview:large","max-video-preview":"max-video-preview:-1"},"canonical":"https:\/\/estanteriasrecord.com\/fr\/entreprise\/fabrication","og_locale":"fr_FR","og_type":"article","og_title":"Fabrication | Estanter\u00edas Record","og_description":"Vous \u00eates ici:&nbsp; Estanter\u00edas Record est une firme sp\u00e9cialis\u00e9e dans la conception, la fabrication et \u00e0 la fourniture d&rsquo;une vaste gamme de produits r\u00e9pondant \u00e0 des besoins en tout genre en mati\u00e8re d&rsquo;entreposage, des simples rayonnages l\u00e9gers aux structures industrielles destin\u00e9es aux demandes les plus exigeantes. Chaque pi\u00e8ce a une mission pr\u00e9cise pour laquelle elle [&hellip;]","og_url":"https:\/\/estanteriasrecord.com\/fr\/entreprise\/fabrication","og_site_name":"Estanter\u00edas Record","article_publisher":"https:\/\/www.facebook.com\/estanteriasrecord\/","article_modified_time":"2025-05-05T08:54:23+00:00","og_image":[{"width":1058,"height":525,"url":"https:\/\/estanteriasrecord.com\/wp-content\/uploads\/2024\/04\/fabricacion_RECORD_1-1517843296.jpg","type":"image\/jpeg"}],"twitter_card":"summary_large_image","twitter_misc":{"Dur\u00e9e de lecture estim\u00e9e":"3 minutes"},"schema":{"@context":"https:\/\/schema.org","@graph":[{"@type":"WebPage","@id":"https:\/\/estanteriasrecord.com\/fr\/entreprise\/fabrication","url":"https:\/\/estanteriasrecord.com\/fr\/entreprise\/fabrication","name":"Fabrication | Estanter\u00edas Record","isPartOf":{"@id":"https:\/\/estanteriasrecord.com\/fr#website"},"primaryImageOfPage":{"@id":"https:\/\/estanteriasrecord.com\/fr\/entreprise\/fabrication#primaryimage"},"image":{"@id":"https:\/\/estanteriasrecord.com\/fr\/entreprise\/fabrication#primaryimage"},"thumbnailUrl":"https:\/\/estanteriasrecord.com\/wp-content\/uploads\/2024\/04\/fabricacion_RECORD_1-1517843296.jpg","datePublished":"2024-05-27T05:17:25+00:00","dateModified":"2025-05-05T08:54:23+00:00","breadcrumb":{"@id":"https:\/\/estanteriasrecord.com\/fr\/entreprise\/fabrication#breadcrumb"},"inLanguage":"fr-FR","potentialAction":[{"@type":"ReadAction","target":["https:\/\/estanteriasrecord.com\/fr\/entreprise\/fabrication"]}]},{"@type":"ImageObject","inLanguage":"fr-FR","@id":"https:\/\/estanteriasrecord.com\/fr\/entreprise\/fabrication#primaryimage","url":"https:\/\/estanteriasrecord.com\/wp-content\/uploads\/2024\/04\/fabricacion_RECORD_1-1517843296.jpg","contentUrl":"https:\/\/estanteriasrecord.com\/wp-content\/uploads\/2024\/04\/fabricacion_RECORD_1-1517843296.jpg"},{"@type":"BreadcrumbList","@id":"https:\/\/estanteriasrecord.com\/fr\/entreprise\/fabrication#breadcrumb","itemListElement":[{"@type":"ListItem","position":1,"name":"Portada","item":"https:\/\/estanteriasrecord.com\/fr\/estanterias-record"},{"@type":"ListItem","position":2,"name":"Enterprise","item":"https:\/\/estanteriasrecord.com\/fr\/entreprise"},{"@type":"ListItem","position":3,"name":"Fabrication"}]},{"@type":"WebSite","@id":"https:\/\/estanteriasrecord.com\/fr#website","url":"https:\/\/estanteriasrecord.com\/fr","name":"Estanter\u00edas Record","description":"Sistemas eficientes de almacenamiento","publisher":{"@id":"https:\/\/estanteriasrecord.com\/fr#organization"},"potentialAction":[{"@type":"SearchAction","target":{"@type":"EntryPoint","urlTemplate":"https:\/\/estanteriasrecord.com\/fr?s={search_term_string}"},"query-input":{"@type":"PropertyValueSpecification","valueRequired":true,"valueName":"search_term_string"}}],"inLanguage":"fr-FR"},{"@type":"Organization","@id":"https:\/\/estanteriasrecord.com\/fr#organization","name":"Estanter\u00edas Record","url":"https:\/\/estanteriasrecord.com\/fr","logo":{"@type":"ImageObject","inLanguage":"fr-FR","@id":"https:\/\/estanteriasrecord.com\/fr#\/schema\/logo\/image\/","url":"https:\/\/estanteriasrecord.com\/wp-content\/uploads\/2024\/03\/logo_cab_doc.png","contentUrl":"https:\/\/estanteriasrecord.com\/wp-content\/uploads\/2024\/03\/logo_cab_doc.png","width":250,"height":119,"caption":"Estanter\u00edas Record"},"image":{"@id":"https:\/\/estanteriasrecord.com\/fr#\/schema\/logo\/image\/"},"sameAs":["https:\/\/www.facebook.com\/estanteriasrecord\/"]}]}},"_links":{"self":[{"href":"https:\/\/estanteriasrecord.com\/fr\/wp-json\/wp\/v2\/pages\/15049","targetHints":{"allow":["GET"]}}],"collection":[{"href":"https:\/\/estanteriasrecord.com\/fr\/wp-json\/wp\/v2\/pages"}],"about":[{"href":"https:\/\/estanteriasrecord.com\/fr\/wp-json\/wp\/v2\/types\/page"}],"author":[{"embeddable":true,"href":"https:\/\/estanteriasrecord.com\/fr\/wp-json\/wp\/v2\/users\/5"}],"replies":[{"embeddable":true,"href":"https:\/\/estanteriasrecord.com\/fr\/wp-json\/wp\/v2\/comments?post=15049"}],"version-history":[{"count":3,"href":"https:\/\/estanteriasrecord.com\/fr\/wp-json\/wp\/v2\/pages\/15049\/revisions"}],"predecessor-version":[{"id":19422,"href":"https:\/\/estanteriasrecord.com\/fr\/wp-json\/wp\/v2\/pages\/15049\/revisions\/19422"}],"up":[{"embeddable":true,"href":"https:\/\/estanteriasrecord.com\/fr\/wp-json\/wp\/v2\/pages\/14909"}],"wp:attachment":[{"href":"https:\/\/estanteriasrecord.com\/fr\/wp-json\/wp\/v2\/media?parent=15049"}],"curies":[{"name":"wp","href":"https:\/\/api.w.org\/{rel}","templated":true}]}}