{"id":15055,"date":"2024-05-27T07:17:25","date_gmt":"2024-05-27T05:17:25","guid":{"rendered":"https:\/\/estanteriasrecord.com\/embauche"},"modified":"2025-05-13T09:26:33","modified_gmt":"2025-05-13T07:26:33","slug":"embauche","status":"publish","type":"page","link":"https:\/\/estanteriasrecord.com\/fr\/embauche","title":{"rendered":"Embauche"},"content":{"rendered":"\t\t<div data-elementor-type=\"wp-page\" data-elementor-id=\"15055\" class=\"elementor elementor-15055 elementor-400\" data-elementor-post-type=\"page\">\n\t\t\t\t<div class=\"elementor-element elementor-element-db20cd6 e-flex e-con-boxed e-con e-parent\" data-id=\"db20cd6\" data-element_type=\"container\" data-e-type=\"container\">\n\t\t\t\t\t<div class=\"e-con-inner\">\n\t\t<div class=\"elementor-element elementor-element-b662149 e-con-full e-flex e-con e-child\" data-id=\"b662149\" data-element_type=\"container\" data-e-type=\"container\">\n\t\t\t\t<div class=\"elementor-element elementor-element-4fc82bd elementor-widget elementor-widget-text-editor\" data-id=\"4fc82bd\" data-element_type=\"widget\" data-e-type=\"widget\" data-widget_type=\"text-editor.default\">\n\t\t\t\t<div class=\"elementor-widget-container\">\n\t\t\t\t\t\t\t\t\t<h3 style=\"text-align: left;\"><span style=\"color: #000000;\">Estanter\u00edas Record mise sur une politique sociale bas\u00e9e sur la gestion du talent et les capacit\u00e9s des personnes.<\/span><\/h3><p style=\"text-align: left;\"><span style=\"color: #000000;\">La conviction de l&rsquo;importance d&rsquo;identifier ce talent, de le d\u00e9velopper et de le retenir est un \u00e9l\u00e9ment-cl\u00e9 qui d\u00e9finit des mod\u00e8les sociaux d&rsquo;int\u00e9gration et de diversit\u00e9 comp\u00e9titifs, et c&rsquo;est pourquoi l&rsquo;organisation parie sur une gestion des ressources humaines encourageant la formation et la progression professionnelle en tant que moyen pour cr\u00e9er des connaissances et de la valeur partag\u00e9e.<\/span><\/p>\t\t\t\t\t\t\t\t<\/div>\n\t\t\t\t<\/div>\n\t\t\t\t<div class=\"elementor-element elementor-element-e5b72af elementor-widget elementor-widget-image\" data-id=\"e5b72af\" data-element_type=\"widget\" data-e-type=\"widget\" data-widget_type=\"image.default\">\n\t\t\t\t<div class=\"elementor-widget-container\">\n\t\t\t\t\t\t\t\t\t\t\t\t\t\t\t<img loading=\"lazy\" decoding=\"async\" loading=\"lazy\" width=\"768\" height=\"512\" src=\"https:\/\/estanteriasrecord.com\/wp-content\/uploads\/2024\/11\/empleo-2149300710-768x512.jpg\" class=\"attachment-medium_large size-medium_large wp-image-14745\" alt=\"\" srcset=\"https:\/\/estanteriasrecord.com\/wp-content\/uploads\/2024\/11\/empleo-2149300710-768x512.jpg 768w, https:\/\/estanteriasrecord.com\/wp-content\/uploads\/2024\/11\/empleo-2149300710-300x200.jpg 300w, https:\/\/estanteriasrecord.com\/wp-content\/uploads\/2024\/11\/empleo-2149300710-1024x682.jpg 1024w, https:\/\/estanteriasrecord.com\/wp-content\/uploads\/2024\/11\/empleo-2149300710-1536x1024.jpg 1536w, https:\/\/estanteriasrecord.com\/wp-content\/uploads\/2024\/11\/empleo-2149300710-600x400.jpg 600w, https:\/\/estanteriasrecord.com\/wp-content\/uploads\/2024\/11\/empleo-2149300710.jpg 2000w\" sizes=\"auto, (max-width: 768px) 100vw, 768px\" \/>\t\t\t\t\t\t\t\t\t\t\t\t\t\t\t<\/div>\n\t\t\t\t<\/div>\n\t\t\t\t<div class=\"elementor-element elementor-element-3fe3e90 elementor-widget elementor-widget-text-editor\" data-id=\"3fe3e90\" data-element_type=\"widget\" data-e-type=\"widget\" data-widget_type=\"text-editor.default\">\n\t\t\t\t<div class=\"elementor-widget-container\">\n\t\t\t\t\t\t\t\t\t<p><span style=\"color: #000000;\">Un environnement professionnel participatif et stimulant o\u00f9 les employ\u00e9s partagent les valeurs corporatives et fondent la responsabilit\u00e9 et l&rsquo;engagement envers les objectifs strat\u00e9giques gr\u00e2ce \u00e0 la collaboration et \u00e0 l&rsquo;effort de tous.<\/span><\/p><p><span style=\"color: #000000;\">Si vous \u00eates une personne proactive, d\u00e9sireuse de grandir et d&rsquo;innover et de faire partie d&rsquo;une \u00e9quipe dynamique, contactez notre service RH et envoyez-nous votre CV via l&rsquo;e-mail suivant <span style=\"color: #ff8200;\"><a style=\"color: #ff8200;\" href=\"mailto:empleo@estanteriasrecord.com\"><u>empleo@estanteriasrecord.com<\/u><\/a><\/span> <\/span><\/p>\t\t\t\t\t\t\t\t<\/div>\n\t\t\t\t<\/div>\n\t\t\t\t<div class=\"elementor-element elementor-element-3cb31f1 elementor-align-center elementor-hidden-desktop elementor-hidden-tablet elementor-hidden-mobile elementor-widget elementor-widget-button\" data-id=\"3cb31f1\" data-element_type=\"widget\" data-e-type=\"widget\" data-widget_type=\"button.default\">\n\t\t\t\t<div class=\"elementor-widget-container\">\n\t\t\t\t\t\t\t\t\t<div class=\"elementor-button-wrapper\">\n\t\t\t\t\t<a class=\"elementor-button elementor-button-link elementor-size-sm\" href=\"mailto:example@example.com\">\n\t\t\t\t\t\t<span class=\"elementor-button-content-wrapper\">\n\t\t\t\t\t\t\t\t\t<span class=\"elementor-button-text\">Facilitez-nous votre profil<\/span>\n\t\t\t\t\t<\/span>\n\t\t\t\t\t<\/a>\n\t\t\t\t<\/div>\n\t\t\t\t\t\t\t\t<\/div>\n\t\t\t\t<\/div>\n\t\t\t\t<\/div>\n\t\t<div class=\"elementor-element elementor-element-6db7c61 e-con-full empleo-unico e-flex e-con e-child\" data-id=\"6db7c61\" data-element_type=\"container\" data-e-type=\"container\">\n\t\t\t\t<div class=\"elementor-element elementor-element-f316f04 elementor-arrows-position-inside elementor-widget elementor-widget-loop-carousel\" data-id=\"f316f04\" data-element_type=\"widget\" data-e-type=\"widget\" data-settings=\"{&quot;template_id&quot;:14866,&quot;slides_to_show&quot;:&quot;1&quot;,&quot;image_spacing_custom&quot;:{&quot;unit&quot;:&quot;px&quot;,&quot;size&quot;:0,&quot;sizes&quot;:[]},&quot;_skin&quot;:&quot;post&quot;,&quot;slides_to_show_tablet&quot;:&quot;2&quot;,&quot;slides_to_show_mobile&quot;:&quot;1&quot;,&quot;slides_to_scroll&quot;:&quot;1&quot;,&quot;edit_handle_selector&quot;:&quot;.elementor-loop-container&quot;,&quot;infinite&quot;:&quot;yes&quot;,&quot;speed&quot;:500,&quot;offset_sides&quot;:&quot;none&quot;,&quot;arrows&quot;:&quot;yes&quot;,&quot;image_spacing_custom_tablet&quot;:{&quot;unit&quot;:&quot;px&quot;,&quot;size&quot;:&quot;&quot;,&quot;sizes&quot;:[]},&quot;image_spacing_custom_mobile&quot;:{&quot;unit&quot;:&quot;px&quot;,&quot;size&quot;:&quot;&quot;,&quot;sizes&quot;:[]}}\" data-widget_type=\"loop-carousel.post\">\n\t\t\t\t<div class=\"elementor-widget-container\">\n\t\t\t\t\t\t\t<div class=\"e-loop-nothing-found-message\">\n\t\t<\/div>\n\t\t\t\t\t\t<\/div>\n\t\t\t\t<\/div>\n\t\t\t\t<\/div>\n\t\t\t\t\t<\/div>\n\t\t\t\t<\/div>\n\t\t\t\t<\/div>\n\t\t","protected":false},"excerpt":{"rendered":"<p>Estanter\u00edas Record mise sur une politique sociale bas\u00e9e sur la gestion du talent et les capacit\u00e9s des personnes. La conviction de l&rsquo;importance d&rsquo;identifier ce talent, de le d\u00e9velopper et de le retenir est un \u00e9l\u00e9ment-cl\u00e9 qui d\u00e9finit des mod\u00e8les sociaux d&rsquo;int\u00e9gration et de diversit\u00e9 comp\u00e9titifs, et c&rsquo;est pourquoi l&rsquo;organisation parie sur une gestion des ressources [&hellip;]<\/p>\n","protected":false},"author":5,"featured_media":0,"parent":0,"menu_order":0,"comment_status":"closed","ping_status":"closed","template":"","meta":{"_acf_changed":false,"_joinchat":[],"footnotes":""},"class_list":["post-15055","page","type-page","status-publish","hentry"],"acf":[],"yoast_head":"<!-- This site is optimized with the Yoast SEO plugin v27.0 - https:\/\/yoast.com\/product\/yoast-seo-wordpress\/ -->\n<title>Embauche | Estanter\u00edas Record<\/title>\n<meta name=\"robots\" content=\"index, follow, max-snippet:-1, max-image-preview:large, max-video-preview:-1\" \/>\n<link rel=\"canonical\" href=\"https:\/\/estanteriasrecord.com\/fr\/embauche\" \/>\n<meta property=\"og:locale\" content=\"fr_FR\" \/>\n<meta property=\"og:type\" content=\"article\" \/>\n<meta property=\"og:title\" content=\"Embauche | Estanter\u00edas Record\" \/>\n<meta property=\"og:description\" content=\"Estanter\u00edas Record mise sur une politique sociale bas\u00e9e sur la gestion du talent et les capacit\u00e9s des personnes. La conviction de l&rsquo;importance d&rsquo;identifier ce talent, de le d\u00e9velopper et de le retenir est un \u00e9l\u00e9ment-cl\u00e9 qui d\u00e9finit des mod\u00e8les sociaux d&rsquo;int\u00e9gration et de diversit\u00e9 comp\u00e9titifs, et c&rsquo;est pourquoi l&rsquo;organisation parie sur une gestion des ressources [&hellip;]\" \/>\n<meta property=\"og:url\" content=\"https:\/\/estanteriasrecord.com\/fr\/embauche\" \/>\n<meta property=\"og:site_name\" content=\"Estanter\u00edas Record\" \/>\n<meta property=\"article:publisher\" content=\"https:\/\/www.facebook.com\/estanteriasrecord\/\" \/>\n<meta property=\"article:modified_time\" content=\"2025-05-13T07:26:33+00:00\" \/>\n<meta property=\"og:image\" content=\"https:\/\/estanteriasrecord.com\/wp-content\/uploads\/2024\/11\/empleo-2149300710.jpg\" \/>\n\t<meta property=\"og:image:width\" content=\"2000\" \/>\n\t<meta property=\"og:image:height\" content=\"1333\" \/>\n\t<meta property=\"og:image:type\" content=\"image\/jpeg\" \/>\n<meta name=\"twitter:card\" content=\"summary_large_image\" \/>\n<meta name=\"twitter:label1\" content=\"Dur\u00e9e de lecture estim\u00e9e\" \/>\n\t<meta name=\"twitter:data1\" content=\"1 minute\" \/>\n<script type=\"application\/ld+json\" class=\"yoast-schema-graph\">{\"@context\":\"https:\/\/schema.org\",\"@graph\":[{\"@type\":\"WebPage\",\"@id\":\"https:\/\/estanteriasrecord.com\/fr\/embauche\",\"url\":\"https:\/\/estanteriasrecord.com\/fr\/embauche\",\"name\":\"Embauche | Estanter\u00edas Record\",\"isPartOf\":{\"@id\":\"https:\/\/estanteriasrecord.com\/fr#website\"},\"primaryImageOfPage\":{\"@id\":\"https:\/\/estanteriasrecord.com\/fr\/embauche#primaryimage\"},\"image\":{\"@id\":\"https:\/\/estanteriasrecord.com\/fr\/embauche#primaryimage\"},\"thumbnailUrl\":\"https:\/\/estanteriasrecord.com\/wp-content\/uploads\/2024\/11\/empleo-2149300710-768x512.jpg\",\"datePublished\":\"2024-05-27T05:17:25+00:00\",\"dateModified\":\"2025-05-13T07:26:33+00:00\",\"breadcrumb\":{\"@id\":\"https:\/\/estanteriasrecord.com\/fr\/embauche#breadcrumb\"},\"inLanguage\":\"fr-FR\",\"potentialAction\":[{\"@type\":\"ReadAction\",\"target\":[\"https:\/\/estanteriasrecord.com\/fr\/embauche\"]}]},{\"@type\":\"ImageObject\",\"inLanguage\":\"fr-FR\",\"@id\":\"https:\/\/estanteriasrecord.com\/fr\/embauche#primaryimage\",\"url\":\"https:\/\/estanteriasrecord.com\/wp-content\/uploads\/2024\/11\/empleo-2149300710-768x512.jpg\",\"contentUrl\":\"https:\/\/estanteriasrecord.com\/wp-content\/uploads\/2024\/11\/empleo-2149300710-768x512.jpg\"},{\"@type\":\"BreadcrumbList\",\"@id\":\"https:\/\/estanteriasrecord.com\/fr\/embauche#breadcrumb\",\"itemListElement\":[{\"@type\":\"ListItem\",\"position\":1,\"name\":\"Portada\",\"item\":\"https:\/\/estanteriasrecord.com\/fr\/estanterias-record\"},{\"@type\":\"ListItem\",\"position\":2,\"name\":\"Embauche\"}]},{\"@type\":\"WebSite\",\"@id\":\"https:\/\/estanteriasrecord.com\/fr#website\",\"url\":\"https:\/\/estanteriasrecord.com\/fr\",\"name\":\"Estanter\u00edas Record\",\"description\":\"Sistemas eficientes de almacenamiento\",\"publisher\":{\"@id\":\"https:\/\/estanteriasrecord.com\/fr#organization\"},\"potentialAction\":[{\"@type\":\"SearchAction\",\"target\":{\"@type\":\"EntryPoint\",\"urlTemplate\":\"https:\/\/estanteriasrecord.com\/fr?s={search_term_string}\"},\"query-input\":{\"@type\":\"PropertyValueSpecification\",\"valueRequired\":true,\"valueName\":\"search_term_string\"}}],\"inLanguage\":\"fr-FR\"},{\"@type\":\"Organization\",\"@id\":\"https:\/\/estanteriasrecord.com\/fr#organization\",\"name\":\"Estanter\u00edas Record\",\"url\":\"https:\/\/estanteriasrecord.com\/fr\",\"logo\":{\"@type\":\"ImageObject\",\"inLanguage\":\"fr-FR\",\"@id\":\"https:\/\/estanteriasrecord.com\/fr#\/schema\/logo\/image\/\",\"url\":\"https:\/\/estanteriasrecord.com\/wp-content\/uploads\/2024\/03\/logo_cab_doc.png\",\"contentUrl\":\"https:\/\/estanteriasrecord.com\/wp-content\/uploads\/2024\/03\/logo_cab_doc.png\",\"width\":250,\"height\":119,\"caption\":\"Estanter\u00edas Record\"},\"image\":{\"@id\":\"https:\/\/estanteriasrecord.com\/fr#\/schema\/logo\/image\/\"},\"sameAs\":[\"https:\/\/www.facebook.com\/estanteriasrecord\/\"]}]}<\/script>\n<!-- \/ Yoast SEO plugin. -->","yoast_head_json":{"title":"Embauche | Estanter\u00edas Record","robots":{"index":"index","follow":"follow","max-snippet":"max-snippet:-1","max-image-preview":"max-image-preview:large","max-video-preview":"max-video-preview:-1"},"canonical":"https:\/\/estanteriasrecord.com\/fr\/embauche","og_locale":"fr_FR","og_type":"article","og_title":"Embauche | Estanter\u00edas Record","og_description":"Estanter\u00edas Record mise sur une politique sociale bas\u00e9e sur la gestion du talent et les capacit\u00e9s des personnes. La conviction de l&rsquo;importance d&rsquo;identifier ce talent, de le d\u00e9velopper et de le retenir est un \u00e9l\u00e9ment-cl\u00e9 qui d\u00e9finit des mod\u00e8les sociaux d&rsquo;int\u00e9gration et de diversit\u00e9 comp\u00e9titifs, et c&rsquo;est pourquoi l&rsquo;organisation parie sur une gestion des ressources [&hellip;]","og_url":"https:\/\/estanteriasrecord.com\/fr\/embauche","og_site_name":"Estanter\u00edas Record","article_publisher":"https:\/\/www.facebook.com\/estanteriasrecord\/","article_modified_time":"2025-05-13T07:26:33+00:00","og_image":[{"width":2000,"height":1333,"url":"https:\/\/estanteriasrecord.com\/wp-content\/uploads\/2024\/11\/empleo-2149300710.jpg","type":"image\/jpeg"}],"twitter_card":"summary_large_image","twitter_misc":{"Dur\u00e9e de lecture estim\u00e9e":"1 minute"},"schema":{"@context":"https:\/\/schema.org","@graph":[{"@type":"WebPage","@id":"https:\/\/estanteriasrecord.com\/fr\/embauche","url":"https:\/\/estanteriasrecord.com\/fr\/embauche","name":"Embauche | Estanter\u00edas Record","isPartOf":{"@id":"https:\/\/estanteriasrecord.com\/fr#website"},"primaryImageOfPage":{"@id":"https:\/\/estanteriasrecord.com\/fr\/embauche#primaryimage"},"image":{"@id":"https:\/\/estanteriasrecord.com\/fr\/embauche#primaryimage"},"thumbnailUrl":"https:\/\/estanteriasrecord.com\/wp-content\/uploads\/2024\/11\/empleo-2149300710-768x512.jpg","datePublished":"2024-05-27T05:17:25+00:00","dateModified":"2025-05-13T07:26:33+00:00","breadcrumb":{"@id":"https:\/\/estanteriasrecord.com\/fr\/embauche#breadcrumb"},"inLanguage":"fr-FR","potentialAction":[{"@type":"ReadAction","target":["https:\/\/estanteriasrecord.com\/fr\/embauche"]}]},{"@type":"ImageObject","inLanguage":"fr-FR","@id":"https:\/\/estanteriasrecord.com\/fr\/embauche#primaryimage","url":"https:\/\/estanteriasrecord.com\/wp-content\/uploads\/2024\/11\/empleo-2149300710-768x512.jpg","contentUrl":"https:\/\/estanteriasrecord.com\/wp-content\/uploads\/2024\/11\/empleo-2149300710-768x512.jpg"},{"@type":"BreadcrumbList","@id":"https:\/\/estanteriasrecord.com\/fr\/embauche#breadcrumb","itemListElement":[{"@type":"ListItem","position":1,"name":"Portada","item":"https:\/\/estanteriasrecord.com\/fr\/estanterias-record"},{"@type":"ListItem","position":2,"name":"Embauche"}]},{"@type":"WebSite","@id":"https:\/\/estanteriasrecord.com\/fr#website","url":"https:\/\/estanteriasrecord.com\/fr","name":"Estanter\u00edas Record","description":"Sistemas eficientes de almacenamiento","publisher":{"@id":"https:\/\/estanteriasrecord.com\/fr#organization"},"potentialAction":[{"@type":"SearchAction","target":{"@type":"EntryPoint","urlTemplate":"https:\/\/estanteriasrecord.com\/fr?s={search_term_string}"},"query-input":{"@type":"PropertyValueSpecification","valueRequired":true,"valueName":"search_term_string"}}],"inLanguage":"fr-FR"},{"@type":"Organization","@id":"https:\/\/estanteriasrecord.com\/fr#organization","name":"Estanter\u00edas Record","url":"https:\/\/estanteriasrecord.com\/fr","logo":{"@type":"ImageObject","inLanguage":"fr-FR","@id":"https:\/\/estanteriasrecord.com\/fr#\/schema\/logo\/image\/","url":"https:\/\/estanteriasrecord.com\/wp-content\/uploads\/2024\/03\/logo_cab_doc.png","contentUrl":"https:\/\/estanteriasrecord.com\/wp-content\/uploads\/2024\/03\/logo_cab_doc.png","width":250,"height":119,"caption":"Estanter\u00edas Record"},"image":{"@id":"https:\/\/estanteriasrecord.com\/fr#\/schema\/logo\/image\/"},"sameAs":["https:\/\/www.facebook.com\/estanteriasrecord\/"]}]}},"_links":{"self":[{"href":"https:\/\/estanteriasrecord.com\/fr\/wp-json\/wp\/v2\/pages\/15055","targetHints":{"allow":["GET"]}}],"collection":[{"href":"https:\/\/estanteriasrecord.com\/fr\/wp-json\/wp\/v2\/pages"}],"about":[{"href":"https:\/\/estanteriasrecord.com\/fr\/wp-json\/wp\/v2\/types\/page"}],"author":[{"embeddable":true,"href":"https:\/\/estanteriasrecord.com\/fr\/wp-json\/wp\/v2\/users\/5"}],"replies":[{"embeddable":true,"href":"https:\/\/estanteriasrecord.com\/fr\/wp-json\/wp\/v2\/comments?post=15055"}],"version-history":[{"count":3,"href":"https:\/\/estanteriasrecord.com\/fr\/wp-json\/wp\/v2\/pages\/15055\/revisions"}],"predecessor-version":[{"id":19690,"href":"https:\/\/estanteriasrecord.com\/fr\/wp-json\/wp\/v2\/pages\/15055\/revisions\/19690"}],"wp:attachment":[{"href":"https:\/\/estanteriasrecord.com\/fr\/wp-json\/wp\/v2\/media?parent=15055"}],"curies":[{"name":"wp","href":"https:\/\/api.w.org\/{rel}","templated":true}]}}