{"id":15057,"date":"2024-05-27T07:17:25","date_gmt":"2024-05-27T05:17:25","guid":{"rendered":"https:\/\/estanteriasrecord.com\/entreprise\/experience"},"modified":"2025-05-05T10:52:31","modified_gmt":"2025-05-05T08:52:31","slug":"experience","status":"publish","type":"page","link":"https:\/\/estanteriasrecord.com\/fr\/entreprise\/experience","title":{"rendered":"Exp\u00e9rience"},"content":{"rendered":"\t\t<div data-elementor-type=\"wp-page\" data-elementor-id=\"15057\" class=\"elementor elementor-15057 elementor-872\" data-elementor-post-type=\"page\">\n\t\t\t\t<div class=\"elementor-element elementor-element-78436384 e-con-full e-flex e-con e-parent\" data-id=\"78436384\" data-element_type=\"container\" data-e-type=\"container\" data-settings=\"{&quot;background_background&quot;:&quot;classic&quot;}\">\n\t\t\t\t<div class=\"elementor-element elementor-element-39b6d0cd elementor-widget elementor-widget-image\" data-id=\"39b6d0cd\" data-element_type=\"widget\" data-e-type=\"widget\" data-widget_type=\"image.default\">\n\t\t\t\t<div class=\"elementor-widget-container\">\n\t\t\t\t\t\t\t\t\t\t\t\t\t\t\t<img loading=\"lazy\" decoding=\"async\" loading=\"lazy\" width=\"2560\" height=\"1920\" src=\"https:\/\/estanteriasrecord.com\/wp-content\/uploads\/2024\/11\/experiencia-estanterias-record-scaled.jpg\" class=\"attachment-full size-full wp-image-15268\" alt=\"Experiencia\" srcset=\"https:\/\/estanteriasrecord.com\/wp-content\/uploads\/2024\/11\/experiencia-estanterias-record-scaled.jpg 2560w, https:\/\/estanteriasrecord.com\/wp-content\/uploads\/2024\/11\/experiencia-estanterias-record-300x225.jpg 300w, https:\/\/estanteriasrecord.com\/wp-content\/uploads\/2024\/11\/experiencia-estanterias-record-1024x768.jpg 1024w, https:\/\/estanteriasrecord.com\/wp-content\/uploads\/2024\/11\/experiencia-estanterias-record-768x576.jpg 768w, https:\/\/estanteriasrecord.com\/wp-content\/uploads\/2024\/11\/experiencia-estanterias-record-1536x1152.jpg 1536w, https:\/\/estanteriasrecord.com\/wp-content\/uploads\/2024\/11\/experiencia-estanterias-record-2048x1536.jpg 2048w, https:\/\/estanteriasrecord.com\/wp-content\/uploads\/2024\/11\/experiencia-estanterias-record-600x450.jpg 600w\" sizes=\"auto, (max-width: 2560px) 100vw, 2560px\" \/>\t\t\t\t\t\t\t\t\t\t\t\t\t\t\t<\/div>\n\t\t\t\t<\/div>\n\t\t<div class=\"elementor-element elementor-element-31d47df8 e-con-full e-flex e-con e-child\" data-id=\"31d47df8\" data-element_type=\"container\" data-e-type=\"container\" data-settings=\"{&quot;background_background&quot;:&quot;classic&quot;}\">\n\t\t<div class=\"elementor-element elementor-element-76513ec2 e-con-full elementor-hidden-mobile e-flex e-con e-child\" data-id=\"76513ec2\" data-element_type=\"container\" data-e-type=\"container\">\n\t\t\t\t<div class=\"elementor-element elementor-element-23dcc764 elementor-widget elementor-widget-text-editor\" data-id=\"23dcc764\" data-element_type=\"widget\" data-e-type=\"widget\" data-widget_type=\"text-editor.default\">\n\t\t\t\t<div class=\"elementor-widget-container\">\n\t\t\t\t\t\t\t\t\t<p>Vous \u00eates ici:&nbsp; <\/p>\t\t\t\t\t\t\t\t<\/div>\n\t\t\t\t<\/div>\n\t\t\t\t<div class=\"elementor-element elementor-element-63e688be elementor-widget elementor-widget-woocommerce-breadcrumb\" data-id=\"63e688be\" data-element_type=\"widget\" data-e-type=\"widget\" data-widget_type=\"woocommerce-breadcrumb.default\">\n\t\t\t\t<div class=\"elementor-widget-container\">\n\t\t\t\t\t<nav class=\"woocommerce-breadcrumb\" aria-label=\"Breadcrumb\">Accueil<\/nav>\t\t\t\t<\/div>\n\t\t\t\t<\/div>\n\t\t\t\t<\/div>\n\t\t\t\t<\/div>\n\t\t\t\t<\/div>\n\t\t<div class=\"elementor-element elementor-element-3192da6e e-flex e-con-boxed e-con e-parent\" data-id=\"3192da6e\" data-element_type=\"container\" data-e-type=\"container\">\n\t\t\t\t\t<div class=\"e-con-inner\">\n\t\t<div class=\"elementor-element elementor-element-7455d665 e-flex e-con-boxed e-con e-child\" data-id=\"7455d665\" data-element_type=\"container\" data-e-type=\"container\">\n\t\t\t\t\t<div class=\"e-con-inner\">\n\t\t\t\t<div class=\"elementor-element elementor-element-6ecccb98 elementor-widget__width-inherit elementor-widget elementor-widget-image\" data-id=\"6ecccb98\" data-element_type=\"widget\" data-e-type=\"widget\" data-widget_type=\"image.default\">\n\t\t\t\t<div class=\"elementor-widget-container\">\n\t\t\t\t\t\t\t\t\t\t\t\t\t\t\t<img loading=\"lazy\" decoding=\"async\" loading=\"lazy\" width=\"1280\" height=\"387\" src=\"https:\/\/estanteriasrecord.com\/wp-content\/uploads\/2024\/04\/referencias_record.jpg\" class=\"attachment-full size-full wp-image-13457\" alt=\"Referencias\" srcset=\"https:\/\/estanteriasrecord.com\/wp-content\/uploads\/2024\/04\/referencias_record.jpg 1280w, https:\/\/estanteriasrecord.com\/wp-content\/uploads\/2024\/04\/referencias_record-300x91.jpg 300w, https:\/\/estanteriasrecord.com\/wp-content\/uploads\/2024\/04\/referencias_record-1024x310.jpg 1024w, https:\/\/estanteriasrecord.com\/wp-content\/uploads\/2024\/04\/referencias_record-768x232.jpg 768w, https:\/\/estanteriasrecord.com\/wp-content\/uploads\/2024\/04\/referencias_record-600x181.jpg 600w\" sizes=\"auto, (max-width: 1280px) 100vw, 1280px\" \/>\t\t\t\t\t\t\t\t\t\t\t\t\t\t\t<\/div>\n\t\t\t\t<\/div>\n\t\t<div class=\"elementor-element elementor-element-356f0dfe e-flex e-con-boxed e-con e-child\" data-id=\"356f0dfe\" data-element_type=\"container\" data-e-type=\"container\" data-settings=\"{&quot;background_background&quot;:&quot;classic&quot;}\">\n\t\t\t\t\t<div class=\"e-con-inner\">\n\t\t\t\t<div class=\"elementor-element elementor-element-516dc669 elementor-widget elementor-widget-text-editor\" data-id=\"516dc669\" data-element_type=\"widget\" data-e-type=\"widget\" data-widget_type=\"text-editor.default\">\n\t\t\t\t<div class=\"elementor-widget-container\">\n\t\t\t\t\t\t\t\t\t<p><span lang=\"es-ES\" style=\"font-family: Roboto, sans-serif;\">Estanter\u00edas Record a \u00e9t\u00e9 fond\u00e9 en 1978. Au d\u00e9part, la soci\u00e9t\u00e9 fabriquait de petits rayonnages pour le march\u00e9 m\u00e9nager et s&rsquo;occupait de divers travaux de transformation du m\u00e9tal. &nbsp;<\/span><span lang=\"es-ES\" style=\"font-family: Roboto, sans-serif;\"><span style=\"font-weight: bolder;\">merch\u00e9 m\u00e9nager<\/span><\/span><span lang=\"es-ES\" style=\"font-family: Roboto, sans-serif;\">&nbsp;et s&rsquo;occupait de divers travaux de&nbsp;<\/span><span lang=\"es-ES\" style=\"font-family: Roboto, sans-serif;\"><span style=\"font-weight: bolder;\">transformation du m\u00e9tal<\/span><\/span><span lang=\"es-ES\" style=\"font-family: Roboto, sans-serif;\">.<\/span><br><\/p>\t\t\t\t\t\t\t\t<\/div>\n\t\t\t\t<\/div>\n\t\t\t\t\t<\/div>\n\t\t\t\t<\/div>\n\t\t\t\t\t<\/div>\n\t\t\t\t<\/div>\n\t\t<div class=\"elementor-element elementor-element-37117dc4 e-con-full e-flex e-con e-child\" data-id=\"37117dc4\" data-element_type=\"container\" data-e-type=\"container\">\n\t\t\t\t<div class=\"elementor-element elementor-element-482de58d elementor-widget__width-inherit elementor-widget elementor-widget-image\" data-id=\"482de58d\" data-element_type=\"widget\" data-e-type=\"widget\" data-widget_type=\"image.default\">\n\t\t\t\t<div class=\"elementor-widget-container\">\n\t\t\t\t\t\t\t\t\t\t\t\t\t\t\t<img loading=\"lazy\" decoding=\"async\" loading=\"lazy\" width=\"1920\" height=\"1278\" src=\"https:\/\/estanteriasrecord.com\/wp-content\/uploads\/2024\/04\/seguridad_almacen_estanterias_record.jpg\" class=\"attachment-full size-full wp-image-13451\" alt=\"seguridad almac\u00e9n\" srcset=\"https:\/\/estanteriasrecord.com\/wp-content\/uploads\/2024\/04\/seguridad_almacen_estanterias_record.jpg 1920w, https:\/\/estanteriasrecord.com\/wp-content\/uploads\/2024\/04\/seguridad_almacen_estanterias_record-300x200.jpg 300w, https:\/\/estanteriasrecord.com\/wp-content\/uploads\/2024\/04\/seguridad_almacen_estanterias_record-1024x682.jpg 1024w, https:\/\/estanteriasrecord.com\/wp-content\/uploads\/2024\/04\/seguridad_almacen_estanterias_record-768x511.jpg 768w, https:\/\/estanteriasrecord.com\/wp-content\/uploads\/2024\/04\/seguridad_almacen_estanterias_record-1536x1022.jpg 1536w, https:\/\/estanteriasrecord.com\/wp-content\/uploads\/2024\/04\/seguridad_almacen_estanterias_record-600x399.jpg 600w\" sizes=\"auto, (max-width: 1920px) 100vw, 1920px\" \/>\t\t\t\t\t\t\t\t\t\t\t\t\t\t\t<\/div>\n\t\t\t\t<\/div>\n\t\t<div class=\"elementor-element elementor-element-3446b6b3 e-con-full e-flex e-con e-child\" data-id=\"3446b6b3\" data-element_type=\"container\" data-e-type=\"container\" data-settings=\"{&quot;background_background&quot;:&quot;classic&quot;}\">\n\t\t\t\t<div class=\"elementor-element elementor-element-15dd51a8 elementor-widget elementor-widget-text-editor\" data-id=\"15dd51a8\" data-element_type=\"widget\" data-e-type=\"widget\" data-widget_type=\"text-editor.default\">\n\t\t\t\t<div class=\"elementor-widget-container\">\n\t\t\t\t\t\t\t\t\t<p><span lang=\"es-ES\" style=\"font-family: Roboto, sans-serif; text-align: justify;\">Plus tard,<\/span><span lang=\"es-ES\" style=\"font-family: Roboto, sans-serif; text-align: justify;\">il a ax\u00e9 son d\u00e9veloppement <\/span><span lang=\"es-ES\" style=\"font-family: Roboto, sans-serif; text-align: justify;\"><span style=\"font-weight: bolder;\">d\u00e9veloppement productif et commercial<\/span><\/span><span lang=\"es-ES\" style=\"font-family: Roboto, sans-serif; text-align: justify;\"> sur les demandes du <\/span><span lang=\"es-ES\" style=\"font-family: Roboto, sans-serif; text-align: justify;\"><span style=\"font-weight: bolder;\">secteur logistique<\/span><\/span><span lang=\"es-ES\" style=\"font-family: Roboto, sans-serif; text-align: justify;\">, un secteur en croissance permanente car il suit le besoin des entreprises de tous les secteurs d&rsquo;augmenter leur capacit\u00e9 d&rsquo;entreposage et de g\u00e9rer efficacement leurs stocks.<br><\/span><\/p>\t\t\t\t\t\t\t\t<\/div>\n\t\t\t\t<\/div>\n\t\t\t\t<\/div>\n\t\t\t\t<\/div>\n\t\t<div class=\"elementor-element elementor-element-5a54513f e-con-full e-flex e-con e-child\" data-id=\"5a54513f\" data-element_type=\"container\" data-e-type=\"container\">\n\t\t\t\t<div class=\"elementor-element elementor-element-2f035bb1 elementor-widget__width-inherit elementor-widget-mobile__width-auto elementor-widget elementor-widget-image\" data-id=\"2f035bb1\" data-element_type=\"widget\" data-e-type=\"widget\" data-widget_type=\"image.default\">\n\t\t\t\t<div class=\"elementor-widget-container\">\n\t\t\t\t\t\t\t\t\t\t\t\t\t\t\t<img loading=\"lazy\" decoding=\"async\" loading=\"lazy\" width=\"1920\" height=\"1171\" src=\"https:\/\/estanteriasrecord.com\/wp-content\/uploads\/2024\/04\/inventario_eficiente_estanterias_record.jpg\" class=\"attachment-full size-full wp-image-13453\" alt=\"Inventario eficiente\" srcset=\"https:\/\/estanteriasrecord.com\/wp-content\/uploads\/2024\/04\/inventario_eficiente_estanterias_record.jpg 1920w, https:\/\/estanteriasrecord.com\/wp-content\/uploads\/2024\/04\/inventario_eficiente_estanterias_record-300x183.jpg 300w, https:\/\/estanteriasrecord.com\/wp-content\/uploads\/2024\/04\/inventario_eficiente_estanterias_record-1024x625.jpg 1024w, https:\/\/estanteriasrecord.com\/wp-content\/uploads\/2024\/04\/inventario_eficiente_estanterias_record-768x468.jpg 768w, https:\/\/estanteriasrecord.com\/wp-content\/uploads\/2024\/04\/inventario_eficiente_estanterias_record-1536x937.jpg 1536w, https:\/\/estanteriasrecord.com\/wp-content\/uploads\/2024\/04\/inventario_eficiente_estanterias_record-600x366.jpg 600w\" sizes=\"auto, (max-width: 1920px) 100vw, 1920px\" \/>\t\t\t\t\t\t\t\t\t\t\t\t\t\t\t<\/div>\n\t\t\t\t<\/div>\n\t\t<div class=\"elementor-element elementor-element-78b2930c e-flex e-con-boxed e-con e-child\" data-id=\"78b2930c\" data-element_type=\"container\" data-e-type=\"container\" data-settings=\"{&quot;background_background&quot;:&quot;classic&quot;}\">\n\t\t\t\t\t<div class=\"e-con-inner\">\n\t\t\t\t<div class=\"elementor-element elementor-element-160a7e12 elementor-widget elementor-widget-text-editor\" data-id=\"160a7e12\" data-element_type=\"widget\" data-e-type=\"widget\" data-widget_type=\"text-editor.default\">\n\t\t\t\t<div class=\"elementor-widget-container\">\n\t\t\t\t\t\t\t\t\t<p><span style=\"font-family: Roboto, sans-serif;\">Au long de quatre d\u00e9cennies, Estanter\u00edas Record a mis en \u0153uvre des projets en tous genres et de la plus diverse nature pour des clients de toute une vari\u00e9t\u00e9 de secteurs, et a r\u00e9pondu aux besoins particuliers propres \u00e0 chaque cas et \u00e0 chaque situation ;&nbsp;<\/span><span style=\"font-weight: bolder; font-family: Roboto, sans-serif;\">cela lui a permis d&rsquo;acqu\u00e9rir une pr\u00e9cieuse exp\u00e9rience et une connaissance profonde du march\u00e9.<\/span><span style=\"font-family: Roboto, sans-serif;\">&nbsp;Ce sont l\u00e0 les atouts distinctifs actuels du bien faire de notre soci\u00e9t\u00e9.<\/span><br><\/p>\t\t\t\t\t\t\t\t<\/div>\n\t\t\t\t<\/div>\n\t\t\t\t\t<\/div>\n\t\t\t\t<\/div>\n\t\t\t\t<\/div>\n\t\t\t\t\t<\/div>\n\t\t\t\t<\/div>\n\t\t\t\t<\/div>\n\t\t","protected":false},"excerpt":{"rendered":"<p>Vous \u00eates ici:&nbsp; Estanter\u00edas Record a \u00e9t\u00e9 fond\u00e9 en 1978. Au d\u00e9part, la soci\u00e9t\u00e9 fabriquait de petits rayonnages pour le march\u00e9 m\u00e9nager et s&rsquo;occupait de divers travaux de transformation du m\u00e9tal. &nbsp;merch\u00e9 m\u00e9nager&nbsp;et s&rsquo;occupait de divers travaux de&nbsp;transformation du m\u00e9tal. Plus tard,il a ax\u00e9 son d\u00e9veloppement d\u00e9veloppement productif et commercial sur les demandes du secteur [&hellip;]<\/p>\n","protected":false},"author":5,"featured_media":0,"parent":14909,"menu_order":0,"comment_status":"closed","ping_status":"closed","template":"","meta":{"_acf_changed":false,"_joinchat":[],"footnotes":""},"class_list":["post-15057","page","type-page","status-publish","hentry"],"acf":[],"yoast_head":"<!-- This site is optimized with the Yoast SEO plugin v27.0 - https:\/\/yoast.com\/product\/yoast-seo-wordpress\/ -->\n<title>Exp\u00e9rience | Estanter\u00edas Record<\/title>\n<meta name=\"robots\" content=\"index, follow, max-snippet:-1, max-image-preview:large, max-video-preview:-1\" \/>\n<link rel=\"canonical\" href=\"https:\/\/estanteriasrecord.com\/fr\/entreprise\/experience\" \/>\n<meta property=\"og:locale\" content=\"fr_FR\" \/>\n<meta property=\"og:type\" content=\"article\" \/>\n<meta property=\"og:title\" content=\"Exp\u00e9rience | Estanter\u00edas Record\" \/>\n<meta property=\"og:description\" content=\"Vous \u00eates ici:&nbsp; Estanter\u00edas Record a \u00e9t\u00e9 fond\u00e9 en 1978. Au d\u00e9part, la soci\u00e9t\u00e9 fabriquait de petits rayonnages pour le march\u00e9 m\u00e9nager et s&rsquo;occupait de divers travaux de transformation du m\u00e9tal. &nbsp;merch\u00e9 m\u00e9nager&nbsp;et s&rsquo;occupait de divers travaux de&nbsp;transformation du m\u00e9tal. Plus tard,il a ax\u00e9 son d\u00e9veloppement d\u00e9veloppement productif et commercial sur les demandes du secteur [&hellip;]\" \/>\n<meta property=\"og:url\" content=\"https:\/\/estanteriasrecord.com\/fr\/entreprise\/experience\" \/>\n<meta property=\"og:site_name\" content=\"Estanter\u00edas Record\" \/>\n<meta property=\"article:publisher\" content=\"https:\/\/www.facebook.com\/estanteriasrecord\/\" \/>\n<meta property=\"article:modified_time\" content=\"2025-05-05T08:52:31+00:00\" \/>\n<meta property=\"og:image\" content=\"https:\/\/estanteriasrecord.com\/wp-content\/uploads\/2024\/11\/experiencia-estanterias-record-scaled.jpg\" \/>\n\t<meta property=\"og:image:width\" content=\"2560\" \/>\n\t<meta property=\"og:image:height\" content=\"1920\" \/>\n\t<meta property=\"og:image:type\" content=\"image\/jpeg\" \/>\n<meta name=\"twitter:card\" content=\"summary_large_image\" \/>\n<meta name=\"twitter:label1\" content=\"Dur\u00e9e de lecture estim\u00e9e\" \/>\n\t<meta name=\"twitter:data1\" content=\"2 minutes\" \/>\n<script type=\"application\/ld+json\" class=\"yoast-schema-graph\">{\"@context\":\"https:\/\/schema.org\",\"@graph\":[{\"@type\":\"WebPage\",\"@id\":\"https:\/\/estanteriasrecord.com\/fr\/entreprise\/experience\",\"url\":\"https:\/\/estanteriasrecord.com\/fr\/entreprise\/experience\",\"name\":\"Exp\u00e9rience | Estanter\u00edas Record\",\"isPartOf\":{\"@id\":\"https:\/\/estanteriasrecord.com\/fr#website\"},\"primaryImageOfPage\":{\"@id\":\"https:\/\/estanteriasrecord.com\/fr\/entreprise\/experience#primaryimage\"},\"image\":{\"@id\":\"https:\/\/estanteriasrecord.com\/fr\/entreprise\/experience#primaryimage\"},\"thumbnailUrl\":\"https:\/\/estanteriasrecord.com\/wp-content\/uploads\/2024\/11\/experiencia-estanterias-record-scaled.jpg\",\"datePublished\":\"2024-05-27T05:17:25+00:00\",\"dateModified\":\"2025-05-05T08:52:31+00:00\",\"breadcrumb\":{\"@id\":\"https:\/\/estanteriasrecord.com\/fr\/entreprise\/experience#breadcrumb\"},\"inLanguage\":\"fr-FR\",\"potentialAction\":[{\"@type\":\"ReadAction\",\"target\":[\"https:\/\/estanteriasrecord.com\/fr\/entreprise\/experience\"]}]},{\"@type\":\"ImageObject\",\"inLanguage\":\"fr-FR\",\"@id\":\"https:\/\/estanteriasrecord.com\/fr\/entreprise\/experience#primaryimage\",\"url\":\"https:\/\/estanteriasrecord.com\/wp-content\/uploads\/2024\/11\/experiencia-estanterias-record-scaled.jpg\",\"contentUrl\":\"https:\/\/estanteriasrecord.com\/wp-content\/uploads\/2024\/11\/experiencia-estanterias-record-scaled.jpg\"},{\"@type\":\"BreadcrumbList\",\"@id\":\"https:\/\/estanteriasrecord.com\/fr\/entreprise\/experience#breadcrumb\",\"itemListElement\":[{\"@type\":\"ListItem\",\"position\":1,\"name\":\"Portada\",\"item\":\"https:\/\/estanteriasrecord.com\/fr\/estanterias-record\"},{\"@type\":\"ListItem\",\"position\":2,\"name\":\"Enterprise\",\"item\":\"https:\/\/estanteriasrecord.com\/fr\/entreprise\"},{\"@type\":\"ListItem\",\"position\":3,\"name\":\"Exp\u00e9rience\"}]},{\"@type\":\"WebSite\",\"@id\":\"https:\/\/estanteriasrecord.com\/fr#website\",\"url\":\"https:\/\/estanteriasrecord.com\/fr\",\"name\":\"Estanter\u00edas Record\",\"description\":\"Sistemas eficientes de almacenamiento\",\"publisher\":{\"@id\":\"https:\/\/estanteriasrecord.com\/fr#organization\"},\"potentialAction\":[{\"@type\":\"SearchAction\",\"target\":{\"@type\":\"EntryPoint\",\"urlTemplate\":\"https:\/\/estanteriasrecord.com\/fr?s={search_term_string}\"},\"query-input\":{\"@type\":\"PropertyValueSpecification\",\"valueRequired\":true,\"valueName\":\"search_term_string\"}}],\"inLanguage\":\"fr-FR\"},{\"@type\":\"Organization\",\"@id\":\"https:\/\/estanteriasrecord.com\/fr#organization\",\"name\":\"Estanter\u00edas Record\",\"url\":\"https:\/\/estanteriasrecord.com\/fr\",\"logo\":{\"@type\":\"ImageObject\",\"inLanguage\":\"fr-FR\",\"@id\":\"https:\/\/estanteriasrecord.com\/fr#\/schema\/logo\/image\/\",\"url\":\"https:\/\/estanteriasrecord.com\/wp-content\/uploads\/2024\/03\/logo_cab_doc.png\",\"contentUrl\":\"https:\/\/estanteriasrecord.com\/wp-content\/uploads\/2024\/03\/logo_cab_doc.png\",\"width\":250,\"height\":119,\"caption\":\"Estanter\u00edas Record\"},\"image\":{\"@id\":\"https:\/\/estanteriasrecord.com\/fr#\/schema\/logo\/image\/\"},\"sameAs\":[\"https:\/\/www.facebook.com\/estanteriasrecord\/\"]}]}<\/script>\n<!-- \/ Yoast SEO plugin. -->","yoast_head_json":{"title":"Exp\u00e9rience | Estanter\u00edas Record","robots":{"index":"index","follow":"follow","max-snippet":"max-snippet:-1","max-image-preview":"max-image-preview:large","max-video-preview":"max-video-preview:-1"},"canonical":"https:\/\/estanteriasrecord.com\/fr\/entreprise\/experience","og_locale":"fr_FR","og_type":"article","og_title":"Exp\u00e9rience | Estanter\u00edas Record","og_description":"Vous \u00eates ici:&nbsp; Estanter\u00edas Record a \u00e9t\u00e9 fond\u00e9 en 1978. Au d\u00e9part, la soci\u00e9t\u00e9 fabriquait de petits rayonnages pour le march\u00e9 m\u00e9nager et s&rsquo;occupait de divers travaux de transformation du m\u00e9tal. &nbsp;merch\u00e9 m\u00e9nager&nbsp;et s&rsquo;occupait de divers travaux de&nbsp;transformation du m\u00e9tal. Plus tard,il a ax\u00e9 son d\u00e9veloppement d\u00e9veloppement productif et commercial sur les demandes du secteur [&hellip;]","og_url":"https:\/\/estanteriasrecord.com\/fr\/entreprise\/experience","og_site_name":"Estanter\u00edas Record","article_publisher":"https:\/\/www.facebook.com\/estanteriasrecord\/","article_modified_time":"2025-05-05T08:52:31+00:00","og_image":[{"width":2560,"height":1920,"url":"https:\/\/estanteriasrecord.com\/wp-content\/uploads\/2024\/11\/experiencia-estanterias-record-scaled.jpg","type":"image\/jpeg"}],"twitter_card":"summary_large_image","twitter_misc":{"Dur\u00e9e de lecture estim\u00e9e":"2 minutes"},"schema":{"@context":"https:\/\/schema.org","@graph":[{"@type":"WebPage","@id":"https:\/\/estanteriasrecord.com\/fr\/entreprise\/experience","url":"https:\/\/estanteriasrecord.com\/fr\/entreprise\/experience","name":"Exp\u00e9rience | Estanter\u00edas Record","isPartOf":{"@id":"https:\/\/estanteriasrecord.com\/fr#website"},"primaryImageOfPage":{"@id":"https:\/\/estanteriasrecord.com\/fr\/entreprise\/experience#primaryimage"},"image":{"@id":"https:\/\/estanteriasrecord.com\/fr\/entreprise\/experience#primaryimage"},"thumbnailUrl":"https:\/\/estanteriasrecord.com\/wp-content\/uploads\/2024\/11\/experiencia-estanterias-record-scaled.jpg","datePublished":"2024-05-27T05:17:25+00:00","dateModified":"2025-05-05T08:52:31+00:00","breadcrumb":{"@id":"https:\/\/estanteriasrecord.com\/fr\/entreprise\/experience#breadcrumb"},"inLanguage":"fr-FR","potentialAction":[{"@type":"ReadAction","target":["https:\/\/estanteriasrecord.com\/fr\/entreprise\/experience"]}]},{"@type":"ImageObject","inLanguage":"fr-FR","@id":"https:\/\/estanteriasrecord.com\/fr\/entreprise\/experience#primaryimage","url":"https:\/\/estanteriasrecord.com\/wp-content\/uploads\/2024\/11\/experiencia-estanterias-record-scaled.jpg","contentUrl":"https:\/\/estanteriasrecord.com\/wp-content\/uploads\/2024\/11\/experiencia-estanterias-record-scaled.jpg"},{"@type":"BreadcrumbList","@id":"https:\/\/estanteriasrecord.com\/fr\/entreprise\/experience#breadcrumb","itemListElement":[{"@type":"ListItem","position":1,"name":"Portada","item":"https:\/\/estanteriasrecord.com\/fr\/estanterias-record"},{"@type":"ListItem","position":2,"name":"Enterprise","item":"https:\/\/estanteriasrecord.com\/fr\/entreprise"},{"@type":"ListItem","position":3,"name":"Exp\u00e9rience"}]},{"@type":"WebSite","@id":"https:\/\/estanteriasrecord.com\/fr#website","url":"https:\/\/estanteriasrecord.com\/fr","name":"Estanter\u00edas Record","description":"Sistemas eficientes de almacenamiento","publisher":{"@id":"https:\/\/estanteriasrecord.com\/fr#organization"},"potentialAction":[{"@type":"SearchAction","target":{"@type":"EntryPoint","urlTemplate":"https:\/\/estanteriasrecord.com\/fr?s={search_term_string}"},"query-input":{"@type":"PropertyValueSpecification","valueRequired":true,"valueName":"search_term_string"}}],"inLanguage":"fr-FR"},{"@type":"Organization","@id":"https:\/\/estanteriasrecord.com\/fr#organization","name":"Estanter\u00edas Record","url":"https:\/\/estanteriasrecord.com\/fr","logo":{"@type":"ImageObject","inLanguage":"fr-FR","@id":"https:\/\/estanteriasrecord.com\/fr#\/schema\/logo\/image\/","url":"https:\/\/estanteriasrecord.com\/wp-content\/uploads\/2024\/03\/logo_cab_doc.png","contentUrl":"https:\/\/estanteriasrecord.com\/wp-content\/uploads\/2024\/03\/logo_cab_doc.png","width":250,"height":119,"caption":"Estanter\u00edas Record"},"image":{"@id":"https:\/\/estanteriasrecord.com\/fr#\/schema\/logo\/image\/"},"sameAs":["https:\/\/www.facebook.com\/estanteriasrecord\/"]}]}},"_links":{"self":[{"href":"https:\/\/estanteriasrecord.com\/fr\/wp-json\/wp\/v2\/pages\/15057","targetHints":{"allow":["GET"]}}],"collection":[{"href":"https:\/\/estanteriasrecord.com\/fr\/wp-json\/wp\/v2\/pages"}],"about":[{"href":"https:\/\/estanteriasrecord.com\/fr\/wp-json\/wp\/v2\/types\/page"}],"author":[{"embeddable":true,"href":"https:\/\/estanteriasrecord.com\/fr\/wp-json\/wp\/v2\/users\/5"}],"replies":[{"embeddable":true,"href":"https:\/\/estanteriasrecord.com\/fr\/wp-json\/wp\/v2\/comments?post=15057"}],"version-history":[{"count":3,"href":"https:\/\/estanteriasrecord.com\/fr\/wp-json\/wp\/v2\/pages\/15057\/revisions"}],"predecessor-version":[{"id":19420,"href":"https:\/\/estanteriasrecord.com\/fr\/wp-json\/wp\/v2\/pages\/15057\/revisions\/19420"}],"up":[{"embeddable":true,"href":"https:\/\/estanteriasrecord.com\/fr\/wp-json\/wp\/v2\/pages\/14909"}],"wp:attachment":[{"href":"https:\/\/estanteriasrecord.com\/fr\/wp-json\/wp\/v2\/media?parent=15057"}],"curies":[{"name":"wp","href":"https:\/\/api.w.org\/{rel}","templated":true}]}}