{"id":15059,"date":"2024-05-27T07:17:25","date_gmt":"2024-05-27T05:17:25","guid":{"rendered":"https:\/\/estanteriasrecord.com\/entreprise\/identite"},"modified":"2025-05-05T10:57:24","modified_gmt":"2025-05-05T08:57:24","slug":"identite","status":"publish","type":"page","link":"https:\/\/estanteriasrecord.com\/fr\/entreprise\/identite","title":{"rendered":"Identit\u00e9"},"content":{"rendered":"\t\t<div data-elementor-type=\"wp-page\" data-elementor-id=\"15059\" class=\"elementor elementor-15059 elementor-326\" data-elementor-post-type=\"page\">\n\t\t\t\t<div class=\"elementor-element elementor-element-5b405100 e-con-full e-flex e-con e-parent\" data-id=\"5b405100\" data-element_type=\"container\" data-e-type=\"container\" data-settings=\"{&quot;background_background&quot;:&quot;classic&quot;}\">\n\t\t\t\t<div class=\"elementor-element elementor-element-50bab9ca elementor-widget elementor-widget-image\" data-id=\"50bab9ca\" data-element_type=\"widget\" data-e-type=\"widget\" data-widget_type=\"image.default\">\n\t\t\t\t<div class=\"elementor-widget-container\">\n\t\t\t\t\t\t\t\t\t\t\t\t\t\t\t<img loading=\"lazy\" decoding=\"async\" loading=\"lazy\" width=\"2560\" height=\"1513\" src=\"https:\/\/estanteriasrecord.com\/wp-content\/uploads\/2024\/04\/Logo_2K_1-1516290663-scaled.jpg\" class=\"attachment-full size-full wp-image-13299\" alt=\"\" srcset=\"https:\/\/estanteriasrecord.com\/wp-content\/uploads\/2024\/04\/Logo_2K_1-1516290663-scaled.jpg 2560w, https:\/\/estanteriasrecord.com\/wp-content\/uploads\/2024\/04\/Logo_2K_1-1516290663-300x177.jpg 300w, https:\/\/estanteriasrecord.com\/wp-content\/uploads\/2024\/04\/Logo_2K_1-1516290663-1024x605.jpg 1024w, https:\/\/estanteriasrecord.com\/wp-content\/uploads\/2024\/04\/Logo_2K_1-1516290663-768x454.jpg 768w, https:\/\/estanteriasrecord.com\/wp-content\/uploads\/2024\/04\/Logo_2K_1-1516290663-1536x908.jpg 1536w, https:\/\/estanteriasrecord.com\/wp-content\/uploads\/2024\/04\/Logo_2K_1-1516290663-2048x1211.jpg 2048w, https:\/\/estanteriasrecord.com\/wp-content\/uploads\/2024\/04\/Logo_2K_1-1516290663-600x355.jpg 600w\" sizes=\"auto, (max-width: 2560px) 100vw, 2560px\" \/>\t\t\t\t\t\t\t\t\t\t\t\t\t\t\t<\/div>\n\t\t\t\t<\/div>\n\t\t<div class=\"elementor-element elementor-element-69b31aed e-con-full e-flex e-con e-child\" data-id=\"69b31aed\" data-element_type=\"container\" data-e-type=\"container\" data-settings=\"{&quot;background_background&quot;:&quot;classic&quot;}\">\n\t\t<div class=\"elementor-element elementor-element-2cc4c317 e-con-full elementor-hidden-mobile e-flex e-con e-child\" data-id=\"2cc4c317\" data-element_type=\"container\" data-e-type=\"container\">\n\t\t\t\t<div class=\"elementor-element elementor-element-7054ea80 elementor-widget elementor-widget-text-editor\" data-id=\"7054ea80\" data-element_type=\"widget\" data-e-type=\"widget\" data-widget_type=\"text-editor.default\">\n\t\t\t\t<div class=\"elementor-widget-container\">\n\t\t\t\t\t\t\t\t\t<p>Vous \u00eates ici:&nbsp; <\/p>\t\t\t\t\t\t\t\t<\/div>\n\t\t\t\t<\/div>\n\t\t\t\t<div class=\"elementor-element elementor-element-7e989902 elementor-widget elementor-widget-woocommerce-breadcrumb\" data-id=\"7e989902\" data-element_type=\"widget\" data-e-type=\"widget\" data-widget_type=\"woocommerce-breadcrumb.default\">\n\t\t\t\t<div class=\"elementor-widget-container\">\n\t\t\t\t\t<nav class=\"woocommerce-breadcrumb\" aria-label=\"Breadcrumb\">Accueil<\/nav>\t\t\t\t<\/div>\n\t\t\t\t<\/div>\n\t\t\t\t<\/div>\n\t\t\t\t<\/div>\n\t\t\t\t<\/div>\n\t\t<div class=\"elementor-element elementor-element-7ae18804 e-flex e-con-boxed e-con e-parent\" data-id=\"7ae18804\" data-element_type=\"container\" data-e-type=\"container\">\n\t\t\t\t\t<div class=\"e-con-inner\">\n\t\t<div class=\"elementor-element elementor-element-23a572bf e-con-full e-flex e-con e-child\" data-id=\"23a572bf\" data-element_type=\"container\" data-e-type=\"container\">\n\t\t\t\t<div class=\"elementor-element elementor-element-7929a925 elementor-widget__width-inherit elementor-widget elementor-widget-image\" data-id=\"7929a925\" data-element_type=\"widget\" data-e-type=\"widget\" data-widget_type=\"image.default\">\n\t\t\t\t<div class=\"elementor-widget-container\">\n\t\t\t\t\t\t\t\t\t\t\t\t\t\t\t<img loading=\"lazy\" decoding=\"async\" loading=\"lazy\" width=\"1280\" height=\"525\" src=\"https:\/\/estanteriasrecord.com\/wp-content\/uploads\/2024\/04\/identidad_RECORD_1-1517843369.jpg\" class=\"attachment-full size-full wp-image-13331\" alt=\"\" srcset=\"https:\/\/estanteriasrecord.com\/wp-content\/uploads\/2024\/04\/identidad_RECORD_1-1517843369.jpg 1280w, https:\/\/estanteriasrecord.com\/wp-content\/uploads\/2024\/04\/identidad_RECORD_1-1517843369-300x123.jpg 300w, https:\/\/estanteriasrecord.com\/wp-content\/uploads\/2024\/04\/identidad_RECORD_1-1517843369-1024x420.jpg 1024w, https:\/\/estanteriasrecord.com\/wp-content\/uploads\/2024\/04\/identidad_RECORD_1-1517843369-768x315.jpg 768w, https:\/\/estanteriasrecord.com\/wp-content\/uploads\/2024\/04\/identidad_RECORD_1-1517843369-600x246.jpg 600w\" sizes=\"auto, (max-width: 1280px) 100vw, 1280px\" \/>\t\t\t\t\t\t\t\t\t\t\t\t\t\t\t<\/div>\n\t\t\t\t<\/div>\n\t\t<div class=\"elementor-element elementor-element-24384c69 e-flex e-con-boxed e-con e-child\" data-id=\"24384c69\" data-element_type=\"container\" data-e-type=\"container\" data-settings=\"{&quot;background_background&quot;:&quot;classic&quot;}\">\n\t\t\t\t\t<div class=\"e-con-inner\">\n\t\t\t\t<div class=\"elementor-element elementor-element-468fb11d elementor-widget elementor-widget-text-editor\" data-id=\"468fb11d\" data-element_type=\"widget\" data-e-type=\"widget\" data-widget_type=\"text-editor.default\">\n\t\t\t\t<div class=\"elementor-widget-container\">\n\t\t\t\t\t\t\t\t\t<p style=\"font-family: Roboto, sans-serif;\">Estanter\u00edas Record est une <span style=\"font-weight: bolder;\">firme sp\u00e9cialis\u00e9e dans la conception, la fabrication et \u00e0 la fourniture<\/span> d&rsquo;une vaste gamme de produits r\u00e9pondant \u00e0 des besoins en tout genre en mati\u00e8re d&rsquo;entreposage, <span style=\"font-weight: bolder;\">des simples rayonnages l\u00e9gers aux structures industrielles destin\u00e9es aux demandes les plus exigeantes.<\/span><\/p><p style=\"font-family: Roboto, sans-serif;\">Elle fournit au marche des <span style=\"font-weight: bolder;\">solutions int\u00e9gr\u00e9es<\/span> pour la manutention et la logistique d&rsquo;entreposage : son offre de produits s&rsquo;inscrit dans un cadre de prestation de services sp\u00e9cialis\u00e9s qui englobent <span style=\"font-weight: bolder;\">le consulting pr\u00e9vente, le calcul, les plans, les \u00e9tudes et l&rsquo;installation<\/span> concernant les syst\u00e8mes adapt\u00e9s \u00e0 chaque cas particulier.<\/p><p style=\"font-family: Roboto, sans-serif;\">Son portefeuille de services se compl\u00e8te par le <span style=\"font-weight: bolder;\">conseil apr\u00e8s-vente,<\/span> <span style=\"font-weight: bolder;\">la formation chez le client et l&rsquo;assistance technique,<\/span> et la <span style=\"font-weight: bolder;\">maintenance pr\u00e9ventive ou corrective et l&rsquo;inspection normalis\u00e9e des \u00e9quipements install\u00e9s<\/span>. Le tout, dans le respect des r\u00e9glementations en vigueur en mati\u00e8re de s\u00e9curit\u00e9, afin de garantir la performance et le rendement des syst\u00e8mes mis en place. <\/p>\t\t\t\t\t\t\t\t<\/div>\n\t\t\t\t<\/div>\n\t\t\t\t\t<\/div>\n\t\t\t\t<\/div>\n\t\t\t\t<\/div>\n\t\t<div class=\"elementor-element elementor-element-4f314f7b e-con-full e-flex e-con e-child\" data-id=\"4f314f7b\" data-element_type=\"container\" data-e-type=\"container\">\n\t\t\t\t<div class=\"elementor-element elementor-element-2ee5ef79 elementor-widget__width-inherit elementor-widget elementor-widget-image\" data-id=\"2ee5ef79\" data-element_type=\"widget\" data-e-type=\"widget\" data-widget_type=\"image.default\">\n\t\t\t\t<div class=\"elementor-widget-container\">\n\t\t\t\t\t\t\t\t\t\t\t\t\t\t\t<img loading=\"lazy\" decoding=\"async\" loading=\"lazy\" width=\"640\" height=\"418\" src=\"https:\/\/estanteriasrecord.com\/wp-content\/uploads\/2024\/04\/identidad_RECORD_2-1517843399-e1713859867268.jpg\" class=\"attachment-full size-full wp-image-13333\" alt=\"\" srcset=\"https:\/\/estanteriasrecord.com\/wp-content\/uploads\/2024\/04\/identidad_RECORD_2-1517843399-e1713859867268.jpg 640w, https:\/\/estanteriasrecord.com\/wp-content\/uploads\/2024\/04\/identidad_RECORD_2-1517843399-e1713859867268-300x196.jpg 300w, https:\/\/estanteriasrecord.com\/wp-content\/uploads\/2024\/04\/identidad_RECORD_2-1517843399-e1713859867268-600x392.jpg 600w\" sizes=\"auto, (max-width: 640px) 100vw, 640px\" \/>\t\t\t\t\t\t\t\t\t\t\t\t\t\t\t<\/div>\n\t\t\t\t<\/div>\n\t\t<div class=\"elementor-element elementor-element-6a9a46e4 e-con-full e-flex e-con e-child\" data-id=\"6a9a46e4\" data-element_type=\"container\" data-e-type=\"container\" data-settings=\"{&quot;background_background&quot;:&quot;classic&quot;}\">\n\t\t\t\t<div class=\"elementor-element elementor-element-3e328919 elementor-widget elementor-widget-text-editor\" data-id=\"3e328919\" data-element_type=\"widget\" data-e-type=\"widget\" data-widget_type=\"text-editor.default\">\n\t\t\t\t<div class=\"elementor-widget-container\">\n\t\t\t\t\t\t\t\t\t<p>Estanter\u00edas Record, tout au long de sa <strong>longue trajectoire (40 ans en activit\u00e9)<\/strong>, s&rsquo;est clairement consolid\u00e9 comme une r\u00e9f\u00e9rence dans le secteur, o\u00f9 il se distingue par la rigueur avec laquelle il aborde chaque projet, ainsi que par la <strong>qualit\u00e9 de ses produits et l&rsquo;excellence de ses services.<\/strong> <\/p><p>Notre soci\u00e9t\u00e9 s&rsquo;efforce \u00e0 l&rsquo;extr\u00eame pour que le client obtienne les <strong>meilleurs r\u00e9sultats en mati\u00e8re d&rsquo;organisation<\/strong> qui permettent \u00e0 leur tour un retour sur investissement <strong>rapide et contribuent<\/strong> <strong>\u00e0 la <\/strong><strong>croissance<\/strong> et au d\u00e9veloppement de son entreprise, en am\u00e9liorant la gestion de ses entrep\u00f4ts pour faire de ceux-ci des g\u00e9n\u00e9rateurs de <strong>profit<\/strong>.<\/p>\t\t\t\t\t\t\t\t<\/div>\n\t\t\t\t<\/div>\n\t\t\t\t<\/div>\n\t\t\t\t<\/div>\n\t\t<div class=\"elementor-element elementor-element-5b1ff48c e-con-full e-flex e-con e-child\" data-id=\"5b1ff48c\" data-element_type=\"container\" data-e-type=\"container\">\n\t\t\t\t<div class=\"elementor-element elementor-element-4719d03e elementor-widget__width-inherit elementor-widget-mobile__width-auto elementor-widget elementor-widget-image\" data-id=\"4719d03e\" data-element_type=\"widget\" data-e-type=\"widget\" data-widget_type=\"image.default\">\n\t\t\t\t<div class=\"elementor-widget-container\">\n\t\t\t\t\t\t\t\t\t\t\t\t\t\t\t<img loading=\"lazy\" decoding=\"async\" loading=\"lazy\" width=\"640\" height=\"418\" src=\"https:\/\/estanteriasrecord.com\/wp-content\/uploads\/2024\/04\/identidad_RECORD_2-1517843399-1-e1713859913965.jpg\" class=\"attachment-full size-full wp-image-13337\" alt=\"\" srcset=\"https:\/\/estanteriasrecord.com\/wp-content\/uploads\/2024\/04\/identidad_RECORD_2-1517843399-1-e1713859913965.jpg 640w, https:\/\/estanteriasrecord.com\/wp-content\/uploads\/2024\/04\/identidad_RECORD_2-1517843399-1-e1713859913965-300x196.jpg 300w, https:\/\/estanteriasrecord.com\/wp-content\/uploads\/2024\/04\/identidad_RECORD_2-1517843399-1-e1713859913965-600x392.jpg 600w\" sizes=\"auto, (max-width: 640px) 100vw, 640px\" \/>\t\t\t\t\t\t\t\t\t\t\t\t\t\t\t<\/div>\n\t\t\t\t<\/div>\n\t\t<div class=\"elementor-element elementor-element-48ba52ab e-flex e-con-boxed e-con e-child\" data-id=\"48ba52ab\" data-element_type=\"container\" data-e-type=\"container\" data-settings=\"{&quot;background_background&quot;:&quot;classic&quot;}\">\n\t\t\t\t\t<div class=\"e-con-inner\">\n\t\t\t\t<div class=\"elementor-element elementor-element-7308d3b5 elementor-widget elementor-widget-text-editor\" data-id=\"7308d3b5\" data-element_type=\"widget\" data-e-type=\"widget\" data-widget_type=\"text-editor.default\">\n\t\t\t\t<div class=\"elementor-widget-container\">\n\t\t\t\t\t\t\t\t\t<p>L&rsquo;activit\u00e9 de toute l&rsquo;organisation a pour seul but de porter au maximum la satisfaction du client ; dans cet esprit, elle veille \u00e0 le traiter non seulement de mani\u00e8re professionnelle et comp\u00e9tente, mais aussi avec franchise et disponibilit\u00e9. C&rsquo;est l\u00e0-dessus que repose en bonne mesure la confiance que le client accorde \u00e0 Estanter\u00edas Record en tant que collaborateur techniquement qualifi\u00e9, ainsi que r\u00e9ceptif et flexible, capable de r\u00e9soudre rapidement toute situation particuli\u00e8re exigeant une approche personnalis\u00e9e et exclusive.  <\/p><p>Estanter\u00edas Record travaille d&rsquo;arrache-pied, jour apr\u00e8s jour, \u00e0 <strong>repousser constamment ses limites<\/strong> quant \u00e0 la qualit\u00e9 et \u00e0 l&rsquo;exigence, en concevant toujours de <strong>meilleures solutions<\/strong> pour un secteur en <strong>permanente \u00e9volution<\/strong>, en vue de se poser en chef de file du march\u00e9 national et de renforcer sa pr\u00e9sence sur le march\u00e9 international. Tout cela en cultivant ses valeurs comme une organisation professionnellement int\u00e8gre, engag\u00e9e envers la <strong>durabilit\u00e9<\/strong>, socialement et \u00e9thiquement responsable et dot\u00e9e d&rsquo;un <strong>mod\u00e8le de gestion performant<\/strong> orient\u00e9 vers l&rsquo;avenir. <\/p>\t\t\t\t\t\t\t\t<\/div>\n\t\t\t\t<\/div>\n\t\t\t\t\t<\/div>\n\t\t\t\t<\/div>\n\t\t\t\t<\/div>\n\t\t\t\t\t<\/div>\n\t\t\t\t<\/div>\n\t\t\t\t<\/div>\n\t\t","protected":false},"excerpt":{"rendered":"<p>Vous \u00eates ici:&nbsp; Estanter\u00edas Record est une firme sp\u00e9cialis\u00e9e dans la conception, la fabrication et \u00e0 la fourniture d&rsquo;une vaste gamme de produits r\u00e9pondant \u00e0 des besoins en tout genre en mati\u00e8re d&rsquo;entreposage, des simples rayonnages l\u00e9gers aux structures industrielles destin\u00e9es aux demandes les plus exigeantes. Elle fournit au marche des solutions int\u00e9gr\u00e9es pour la [&hellip;]<\/p>\n","protected":false},"author":5,"featured_media":0,"parent":14909,"menu_order":0,"comment_status":"closed","ping_status":"closed","template":"","meta":{"_acf_changed":false,"_joinchat":[],"footnotes":""},"class_list":["post-15059","page","type-page","status-publish","hentry"],"acf":[],"yoast_head":"<!-- This site is optimized with the Yoast SEO plugin v27.0 - https:\/\/yoast.com\/product\/yoast-seo-wordpress\/ -->\n<title>Identit\u00e9 | Estanter\u00edas Record<\/title>\n<meta name=\"robots\" content=\"index, follow, max-snippet:-1, max-image-preview:large, max-video-preview:-1\" \/>\n<link rel=\"canonical\" href=\"https:\/\/estanteriasrecord.com\/fr\/entreprise\/identite\" \/>\n<meta property=\"og:locale\" content=\"fr_FR\" \/>\n<meta property=\"og:type\" content=\"article\" \/>\n<meta property=\"og:title\" content=\"Identit\u00e9 | Estanter\u00edas Record\" \/>\n<meta property=\"og:description\" content=\"Vous \u00eates ici:&nbsp; Estanter\u00edas Record est une firme sp\u00e9cialis\u00e9e dans la conception, la fabrication et \u00e0 la fourniture d&rsquo;une vaste gamme de produits r\u00e9pondant \u00e0 des besoins en tout genre en mati\u00e8re d&rsquo;entreposage, des simples rayonnages l\u00e9gers aux structures industrielles destin\u00e9es aux demandes les plus exigeantes. Elle fournit au marche des solutions int\u00e9gr\u00e9es pour la [&hellip;]\" \/>\n<meta property=\"og:url\" content=\"https:\/\/estanteriasrecord.com\/fr\/entreprise\/identite\" \/>\n<meta property=\"og:site_name\" content=\"Estanter\u00edas Record\" \/>\n<meta property=\"article:publisher\" content=\"https:\/\/www.facebook.com\/estanteriasrecord\/\" \/>\n<meta property=\"article:modified_time\" content=\"2025-05-05T08:57:24+00:00\" \/>\n<meta property=\"og:image\" content=\"https:\/\/estanteriasrecord.com\/wp-content\/uploads\/2024\/04\/Logo_2K_1-1516290663-scaled.jpg\" \/>\n\t<meta property=\"og:image:width\" content=\"2560\" \/>\n\t<meta property=\"og:image:height\" content=\"1513\" \/>\n\t<meta property=\"og:image:type\" content=\"image\/jpeg\" \/>\n<meta name=\"twitter:card\" content=\"summary_large_image\" \/>\n<meta name=\"twitter:label1\" content=\"Dur\u00e9e de lecture estim\u00e9e\" \/>\n\t<meta name=\"twitter:data1\" content=\"2 minutes\" \/>\n<script type=\"application\/ld+json\" class=\"yoast-schema-graph\">{\"@context\":\"https:\/\/schema.org\",\"@graph\":[{\"@type\":\"WebPage\",\"@id\":\"https:\/\/estanteriasrecord.com\/fr\/entreprise\/identite\",\"url\":\"https:\/\/estanteriasrecord.com\/fr\/entreprise\/identite\",\"name\":\"Identit\u00e9 | Estanter\u00edas Record\",\"isPartOf\":{\"@id\":\"https:\/\/estanteriasrecord.com\/fr#website\"},\"primaryImageOfPage\":{\"@id\":\"https:\/\/estanteriasrecord.com\/fr\/entreprise\/identite#primaryimage\"},\"image\":{\"@id\":\"https:\/\/estanteriasrecord.com\/fr\/entreprise\/identite#primaryimage\"},\"thumbnailUrl\":\"https:\/\/estanteriasrecord.com\/wp-content\/uploads\/2024\/04\/Logo_2K_1-1516290663-scaled.jpg\",\"datePublished\":\"2024-05-27T05:17:25+00:00\",\"dateModified\":\"2025-05-05T08:57:24+00:00\",\"breadcrumb\":{\"@id\":\"https:\/\/estanteriasrecord.com\/fr\/entreprise\/identite#breadcrumb\"},\"inLanguage\":\"fr-FR\",\"potentialAction\":[{\"@type\":\"ReadAction\",\"target\":[\"https:\/\/estanteriasrecord.com\/fr\/entreprise\/identite\"]}]},{\"@type\":\"ImageObject\",\"inLanguage\":\"fr-FR\",\"@id\":\"https:\/\/estanteriasrecord.com\/fr\/entreprise\/identite#primaryimage\",\"url\":\"https:\/\/estanteriasrecord.com\/wp-content\/uploads\/2024\/04\/Logo_2K_1-1516290663-scaled.jpg\",\"contentUrl\":\"https:\/\/estanteriasrecord.com\/wp-content\/uploads\/2024\/04\/Logo_2K_1-1516290663-scaled.jpg\"},{\"@type\":\"BreadcrumbList\",\"@id\":\"https:\/\/estanteriasrecord.com\/fr\/entreprise\/identite#breadcrumb\",\"itemListElement\":[{\"@type\":\"ListItem\",\"position\":1,\"name\":\"Portada\",\"item\":\"https:\/\/estanteriasrecord.com\/fr\/estanterias-record\"},{\"@type\":\"ListItem\",\"position\":2,\"name\":\"Enterprise\",\"item\":\"https:\/\/estanteriasrecord.com\/fr\/entreprise\"},{\"@type\":\"ListItem\",\"position\":3,\"name\":\"Identit\u00e9\"}]},{\"@type\":\"WebSite\",\"@id\":\"https:\/\/estanteriasrecord.com\/fr#website\",\"url\":\"https:\/\/estanteriasrecord.com\/fr\",\"name\":\"Estanter\u00edas Record\",\"description\":\"Sistemas eficientes de almacenamiento\",\"publisher\":{\"@id\":\"https:\/\/estanteriasrecord.com\/fr#organization\"},\"potentialAction\":[{\"@type\":\"SearchAction\",\"target\":{\"@type\":\"EntryPoint\",\"urlTemplate\":\"https:\/\/estanteriasrecord.com\/fr?s={search_term_string}\"},\"query-input\":{\"@type\":\"PropertyValueSpecification\",\"valueRequired\":true,\"valueName\":\"search_term_string\"}}],\"inLanguage\":\"fr-FR\"},{\"@type\":\"Organization\",\"@id\":\"https:\/\/estanteriasrecord.com\/fr#organization\",\"name\":\"Estanter\u00edas Record\",\"url\":\"https:\/\/estanteriasrecord.com\/fr\",\"logo\":{\"@type\":\"ImageObject\",\"inLanguage\":\"fr-FR\",\"@id\":\"https:\/\/estanteriasrecord.com\/fr#\/schema\/logo\/image\/\",\"url\":\"https:\/\/estanteriasrecord.com\/wp-content\/uploads\/2024\/03\/logo_cab_doc.png\",\"contentUrl\":\"https:\/\/estanteriasrecord.com\/wp-content\/uploads\/2024\/03\/logo_cab_doc.png\",\"width\":250,\"height\":119,\"caption\":\"Estanter\u00edas Record\"},\"image\":{\"@id\":\"https:\/\/estanteriasrecord.com\/fr#\/schema\/logo\/image\/\"},\"sameAs\":[\"https:\/\/www.facebook.com\/estanteriasrecord\/\"]}]}<\/script>\n<!-- \/ Yoast SEO plugin. -->","yoast_head_json":{"title":"Identit\u00e9 | Estanter\u00edas Record","robots":{"index":"index","follow":"follow","max-snippet":"max-snippet:-1","max-image-preview":"max-image-preview:large","max-video-preview":"max-video-preview:-1"},"canonical":"https:\/\/estanteriasrecord.com\/fr\/entreprise\/identite","og_locale":"fr_FR","og_type":"article","og_title":"Identit\u00e9 | Estanter\u00edas Record","og_description":"Vous \u00eates ici:&nbsp; Estanter\u00edas Record est une firme sp\u00e9cialis\u00e9e dans la conception, la fabrication et \u00e0 la fourniture d&rsquo;une vaste gamme de produits r\u00e9pondant \u00e0 des besoins en tout genre en mati\u00e8re d&rsquo;entreposage, des simples rayonnages l\u00e9gers aux structures industrielles destin\u00e9es aux demandes les plus exigeantes. Elle fournit au marche des solutions int\u00e9gr\u00e9es pour la [&hellip;]","og_url":"https:\/\/estanteriasrecord.com\/fr\/entreprise\/identite","og_site_name":"Estanter\u00edas Record","article_publisher":"https:\/\/www.facebook.com\/estanteriasrecord\/","article_modified_time":"2025-05-05T08:57:24+00:00","og_image":[{"width":2560,"height":1513,"url":"https:\/\/estanteriasrecord.com\/wp-content\/uploads\/2024\/04\/Logo_2K_1-1516290663-scaled.jpg","type":"image\/jpeg"}],"twitter_card":"summary_large_image","twitter_misc":{"Dur\u00e9e de lecture estim\u00e9e":"2 minutes"},"schema":{"@context":"https:\/\/schema.org","@graph":[{"@type":"WebPage","@id":"https:\/\/estanteriasrecord.com\/fr\/entreprise\/identite","url":"https:\/\/estanteriasrecord.com\/fr\/entreprise\/identite","name":"Identit\u00e9 | Estanter\u00edas Record","isPartOf":{"@id":"https:\/\/estanteriasrecord.com\/fr#website"},"primaryImageOfPage":{"@id":"https:\/\/estanteriasrecord.com\/fr\/entreprise\/identite#primaryimage"},"image":{"@id":"https:\/\/estanteriasrecord.com\/fr\/entreprise\/identite#primaryimage"},"thumbnailUrl":"https:\/\/estanteriasrecord.com\/wp-content\/uploads\/2024\/04\/Logo_2K_1-1516290663-scaled.jpg","datePublished":"2024-05-27T05:17:25+00:00","dateModified":"2025-05-05T08:57:24+00:00","breadcrumb":{"@id":"https:\/\/estanteriasrecord.com\/fr\/entreprise\/identite#breadcrumb"},"inLanguage":"fr-FR","potentialAction":[{"@type":"ReadAction","target":["https:\/\/estanteriasrecord.com\/fr\/entreprise\/identite"]}]},{"@type":"ImageObject","inLanguage":"fr-FR","@id":"https:\/\/estanteriasrecord.com\/fr\/entreprise\/identite#primaryimage","url":"https:\/\/estanteriasrecord.com\/wp-content\/uploads\/2024\/04\/Logo_2K_1-1516290663-scaled.jpg","contentUrl":"https:\/\/estanteriasrecord.com\/wp-content\/uploads\/2024\/04\/Logo_2K_1-1516290663-scaled.jpg"},{"@type":"BreadcrumbList","@id":"https:\/\/estanteriasrecord.com\/fr\/entreprise\/identite#breadcrumb","itemListElement":[{"@type":"ListItem","position":1,"name":"Portada","item":"https:\/\/estanteriasrecord.com\/fr\/estanterias-record"},{"@type":"ListItem","position":2,"name":"Enterprise","item":"https:\/\/estanteriasrecord.com\/fr\/entreprise"},{"@type":"ListItem","position":3,"name":"Identit\u00e9"}]},{"@type":"WebSite","@id":"https:\/\/estanteriasrecord.com\/fr#website","url":"https:\/\/estanteriasrecord.com\/fr","name":"Estanter\u00edas Record","description":"Sistemas eficientes de almacenamiento","publisher":{"@id":"https:\/\/estanteriasrecord.com\/fr#organization"},"potentialAction":[{"@type":"SearchAction","target":{"@type":"EntryPoint","urlTemplate":"https:\/\/estanteriasrecord.com\/fr?s={search_term_string}"},"query-input":{"@type":"PropertyValueSpecification","valueRequired":true,"valueName":"search_term_string"}}],"inLanguage":"fr-FR"},{"@type":"Organization","@id":"https:\/\/estanteriasrecord.com\/fr#organization","name":"Estanter\u00edas Record","url":"https:\/\/estanteriasrecord.com\/fr","logo":{"@type":"ImageObject","inLanguage":"fr-FR","@id":"https:\/\/estanteriasrecord.com\/fr#\/schema\/logo\/image\/","url":"https:\/\/estanteriasrecord.com\/wp-content\/uploads\/2024\/03\/logo_cab_doc.png","contentUrl":"https:\/\/estanteriasrecord.com\/wp-content\/uploads\/2024\/03\/logo_cab_doc.png","width":250,"height":119,"caption":"Estanter\u00edas Record"},"image":{"@id":"https:\/\/estanteriasrecord.com\/fr#\/schema\/logo\/image\/"},"sameAs":["https:\/\/www.facebook.com\/estanteriasrecord\/"]}]}},"_links":{"self":[{"href":"https:\/\/estanteriasrecord.com\/fr\/wp-json\/wp\/v2\/pages\/15059","targetHints":{"allow":["GET"]}}],"collection":[{"href":"https:\/\/estanteriasrecord.com\/fr\/wp-json\/wp\/v2\/pages"}],"about":[{"href":"https:\/\/estanteriasrecord.com\/fr\/wp-json\/wp\/v2\/types\/page"}],"author":[{"embeddable":true,"href":"https:\/\/estanteriasrecord.com\/fr\/wp-json\/wp\/v2\/users\/5"}],"replies":[{"embeddable":true,"href":"https:\/\/estanteriasrecord.com\/fr\/wp-json\/wp\/v2\/comments?post=15059"}],"version-history":[{"count":3,"href":"https:\/\/estanteriasrecord.com\/fr\/wp-json\/wp\/v2\/pages\/15059\/revisions"}],"predecessor-version":[{"id":19425,"href":"https:\/\/estanteriasrecord.com\/fr\/wp-json\/wp\/v2\/pages\/15059\/revisions\/19425"}],"up":[{"embeddable":true,"href":"https:\/\/estanteriasrecord.com\/fr\/wp-json\/wp\/v2\/pages\/14909"}],"wp:attachment":[{"href":"https:\/\/estanteriasrecord.com\/fr\/wp-json\/wp\/v2\/media?parent=15059"}],"curies":[{"name":"wp","href":"https:\/\/api.w.org\/{rel}","templated":true}]}}