{"id":15061,"date":"2024-05-27T07:25:09","date_gmt":"2024-05-27T05:25:09","guid":{"rendered":"https:\/\/estanteriasrecord.com\/entreprise\/technologie"},"modified":"2025-05-13T10:58:48","modified_gmt":"2025-05-13T08:58:48","slug":"technologie","status":"publish","type":"page","link":"https:\/\/estanteriasrecord.com\/fr\/entreprise\/technologie","title":{"rendered":"Technologie"},"content":{"rendered":"\t\t<div data-elementor-type=\"wp-page\" data-elementor-id=\"15061\" class=\"elementor elementor-15061 elementor-502\" data-elementor-post-type=\"page\">\n\t\t\t\t<div class=\"elementor-element elementor-element-3f203390 e-con-full e-flex e-con e-parent\" data-id=\"3f203390\" data-element_type=\"container\" data-e-type=\"container\" data-settings=\"{&quot;background_background&quot;:&quot;classic&quot;}\">\n\t\t\t\t<div class=\"elementor-element elementor-element-3c69aca1 elementor-widget elementor-widget-image\" data-id=\"3c69aca1\" data-element_type=\"widget\" data-e-type=\"widget\" data-widget_type=\"image.default\">\n\t\t\t\t<div class=\"elementor-widget-container\">\n\t\t\t\t\t\t\t\t\t\t\t\t\t\t\t<img loading=\"lazy\" decoding=\"async\" loading=\"lazy\" width=\"1280\" height=\"720\" src=\"https:\/\/estanteriasrecord.com\/wp-content\/uploads\/2024\/11\/tecnologia-estanterias-record.jpg\" class=\"attachment-full size-full wp-image-14765\" alt=\"Tecnolog\u00eda\" srcset=\"https:\/\/estanteriasrecord.com\/wp-content\/uploads\/2024\/11\/tecnologia-estanterias-record.jpg 1280w, https:\/\/estanteriasrecord.com\/wp-content\/uploads\/2024\/11\/tecnologia-estanterias-record-300x169.jpg 300w, https:\/\/estanteriasrecord.com\/wp-content\/uploads\/2024\/11\/tecnologia-estanterias-record-1024x576.jpg 1024w, https:\/\/estanteriasrecord.com\/wp-content\/uploads\/2024\/11\/tecnologia-estanterias-record-768x432.jpg 768w, https:\/\/estanteriasrecord.com\/wp-content\/uploads\/2024\/11\/tecnologia-estanterias-record-600x338.jpg 600w\" sizes=\"auto, (max-width: 1280px) 100vw, 1280px\" \/>\t\t\t\t\t\t\t\t\t\t\t\t\t\t\t<\/div>\n\t\t\t\t<\/div>\n\t\t<div class=\"elementor-element elementor-element-17c2d0d5 e-con-full e-flex e-con e-child\" data-id=\"17c2d0d5\" data-element_type=\"container\" data-e-type=\"container\" data-settings=\"{&quot;background_background&quot;:&quot;classic&quot;}\">\n\t\t<div class=\"elementor-element elementor-element-600642fe e-con-full elementor-hidden-mobile e-flex e-con e-child\" data-id=\"600642fe\" data-element_type=\"container\" data-e-type=\"container\">\n\t\t\t\t<div class=\"elementor-element elementor-element-241c954d elementor-widget elementor-widget-text-editor\" data-id=\"241c954d\" data-element_type=\"widget\" data-e-type=\"widget\" data-widget_type=\"text-editor.default\">\n\t\t\t\t<div class=\"elementor-widget-container\">\n\t\t\t\t\t\t\t\t\t<p>Vous \u00eates ici:&nbsp; <\/p>\t\t\t\t\t\t\t\t<\/div>\n\t\t\t\t<\/div>\n\t\t\t\t<div class=\"elementor-element elementor-element-27b853eb elementor-widget elementor-widget-woocommerce-breadcrumb\" data-id=\"27b853eb\" data-element_type=\"widget\" data-e-type=\"widget\" data-widget_type=\"woocommerce-breadcrumb.default\">\n\t\t\t\t<div class=\"elementor-widget-container\">\n\t\t\t\t\t<nav class=\"woocommerce-breadcrumb\" aria-label=\"Breadcrumb\">Accueil<\/nav>\t\t\t\t<\/div>\n\t\t\t\t<\/div>\n\t\t\t\t<\/div>\n\t\t\t\t<\/div>\n\t\t\t\t<\/div>\n\t\t<div class=\"elementor-element elementor-element-10eb2b3e e-flex e-con-boxed e-con e-parent\" data-id=\"10eb2b3e\" data-element_type=\"container\" data-e-type=\"container\">\n\t\t\t\t\t<div class=\"e-con-inner\">\n\t\t<div class=\"elementor-element elementor-element-259f4205 e-con-full e-flex e-con e-child\" data-id=\"259f4205\" data-element_type=\"container\" data-e-type=\"container\">\n\t\t\t\t<div class=\"elementor-element elementor-element-3826251 elementor-widget__width-inherit elementor-widget elementor-widget-image\" data-id=\"3826251\" data-element_type=\"widget\" data-e-type=\"widget\" data-widget_type=\"image.default\">\n\t\t\t\t<div class=\"elementor-widget-container\">\n\t\t\t\t\t\t\t\t\t\t\t\t\t\t\t<img loading=\"lazy\" decoding=\"async\" loading=\"lazy\" width=\"1280\" height=\"525\" src=\"https:\/\/estanteriasrecord.com\/wp-content\/uploads\/2024\/04\/tecnologia_RECORD_1-1517843511-1.jpg\" class=\"attachment-full size-full wp-image-13371\" alt=\"Tecnolog\u00eda 2\" srcset=\"https:\/\/estanteriasrecord.com\/wp-content\/uploads\/2024\/04\/tecnologia_RECORD_1-1517843511-1.jpg 1280w, https:\/\/estanteriasrecord.com\/wp-content\/uploads\/2024\/04\/tecnologia_RECORD_1-1517843511-1-300x123.jpg 300w, https:\/\/estanteriasrecord.com\/wp-content\/uploads\/2024\/04\/tecnologia_RECORD_1-1517843511-1-1024x420.jpg 1024w, https:\/\/estanteriasrecord.com\/wp-content\/uploads\/2024\/04\/tecnologia_RECORD_1-1517843511-1-768x315.jpg 768w, https:\/\/estanteriasrecord.com\/wp-content\/uploads\/2024\/04\/tecnologia_RECORD_1-1517843511-1-600x246.jpg 600w\" sizes=\"auto, (max-width: 1280px) 100vw, 1280px\" \/>\t\t\t\t\t\t\t\t\t\t\t\t\t\t\t<\/div>\n\t\t\t\t<\/div>\n\t\t<div class=\"elementor-element elementor-element-e761991 e-flex e-con-boxed e-con e-child\" data-id=\"e761991\" data-element_type=\"container\" data-e-type=\"container\" data-settings=\"{&quot;background_background&quot;:&quot;classic&quot;}\">\n\t\t\t\t\t<div class=\"e-con-inner\">\n\t\t\t\t<div class=\"elementor-element elementor-element-472d5ac0 elementor-widget elementor-widget-text-editor\" data-id=\"472d5ac0\" data-element_type=\"widget\" data-e-type=\"widget\" data-widget_type=\"text-editor.default\">\n\t\t\t\t<div class=\"elementor-widget-container\">\n\t\t\t\t\t\t\t\t\t<p class=\"western\" style=\"font-family: Roboto, sans-serif;\" align=\"justify\"><span lang=\"es-ES\">En application de la<\/span> <span style=\"font-weight: bolder;\"><span lang=\"es-ES\">culture de l&rsquo;innovation<\/span><\/span> <span lang=\"es-ES\">qui a, pour Estanter\u00edas Record, un caract\u00e8re strat\u00e9gique, son <\/span><span style=\"font-weight: bolder;\"><span lang=\"es-ES\">pari technologique<\/span><\/span> <span lang=\"es-ES\">est pr\u00e9sent non seulement au niveau de la production, mais aussi dans la dotation des autres moyens techniques utilis\u00e9s dans la conception et l&rsquo;\u00e9laboration des solutions projet\u00e9es.<\/span><\/p><p class=\"western\" style=\"font-family: Roboto, sans-serif;\" align=\"justify\"><span lang=\"es-ES\">La formation technologique est une base d&rsquo;une importance capitale dans le secteur logistique. Les entreprises cherchent \u00e0 rentabiliser leurs investissements en misant de plus en plus clairement sur l&rsquo;engagement technologique, pour gagner en  <\/span><span lang=\"es-ES\"><span style=\"font-weight: bolder;\">comp\u00e9titivit\u00e9<\/span><\/span><span lang=\"es-ES\"> et pour atteindre un meilleur \u00e9quilibre dans le rendement de leurs actifs. En particulier, le secteur de l&rsquo;entreposage se pr\u00eate tout sp\u00e9cialement \u00e0 la mise en \u0153uvre d&rsquo;  <\/span><span lang=\"es-ES\"><span style=\"font-weight: bolder;\">am\u00e9liorations \u00e9volutives<\/span><\/span><span lang=\"es-ES\"> facilitant les t\u00e2ches d&rsquo;inventaire, de manipulation et de gestion des stocks. Dans ce sens, Estanter\u00edas Record met toujours \u00e0 disposition de ses clients les solutions les plus actuelles et les plus modernes, celles que le dernier \u00e9tat de la technique est en mesure de fournir. <\/span><\/p>\t\t\t\t\t\t\t\t<\/div>\n\t\t\t\t<\/div>\n\t\t\t\t\t<\/div>\n\t\t\t\t<\/div>\n\t\t\t\t<\/div>\n\t\t<div class=\"elementor-element elementor-element-766cf783 e-con-full e-flex e-con e-child\" data-id=\"766cf783\" data-element_type=\"container\" data-e-type=\"container\">\n\t\t\t\t<div class=\"elementor-element elementor-element-11d425d8 elementor-widget__width-inherit elementor-widget elementor-widget-image\" data-id=\"11d425d8\" data-element_type=\"widget\" data-e-type=\"widget\" data-widget_type=\"image.default\">\n\t\t\t\t<div class=\"elementor-widget-container\">\n\t\t\t\t\t\t\t\t\t\t\t\t\t\t\t<img loading=\"lazy\" decoding=\"async\" loading=\"lazy\" width=\"640\" height=\"424\" src=\"https:\/\/estanteriasrecord.com\/wp-content\/uploads\/2024\/04\/tecnologia_RECORD_2-1517843529-1-e1713872565420.jpg\" class=\"attachment-full size-full wp-image-13375\" alt=\"Tecnolog\u00eda 3\" srcset=\"https:\/\/estanteriasrecord.com\/wp-content\/uploads\/2024\/04\/tecnologia_RECORD_2-1517843529-1-e1713872565420.jpg 640w, https:\/\/estanteriasrecord.com\/wp-content\/uploads\/2024\/04\/tecnologia_RECORD_2-1517843529-1-e1713872565420-300x199.jpg 300w, https:\/\/estanteriasrecord.com\/wp-content\/uploads\/2024\/04\/tecnologia_RECORD_2-1517843529-1-e1713872565420-600x398.jpg 600w\" sizes=\"auto, (max-width: 640px) 100vw, 640px\" \/>\t\t\t\t\t\t\t\t\t\t\t\t\t\t\t<\/div>\n\t\t\t\t<\/div>\n\t\t<div class=\"elementor-element elementor-element-bd8ffdd e-con-full e-flex e-con e-child\" data-id=\"bd8ffdd\" data-element_type=\"container\" data-e-type=\"container\" data-settings=\"{&quot;background_background&quot;:&quot;classic&quot;}\">\n\t\t\t\t<div class=\"elementor-element elementor-element-4849c241 elementor-widget elementor-widget-text-editor\" data-id=\"4849c241\" data-element_type=\"widget\" data-e-type=\"widget\" data-widget_type=\"text-editor.default\">\n\t\t\t\t<div class=\"elementor-widget-container\">\n\t\t\t\t\t\t\t\t\t<p><span lang=\"es-ES\" style=\"font-family: Roboto, sans-serif; text-align: justify;\">Estanter\u00edas Record a pour base strat\u00e9gique de rester \u00e0 l&rsquo;avant-garde dans tous ses processus d&rsquo;affaires et, essentiellement, dans ceux qui ont trait \u00e0 la recherche et au d\u00e9veloppement des mises en \u0153uvre qu&rsquo;il con\u00e7oit. Il s&rsquo;appuie pour cela sur des sc\u00e9narios informatiques et des plateformes de connaissances qui sont des r\u00e9f\u00e9rences absolues \u00e0 l&rsquo;\u00e9chelle mondiale, afin de fournir \u00e0 ses clients les produits les plus fiables et les plus \u00e9volu\u00e9s du march\u00e9. La possession des outils ad\u00e9quats permet de d\u00e9velopper des \u00e9l\u00e9ments de   <\/span><span style=\"font-weight: bolder;\"><span lang=\"es-ES\" style=\"font-family: Roboto, sans-serif; text-align: justify;\">haute performance<\/span><\/span> <span lang=\"es-ES\" style=\"font-family: Roboto, sans-serif; text-align: justify;\">quant \u00e0 <\/span><span style=\"font-weight: bolder;\"><span lang=\"es-ES\" style=\"font-family: Roboto, sans-serif; text-align: justify;\">la fonctionnalit\u00e9 et \u00e0 la s\u00e9curit\u00e9<\/span><\/span> <span lang=\"es-ES\" style=\"font-family: Roboto, sans-serif; text-align: justify;\">d\u00e8s leur conception, bien au-dessus des normes r\u00e9glementaires obligatoires pour les syst\u00e8mes structurels d&rsquo;entreposage en mati\u00e8re de pr\u00e9vention des risques et d&rsquo;autres exigences techniques.<\/span><\/p>\t\t\t\t\t\t\t\t<\/div>\n\t\t\t\t<\/div>\n\t\t\t\t<\/div>\n\t\t\t\t<\/div>\n\t\t<div class=\"elementor-element elementor-element-658e6a88 e-con-full e-flex e-con e-child\" data-id=\"658e6a88\" data-element_type=\"container\" data-e-type=\"container\">\n\t\t\t\t<div class=\"elementor-element elementor-element-39127429 elementor-widget__width-inherit elementor-widget-mobile__width-auto elementor-widget elementor-widget-image\" data-id=\"39127429\" data-element_type=\"widget\" data-e-type=\"widget\" data-widget_type=\"image.default\">\n\t\t\t\t<div class=\"elementor-widget-container\">\n\t\t\t\t\t\t\t\t\t\t\t\t\t\t\t<img loading=\"lazy\" decoding=\"async\" loading=\"lazy\" width=\"640\" height=\"424\" src=\"https:\/\/estanteriasrecord.com\/wp-content\/uploads\/2024\/04\/tecnologia_RECORD_2-1517843529-e1713872499211.jpg\" class=\"attachment-full size-full wp-image-13373\" alt=\"Tecnolog\u00eda 4\" srcset=\"https:\/\/estanteriasrecord.com\/wp-content\/uploads\/2024\/04\/tecnologia_RECORD_2-1517843529-e1713872499211.jpg 640w, https:\/\/estanteriasrecord.com\/wp-content\/uploads\/2024\/04\/tecnologia_RECORD_2-1517843529-e1713872499211-300x199.jpg 300w, https:\/\/estanteriasrecord.com\/wp-content\/uploads\/2024\/04\/tecnologia_RECORD_2-1517843529-e1713872499211-600x398.jpg 600w\" sizes=\"auto, (max-width: 640px) 100vw, 640px\" \/>\t\t\t\t\t\t\t\t\t\t\t\t\t\t\t<\/div>\n\t\t\t\t<\/div>\n\t\t<div class=\"elementor-element elementor-element-d78bd5e e-flex e-con-boxed e-con e-child\" data-id=\"d78bd5e\" data-element_type=\"container\" data-e-type=\"container\" data-settings=\"{&quot;background_background&quot;:&quot;classic&quot;}\">\n\t\t\t\t\t<div class=\"e-con-inner\">\n\t\t\t\t<div class=\"elementor-element elementor-element-20b0fcda elementor-widget elementor-widget-text-editor\" data-id=\"20b0fcda\" data-element_type=\"widget\" data-e-type=\"widget\" data-widget_type=\"text-editor.default\">\n\t\t\t\t<div class=\"elementor-widget-container\">\n\t\t\t\t\t\t\t\t\t<p><span style=\"font-family: Roboto, sans-serif;\">Le pari d&rsquo;Estanter\u00edas Record est de se poser en r\u00e9f\u00e9rence technologique dans un march\u00e9 qui exige des solutions de haute performance avec une garantie de comp\u00e9tence op\u00e9rationnelle.<\/span><\/p>\t\t\t\t\t\t\t\t<\/div>\n\t\t\t\t<\/div>\n\t\t\t\t\t<\/div>\n\t\t\t\t<\/div>\n\t\t\t\t<\/div>\n\t\t\t\t\t<\/div>\n\t\t\t\t<\/div>\n\t\t\t\t<\/div>\n\t\t","protected":false},"excerpt":{"rendered":"<p>Vous \u00eates ici:&nbsp; En application de la culture de l&rsquo;innovation qui a, pour Estanter\u00edas Record, un caract\u00e8re strat\u00e9gique, son pari technologique est pr\u00e9sent non seulement au niveau de la production, mais aussi dans la dotation des autres moyens techniques utilis\u00e9s dans la conception et l&rsquo;\u00e9laboration des solutions projet\u00e9es. La formation technologique est une base d&rsquo;une [&hellip;]<\/p>\n","protected":false},"author":5,"featured_media":0,"parent":14909,"menu_order":0,"comment_status":"closed","ping_status":"closed","template":"","meta":{"_acf_changed":false,"_joinchat":[],"footnotes":""},"class_list":["post-15061","page","type-page","status-publish","hentry"],"acf":[],"yoast_head":"<!-- This site is optimized with the Yoast SEO plugin v27.0 - https:\/\/yoast.com\/product\/yoast-seo-wordpress\/ -->\n<title>Technologie | Estanter\u00edas Record<\/title>\n<meta name=\"robots\" content=\"index, follow, max-snippet:-1, max-image-preview:large, max-video-preview:-1\" \/>\n<link rel=\"canonical\" href=\"https:\/\/estanteriasrecord.com\/fr\/entreprise\/technologie\" \/>\n<meta property=\"og:locale\" content=\"fr_FR\" \/>\n<meta property=\"og:type\" content=\"article\" \/>\n<meta property=\"og:title\" content=\"Technologie | Estanter\u00edas Record\" \/>\n<meta property=\"og:description\" content=\"Vous \u00eates ici:&nbsp; En application de la culture de l&rsquo;innovation qui a, pour Estanter\u00edas Record, un caract\u00e8re strat\u00e9gique, son pari technologique est pr\u00e9sent non seulement au niveau de la production, mais aussi dans la dotation des autres moyens techniques utilis\u00e9s dans la conception et l&rsquo;\u00e9laboration des solutions projet\u00e9es. La formation technologique est une base d&rsquo;une [&hellip;]\" \/>\n<meta property=\"og:url\" content=\"https:\/\/estanteriasrecord.com\/fr\/entreprise\/technologie\" \/>\n<meta property=\"og:site_name\" content=\"Estanter\u00edas Record\" \/>\n<meta property=\"article:publisher\" content=\"https:\/\/www.facebook.com\/estanteriasrecord\/\" \/>\n<meta property=\"article:modified_time\" content=\"2025-05-13T08:58:48+00:00\" \/>\n<meta property=\"og:image\" content=\"https:\/\/estanteriasrecord.com\/wp-content\/uploads\/2024\/11\/tecnologia-estanterias-record.jpg\" \/>\n\t<meta property=\"og:image:width\" content=\"1280\" \/>\n\t<meta property=\"og:image:height\" content=\"720\" \/>\n\t<meta property=\"og:image:type\" content=\"image\/jpeg\" \/>\n<meta name=\"twitter:card\" content=\"summary_large_image\" \/>\n<meta name=\"twitter:label1\" content=\"Dur\u00e9e de lecture estim\u00e9e\" \/>\n\t<meta name=\"twitter:data1\" content=\"3 minutes\" \/>\n<script type=\"application\/ld+json\" class=\"yoast-schema-graph\">{\"@context\":\"https:\/\/schema.org\",\"@graph\":[{\"@type\":\"WebPage\",\"@id\":\"https:\/\/estanteriasrecord.com\/fr\/entreprise\/technologie\",\"url\":\"https:\/\/estanteriasrecord.com\/fr\/entreprise\/technologie\",\"name\":\"Technologie | Estanter\u00edas Record\",\"isPartOf\":{\"@id\":\"https:\/\/estanteriasrecord.com\/fr#website\"},\"primaryImageOfPage\":{\"@id\":\"https:\/\/estanteriasrecord.com\/fr\/entreprise\/technologie#primaryimage\"},\"image\":{\"@id\":\"https:\/\/estanteriasrecord.com\/fr\/entreprise\/technologie#primaryimage\"},\"thumbnailUrl\":\"https:\/\/estanteriasrecord.com\/wp-content\/uploads\/2024\/11\/tecnologia-estanterias-record.jpg\",\"datePublished\":\"2024-05-27T05:25:09+00:00\",\"dateModified\":\"2025-05-13T08:58:48+00:00\",\"breadcrumb\":{\"@id\":\"https:\/\/estanteriasrecord.com\/fr\/entreprise\/technologie#breadcrumb\"},\"inLanguage\":\"fr-FR\",\"potentialAction\":[{\"@type\":\"ReadAction\",\"target\":[\"https:\/\/estanteriasrecord.com\/fr\/entreprise\/technologie\"]}]},{\"@type\":\"ImageObject\",\"inLanguage\":\"fr-FR\",\"@id\":\"https:\/\/estanteriasrecord.com\/fr\/entreprise\/technologie#primaryimage\",\"url\":\"https:\/\/estanteriasrecord.com\/wp-content\/uploads\/2024\/11\/tecnologia-estanterias-record.jpg\",\"contentUrl\":\"https:\/\/estanteriasrecord.com\/wp-content\/uploads\/2024\/11\/tecnologia-estanterias-record.jpg\"},{\"@type\":\"BreadcrumbList\",\"@id\":\"https:\/\/estanteriasrecord.com\/fr\/entreprise\/technologie#breadcrumb\",\"itemListElement\":[{\"@type\":\"ListItem\",\"position\":1,\"name\":\"Portada\",\"item\":\"https:\/\/estanteriasrecord.com\/fr\/estanterias-record\"},{\"@type\":\"ListItem\",\"position\":2,\"name\":\"Enterprise\",\"item\":\"https:\/\/estanteriasrecord.com\/fr\/entreprise\"},{\"@type\":\"ListItem\",\"position\":3,\"name\":\"Technologie\"}]},{\"@type\":\"WebSite\",\"@id\":\"https:\/\/estanteriasrecord.com\/fr#website\",\"url\":\"https:\/\/estanteriasrecord.com\/fr\",\"name\":\"Estanter\u00edas Record\",\"description\":\"Sistemas eficientes de almacenamiento\",\"publisher\":{\"@id\":\"https:\/\/estanteriasrecord.com\/fr#organization\"},\"potentialAction\":[{\"@type\":\"SearchAction\",\"target\":{\"@type\":\"EntryPoint\",\"urlTemplate\":\"https:\/\/estanteriasrecord.com\/fr?s={search_term_string}\"},\"query-input\":{\"@type\":\"PropertyValueSpecification\",\"valueRequired\":true,\"valueName\":\"search_term_string\"}}],\"inLanguage\":\"fr-FR\"},{\"@type\":\"Organization\",\"@id\":\"https:\/\/estanteriasrecord.com\/fr#organization\",\"name\":\"Estanter\u00edas Record\",\"url\":\"https:\/\/estanteriasrecord.com\/fr\",\"logo\":{\"@type\":\"ImageObject\",\"inLanguage\":\"fr-FR\",\"@id\":\"https:\/\/estanteriasrecord.com\/fr#\/schema\/logo\/image\/\",\"url\":\"https:\/\/estanteriasrecord.com\/wp-content\/uploads\/2024\/03\/logo_cab_doc.png\",\"contentUrl\":\"https:\/\/estanteriasrecord.com\/wp-content\/uploads\/2024\/03\/logo_cab_doc.png\",\"width\":250,\"height\":119,\"caption\":\"Estanter\u00edas Record\"},\"image\":{\"@id\":\"https:\/\/estanteriasrecord.com\/fr#\/schema\/logo\/image\/\"},\"sameAs\":[\"https:\/\/www.facebook.com\/estanteriasrecord\/\"]}]}<\/script>\n<!-- \/ Yoast SEO plugin. -->","yoast_head_json":{"title":"Technologie | Estanter\u00edas Record","robots":{"index":"index","follow":"follow","max-snippet":"max-snippet:-1","max-image-preview":"max-image-preview:large","max-video-preview":"max-video-preview:-1"},"canonical":"https:\/\/estanteriasrecord.com\/fr\/entreprise\/technologie","og_locale":"fr_FR","og_type":"article","og_title":"Technologie | Estanter\u00edas Record","og_description":"Vous \u00eates ici:&nbsp; En application de la culture de l&rsquo;innovation qui a, pour Estanter\u00edas Record, un caract\u00e8re strat\u00e9gique, son pari technologique est pr\u00e9sent non seulement au niveau de la production, mais aussi dans la dotation des autres moyens techniques utilis\u00e9s dans la conception et l&rsquo;\u00e9laboration des solutions projet\u00e9es. La formation technologique est une base d&rsquo;une [&hellip;]","og_url":"https:\/\/estanteriasrecord.com\/fr\/entreprise\/technologie","og_site_name":"Estanter\u00edas Record","article_publisher":"https:\/\/www.facebook.com\/estanteriasrecord\/","article_modified_time":"2025-05-13T08:58:48+00:00","og_image":[{"width":1280,"height":720,"url":"https:\/\/estanteriasrecord.com\/wp-content\/uploads\/2024\/11\/tecnologia-estanterias-record.jpg","type":"image\/jpeg"}],"twitter_card":"summary_large_image","twitter_misc":{"Dur\u00e9e de lecture estim\u00e9e":"3 minutes"},"schema":{"@context":"https:\/\/schema.org","@graph":[{"@type":"WebPage","@id":"https:\/\/estanteriasrecord.com\/fr\/entreprise\/technologie","url":"https:\/\/estanteriasrecord.com\/fr\/entreprise\/technologie","name":"Technologie | Estanter\u00edas Record","isPartOf":{"@id":"https:\/\/estanteriasrecord.com\/fr#website"},"primaryImageOfPage":{"@id":"https:\/\/estanteriasrecord.com\/fr\/entreprise\/technologie#primaryimage"},"image":{"@id":"https:\/\/estanteriasrecord.com\/fr\/entreprise\/technologie#primaryimage"},"thumbnailUrl":"https:\/\/estanteriasrecord.com\/wp-content\/uploads\/2024\/11\/tecnologia-estanterias-record.jpg","datePublished":"2024-05-27T05:25:09+00:00","dateModified":"2025-05-13T08:58:48+00:00","breadcrumb":{"@id":"https:\/\/estanteriasrecord.com\/fr\/entreprise\/technologie#breadcrumb"},"inLanguage":"fr-FR","potentialAction":[{"@type":"ReadAction","target":["https:\/\/estanteriasrecord.com\/fr\/entreprise\/technologie"]}]},{"@type":"ImageObject","inLanguage":"fr-FR","@id":"https:\/\/estanteriasrecord.com\/fr\/entreprise\/technologie#primaryimage","url":"https:\/\/estanteriasrecord.com\/wp-content\/uploads\/2024\/11\/tecnologia-estanterias-record.jpg","contentUrl":"https:\/\/estanteriasrecord.com\/wp-content\/uploads\/2024\/11\/tecnologia-estanterias-record.jpg"},{"@type":"BreadcrumbList","@id":"https:\/\/estanteriasrecord.com\/fr\/entreprise\/technologie#breadcrumb","itemListElement":[{"@type":"ListItem","position":1,"name":"Portada","item":"https:\/\/estanteriasrecord.com\/fr\/estanterias-record"},{"@type":"ListItem","position":2,"name":"Enterprise","item":"https:\/\/estanteriasrecord.com\/fr\/entreprise"},{"@type":"ListItem","position":3,"name":"Technologie"}]},{"@type":"WebSite","@id":"https:\/\/estanteriasrecord.com\/fr#website","url":"https:\/\/estanteriasrecord.com\/fr","name":"Estanter\u00edas Record","description":"Sistemas eficientes de almacenamiento","publisher":{"@id":"https:\/\/estanteriasrecord.com\/fr#organization"},"potentialAction":[{"@type":"SearchAction","target":{"@type":"EntryPoint","urlTemplate":"https:\/\/estanteriasrecord.com\/fr?s={search_term_string}"},"query-input":{"@type":"PropertyValueSpecification","valueRequired":true,"valueName":"search_term_string"}}],"inLanguage":"fr-FR"},{"@type":"Organization","@id":"https:\/\/estanteriasrecord.com\/fr#organization","name":"Estanter\u00edas Record","url":"https:\/\/estanteriasrecord.com\/fr","logo":{"@type":"ImageObject","inLanguage":"fr-FR","@id":"https:\/\/estanteriasrecord.com\/fr#\/schema\/logo\/image\/","url":"https:\/\/estanteriasrecord.com\/wp-content\/uploads\/2024\/03\/logo_cab_doc.png","contentUrl":"https:\/\/estanteriasrecord.com\/wp-content\/uploads\/2024\/03\/logo_cab_doc.png","width":250,"height":119,"caption":"Estanter\u00edas Record"},"image":{"@id":"https:\/\/estanteriasrecord.com\/fr#\/schema\/logo\/image\/"},"sameAs":["https:\/\/www.facebook.com\/estanteriasrecord\/"]}]}},"_links":{"self":[{"href":"https:\/\/estanteriasrecord.com\/fr\/wp-json\/wp\/v2\/pages\/15061","targetHints":{"allow":["GET"]}}],"collection":[{"href":"https:\/\/estanteriasrecord.com\/fr\/wp-json\/wp\/v2\/pages"}],"about":[{"href":"https:\/\/estanteriasrecord.com\/fr\/wp-json\/wp\/v2\/types\/page"}],"author":[{"embeddable":true,"href":"https:\/\/estanteriasrecord.com\/fr\/wp-json\/wp\/v2\/users\/5"}],"replies":[{"embeddable":true,"href":"https:\/\/estanteriasrecord.com\/fr\/wp-json\/wp\/v2\/comments?post=15061"}],"version-history":[{"count":3,"href":"https:\/\/estanteriasrecord.com\/fr\/wp-json\/wp\/v2\/pages\/15061\/revisions"}],"predecessor-version":[{"id":19769,"href":"https:\/\/estanteriasrecord.com\/fr\/wp-json\/wp\/v2\/pages\/15061\/revisions\/19769"}],"up":[{"embeddable":true,"href":"https:\/\/estanteriasrecord.com\/fr\/wp-json\/wp\/v2\/pages\/14909"}],"wp:attachment":[{"href":"https:\/\/estanteriasrecord.com\/fr\/wp-json\/wp\/v2\/media?parent=15061"}],"curies":[{"name":"wp","href":"https:\/\/api.w.org\/{rel}","templated":true}]}}