{"id":15504,"date":"2024-11-06T07:52:40","date_gmt":"2024-11-06T06:52:40","guid":{"rendered":"https:\/\/estanteriasrecord.com\/mentions-legales"},"modified":"2025-05-05T10:13:57","modified_gmt":"2025-05-05T08:13:57","slug":"mentions-legales","status":"publish","type":"page","link":"https:\/\/estanteriasrecord.com\/fr\/mentions-legales","title":{"rendered":"Mentions l\u00e9gales"},"content":{"rendered":"\t\t<div data-elementor-type=\"wp-page\" data-elementor-id=\"15504\" class=\"elementor elementor-15504 elementor-12320\" data-elementor-post-type=\"page\">\n\t\t\t\t<div class=\"elementor-element elementor-element-a6b84e2 e-flex e-con-boxed e-con e-parent\" data-id=\"a6b84e2\" data-element_type=\"container\" data-e-type=\"container\">\n\t\t\t\t\t<div class=\"e-con-inner\">\n\t\t\t\t<div class=\"elementor-element elementor-element-42a39f6 elementor-widget elementor-widget-heading\" data-id=\"42a39f6\" data-element_type=\"widget\" data-e-type=\"widget\" data-widget_type=\"heading.default\">\n\t\t\t\t<div class=\"elementor-widget-container\">\n\t\t\t\t\t<h2 class=\"elementor-heading-title elementor-size-default\">Mentions l\u00e9gales<\/h2>\t\t\t\t<\/div>\n\t\t\t\t<\/div>\n\t\t\t\t<div class=\"elementor-element elementor-element-2b8e09c elementor-widget elementor-widget-text-editor\" data-id=\"2b8e09c\" data-element_type=\"widget\" data-e-type=\"widget\" data-widget_type=\"text-editor.default\">\n\t\t\t\t<div class=\"elementor-widget-container\">\n\t\t\t\t\t\t\t\t\t<p><span style=\"color: #000000;\"><b>MENTIONS L\u00c9GALES <br> <\/b><\/span><\/p><p><span style=\"color: #000000;\">ESTANTERIAS METALICAS RECORD, S.L. se r\u00e9serve le droit de modifier tout type d\u2019information pouvant appara\u00eetre sur le site Web, et ce sans obligation de pr\u00e9avis ou de porter \u00e0 la connaissance des utilisateurs ces modifications, la publication sur le site Web d\u2019ESTANTERIAS METALICAS RECORD, S.L. \u00e9tant consid\u00e9r\u00e9e comme suffisante.<\/span><\/p><p><span style=\"color: #000000;\">Conform\u00e9ment \u00e0 l\u2019article 10 de la loi 34\/2002, du 11 juillet 2002, sur les services de la soci\u00e9t\u00e9 de l\u2019information et le commerce \u00e9lectronique, les donn\u00e9es d\u2019identification de l\u2019entreprise propri\u00e9taire du domaine <span style=\"color: #ff8200;\">www.estanteriasrecord.com <\/span> sont expos\u00e9es ci-dessous :<\/span><\/p><p><span style=\"color: #000000;\"><b>1. Donn\u00e9es d\u2019identification : <\/b><\/span><\/p><p><span style=\"color: #000000;\">\u2013 Nom de domaine : <span style=\"color: #ff8200;\">www.estanteriasrecord.com<\/span><\/span><\/p><p><span style=\"color: #000000;\">\u2013 Raison sociale : ESTANTERIAS METALICAS RECORD, S.L.<\/span><\/p><p><span style=\"color: #000000;\">\u2013 Num\u00e9ro d\u2019identification fiscale : B18317255<\/span><\/p><p><span style=\"color: #000000;\">\u2013 Si\u00e8ge social : POL. JUNCARIL, C\/ TREVELEZ, PARCELA R1, &#8211; 18220 ALBOLOTE (Grenade) <\/span><\/p><p><span style=\"color: #000000;\">\u2013 T\u00e9l\u00e9phone : +34 958 018 518<\/span><\/p><p><span style=\"color: #000000;\">\u2013 Adresse \u00e9lectronique : info@estanteriasrecord.com<\/span><\/p><p><span style=\"color: #000000;\">&#8211; Donn\u00e9es d\u2019enregistrement : registre du commerce de grenade, tome 543, folio 48, feuille GR 4984, inscription 1<\/span><\/p><p><span style=\"color: #000000;\"><b>2. Droits de propri\u00e9t\u00e9 intellectuelle et industrielle : <\/b><\/span><\/p><p><span style=\"color: #000000;\">Le site Web, y compris mais sans s\u2019y limiter sa programmation, son \u00e9dition, sa compilation et tout autre \u00e9l\u00e9ment n\u00e9cessaire \u00e0 son fonctionnement, les dessins, les logos, les textes et\/ou les graphiques, sont la propri\u00e9t\u00e9 du responsable ou, le cas \u00e9ch\u00e9ant, disposent d\u2019une licence ou d\u2019une autorisation explicite de la part des auteurs.<\/span><\/p><p><span style=\"color: #000000;\">Tous les contenus du site Web sont convenablement prot\u00e9g\u00e9s par la r\u00e9glementation relative \u00e0 la propri\u00e9t\u00e9 intellectuelle et industrielle, et sont inscrits dans les registres publics correspondants. Ind\u00e9pendamment des fins auxquelles ils sont destin\u00e9s, la reproduction totale ou partielle, l\u2019utilisation, l\u2019exploitation, la distribution et la commercialisation de ces contenus n\u00e9cessite dans tous les cas l\u2019autorisation \u00e9crite pr\u00e9alable du responsable. Toute utilisation non autoris\u00e9e pr\u00e9alablement est consid\u00e9r\u00e9e comme une violation grave des droits de propri\u00e9t\u00e9 intellectuelle ou industrielle de l\u2019auteur. Les dessins, logos, textes et\/ou graphiques \u00e9trangers au responsable et pouvant s\u2019afficher sur le site Web appartiennent \u00e0 leurs propri\u00e9taires respectifs, ces derniers \u00e9tant eux-m\u00eames responsables de toute controverse possible susceptible de survenir \u00e0 leur \u00e9gard.   <\/span><\/p><p><span style=\"color: #000000;\">Le responsable reconna\u00eet en faveur de leurs titulaires les droits de propri\u00e9t\u00e9 intellectuelle et industrielle respectifs, leur seule mention ou affichage sur le site Web n\u2019impliquant pas l\u2019existence de droits ou d\u2019une responsabilit\u00e9 quelconque sur ces derniers, ni le soutien, le parrainage ou la recommandation de sa part.<\/span><\/p><p><span style=\"color: #000000;\">Pour toute observation concernant d\u2019\u00e9ventuelles violations des droits de propri\u00e9t\u00e9 intellectuelle ou industrielle, ainsi que pour tout commentaire sur l\u2019un des contenus du site Web, veuillez envoyer un message \u00e0 <a style=\"color: #000000;\" href=\"mailto:manuel.gervilla@estanteriasrecord.com\">manuel.gervilla@estanteriasrecord.com<\/a> ou un courrier \u00e0 l\u2019adresse postale suivante : <br><\/span><\/p><p><span style=\"color: #000000;\">POL. JUNCARIL, C\/ TREVELEZ, PARCELA R1, &#8211; 18220 ALBOLOTE (Granada). <\/span><\/p><p><span style=\"color: #000000;\"><b>3. Navigation, acc\u00e8s et s\u00e9curit\u00e9 : <\/b><\/span><\/p><p><span style=\"color: #000000;\">L\u2019acc\u00e8s, la navigation et l\u2019utilisation de ce site Web impliquent de votre part l\u2019acceptation explicite et sans r\u00e9serve de toutes les conditions de cette politique de confidentialit\u00e9 et de protection des donn\u00e9es, cet agr\u00e9ment poss\u00e9dant la m\u00eame validit\u00e9 et efficacit\u00e9 que tout contrat conclu par \u00e9crit et sign\u00e9. Dans ce sens, on entend par utilisateur toute personne qui navigue sur le site Web, utilise ce dernier ou bien acc\u00e8de ou participe aux activit\u00e9s et services, gratuits ou payants, qui y sont d\u00e9velopp\u00e9s. <\/span><\/p><p><span style=\"color: #000000;\">L\u2019acc\u00e8s \u00e0 ce site Web, la navigation sur ce dernier et son utilisation supposent l\u2019acceptation explicite et sans r\u00e9serve de toutes les mentions l\u00e9gales et de toutes les conditions d\u2019utilisation qui figurent dans cette politique de confidentialit\u00e9 et de protection des donn\u00e9es. ESTANTERIAS METALICAS RECORD, S.L. d\u00e9ploie tous les efforts possibles pour que la navigation ait lieu dans les meilleures conditions et pour \u00e9viter les pr\u00e9judices de tout type susceptibles de survenir pendant celle-ci. La soci\u00e9t\u00e9 ESTANTERIAS METALICAS RECORD, S.L. ne garantit que l\u2019acc\u00e8s \u00e0 ce site Web soit ininterrompu ou exempt d\u2019erreur et n\u2019est pas tenue responsable de ces d\u00e9sagr\u00e9ments. Elle n\u2019est pas non plus tenue pour responsable ni ne garantit que le contenu ou le logiciel auquel il est possible d\u2019acc\u00e9der \u00e0 travers ce site Web soit exempt d\u2019erreur ou qu\u2019il ne provoque aucun dommage. La soci\u00e9t\u00e9 ESTANTERIAS METALICAS RECORD, S.L. n\u2019est en aucun cas tenue responsable des pertes, dommages ou pr\u00e9judices de tout type qui pourraient survenir \u00e0 l\u2019issue de l\u2019acc\u00e8s et de l\u2019utilisation du site Web, y compris, mais sans s\u2019y limiter, les d\u00e9g\u00e2ts provoqu\u00e9s aux syst\u00e8mes informatiques ou caus\u00e9s par l\u2019introduction de virus. Il en va de m\u00eame pour les dommages qui pourraient \u00eatre caus\u00e9s aux utilisateurs par une utilisation inappropri\u00e9e de ce site Web. Les services propos\u00e9s sur ce site Web ne peuvent \u00eatre utilis\u00e9s correctement que si les sp\u00e9cifications techniques pour lesquelles il a \u00e9t\u00e9 con\u00e7u sont respect\u00e9es.     <\/span><\/p><p><span style=\"color: #000000;\">L\u2019acc\u00e8s \u00e0 ce site Web est interdit aux mineurs de moins de 14 ans, sauf si ces derniers disposent de l\u2019autorisation pr\u00e9alable et explicite de leurs parents, tuteurs ou repr\u00e9sentants l\u00e9gaux, ces personnes \u00e9tant consid\u00e9r\u00e9es comme responsables des actes r\u00e9alis\u00e9s par les mineurs \u00e0 leur charge, et ce conform\u00e9ment \u00e0 la l\u00e9gislation en vigueur. En tout \u00e9tat de cause, il est pr\u00e9sum\u00e9 que l\u2019acc\u00e8s d\u2019un mineur au site Web a \u00e9t\u00e9 effectu\u00e9 avec l\u2019autorisation pr\u00e9alable et explicite de ses parents, tuteurs ou repr\u00e9sentants l\u00e9gaux. <\/span><\/p><p><span style=\"color: #000000;\"><b>4. Exon\u00e9ration de responsabilit\u00e9s du responsable : <\/b><\/span><\/p><p><span style=\"color: #000000;\">Le responsable est exon\u00e9r\u00e9 de toute responsabilit\u00e9 d\u00e9riv\u00e9e des informations publi\u00e9es sur son site Web d\u00e8s lors que ces derni\u00e8res ont \u00e9t\u00e9 manipul\u00e9es ou introduite par un tiers ext\u00e9rieur \u00e0 celui-ci. Les liens depuis le site Web peuvent rediriger l\u2019utilisateur vers des contenus de sites Web tiers. \u00c9tant donn\u00e9 que le responsable ne peut pas toujours contr\u00f4ler les contenus introduits par les tiers sur leurs sites Web respectifs, il n\u2019assume aucune responsabilit\u00e9 quant \u00e0 ces contenus. En tout \u00e9tat de cause, le responsable doit proc\u00e9der au retrait imm\u00e9diat de tout contenu qui pourrait contrevenir \u00e0 la l\u00e9gislation nationale ou internationale, \u00e0 la morale ou \u00e0 l\u2019ordre public, en supprimant imm\u00e9diatement la redirection vers ce site Web et en informant les autorit\u00e9s comp\u00e9tentes du contenu en question. Le responsable n\u2019est pas tenu responsable des informations et contenus stock\u00e9s, y compris mais sans s\u2019y limiter, dans les forums, les chats, les g\u00e9n\u00e9rateurs de blogs, les commentaires, les r\u00e9seaux sociaux ou tout autre moyen permettant \u00e0 des tiers de publier des contenus de mani\u00e8re ind\u00e9pendante sur le site Web du responsable. Cependant, et en conformit\u00e9 avec les dispositions des articles 11 et 16 de la LSSICE, le responsable se tient \u00e0 disposition de tous les utilisateurs, de toutes les autorit\u00e9s et de toutes les forces de s\u00e9curit\u00e9, en collaborant de mani\u00e8re active au retrait ou, le cas \u00e9ch\u00e9ant, au blocage de tous les contenus qui pourraient nuire ou contrevenir \u00e0 la l\u00e9gislation nationale ou internationale, aux droits de tiers ou \u00e0 la morale et \u00e0 l\u2019ordre public.     <\/span><\/p><p><span style=\"color: #000000;\">Dans le cas o\u00f9 l\u2019utilisateur juge qu\u2019il existe sur le site Web un contenu susceptible d\u2019\u00eatre ainsi consid\u00e9r\u00e9, il est pri\u00e9 de le communiquer imm\u00e9diatement \u00e0 l\u2019administrateur du site Web. Ce site Web a \u00e9t\u00e9 r\u00e9vis\u00e9 et test\u00e9 pour fonctionner correctement. En principe, le bon fonctionnement peut \u00eatre garanti 365 jours par an, 24 heures par jour. Cependant, le responsable ne peut exclure la possibilit\u00e9 de certaines erreurs de programmation ou la survenue de causes de force majeure, catastrophes naturelles, gr\u00e8ves ou circonstances similaires rendant l\u2019acc\u00e8s au site impossible.   <\/span><\/p><p><span style=\"color: #000000;\"><b>5. Conditions suppl\u00e9mentaires : <\/b><\/span><\/p><p><span style=\"color: #000000;\">L\u2019utilisateur qui introduit les donn\u00e9es est le seul et dernier responsable de la v\u00e9racit\u00e9 des informations fournies ainsi que des modifications de ces derni\u00e8res qu\u2019il peut apporter jusqu\u2019\u00e0 la fin de la prestation du service.<\/span><\/p><p><span style=\"color: #000000;\"><b>6. Mise \u00e0 jour et modification des informations : <\/b><\/span><\/p><p><span style=\"color: #000000;\">Les informations affich\u00e9es sur ce site Web sont celles en vigueur \u00e0 la date de leur derni\u00e8re mise \u00e0 jour. ESTANTERIAS METALICAS RECORD, S.L. se r\u00e9serve le droit de mettre \u00e0 jour, de modifier ou de supprimer les informations de ce site Web, mais aussi de limiter ou d\u2019interdire l\u2019acc\u00e8s \u00e0 celui-ci. Ce site Web ne peut en aucun cas \u00eatre alt\u00e9r\u00e9, chang\u00e9, modifi\u00e9 ou adapt\u00e9. Toutefois, la soci\u00e9t\u00e9 ESTANTERIAS METALICAS RECORD, S.L. se r\u00e9serve la facult\u00e9 d\u2019effectuer, \u00e0 tout moment, tous les changements et modifications jug\u00e9s convenables, celle-ci \u00e9tant autoris\u00e9e \u00e0 faire usage de cette facult\u00e9 \u00e0 tout moment et sans pr\u00e9avis.   <\/span><\/p><p><span style=\"color: #000000;\"><b>7. Loi applicable et juridiction : <\/b><\/span><\/p><p><span style=\"color: #000000;\">Ces conditions sont r\u00e9gies et interpr\u00e9t\u00e9es conform\u00e9ment \u00e0 la l\u00e9gislation commune espagnole. Pour toute question susceptible de se pr\u00e9senter concernant l\u2019interpr\u00e9tation, l\u2019ex\u00e9cution, la r\u00e9siliation ou la r\u00e9solution des conditions g\u00e9n\u00e9rales, les parties doivent se soumettre \u00e0 la juridiction et \u00e0 la comp\u00e9tence des tribunaux du domicile social du responsable du site Web. Nonobstant ce qui pr\u00e9c\u00e8de et conform\u00e9ment \u00e0 la l\u00e9gislation espagnole, toute question susceptible de se pr\u00e9senter en relation avec ces conditions g\u00e9n\u00e9rales doit \u00eatre soumise aux comp\u00e9tences des tribunaux du domicile applicable, conform\u00e9ment \u00e0 l\u2019article 52 de la loi de proc\u00e9dure Civile ou norme substitutive applicable \u00e0 chaque moment.  <\/span><\/p><p><span style=\"color: #000000;\">Ces mentions l\u00e9gales sont r\u00e9dig\u00e9es et fournies par PROTECTION REPORT SOLUTIONS SL, <a style=\"color: #000000;\" href=\"https:\/\/www.protectionreport.com\/\"><span style=\"color: #ff8200;\">entreprise de RGPD<\/span><\/a>, qui se r\u00e9serve les actions l\u00e9gales correspondantes contre quiconque copie et utilise leur contenu de mani\u00e8re ill\u00e9gitime.<\/span><\/p>\t\t\t\t\t\t\t\t<\/div>\n\t\t\t\t<\/div>\n\t\t\t\t\t<\/div>\n\t\t\t\t<\/div>\n\t\t\t\t<\/div>\n\t\t","protected":false},"excerpt":{"rendered":"<p>Mentions l\u00e9gales MENTIONS L\u00c9GALES ESTANTERIAS METALICAS RECORD, S.L. se r\u00e9serve le droit de modifier tout type d\u2019information pouvant appara\u00eetre sur le site Web, et ce sans obligation de pr\u00e9avis ou de porter \u00e0 la connaissance des utilisateurs ces modifications, la publication sur le site Web d\u2019ESTANTERIAS METALICAS RECORD, S.L. \u00e9tant consid\u00e9r\u00e9e comme suffisante. Conform\u00e9ment \u00e0 [&hellip;]<\/p>\n","protected":false},"author":5,"featured_media":0,"parent":0,"menu_order":0,"comment_status":"closed","ping_status":"closed","template":"","meta":{"_acf_changed":false,"_joinchat":[],"footnotes":""},"class_list":["post-15504","page","type-page","status-publish","hentry"],"acf":[],"yoast_head":"<!-- This site is optimized with the Yoast SEO plugin v27.0 - https:\/\/yoast.com\/product\/yoast-seo-wordpress\/ -->\n<title>Mentions l\u00e9gales | Estanter\u00edas Record<\/title>\n<meta name=\"description\" content=\"Mentions l\u00e9gales. Estanter\u00edas Record. Donn\u00e9es d\u2019identification, droits de propri\u00e9t\u00e9 intellectuelle et industrielle, Navigation, acc\u00e8s et s\u00e9curit\u00e9...\" \/>\n<meta name=\"robots\" content=\"index, follow, max-snippet:-1, max-image-preview:large, max-video-preview:-1\" \/>\n<link rel=\"canonical\" href=\"https:\/\/estanteriasrecord.com\/fr\/mentions-legales\" \/>\n<meta property=\"og:locale\" content=\"fr_FR\" \/>\n<meta property=\"og:type\" content=\"article\" \/>\n<meta property=\"og:title\" content=\"Mentions l\u00e9gales | Estanter\u00edas Record\" \/>\n<meta property=\"og:description\" content=\"Mentions l\u00e9gales. Estanter\u00edas Record. Donn\u00e9es d\u2019identification, droits de propri\u00e9t\u00e9 intellectuelle et industrielle, Navigation, acc\u00e8s et s\u00e9curit\u00e9...\" \/>\n<meta property=\"og:url\" content=\"https:\/\/estanteriasrecord.com\/fr\/mentions-legales\" \/>\n<meta property=\"og:site_name\" content=\"Estanter\u00edas Record\" \/>\n<meta property=\"article:publisher\" content=\"https:\/\/www.facebook.com\/estanteriasrecord\/\" \/>\n<meta property=\"article:modified_time\" content=\"2025-05-05T08:13:57+00:00\" \/>\n<meta property=\"og:image\" content=\"https:\/\/estanteriasrecord.com\/wp-content\/uploads\/2024\/04\/Logo_2K_1-1516290663-scaled-1.jpg\" \/>\n\t<meta property=\"og:image:width\" content=\"2560\" \/>\n\t<meta property=\"og:image:height\" content=\"1513\" \/>\n\t<meta property=\"og:image:type\" content=\"image\/jpeg\" \/>\n<meta name=\"twitter:card\" content=\"summary_large_image\" \/>\n<meta name=\"twitter:label1\" content=\"Dur\u00e9e de lecture estim\u00e9e\" \/>\n\t<meta name=\"twitter:data1\" content=\"8 minutes\" \/>\n<script type=\"application\/ld+json\" class=\"yoast-schema-graph\">{\"@context\":\"https:\/\/schema.org\",\"@graph\":[{\"@type\":\"WebPage\",\"@id\":\"https:\/\/estanteriasrecord.com\/fr\/mentions-legales\",\"url\":\"https:\/\/estanteriasrecord.com\/fr\/mentions-legales\",\"name\":\"Mentions l\u00e9gales | Estanter\u00edas Record\",\"isPartOf\":{\"@id\":\"https:\/\/estanteriasrecord.com\/fr#website\"},\"datePublished\":\"2024-11-06T06:52:40+00:00\",\"dateModified\":\"2025-05-05T08:13:57+00:00\",\"description\":\"Mentions l\u00e9gales. Estanter\u00edas Record. Donn\u00e9es d\u2019identification, droits de propri\u00e9t\u00e9 intellectuelle et industrielle, Navigation, acc\u00e8s et s\u00e9curit\u00e9...\",\"breadcrumb\":{\"@id\":\"https:\/\/estanteriasrecord.com\/fr\/mentions-legales#breadcrumb\"},\"inLanguage\":\"fr-FR\",\"potentialAction\":[{\"@type\":\"ReadAction\",\"target\":[\"https:\/\/estanteriasrecord.com\/fr\/mentions-legales\"]}]},{\"@type\":\"BreadcrumbList\",\"@id\":\"https:\/\/estanteriasrecord.com\/fr\/mentions-legales#breadcrumb\",\"itemListElement\":[{\"@type\":\"ListItem\",\"position\":1,\"name\":\"Portada\",\"item\":\"https:\/\/estanteriasrecord.com\/fr\/estanterias-record\"},{\"@type\":\"ListItem\",\"position\":2,\"name\":\"Mentions l\u00e9gales\"}]},{\"@type\":\"WebSite\",\"@id\":\"https:\/\/estanteriasrecord.com\/fr#website\",\"url\":\"https:\/\/estanteriasrecord.com\/fr\",\"name\":\"Estanter\u00edas Record\",\"description\":\"Sistemas eficientes de almacenamiento\",\"publisher\":{\"@id\":\"https:\/\/estanteriasrecord.com\/fr#organization\"},\"potentialAction\":[{\"@type\":\"SearchAction\",\"target\":{\"@type\":\"EntryPoint\",\"urlTemplate\":\"https:\/\/estanteriasrecord.com\/fr?s={search_term_string}\"},\"query-input\":{\"@type\":\"PropertyValueSpecification\",\"valueRequired\":true,\"valueName\":\"search_term_string\"}}],\"inLanguage\":\"fr-FR\"},{\"@type\":\"Organization\",\"@id\":\"https:\/\/estanteriasrecord.com\/fr#organization\",\"name\":\"Estanter\u00edas Record\",\"url\":\"https:\/\/estanteriasrecord.com\/fr\",\"logo\":{\"@type\":\"ImageObject\",\"inLanguage\":\"fr-FR\",\"@id\":\"https:\/\/estanteriasrecord.com\/fr#\/schema\/logo\/image\/\",\"url\":\"https:\/\/estanteriasrecord.com\/wp-content\/uploads\/2024\/03\/logo_cab_doc.png\",\"contentUrl\":\"https:\/\/estanteriasrecord.com\/wp-content\/uploads\/2024\/03\/logo_cab_doc.png\",\"width\":250,\"height\":119,\"caption\":\"Estanter\u00edas Record\"},\"image\":{\"@id\":\"https:\/\/estanteriasrecord.com\/fr#\/schema\/logo\/image\/\"},\"sameAs\":[\"https:\/\/www.facebook.com\/estanteriasrecord\/\"]}]}<\/script>\n<!-- \/ Yoast SEO plugin. -->","yoast_head_json":{"title":"Mentions l\u00e9gales | Estanter\u00edas Record","description":"Mentions l\u00e9gales. Estanter\u00edas Record. Donn\u00e9es d\u2019identification, droits de propri\u00e9t\u00e9 intellectuelle et industrielle, Navigation, acc\u00e8s et s\u00e9curit\u00e9...","robots":{"index":"index","follow":"follow","max-snippet":"max-snippet:-1","max-image-preview":"max-image-preview:large","max-video-preview":"max-video-preview:-1"},"canonical":"https:\/\/estanteriasrecord.com\/fr\/mentions-legales","og_locale":"fr_FR","og_type":"article","og_title":"Mentions l\u00e9gales | Estanter\u00edas Record","og_description":"Mentions l\u00e9gales. Estanter\u00edas Record. Donn\u00e9es d\u2019identification, droits de propri\u00e9t\u00e9 intellectuelle et industrielle, Navigation, acc\u00e8s et s\u00e9curit\u00e9...","og_url":"https:\/\/estanteriasrecord.com\/fr\/mentions-legales","og_site_name":"Estanter\u00edas Record","article_publisher":"https:\/\/www.facebook.com\/estanteriasrecord\/","article_modified_time":"2025-05-05T08:13:57+00:00","og_image":[{"width":2560,"height":1513,"url":"https:\/\/estanteriasrecord.com\/wp-content\/uploads\/2024\/04\/Logo_2K_1-1516290663-scaled-1.jpg","type":"image\/jpeg"}],"twitter_card":"summary_large_image","twitter_misc":{"Dur\u00e9e de lecture estim\u00e9e":"8 minutes"},"schema":{"@context":"https:\/\/schema.org","@graph":[{"@type":"WebPage","@id":"https:\/\/estanteriasrecord.com\/fr\/mentions-legales","url":"https:\/\/estanteriasrecord.com\/fr\/mentions-legales","name":"Mentions l\u00e9gales | Estanter\u00edas Record","isPartOf":{"@id":"https:\/\/estanteriasrecord.com\/fr#website"},"datePublished":"2024-11-06T06:52:40+00:00","dateModified":"2025-05-05T08:13:57+00:00","description":"Mentions l\u00e9gales. Estanter\u00edas Record. Donn\u00e9es d\u2019identification, droits de propri\u00e9t\u00e9 intellectuelle et industrielle, Navigation, acc\u00e8s et s\u00e9curit\u00e9...","breadcrumb":{"@id":"https:\/\/estanteriasrecord.com\/fr\/mentions-legales#breadcrumb"},"inLanguage":"fr-FR","potentialAction":[{"@type":"ReadAction","target":["https:\/\/estanteriasrecord.com\/fr\/mentions-legales"]}]},{"@type":"BreadcrumbList","@id":"https:\/\/estanteriasrecord.com\/fr\/mentions-legales#breadcrumb","itemListElement":[{"@type":"ListItem","position":1,"name":"Portada","item":"https:\/\/estanteriasrecord.com\/fr\/estanterias-record"},{"@type":"ListItem","position":2,"name":"Mentions l\u00e9gales"}]},{"@type":"WebSite","@id":"https:\/\/estanteriasrecord.com\/fr#website","url":"https:\/\/estanteriasrecord.com\/fr","name":"Estanter\u00edas Record","description":"Sistemas eficientes de almacenamiento","publisher":{"@id":"https:\/\/estanteriasrecord.com\/fr#organization"},"potentialAction":[{"@type":"SearchAction","target":{"@type":"EntryPoint","urlTemplate":"https:\/\/estanteriasrecord.com\/fr?s={search_term_string}"},"query-input":{"@type":"PropertyValueSpecification","valueRequired":true,"valueName":"search_term_string"}}],"inLanguage":"fr-FR"},{"@type":"Organization","@id":"https:\/\/estanteriasrecord.com\/fr#organization","name":"Estanter\u00edas Record","url":"https:\/\/estanteriasrecord.com\/fr","logo":{"@type":"ImageObject","inLanguage":"fr-FR","@id":"https:\/\/estanteriasrecord.com\/fr#\/schema\/logo\/image\/","url":"https:\/\/estanteriasrecord.com\/wp-content\/uploads\/2024\/03\/logo_cab_doc.png","contentUrl":"https:\/\/estanteriasrecord.com\/wp-content\/uploads\/2024\/03\/logo_cab_doc.png","width":250,"height":119,"caption":"Estanter\u00edas Record"},"image":{"@id":"https:\/\/estanteriasrecord.com\/fr#\/schema\/logo\/image\/"},"sameAs":["https:\/\/www.facebook.com\/estanteriasrecord\/"]}]}},"_links":{"self":[{"href":"https:\/\/estanteriasrecord.com\/fr\/wp-json\/wp\/v2\/pages\/15504","targetHints":{"allow":["GET"]}}],"collection":[{"href":"https:\/\/estanteriasrecord.com\/fr\/wp-json\/wp\/v2\/pages"}],"about":[{"href":"https:\/\/estanteriasrecord.com\/fr\/wp-json\/wp\/v2\/types\/page"}],"author":[{"embeddable":true,"href":"https:\/\/estanteriasrecord.com\/fr\/wp-json\/wp\/v2\/users\/5"}],"replies":[{"embeddable":true,"href":"https:\/\/estanteriasrecord.com\/fr\/wp-json\/wp\/v2\/comments?post=15504"}],"version-history":[{"count":2,"href":"https:\/\/estanteriasrecord.com\/fr\/wp-json\/wp\/v2\/pages\/15504\/revisions"}],"predecessor-version":[{"id":19354,"href":"https:\/\/estanteriasrecord.com\/fr\/wp-json\/wp\/v2\/pages\/15504\/revisions\/19354"}],"wp:attachment":[{"href":"https:\/\/estanteriasrecord.com\/fr\/wp-json\/wp\/v2\/media?parent=15504"}],"curies":[{"name":"wp","href":"https:\/\/api.w.org\/{rel}","templated":true}]}}