{"id":15807,"date":"2024-12-02T12:38:35","date_gmt":"2024-12-02T11:38:35","guid":{"rendered":"https:\/\/estanteriasrecord.com\/incitations-au-developpement"},"modified":"2024-12-02T12:49:45","modified_gmt":"2024-12-02T12:49:45","slug":"incitations-au-developpement","status":"publish","type":"page","link":"https:\/\/estanteriasrecord.com\/fr\/incitations-au-developpement","title":{"rendered":"Incitations au d\u00e9veloppement"},"content":{"rendered":"\t\t<div data-elementor-type=\"wp-page\" data-elementor-id=\"15807\" class=\"elementor elementor-15807 elementor-15779\" data-elementor-post-type=\"page\">\n\t\t\t\t<div class=\"elementor-element elementor-element-99d0cc5 e-flex e-con-boxed e-con e-parent\" data-id=\"99d0cc5\" data-element_type=\"container\" data-e-type=\"container\">\n\t\t\t\t\t<div class=\"e-con-inner\">\n\t\t\t\t<div class=\"elementor-element elementor-element-952f1f5 elementor-widget elementor-widget-heading\" data-id=\"952f1f5\" data-element_type=\"widget\" data-e-type=\"widget\" data-widget_type=\"heading.default\">\n\t\t\t\t<div class=\"elementor-widget-container\">\n\t\t\t\t\t<h2 class=\"elementor-heading-title elementor-size-default\">INCITATIONS AU D\u00c9VELOPPEMENT <br><\/h2>\t\t\t\t<\/div>\n\t\t\t\t<\/div>\n\t\t\t\t\t<\/div>\n\t\t\t\t<\/div>\n\t\t<div class=\"elementor-element elementor-element-1444bd2 e-flex e-con-boxed e-con e-parent\" data-id=\"1444bd2\" data-element_type=\"container\" data-e-type=\"container\">\n\t\t\t\t\t<div class=\"e-con-inner\">\n\t\t\t\t<div class=\"elementor-element elementor-element-f739a3b elementor-widget elementor-widget-text-editor\" data-id=\"f739a3b\" data-element_type=\"widget\" data-e-type=\"widget\" data-widget_type=\"text-editor.default\">\n\t\t\t\t<div class=\"elementor-widget-container\">\n\t\t\t\t\t\t\t\t\t<h4 style=\"text-align: center;\">Projet de d\u00e9veloppement num\u00e9rique<\/h4>\n<p><b>ESTANTER\u00cdAS MET\u00c1LICAS RECORD S.L. <\/b> a b\u00e9n\u00e9fici\u00e9 du Fond Europ\u00e9en de D\u00e9veloppement R\u00e9gional qui vise \u00e0 am\u00e9liorer l&rsquo;usage et la qualit\u00e9 des technologies de l&rsquo;information et de la communication ainsi que leur acc\u00e8s. Gr\u00e2ce \u00e0 cela, l&rsquo;entreprise a lanc\u00e9 une campagne SEM, une dynamisation sur les r\u00e9seaux sociaux et une campagne d&#8217;emailing en vue d&rsquo;am\u00e9liorer la comp\u00e9titivit\u00e9 et la productivit\u00e9 de l&rsquo;entreprise. 16\/11\/2017[16\/11\/2017]. Pour y parvenir, nous avons re\u00e7u le soutien du Programme TicC\u00e1maras de la Chambre de Commerce de Grenade. <\/p>\n\t\t\t\t\t\t\t\t<\/div>\n\t\t\t\t<\/div>\n\t\t\t\t<div class=\"elementor-element elementor-element-780b992 elementor-widget elementor-widget-image\" data-id=\"780b992\" data-element_type=\"widget\" data-e-type=\"widget\" data-widget_type=\"image.default\">\n\t\t\t\t<div class=\"elementor-widget-container\">\n\t\t\t\t\t\t\t\t\t\t\t\t\t\t\t<img loading=\"lazy\" decoding=\"async\" loading=\"lazy\" width=\"221\" height=\"300\" src=\"https:\/\/estanteriasrecord.com\/wp-content\/uploads\/2024\/12\/ticcamaras-221x300.jpg\" class=\"attachment-medium size-medium wp-image-15790\" alt=\"\" srcset=\"https:\/\/estanteriasrecord.com\/wp-content\/uploads\/2024\/12\/ticcamaras-221x300.jpg 221w, https:\/\/estanteriasrecord.com\/wp-content\/uploads\/2024\/12\/ticcamaras-600x815.jpg 600w, https:\/\/estanteriasrecord.com\/wp-content\/uploads\/2024\/12\/ticcamaras.jpg 671w\" sizes=\"auto, (max-width: 221px) 100vw, 221px\" \/>\t\t\t\t\t\t\t\t\t\t\t\t\t\t\t<\/div>\n\t\t\t\t<\/div>\n\t\t\t\t\t<\/div>\n\t\t\t\t<\/div>\n\t\t<div class=\"elementor-element elementor-element-93d0dbd e-flex e-con-boxed e-con e-parent\" data-id=\"93d0dbd\" data-element_type=\"container\" data-e-type=\"container\">\n\t\t\t\t\t<div class=\"e-con-inner\">\n\t\t\t\t<div class=\"elementor-element elementor-element-4c325f2 elementor-widget elementor-widget-text-editor\" data-id=\"4c325f2\" data-element_type=\"widget\" data-e-type=\"widget\" data-widget_type=\"text-editor.default\">\n\t\t\t\t<div class=\"elementor-widget-container\">\n\t\t\t\t\t\t\t\t\t<h3 style=\"text-align: center;\">Projet d&rsquo;\u00e9nergie durable<\/h3>\n<p><b>ESTANTER\u00cdAS MET\u00c1LICAS RECORD S.L.<\/b> a b\u00e9n\u00e9fici\u00e9 du Fond Europ\u00e9en de D\u00e9veloppement R\u00e9gional qui vise \u00e0 encourager la recherche, le d\u00e9veloppement technologique et l&rsquo;innovation afin de soutenir la cr\u00e9ation et la consolidation d&rsquo;entreprises innovantes. Gr\u00e2ce aux fonds re\u00e7us, l&rsquo;entreprise a mis en place des am\u00e9liorations au niveau \u00e9nerg\u00e9tique dans les processus productifs et op\u00e9rationnels dans une d\u00e9marche de durabilit\u00e9. Ce projet a \u00e9t\u00e9 mis en \u0153uvre en novembre 2017. Pour y parvenir, nous avons re\u00e7u le soutien du Programme InnoC\u00e1maras de la Chambre de Commerce de Grenade.  <\/p>\n\t\t\t\t\t\t\t\t<\/div>\n\t\t\t\t<\/div>\n\t\t\t\t<div class=\"elementor-element elementor-element-7d95e87 elementor-widget elementor-widget-image\" data-id=\"7d95e87\" data-element_type=\"widget\" data-e-type=\"widget\" data-widget_type=\"image.default\">\n\t\t\t\t<div class=\"elementor-widget-container\">\n\t\t\t\t\t\t\t\t\t\t\t\t\t\t\t<img loading=\"lazy\" decoding=\"async\" loading=\"lazy\" width=\"221\" height=\"300\" src=\"https:\/\/estanteriasrecord.com\/wp-content\/uploads\/2024\/12\/innocamara-221x300.png\" class=\"attachment-medium size-medium wp-image-15784\" alt=\"\" srcset=\"https:\/\/estanteriasrecord.com\/wp-content\/uploads\/2024\/12\/innocamara-221x300.png 221w, https:\/\/estanteriasrecord.com\/wp-content\/uploads\/2024\/12\/innocamara-600x815.png 600w, https:\/\/estanteriasrecord.com\/wp-content\/uploads\/2024\/12\/innocamara.png 671w\" sizes=\"auto, (max-width: 221px) 100vw, 221px\" \/>\t\t\t\t\t\t\t\t\t\t\t\t\t\t\t<\/div>\n\t\t\t\t<\/div>\n\t\t\t\t\t<\/div>\n\t\t\t\t<\/div>\n\t\t<div class=\"elementor-element elementor-element-ee428c8 e-flex e-con-boxed e-con e-parent\" data-id=\"ee428c8\" data-element_type=\"container\" data-e-type=\"container\">\n\t\t\t\t\t<div class=\"e-con-inner\">\n\t\t\t\t<div class=\"elementor-element elementor-element-a5e4c0d elementor-widget elementor-widget-text-editor\" data-id=\"a5e4c0d\" data-element_type=\"widget\" data-e-type=\"widget\" data-widget_type=\"text-editor.default\">\n\t\t\t\t<div class=\"elementor-widget-container\">\n\t\t\t\t\t\t\t\t\t<h3 style=\"text-align: center;\">Projet de d\u00e9veloppement : Plan d&rsquo;internationalisation<\/h3>\n<p><b>ESTANTER\u00cdAS MET\u00c1LICAS RECORD S.L. <\/b> a b\u00e9n\u00e9fici\u00e9 du Fonds europ\u00e9en de d\u00e9veloppement r\u00e9gional dont l&rsquo;objectif est d&rsquo;am\u00e9liorer la comp\u00e9titivit\u00e9 des PME et gr\u00e2ce auquel elle a mis en \u0153uvre un plan d&rsquo;internationalisation afin d&rsquo;am\u00e9liorer son positionnement comp\u00e9titif \u00e0 l&rsquo;\u00e9tranger en 2017\/2018. Pour y parvenir, la soci\u00e9t\u00e9 a re\u00e7u le soutien du Programme XPANDE de la Chambre de commerce de Grenade. <\/p>\n\t\t\t\t\t\t\t\t<\/div>\n\t\t\t\t<\/div>\n\t\t\t\t<div class=\"elementor-element elementor-element-71421c7 elementor-widget elementor-widget-image\" data-id=\"71421c7\" data-element_type=\"widget\" data-e-type=\"widget\" data-widget_type=\"image.default\">\n\t\t\t\t<div class=\"elementor-widget-container\">\n\t\t\t\t\t\t\t\t\t\t\t\t\t\t\t<img loading=\"lazy\" decoding=\"async\" loading=\"lazy\" width=\"221\" height=\"300\" src=\"https:\/\/estanteriasrecord.com\/wp-content\/uploads\/2024\/12\/xpande-221x300.jpg\" class=\"attachment-medium size-medium wp-image-15796\" alt=\"\" srcset=\"https:\/\/estanteriasrecord.com\/wp-content\/uploads\/2024\/12\/xpande-221x300.jpg 221w, https:\/\/estanteriasrecord.com\/wp-content\/uploads\/2024\/12\/xpande-600x815.jpg 600w, https:\/\/estanteriasrecord.com\/wp-content\/uploads\/2024\/12\/xpande.jpg 671w\" sizes=\"auto, (max-width: 221px) 100vw, 221px\" \/>\t\t\t\t\t\t\t\t\t\t\t\t\t\t\t<\/div>\n\t\t\t\t<\/div>\n\t\t\t\t\t<\/div>\n\t\t\t\t<\/div>\n\t\t<div class=\"elementor-element elementor-element-b25eebd e-flex e-con-boxed e-con e-parent\" data-id=\"b25eebd\" data-element_type=\"container\" data-e-type=\"container\">\n\t\t\t\t\t<div class=\"e-con-inner\">\n\t\t\t\t<div class=\"elementor-element elementor-element-70bee45 elementor-widget elementor-widget-text-editor\" data-id=\"70bee45\" data-element_type=\"widget\" data-e-type=\"widget\" data-widget_type=\"text-editor.default\">\n\t\t\t\t<div class=\"elementor-widget-container\">\n\t\t\t\t\t\t\t\t\t<h3 style=\"text-align: center;\">Projet de d\u00e9veloppement : Plan de marketing num\u00e9rique international<\/h3>\n<p><b> ESTANTER\u00cdAS MET\u00c1LICAS RECORD S.L. <\/b> a b\u00e9n\u00e9fici\u00e9 du Fonds europ\u00e9en de d\u00e9veloppement r\u00e9gional dont l&rsquo;objectif est d&rsquo;am\u00e9liorer la comp\u00e9titivit\u00e9 des PME et gr\u00e2ce auquel elle a mis en \u0153uvre un plan marketing num\u00e9rique international afin d&rsquo;am\u00e9liorer son positionnement en ligne sur des march\u00e9s \u00e0 l&rsquo;\u00e9tranger en 2017-2018. Pour y parvenir, la soci\u00e9t\u00e9 a re\u00e7u le soutien du Programme XPANDE de la Chambre de commerce et d&rsquo;industrie, services et navigation de Grenade. <\/p>\n\t\t\t\t\t\t\t\t<\/div>\n\t\t\t\t<\/div>\n\t\t\t\t<div class=\"elementor-element elementor-element-c782b41 elementor-widget elementor-widget-image\" data-id=\"c782b41\" data-element_type=\"widget\" data-e-type=\"widget\" data-widget_type=\"image.default\">\n\t\t\t\t<div class=\"elementor-widget-container\">\n\t\t\t\t\t\t\t\t\t\t\t\t\t\t\t<img loading=\"lazy\" decoding=\"async\" loading=\"lazy\" width=\"221\" height=\"300\" src=\"https:\/\/estanteriasrecord.com\/wp-content\/uploads\/2024\/12\/xpande_digital-221x300.jpg\" class=\"attachment-medium size-medium wp-image-15793\" alt=\"\" srcset=\"https:\/\/estanteriasrecord.com\/wp-content\/uploads\/2024\/12\/xpande_digital-221x300.jpg 221w, https:\/\/estanteriasrecord.com\/wp-content\/uploads\/2024\/12\/xpande_digital-600x815.jpg 600w, https:\/\/estanteriasrecord.com\/wp-content\/uploads\/2024\/12\/xpande_digital.jpg 671w\" sizes=\"auto, (max-width: 221px) 100vw, 221px\" \/>\t\t\t\t\t\t\t\t\t\t\t\t\t\t\t<\/div>\n\t\t\t\t<\/div>\n\t\t\t\t\t<\/div>\n\t\t\t\t<\/div>\n\t\t<div class=\"elementor-element elementor-element-056ba30 e-flex e-con-boxed e-con e-parent\" data-id=\"056ba30\" data-element_type=\"container\" data-e-type=\"container\">\n\t\t\t\t\t<div class=\"e-con-inner\">\n\t\t\t\t<div class=\"elementor-element elementor-element-82163db elementor-widget elementor-widget-text-editor\" data-id=\"82163db\" data-element_type=\"widget\" data-e-type=\"widget\" data-widget_type=\"text-editor.default\">\n\t\t\t\t<div class=\"elementor-widget-container\">\n\t\t\t\t\t\t\t\t\t<h3 style=\"text-align: center;\">D\u00e9veloppement \u00e9nerg\u00e9tique durable : l&rsquo;autoconsommation<\/h3>\n<p><b> ESTANTER\u00cdAS MET\u00c1LICAS RECORD S.L. <\/b> a re\u00e7u l&rsquo;aide de l&rsquo;Union europ\u00e9enne dans le cadre du Fonds europ\u00e9en de d\u00e9veloppement r\u00e9gional pour une installation photovolta\u00efque de 81 kW pour l&rsquo;autoconsommation, dans le cadre du Programme pour le d\u00e9veloppement \u00e9nerg\u00e9tique durable de l&rsquo;Andalousie dans la p\u00e9riode 2017-2020, qui a pour but de favoriser une \u00e9conomie plus propre et plus durable.<\/p>\n\t\t\t\t\t\t\t\t<\/div>\n\t\t\t\t<\/div>\n\t\t\t\t<div class=\"elementor-element elementor-element-f967464 elementor-widget elementor-widget-image\" data-id=\"f967464\" data-element_type=\"widget\" data-e-type=\"widget\" data-widget_type=\"image.default\">\n\t\t\t\t<div class=\"elementor-widget-container\">\n\t\t\t\t\t\t\t\t\t\t\t\t\t\t\t<img loading=\"lazy\" decoding=\"async\" loading=\"lazy\" width=\"600\" height=\"317\" src=\"https:\/\/estanteriasrecord.com\/wp-content\/uploads\/2024\/12\/placa_est_record-600x317.jpg\" class=\"attachment-woocommerce_single size-woocommerce_single wp-image-15787\" alt=\"\" srcset=\"https:\/\/estanteriasrecord.com\/wp-content\/uploads\/2024\/12\/placa_est_record-600x317.jpg 600w, https:\/\/estanteriasrecord.com\/wp-content\/uploads\/2024\/12\/placa_est_record-300x159.jpg 300w, https:\/\/estanteriasrecord.com\/wp-content\/uploads\/2024\/12\/placa_est_record-1024x541.jpg 1024w, https:\/\/estanteriasrecord.com\/wp-content\/uploads\/2024\/12\/placa_est_record-768x406.jpg 768w, https:\/\/estanteriasrecord.com\/wp-content\/uploads\/2024\/12\/placa_est_record-1536x812.jpg 1536w, https:\/\/estanteriasrecord.com\/wp-content\/uploads\/2024\/12\/placa_est_record.jpg 1653w\" sizes=\"auto, (max-width: 600px) 100vw, 600px\" \/>\t\t\t\t\t\t\t\t\t\t\t\t\t\t\t<\/div>\n\t\t\t\t<\/div>\n\t\t\t\t\t<\/div>\n\t\t\t\t<\/div>\n\t\t\t\t<\/div>\n\t\t","protected":false},"excerpt":{"rendered":"<p>INCITATIONS AU D\u00c9VELOPPEMENT Projet de d\u00e9veloppement num\u00e9rique ESTANTER\u00cdAS MET\u00c1LICAS RECORD S.L. a b\u00e9n\u00e9fici\u00e9 du Fond Europ\u00e9en de D\u00e9veloppement R\u00e9gional qui vise \u00e0 am\u00e9liorer l&rsquo;usage et la qualit\u00e9 des technologies de l&rsquo;information et de la communication ainsi que leur acc\u00e8s. Gr\u00e2ce \u00e0 cela, l&rsquo;entreprise a lanc\u00e9 une campagne SEM, une dynamisation sur les r\u00e9seaux sociaux et [&hellip;]<\/p>\n","protected":false},"author":5,"featured_media":0,"parent":0,"menu_order":0,"comment_status":"closed","ping_status":"closed","template":"","meta":{"_acf_changed":false,"_joinchat":[],"footnotes":""},"class_list":["post-15807","page","type-page","status-publish","hentry"],"acf":[],"yoast_head":"<!-- This site is optimized with the Yoast SEO plugin v27.0 - https:\/\/yoast.com\/product\/yoast-seo-wordpress\/ -->\n<title>Incitations au d\u00e9veloppement | Estanter\u00edas Record<\/title>\n<meta name=\"robots\" content=\"index, follow, max-snippet:-1, max-image-preview:large, max-video-preview:-1\" \/>\n<link rel=\"canonical\" href=\"https:\/\/estanteriasrecord.com\/fr\/incitations-au-developpement\" \/>\n<meta property=\"og:locale\" content=\"fr_FR\" \/>\n<meta property=\"og:type\" content=\"article\" \/>\n<meta property=\"og:title\" content=\"Incitations au d\u00e9veloppement | Estanter\u00edas Record\" \/>\n<meta property=\"og:description\" content=\"INCITATIONS AU D\u00c9VELOPPEMENT Projet de d\u00e9veloppement num\u00e9rique ESTANTER\u00cdAS MET\u00c1LICAS RECORD S.L. a b\u00e9n\u00e9fici\u00e9 du Fond Europ\u00e9en de D\u00e9veloppement R\u00e9gional qui vise \u00e0 am\u00e9liorer l&rsquo;usage et la qualit\u00e9 des technologies de l&rsquo;information et de la communication ainsi que leur acc\u00e8s. Gr\u00e2ce \u00e0 cela, l&rsquo;entreprise a lanc\u00e9 une campagne SEM, une dynamisation sur les r\u00e9seaux sociaux et [&hellip;]\" \/>\n<meta property=\"og:url\" content=\"https:\/\/estanteriasrecord.com\/fr\/incitations-au-developpement\" \/>\n<meta property=\"og:site_name\" content=\"Estanter\u00edas Record\" \/>\n<meta property=\"article:publisher\" content=\"https:\/\/www.facebook.com\/estanteriasrecord\/\" \/>\n<meta property=\"article:modified_time\" content=\"2024-12-02T12:49:45+00:00\" \/>\n<meta property=\"og:image\" content=\"https:\/\/estanteriasrecord.comwp-content\/uploads\/2024\/12\/ticcamaras-221x300.jpg\" \/>\n<meta name=\"twitter:card\" content=\"summary_large_image\" \/>\n<meta name=\"twitter:label1\" content=\"Dur\u00e9e de lecture estim\u00e9e\" \/>\n\t<meta name=\"twitter:data1\" content=\"2 minutes\" \/>\n<script type=\"application\/ld+json\" class=\"yoast-schema-graph\">{\"@context\":\"https:\/\/schema.org\",\"@graph\":[{\"@type\":\"WebPage\",\"@id\":\"https:\/\/estanteriasrecord.com\/fr\/incitations-au-developpement\",\"url\":\"https:\/\/estanteriasrecord.com\/fr\/incitations-au-developpement\",\"name\":\"Incitations au d\u00e9veloppement | Estanter\u00edas Record\",\"isPartOf\":{\"@id\":\"https:\/\/estanteriasrecord.com\/fr#website\"},\"primaryImageOfPage\":{\"@id\":\"https:\/\/estanteriasrecord.com\/fr\/incitations-au-developpement#primaryimage\"},\"image\":{\"@id\":\"https:\/\/estanteriasrecord.com\/fr\/incitations-au-developpement#primaryimage\"},\"thumbnailUrl\":\"https:\/\/estanteriasrecord.com\/wp-content\/uploads\/2024\/12\/ticcamaras-221x300.jpg\",\"datePublished\":\"2024-12-02T11:38:35+00:00\",\"dateModified\":\"2024-12-02T12:49:45+00:00\",\"breadcrumb\":{\"@id\":\"https:\/\/estanteriasrecord.com\/fr\/incitations-au-developpement#breadcrumb\"},\"inLanguage\":\"fr-FR\",\"potentialAction\":[{\"@type\":\"ReadAction\",\"target\":[\"https:\/\/estanteriasrecord.com\/fr\/incitations-au-developpement\"]}]},{\"@type\":\"ImageObject\",\"inLanguage\":\"fr-FR\",\"@id\":\"https:\/\/estanteriasrecord.com\/fr\/incitations-au-developpement#primaryimage\",\"url\":\"https:\/\/estanteriasrecord.com\/wp-content\/uploads\/2024\/12\/ticcamaras-221x300.jpg\",\"contentUrl\":\"https:\/\/estanteriasrecord.com\/wp-content\/uploads\/2024\/12\/ticcamaras-221x300.jpg\"},{\"@type\":\"BreadcrumbList\",\"@id\":\"https:\/\/estanteriasrecord.com\/fr\/incitations-au-developpement#breadcrumb\",\"itemListElement\":[{\"@type\":\"ListItem\",\"position\":1,\"name\":\"Portada\",\"item\":\"https:\/\/estanteriasrecord.com\/fr\/estanterias-record\"},{\"@type\":\"ListItem\",\"position\":2,\"name\":\"Incitations au d\u00e9veloppement\"}]},{\"@type\":\"WebSite\",\"@id\":\"https:\/\/estanteriasrecord.com\/fr#website\",\"url\":\"https:\/\/estanteriasrecord.com\/fr\",\"name\":\"Estanter\u00edas Record\",\"description\":\"Sistemas eficientes de almacenamiento\",\"publisher\":{\"@id\":\"https:\/\/estanteriasrecord.com\/fr#organization\"},\"potentialAction\":[{\"@type\":\"SearchAction\",\"target\":{\"@type\":\"EntryPoint\",\"urlTemplate\":\"https:\/\/estanteriasrecord.com\/fr?s={search_term_string}\"},\"query-input\":{\"@type\":\"PropertyValueSpecification\",\"valueRequired\":true,\"valueName\":\"search_term_string\"}}],\"inLanguage\":\"fr-FR\"},{\"@type\":\"Organization\",\"@id\":\"https:\/\/estanteriasrecord.com\/fr#organization\",\"name\":\"Estanter\u00edas Record\",\"url\":\"https:\/\/estanteriasrecord.com\/fr\",\"logo\":{\"@type\":\"ImageObject\",\"inLanguage\":\"fr-FR\",\"@id\":\"https:\/\/estanteriasrecord.com\/fr#\/schema\/logo\/image\/\",\"url\":\"https:\/\/estanteriasrecord.com\/wp-content\/uploads\/2024\/03\/logo_cab_doc.png\",\"contentUrl\":\"https:\/\/estanteriasrecord.com\/wp-content\/uploads\/2024\/03\/logo_cab_doc.png\",\"width\":250,\"height\":119,\"caption\":\"Estanter\u00edas Record\"},\"image\":{\"@id\":\"https:\/\/estanteriasrecord.com\/fr#\/schema\/logo\/image\/\"},\"sameAs\":[\"https:\/\/www.facebook.com\/estanteriasrecord\/\"]}]}<\/script>\n<!-- \/ Yoast SEO plugin. -->","yoast_head_json":{"title":"Incitations au d\u00e9veloppement | Estanter\u00edas Record","robots":{"index":"index","follow":"follow","max-snippet":"max-snippet:-1","max-image-preview":"max-image-preview:large","max-video-preview":"max-video-preview:-1"},"canonical":"https:\/\/estanteriasrecord.com\/fr\/incitations-au-developpement","og_locale":"fr_FR","og_type":"article","og_title":"Incitations au d\u00e9veloppement | Estanter\u00edas Record","og_description":"INCITATIONS AU D\u00c9VELOPPEMENT Projet de d\u00e9veloppement num\u00e9rique ESTANTER\u00cdAS MET\u00c1LICAS RECORD S.L. a b\u00e9n\u00e9fici\u00e9 du Fond Europ\u00e9en de D\u00e9veloppement R\u00e9gional qui vise \u00e0 am\u00e9liorer l&rsquo;usage et la qualit\u00e9 des technologies de l&rsquo;information et de la communication ainsi que leur acc\u00e8s. Gr\u00e2ce \u00e0 cela, l&rsquo;entreprise a lanc\u00e9 une campagne SEM, une dynamisation sur les r\u00e9seaux sociaux et [&hellip;]","og_url":"https:\/\/estanteriasrecord.com\/fr\/incitations-au-developpement","og_site_name":"Estanter\u00edas Record","article_publisher":"https:\/\/www.facebook.com\/estanteriasrecord\/","article_modified_time":"2024-12-02T12:49:45+00:00","og_image":[{"url":"https:\/\/estanteriasrecord.comwp-content\/uploads\/2024\/12\/ticcamaras-221x300.jpg","type":"","width":"","height":""}],"twitter_card":"summary_large_image","twitter_misc":{"Dur\u00e9e de lecture estim\u00e9e":"2 minutes"},"schema":{"@context":"https:\/\/schema.org","@graph":[{"@type":"WebPage","@id":"https:\/\/estanteriasrecord.com\/fr\/incitations-au-developpement","url":"https:\/\/estanteriasrecord.com\/fr\/incitations-au-developpement","name":"Incitations au d\u00e9veloppement | Estanter\u00edas Record","isPartOf":{"@id":"https:\/\/estanteriasrecord.com\/fr#website"},"primaryImageOfPage":{"@id":"https:\/\/estanteriasrecord.com\/fr\/incitations-au-developpement#primaryimage"},"image":{"@id":"https:\/\/estanteriasrecord.com\/fr\/incitations-au-developpement#primaryimage"},"thumbnailUrl":"https:\/\/estanteriasrecord.com\/wp-content\/uploads\/2024\/12\/ticcamaras-221x300.jpg","datePublished":"2024-12-02T11:38:35+00:00","dateModified":"2024-12-02T12:49:45+00:00","breadcrumb":{"@id":"https:\/\/estanteriasrecord.com\/fr\/incitations-au-developpement#breadcrumb"},"inLanguage":"fr-FR","potentialAction":[{"@type":"ReadAction","target":["https:\/\/estanteriasrecord.com\/fr\/incitations-au-developpement"]}]},{"@type":"ImageObject","inLanguage":"fr-FR","@id":"https:\/\/estanteriasrecord.com\/fr\/incitations-au-developpement#primaryimage","url":"https:\/\/estanteriasrecord.com\/wp-content\/uploads\/2024\/12\/ticcamaras-221x300.jpg","contentUrl":"https:\/\/estanteriasrecord.com\/wp-content\/uploads\/2024\/12\/ticcamaras-221x300.jpg"},{"@type":"BreadcrumbList","@id":"https:\/\/estanteriasrecord.com\/fr\/incitations-au-developpement#breadcrumb","itemListElement":[{"@type":"ListItem","position":1,"name":"Portada","item":"https:\/\/estanteriasrecord.com\/fr\/estanterias-record"},{"@type":"ListItem","position":2,"name":"Incitations au d\u00e9veloppement"}]},{"@type":"WebSite","@id":"https:\/\/estanteriasrecord.com\/fr#website","url":"https:\/\/estanteriasrecord.com\/fr","name":"Estanter\u00edas Record","description":"Sistemas eficientes de almacenamiento","publisher":{"@id":"https:\/\/estanteriasrecord.com\/fr#organization"},"potentialAction":[{"@type":"SearchAction","target":{"@type":"EntryPoint","urlTemplate":"https:\/\/estanteriasrecord.com\/fr?s={search_term_string}"},"query-input":{"@type":"PropertyValueSpecification","valueRequired":true,"valueName":"search_term_string"}}],"inLanguage":"fr-FR"},{"@type":"Organization","@id":"https:\/\/estanteriasrecord.com\/fr#organization","name":"Estanter\u00edas Record","url":"https:\/\/estanteriasrecord.com\/fr","logo":{"@type":"ImageObject","inLanguage":"fr-FR","@id":"https:\/\/estanteriasrecord.com\/fr#\/schema\/logo\/image\/","url":"https:\/\/estanteriasrecord.com\/wp-content\/uploads\/2024\/03\/logo_cab_doc.png","contentUrl":"https:\/\/estanteriasrecord.com\/wp-content\/uploads\/2024\/03\/logo_cab_doc.png","width":250,"height":119,"caption":"Estanter\u00edas Record"},"image":{"@id":"https:\/\/estanteriasrecord.com\/fr#\/schema\/logo\/image\/"},"sameAs":["https:\/\/www.facebook.com\/estanteriasrecord\/"]}]}},"_links":{"self":[{"href":"https:\/\/estanteriasrecord.com\/fr\/wp-json\/wp\/v2\/pages\/15807","targetHints":{"allow":["GET"]}}],"collection":[{"href":"https:\/\/estanteriasrecord.com\/fr\/wp-json\/wp\/v2\/pages"}],"about":[{"href":"https:\/\/estanteriasrecord.com\/fr\/wp-json\/wp\/v2\/types\/page"}],"author":[{"embeddable":true,"href":"https:\/\/estanteriasrecord.com\/fr\/wp-json\/wp\/v2\/users\/5"}],"replies":[{"embeddable":true,"href":"https:\/\/estanteriasrecord.com\/fr\/wp-json\/wp\/v2\/comments?post=15807"}],"version-history":[{"count":0,"href":"https:\/\/estanteriasrecord.com\/fr\/wp-json\/wp\/v2\/pages\/15807\/revisions"}],"wp:attachment":[{"href":"https:\/\/estanteriasrecord.com\/fr\/wp-json\/wp\/v2\/media?parent=15807"}],"curies":[{"name":"wp","href":"https:\/\/api.w.org\/{rel}","templated":true}]}}