{"id":14850,"date":"2024-07-04T11:15:25","date_gmt":"2024-07-04T11:15:25","guid":{"rendered":"https:\/\/estanteriasrecord.com\/productos\/vestiaires"},"modified":"2025-05-22T10:25:10","modified_gmt":"2025-05-22T08:25:10","slug":"vestiaires","status":"publish","type":"product","link":"https:\/\/estanteriasrecord.com\/fr\/produits\/vestiaires","title":{"rendered":"Vestiaires"},"content":{"rendered":"","protected":false},"excerpt":{"rendered":"<p>La ligne vestiaire est une <strong>gamme compl\u00e8te d\u2019armoires multi-usages aux diff\u00e9rentes configurations et capacit\u00e9s<\/strong> ; ses caract\u00e9ristiques constructives et sa finition soign\u00e9e permettent de multiples utilisations.<\/p>\n<p>La gamme est propos\u00e9e en plusieurs largeurs et en deux configurations, avec et sans pattes. Diff\u00e9rents accessoires sont \u00e9galement offerts en fonction de l\u2019usage pr\u00e9vu. Les formats \u00e0 une, deux ou quatre portes, selon s\u2019il s\u2019agit de <strong>penderies, de casiers ou de consignes<\/strong>, s\u2019adaptent \u00e0 divers besoins.<\/p>\n<p>Sa conception modulaire permet de <strong>multiples combinaisons<\/strong> en partant du bloc initial, pour adapter les armoires \u00e0 diff\u00e9rents espaces et augmenter leur utilit\u00e9.<\/p>\n<p>Les <strong>mat\u00e9riaux et finitions utilis\u00e9s sont d\u2019une grande qualit\u00e9<\/strong>. Son syst\u00e8me d\u2019assemblage <strong>sans vis<\/strong> lui conf\u00e8re, en plus d\u2019une excellente esth\u00e9tique, une grande solidit\u00e9 structurelle et une excellente durabilit\u00e9.<\/p>\n","protected":false},"featured_media":14813,"comment_status":"open","ping_status":"closed","template":"","meta":{"_acf_changed":false,"_joinchat":[]},"product_brand":[],"product_cat":[52],"product_tag":[],"class_list":{"0":"post-14850","1":"product","2":"type-product","3":"status-publish","4":"has-post-thumbnail","6":"product_cat-stockage-speciale","8":"first","9":"instock","10":"shipping-taxable","11":"product-type-simple"},"acf":[],"yoast_head":"<!-- This site is optimized with the Yoast SEO plugin v27.0 - https:\/\/yoast.com\/product\/yoast-seo-wordpress\/ -->\n<title>Vestiaires | Estanter\u00edas Record<\/title>\n<meta name=\"robots\" content=\"index, follow, max-snippet:-1, max-image-preview:large, max-video-preview:-1\" \/>\n<link rel=\"canonical\" href=\"https:\/\/estanteriasrecord.com\/fr\/produits\/vestiaires\" \/>\n<meta property=\"og:locale\" content=\"fr_FR\" \/>\n<meta property=\"og:type\" content=\"article\" \/>\n<meta property=\"og:title\" content=\"Vestiaires | Estanter\u00edas Record\" \/>\n<meta property=\"og:description\" content=\"La ligne vestiaire est une gamme compl\u00e8te d\u2019armoires multi-usages aux diff\u00e9rentes configurations et capacit\u00e9s ; ses caract\u00e9ristiques constructives et sa finition soign\u00e9e permettent de multiples utilisations.  La gamme est propos\u00e9e en plusieurs largeurs et en deux configurations, avec et sans pattes. Diff\u00e9rents accessoires sont \u00e9galement offerts en fonction de l\u2019usage pr\u00e9vu. Les formats \u00e0 une, deux ou quatre portes, selon s\u2019il s\u2019agit de penderies, de casiers ou de consignes, s\u2019adaptent \u00e0 divers besoins.  Sa conception modulaire permet de multiples combinaisons en partant du bloc initial, pour adapter les armoires \u00e0 diff\u00e9rents espaces et augmenter leur utilit\u00e9.  Les mat\u00e9riaux et finitions utilis\u00e9s sont d\u2019une grande qualit\u00e9. Son syst\u00e8me d\u2019assemblage sans vis lui conf\u00e8re, en plus d\u2019une excellente esth\u00e9tique, une grande solidit\u00e9 structurelle et une excellente durabilit\u00e9.\" \/>\n<meta property=\"og:url\" content=\"https:\/\/estanteriasrecord.com\/fr\/produits\/vestiaires\" \/>\n<meta property=\"og:site_name\" content=\"Estanter\u00edas Record\" \/>\n<meta property=\"article:publisher\" content=\"https:\/\/www.facebook.com\/estanteriasrecord\/\" \/>\n<meta property=\"article:modified_time\" content=\"2025-05-22T08:25:10+00:00\" \/>\n<meta property=\"og:image\" content=\"https:\/\/estanteriasrecord.com\/wp-content\/uploads\/2024\/07\/cut_esturario_estanterias_record.jpg\" \/>\n\t<meta property=\"og:image:width\" content=\"1173\" \/>\n\t<meta property=\"og:image:height\" content=\"499\" \/>\n\t<meta property=\"og:image:type\" content=\"image\/jpeg\" \/>\n<meta name=\"twitter:card\" content=\"summary_large_image\" \/>\n<meta name=\"twitter:label1\" content=\"Dur\u00e9e de lecture estim\u00e9e\" \/>\n\t<meta name=\"twitter:data1\" content=\"1 minute\" \/>\n<script type=\"application\/ld+json\" class=\"yoast-schema-graph\">{\"@context\":\"https:\/\/schema.org\",\"@graph\":[{\"@type\":\"WebPage\",\"@id\":\"https:\/\/estanteriasrecord.com\/fr\/produits\/vestiaires\",\"url\":\"https:\/\/estanteriasrecord.com\/fr\/produits\/vestiaires\",\"name\":\"Vestiaires | Estanter\u00edas Record\",\"isPartOf\":{\"@id\":\"https:\/\/estanteriasrecord.com\/fr#website\"},\"primaryImageOfPage\":{\"@id\":\"https:\/\/estanteriasrecord.com\/fr\/produits\/vestiaires#primaryimage\"},\"image\":{\"@id\":\"https:\/\/estanteriasrecord.com\/fr\/produits\/vestiaires#primaryimage\"},\"thumbnailUrl\":\"https:\/\/estanteriasrecord.com\/wp-content\/uploads\/2024\/07\/cut_esturario_estanterias_record.jpg\",\"datePublished\":\"2024-07-04T11:15:25+00:00\",\"dateModified\":\"2025-05-22T08:25:10+00:00\",\"breadcrumb\":{\"@id\":\"https:\/\/estanteriasrecord.com\/fr\/produits\/vestiaires#breadcrumb\"},\"inLanguage\":\"fr-FR\",\"potentialAction\":[{\"@type\":\"ReadAction\",\"target\":[\"https:\/\/estanteriasrecord.com\/fr\/produits\/vestiaires\"]}]},{\"@type\":\"ImageObject\",\"inLanguage\":\"fr-FR\",\"@id\":\"https:\/\/estanteriasrecord.com\/fr\/produits\/vestiaires#primaryimage\",\"url\":\"https:\/\/estanteriasrecord.com\/wp-content\/uploads\/2024\/07\/cut_esturario_estanterias_record.jpg\",\"contentUrl\":\"https:\/\/estanteriasrecord.com\/wp-content\/uploads\/2024\/07\/cut_esturario_estanterias_record.jpg\",\"width\":1173,\"height\":499},{\"@type\":\"BreadcrumbList\",\"@id\":\"https:\/\/estanteriasrecord.com\/fr\/produits\/vestiaires#breadcrumb\",\"itemListElement\":[{\"@type\":\"ListItem\",\"position\":1,\"name\":\"Portada\",\"item\":\"https:\/\/estanteriasrecord.com\/fr\/estanterias-record\"},{\"@type\":\"ListItem\",\"position\":2,\"name\":\"Magasin\",\"item\":\"https:\/\/estanteriasrecord.com\/fr\/magasin\"},{\"@type\":\"ListItem\",\"position\":3,\"name\":\"Vestiaires\"}]},{\"@type\":\"WebSite\",\"@id\":\"https:\/\/estanteriasrecord.com\/fr#website\",\"url\":\"https:\/\/estanteriasrecord.com\/fr\",\"name\":\"Estanter\u00edas Record\",\"description\":\"Sistemas eficientes de almacenamiento\",\"publisher\":{\"@id\":\"https:\/\/estanteriasrecord.com\/fr#organization\"},\"potentialAction\":[{\"@type\":\"SearchAction\",\"target\":{\"@type\":\"EntryPoint\",\"urlTemplate\":\"https:\/\/estanteriasrecord.com\/fr?s={search_term_string}\"},\"query-input\":{\"@type\":\"PropertyValueSpecification\",\"valueRequired\":true,\"valueName\":\"search_term_string\"}}],\"inLanguage\":\"fr-FR\"},{\"@type\":\"Organization\",\"@id\":\"https:\/\/estanteriasrecord.com\/fr#organization\",\"name\":\"Estanter\u00edas Record\",\"url\":\"https:\/\/estanteriasrecord.com\/fr\",\"logo\":{\"@type\":\"ImageObject\",\"inLanguage\":\"fr-FR\",\"@id\":\"https:\/\/estanteriasrecord.com\/fr#\/schema\/logo\/image\/\",\"url\":\"https:\/\/estanteriasrecord.com\/wp-content\/uploads\/2024\/03\/logo_cab_doc.png\",\"contentUrl\":\"https:\/\/estanteriasrecord.com\/wp-content\/uploads\/2024\/03\/logo_cab_doc.png\",\"width\":250,\"height\":119,\"caption\":\"Estanter\u00edas Record\"},\"image\":{\"@id\":\"https:\/\/estanteriasrecord.com\/fr#\/schema\/logo\/image\/\"},\"sameAs\":[\"https:\/\/www.facebook.com\/estanteriasrecord\/\"]}]}<\/script>\n<!-- \/ Yoast SEO plugin. -->","yoast_head_json":{"title":"Vestiaires | Estanter\u00edas Record","robots":{"index":"index","follow":"follow","max-snippet":"max-snippet:-1","max-image-preview":"max-image-preview:large","max-video-preview":"max-video-preview:-1"},"canonical":"https:\/\/estanteriasrecord.com\/fr\/produits\/vestiaires","og_locale":"fr_FR","og_type":"article","og_title":"Vestiaires | Estanter\u00edas Record","og_description":"La ligne vestiaire est une gamme compl\u00e8te d\u2019armoires multi-usages aux diff\u00e9rentes configurations et capacit\u00e9s ; ses caract\u00e9ristiques constructives et sa finition soign\u00e9e permettent de multiples utilisations.  La gamme est propos\u00e9e en plusieurs largeurs et en deux configurations, avec et sans pattes. Diff\u00e9rents accessoires sont \u00e9galement offerts en fonction de l\u2019usage pr\u00e9vu. Les formats \u00e0 une, deux ou quatre portes, selon s\u2019il s\u2019agit de penderies, de casiers ou de consignes, s\u2019adaptent \u00e0 divers besoins.  Sa conception modulaire permet de multiples combinaisons en partant du bloc initial, pour adapter les armoires \u00e0 diff\u00e9rents espaces et augmenter leur utilit\u00e9.  Les mat\u00e9riaux et finitions utilis\u00e9s sont d\u2019une grande qualit\u00e9. Son syst\u00e8me d\u2019assemblage sans vis lui conf\u00e8re, en plus d\u2019une excellente esth\u00e9tique, une grande solidit\u00e9 structurelle et une excellente durabilit\u00e9.","og_url":"https:\/\/estanteriasrecord.com\/fr\/produits\/vestiaires","og_site_name":"Estanter\u00edas Record","article_publisher":"https:\/\/www.facebook.com\/estanteriasrecord\/","article_modified_time":"2025-05-22T08:25:10+00:00","og_image":[{"width":1173,"height":499,"url":"https:\/\/estanteriasrecord.com\/wp-content\/uploads\/2024\/07\/cut_esturario_estanterias_record.jpg","type":"image\/jpeg"}],"twitter_card":"summary_large_image","twitter_misc":{"Dur\u00e9e de lecture estim\u00e9e":"1 minute"},"schema":{"@context":"https:\/\/schema.org","@graph":[{"@type":"WebPage","@id":"https:\/\/estanteriasrecord.com\/fr\/produits\/vestiaires","url":"https:\/\/estanteriasrecord.com\/fr\/produits\/vestiaires","name":"Vestiaires | Estanter\u00edas Record","isPartOf":{"@id":"https:\/\/estanteriasrecord.com\/fr#website"},"primaryImageOfPage":{"@id":"https:\/\/estanteriasrecord.com\/fr\/produits\/vestiaires#primaryimage"},"image":{"@id":"https:\/\/estanteriasrecord.com\/fr\/produits\/vestiaires#primaryimage"},"thumbnailUrl":"https:\/\/estanteriasrecord.com\/wp-content\/uploads\/2024\/07\/cut_esturario_estanterias_record.jpg","datePublished":"2024-07-04T11:15:25+00:00","dateModified":"2025-05-22T08:25:10+00:00","breadcrumb":{"@id":"https:\/\/estanteriasrecord.com\/fr\/produits\/vestiaires#breadcrumb"},"inLanguage":"fr-FR","potentialAction":[{"@type":"ReadAction","target":["https:\/\/estanteriasrecord.com\/fr\/produits\/vestiaires"]}]},{"@type":"ImageObject","inLanguage":"fr-FR","@id":"https:\/\/estanteriasrecord.com\/fr\/produits\/vestiaires#primaryimage","url":"https:\/\/estanteriasrecord.com\/wp-content\/uploads\/2024\/07\/cut_esturario_estanterias_record.jpg","contentUrl":"https:\/\/estanteriasrecord.com\/wp-content\/uploads\/2024\/07\/cut_esturario_estanterias_record.jpg","width":1173,"height":499},{"@type":"BreadcrumbList","@id":"https:\/\/estanteriasrecord.com\/fr\/produits\/vestiaires#breadcrumb","itemListElement":[{"@type":"ListItem","position":1,"name":"Portada","item":"https:\/\/estanteriasrecord.com\/fr\/estanterias-record"},{"@type":"ListItem","position":2,"name":"Magasin","item":"https:\/\/estanteriasrecord.com\/fr\/magasin"},{"@type":"ListItem","position":3,"name":"Vestiaires"}]},{"@type":"WebSite","@id":"https:\/\/estanteriasrecord.com\/fr#website","url":"https:\/\/estanteriasrecord.com\/fr","name":"Estanter\u00edas Record","description":"Sistemas eficientes de almacenamiento","publisher":{"@id":"https:\/\/estanteriasrecord.com\/fr#organization"},"potentialAction":[{"@type":"SearchAction","target":{"@type":"EntryPoint","urlTemplate":"https:\/\/estanteriasrecord.com\/fr?s={search_term_string}"},"query-input":{"@type":"PropertyValueSpecification","valueRequired":true,"valueName":"search_term_string"}}],"inLanguage":"fr-FR"},{"@type":"Organization","@id":"https:\/\/estanteriasrecord.com\/fr#organization","name":"Estanter\u00edas Record","url":"https:\/\/estanteriasrecord.com\/fr","logo":{"@type":"ImageObject","inLanguage":"fr-FR","@id":"https:\/\/estanteriasrecord.com\/fr#\/schema\/logo\/image\/","url":"https:\/\/estanteriasrecord.com\/wp-content\/uploads\/2024\/03\/logo_cab_doc.png","contentUrl":"https:\/\/estanteriasrecord.com\/wp-content\/uploads\/2024\/03\/logo_cab_doc.png","width":250,"height":119,"caption":"Estanter\u00edas Record"},"image":{"@id":"https:\/\/estanteriasrecord.com\/fr#\/schema\/logo\/image\/"},"sameAs":["https:\/\/www.facebook.com\/estanteriasrecord\/"]}]}},"_links":{"self":[{"href":"https:\/\/estanteriasrecord.com\/fr\/wp-json\/wp\/v2\/product\/14850","targetHints":{"allow":["GET"]}}],"collection":[{"href":"https:\/\/estanteriasrecord.com\/fr\/wp-json\/wp\/v2\/product"}],"about":[{"href":"https:\/\/estanteriasrecord.com\/fr\/wp-json\/wp\/v2\/types\/product"}],"replies":[{"embeddable":true,"href":"https:\/\/estanteriasrecord.com\/fr\/wp-json\/wp\/v2\/comments?post=14850"}],"wp:featuredmedia":[{"embeddable":true,"href":"https:\/\/estanteriasrecord.com\/fr\/wp-json\/wp\/v2\/media\/14813"}],"wp:attachment":[{"href":"https:\/\/estanteriasrecord.com\/fr\/wp-json\/wp\/v2\/media?parent=14850"}],"wp:term":[{"taxonomy":"product_brand","embeddable":true,"href":"https:\/\/estanteriasrecord.com\/fr\/wp-json\/wp\/v2\/product_brand?post=14850"},{"taxonomy":"product_cat","embeddable":true,"href":"https:\/\/estanteriasrecord.com\/fr\/wp-json\/wp\/v2\/product_cat?post=14850"},{"taxonomy":"product_tag","embeddable":true,"href":"https:\/\/estanteriasrecord.com\/fr\/wp-json\/wp\/v2\/product_tag?post=14850"}],"curies":[{"name":"wp","href":"https:\/\/api.w.org\/{rel}","templated":true}]}}