{"id":14853,"date":"2024-07-04T11:45:38","date_gmt":"2024-07-04T11:45:38","guid":{"rendered":"https:\/\/estanteriasrecord.com\/productos\/sincord-plus-sans-vis"},"modified":"2025-05-22T12:57:37","modified_gmt":"2025-05-22T10:57:37","slug":"sincord-plus-sans-vis","status":"publish","type":"product","link":"https:\/\/estanteriasrecord.com\/fr\/produits\/sincord-plus-sans-vis","title":{"rendered":"SINcord Plus+ | Sans vis"},"content":{"rendered":"<p>Rayonnage modulaire dot\u00e9 d\u2019un syst\u00e8me efficace d\u2019union entre niveaux de charge et montants par encastrement, <strong>ne n\u00e9cessitant pas de vis<\/strong>. La fixation des lisses, <strong>tr\u00e8s stable et tr\u00e8s s\u00fbre<\/strong>, se r\u00e9alise par la face ext\u00e9rieure du montant, apportant une grande rigidit\u00e9 \u00e0 la structure, la dotant d\u2019une capacit\u00e9 de charge notable et rendant possible une <strong>plus grande flexibilit\u00e9 constructive afin d\u2019agrandir l\u2019ensemble \u00e0 la verticale et \u00e0 l\u2019horizontale<\/strong>.<\/p>\n<p>Le rayonnage \u00ab initial \u00bb se compose de quatre montants verticaux auxquels se fixent autant de paires de lisses que de niveaux de charge souhait\u00e9s. Les niveaux sup\u00e9rieur et inf\u00e9rieur sont compl\u00e9t\u00e9s par deux transversales chacun afin d\u2019assurer la stabilit\u00e9 de la structure. De plus, des transversales peuvent \u00eatre dispos\u00e9es sur des niveaux interm\u00e9diaires si vous souhaitez augmenter la rigidit\u00e9 du rayonnage.<\/p>\n<p>Diff\u00e9rents types de surface peuvent \u00eatre dispos\u00e9s sur les lisses : planches en agglom\u00e9r\u00e9 brut ou m\u00e9lamin\u00e9 et, en option, des plaques m\u00e9talliques galvanis\u00e9es ou peintes ; ces types de mat\u00e9riaux, ainsi que les dimensions du corps, d\u00e9termineront la capacit\u00e9 portante.<\/p>\n<p>De plus, il est possible d\u2019ajouter des paires de montants avec les lisses et transversales correspondantes, afin de prolonger le rayonnage initial, gr\u00e2ce \u00e0 des modules suppl\u00e9mentaires et former des alignements simples ou doubles de la longueur n\u00e9cessaire. N\u00e9anmoins, bien que cette structure soit con\u00e7ue avec un caract\u00e8re \u00ab extensible \u00bb, elle peut \u00e9galement s\u2019utilis\u00e9e dans des configurations de modules individuels.<\/p>\n","protected":false},"excerpt":{"rendered":"<p>Rayonnage modulaire dot\u00e9 d\u2019un syst\u00e8me efficace d\u2019union entre niveaux de charge et montants par encastrement, <strong>ne n\u00e9cessitant pas de vis<\/strong>. La fixation des lisses, <strong>tr\u00e8s stable et tr\u00e8s s\u00fbre<\/strong>, se r\u00e9alise par la face ext\u00e9rieure du montant, apportant une grande rigidit\u00e9 \u00e0 la structure, la dotant d\u2019une capacit\u00e9 de charge notable et rendant possible une <strong>plus grande flexibilit\u00e9 constructive afin d\u2019agrandir l\u2019ensemble \u00e0 la verticale et \u00e0 l\u2019horizontale<\/strong>.<\/p>\n<p>Le rayonnage \u00ab initial \u00bb se compose de quatre montants verticaux auxquels se fixent autant de paires de lisses que de niveaux de charge souhait\u00e9s. Les niveaux sup\u00e9rieur et inf\u00e9rieur sont compl\u00e9t\u00e9s par deux transversales chacun afin d\u2019assurer la stabilit\u00e9 de la structure. De plus, des transversales peuvent \u00eatre dispos\u00e9es sur des niveaux interm\u00e9diaires si vous souhaitez augmenter la rigidit\u00e9 du rayonnage.<\/p>\n<p>Diff\u00e9rents types de surface peuvent \u00eatre dispos\u00e9s sur les lisses : planches en agglom\u00e9r\u00e9 brut ou m\u00e9lamin\u00e9 et, en option, des plaques m\u00e9talliques galvanis\u00e9es ou peintes ; ces types de mat\u00e9riaux, ainsi que les dimensions du corps, d\u00e9termineront la capacit\u00e9 portante.<\/p>\n<p>De plus, il est possible d\u2019ajouter des paires de montants avec les lisses et transversales correspondantes, afin de prolonger le rayonnage initial, gr\u00e2ce \u00e0 des modules suppl\u00e9mentaires et former des alignements simples ou doubles de la longueur n\u00e9cessaire. N\u00e9anmoins, bien que cette structure soit con\u00e7ue avec un caract\u00e8re \u00ab extensible \u00bb, elle peut \u00e9galement s\u2019utilis\u00e9e dans des configurations de modules individuels.<\/p>\n","protected":false},"featured_media":14493,"comment_status":"open","ping_status":"closed","template":"","meta":{"_acf_changed":false,"_joinchat":[]},"product_brand":[],"product_cat":[54],"product_tag":[],"class_list":{"0":"post-14853","1":"product","2":"type-product","3":"status-publish","4":"has-post-thumbnail","6":"product_cat-rayonnage-mi-lourd-et-leger","8":"first","9":"instock","10":"shipping-taxable","11":"product-type-simple"},"acf":[],"yoast_head":"<!-- This site is optimized with the Yoast SEO plugin v27.0 - https:\/\/yoast.com\/product\/yoast-seo-wordpress\/ -->\n<title>SINcord Plus+ | Sans vis | Estanter\u00edas Record<\/title>\n<meta name=\"description\" content=\"Rayonnage modulaire dot\u00e9 d\u2019un syst\u00e8me efficace d\u2019union entre niveaux de charge et montants par encastrement, ne n\u00e9cessitant pas de vis.\" \/>\n<meta name=\"robots\" content=\"index, follow, max-snippet:-1, max-image-preview:large, max-video-preview:-1\" \/>\n<link rel=\"canonical\" href=\"https:\/\/estanteriasrecord.com\/fr\/produits\/sincord-plus-sans-vis\" \/>\n<meta property=\"og:locale\" content=\"fr_FR\" \/>\n<meta property=\"og:type\" content=\"article\" \/>\n<meta property=\"og:title\" content=\"SINcord Plus+ | Sans vis | Estanter\u00edas Record\" \/>\n<meta property=\"og:description\" content=\"Rayonnage modulaire dot\u00e9 d\u2019un syst\u00e8me efficace d\u2019union entre niveaux de charge et montants par encastrement, ne n\u00e9cessitant pas de vis.\" \/>\n<meta property=\"og:url\" content=\"https:\/\/estanteriasrecord.com\/fr\/produits\/sincord-plus-sans-vis\" \/>\n<meta property=\"og:site_name\" content=\"Estanter\u00edas Record\" \/>\n<meta property=\"article:publisher\" content=\"https:\/\/www.facebook.com\/estanteriasrecord\/\" \/>\n<meta property=\"article:modified_time\" content=\"2025-05-22T10:57:37+00:00\" \/>\n<meta property=\"og:image\" content=\"https:\/\/estanteriasrecord.com\/wp-content\/uploads\/2024\/07\/mb_cam_5_color-scaled.jpg\" \/>\n\t<meta property=\"og:image:width\" content=\"2560\" \/>\n\t<meta property=\"og:image:height\" content=\"1440\" \/>\n\t<meta property=\"og:image:type\" content=\"image\/jpeg\" \/>\n<meta name=\"twitter:card\" content=\"summary_large_image\" \/>\n<meta name=\"twitter:label1\" content=\"Dur\u00e9e de lecture estim\u00e9e\" \/>\n\t<meta name=\"twitter:data1\" content=\"2 minutes\" \/>\n<script type=\"application\/ld+json\" class=\"yoast-schema-graph\">{\"@context\":\"https:\/\/schema.org\",\"@graph\":[{\"@type\":\"WebPage\",\"@id\":\"https:\/\/estanteriasrecord.com\/fr\/produits\/sincord-plus-sans-vis\",\"url\":\"https:\/\/estanteriasrecord.com\/fr\/produits\/sincord-plus-sans-vis\",\"name\":\"SINcord Plus+ | Sans vis | Estanter\u00edas Record\",\"isPartOf\":{\"@id\":\"https:\/\/estanteriasrecord.com\/fr#website\"},\"primaryImageOfPage\":{\"@id\":\"https:\/\/estanteriasrecord.com\/fr\/produits\/sincord-plus-sans-vis#primaryimage\"},\"image\":{\"@id\":\"https:\/\/estanteriasrecord.com\/fr\/produits\/sincord-plus-sans-vis#primaryimage\"},\"thumbnailUrl\":\"https:\/\/estanteriasrecord.com\/wp-content\/uploads\/2024\/07\/mb_cam_5_color-scaled.jpg\",\"datePublished\":\"2024-07-04T11:45:38+00:00\",\"dateModified\":\"2025-05-22T10:57:37+00:00\",\"description\":\"Rayonnage modulaire dot\u00e9 d\u2019un syst\u00e8me efficace d\u2019union entre niveaux de charge et montants par encastrement, ne n\u00e9cessitant pas de vis.\",\"breadcrumb\":{\"@id\":\"https:\/\/estanteriasrecord.com\/fr\/produits\/sincord-plus-sans-vis#breadcrumb\"},\"inLanguage\":\"fr-FR\",\"potentialAction\":[{\"@type\":\"ReadAction\",\"target\":[\"https:\/\/estanteriasrecord.com\/fr\/produits\/sincord-plus-sans-vis\"]}]},{\"@type\":\"ImageObject\",\"inLanguage\":\"fr-FR\",\"@id\":\"https:\/\/estanteriasrecord.com\/fr\/produits\/sincord-plus-sans-vis#primaryimage\",\"url\":\"https:\/\/estanteriasrecord.com\/wp-content\/uploads\/2024\/07\/mb_cam_5_color-scaled.jpg\",\"contentUrl\":\"https:\/\/estanteriasrecord.com\/wp-content\/uploads\/2024\/07\/mb_cam_5_color-scaled.jpg\",\"width\":2560,\"height\":1440},{\"@type\":\"BreadcrumbList\",\"@id\":\"https:\/\/estanteriasrecord.com\/fr\/produits\/sincord-plus-sans-vis#breadcrumb\",\"itemListElement\":[{\"@type\":\"ListItem\",\"position\":1,\"name\":\"Portada\",\"item\":\"https:\/\/estanteriasrecord.com\/fr\/estanterias-record\"},{\"@type\":\"ListItem\",\"position\":2,\"name\":\"Magasin\",\"item\":\"https:\/\/estanteriasrecord.com\/fr\/magasin\"},{\"@type\":\"ListItem\",\"position\":3,\"name\":\"SINcord Plus+ | Sans vis\"}]},{\"@type\":\"WebSite\",\"@id\":\"https:\/\/estanteriasrecord.com\/fr#website\",\"url\":\"https:\/\/estanteriasrecord.com\/fr\",\"name\":\"Estanter\u00edas Record\",\"description\":\"Sistemas eficientes de almacenamiento\",\"publisher\":{\"@id\":\"https:\/\/estanteriasrecord.com\/fr#organization\"},\"potentialAction\":[{\"@type\":\"SearchAction\",\"target\":{\"@type\":\"EntryPoint\",\"urlTemplate\":\"https:\/\/estanteriasrecord.com\/fr?s={search_term_string}\"},\"query-input\":{\"@type\":\"PropertyValueSpecification\",\"valueRequired\":true,\"valueName\":\"search_term_string\"}}],\"inLanguage\":\"fr-FR\"},{\"@type\":\"Organization\",\"@id\":\"https:\/\/estanteriasrecord.com\/fr#organization\",\"name\":\"Estanter\u00edas Record\",\"url\":\"https:\/\/estanteriasrecord.com\/fr\",\"logo\":{\"@type\":\"ImageObject\",\"inLanguage\":\"fr-FR\",\"@id\":\"https:\/\/estanteriasrecord.com\/fr#\/schema\/logo\/image\/\",\"url\":\"https:\/\/estanteriasrecord.com\/wp-content\/uploads\/2024\/03\/logo_cab_doc.png\",\"contentUrl\":\"https:\/\/estanteriasrecord.com\/wp-content\/uploads\/2024\/03\/logo_cab_doc.png\",\"width\":250,\"height\":119,\"caption\":\"Estanter\u00edas Record\"},\"image\":{\"@id\":\"https:\/\/estanteriasrecord.com\/fr#\/schema\/logo\/image\/\"},\"sameAs\":[\"https:\/\/www.facebook.com\/estanteriasrecord\/\"]}]}<\/script>\n<!-- \/ Yoast SEO plugin. -->","yoast_head_json":{"title":"SINcord Plus+ | Sans vis | Estanter\u00edas Record","description":"Rayonnage modulaire dot\u00e9 d\u2019un syst\u00e8me efficace d\u2019union entre niveaux de charge et montants par encastrement, ne n\u00e9cessitant pas de vis.","robots":{"index":"index","follow":"follow","max-snippet":"max-snippet:-1","max-image-preview":"max-image-preview:large","max-video-preview":"max-video-preview:-1"},"canonical":"https:\/\/estanteriasrecord.com\/fr\/produits\/sincord-plus-sans-vis","og_locale":"fr_FR","og_type":"article","og_title":"SINcord Plus+ | Sans vis | Estanter\u00edas Record","og_description":"Rayonnage modulaire dot\u00e9 d\u2019un syst\u00e8me efficace d\u2019union entre niveaux de charge et montants par encastrement, ne n\u00e9cessitant pas de vis.","og_url":"https:\/\/estanteriasrecord.com\/fr\/produits\/sincord-plus-sans-vis","og_site_name":"Estanter\u00edas Record","article_publisher":"https:\/\/www.facebook.com\/estanteriasrecord\/","article_modified_time":"2025-05-22T10:57:37+00:00","og_image":[{"width":2560,"height":1440,"url":"https:\/\/estanteriasrecord.com\/wp-content\/uploads\/2024\/07\/mb_cam_5_color-scaled.jpg","type":"image\/jpeg"}],"twitter_card":"summary_large_image","twitter_misc":{"Dur\u00e9e de lecture estim\u00e9e":"2 minutes"},"schema":{"@context":"https:\/\/schema.org","@graph":[{"@type":"WebPage","@id":"https:\/\/estanteriasrecord.com\/fr\/produits\/sincord-plus-sans-vis","url":"https:\/\/estanteriasrecord.com\/fr\/produits\/sincord-plus-sans-vis","name":"SINcord Plus+ | Sans vis | Estanter\u00edas Record","isPartOf":{"@id":"https:\/\/estanteriasrecord.com\/fr#website"},"primaryImageOfPage":{"@id":"https:\/\/estanteriasrecord.com\/fr\/produits\/sincord-plus-sans-vis#primaryimage"},"image":{"@id":"https:\/\/estanteriasrecord.com\/fr\/produits\/sincord-plus-sans-vis#primaryimage"},"thumbnailUrl":"https:\/\/estanteriasrecord.com\/wp-content\/uploads\/2024\/07\/mb_cam_5_color-scaled.jpg","datePublished":"2024-07-04T11:45:38+00:00","dateModified":"2025-05-22T10:57:37+00:00","description":"Rayonnage modulaire dot\u00e9 d\u2019un syst\u00e8me efficace d\u2019union entre niveaux de charge et montants par encastrement, ne n\u00e9cessitant pas de vis.","breadcrumb":{"@id":"https:\/\/estanteriasrecord.com\/fr\/produits\/sincord-plus-sans-vis#breadcrumb"},"inLanguage":"fr-FR","potentialAction":[{"@type":"ReadAction","target":["https:\/\/estanteriasrecord.com\/fr\/produits\/sincord-plus-sans-vis"]}]},{"@type":"ImageObject","inLanguage":"fr-FR","@id":"https:\/\/estanteriasrecord.com\/fr\/produits\/sincord-plus-sans-vis#primaryimage","url":"https:\/\/estanteriasrecord.com\/wp-content\/uploads\/2024\/07\/mb_cam_5_color-scaled.jpg","contentUrl":"https:\/\/estanteriasrecord.com\/wp-content\/uploads\/2024\/07\/mb_cam_5_color-scaled.jpg","width":2560,"height":1440},{"@type":"BreadcrumbList","@id":"https:\/\/estanteriasrecord.com\/fr\/produits\/sincord-plus-sans-vis#breadcrumb","itemListElement":[{"@type":"ListItem","position":1,"name":"Portada","item":"https:\/\/estanteriasrecord.com\/fr\/estanterias-record"},{"@type":"ListItem","position":2,"name":"Magasin","item":"https:\/\/estanteriasrecord.com\/fr\/magasin"},{"@type":"ListItem","position":3,"name":"SINcord Plus+ | Sans vis"}]},{"@type":"WebSite","@id":"https:\/\/estanteriasrecord.com\/fr#website","url":"https:\/\/estanteriasrecord.com\/fr","name":"Estanter\u00edas Record","description":"Sistemas eficientes de almacenamiento","publisher":{"@id":"https:\/\/estanteriasrecord.com\/fr#organization"},"potentialAction":[{"@type":"SearchAction","target":{"@type":"EntryPoint","urlTemplate":"https:\/\/estanteriasrecord.com\/fr?s={search_term_string}"},"query-input":{"@type":"PropertyValueSpecification","valueRequired":true,"valueName":"search_term_string"}}],"inLanguage":"fr-FR"},{"@type":"Organization","@id":"https:\/\/estanteriasrecord.com\/fr#organization","name":"Estanter\u00edas Record","url":"https:\/\/estanteriasrecord.com\/fr","logo":{"@type":"ImageObject","inLanguage":"fr-FR","@id":"https:\/\/estanteriasrecord.com\/fr#\/schema\/logo\/image\/","url":"https:\/\/estanteriasrecord.com\/wp-content\/uploads\/2024\/03\/logo_cab_doc.png","contentUrl":"https:\/\/estanteriasrecord.com\/wp-content\/uploads\/2024\/03\/logo_cab_doc.png","width":250,"height":119,"caption":"Estanter\u00edas Record"},"image":{"@id":"https:\/\/estanteriasrecord.com\/fr#\/schema\/logo\/image\/"},"sameAs":["https:\/\/www.facebook.com\/estanteriasrecord\/"]}]}},"_links":{"self":[{"href":"https:\/\/estanteriasrecord.com\/fr\/wp-json\/wp\/v2\/product\/14853","targetHints":{"allow":["GET"]}}],"collection":[{"href":"https:\/\/estanteriasrecord.com\/fr\/wp-json\/wp\/v2\/product"}],"about":[{"href":"https:\/\/estanteriasrecord.com\/fr\/wp-json\/wp\/v2\/types\/product"}],"replies":[{"embeddable":true,"href":"https:\/\/estanteriasrecord.com\/fr\/wp-json\/wp\/v2\/comments?post=14853"}],"wp:featuredmedia":[{"embeddable":true,"href":"https:\/\/estanteriasrecord.com\/fr\/wp-json\/wp\/v2\/media\/14493"}],"wp:attachment":[{"href":"https:\/\/estanteriasrecord.com\/fr\/wp-json\/wp\/v2\/media?parent=14853"}],"wp:term":[{"taxonomy":"product_brand","embeddable":true,"href":"https:\/\/estanteriasrecord.com\/fr\/wp-json\/wp\/v2\/product_brand?post=14853"},{"taxonomy":"product_cat","embeddable":true,"href":"https:\/\/estanteriasrecord.com\/fr\/wp-json\/wp\/v2\/product_cat?post=14853"},{"taxonomy":"product_tag","embeddable":true,"href":"https:\/\/estanteriasrecord.com\/fr\/wp-json\/wp\/v2\/product_tag?post=14853"}],"curies":[{"name":"wp","href":"https:\/\/api.w.org\/{rel}","templated":true}]}}