{"id":14855,"date":"2024-07-04T11:25:47","date_gmt":"2024-07-04T11:25:47","guid":{"rendered":"https:\/\/estanteriasrecord.com\/productos\/sincord-basic-sans-vis"},"modified":"2025-05-22T12:50:20","modified_gmt":"2025-05-22T10:50:20","slug":"sincord-basic-sans-vis","status":"publish","type":"product","link":"https:\/\/estanteriasrecord.com\/fr\/produits\/sincord-basic-sans-vis","title":{"rendered":"SINcord Basic | Sans vis"},"content":{"rendered":"","protected":false},"excerpt":{"rendered":"<p><strong>Rayonnage modulaire dot\u00e9 d\u2019un syst\u00e8me efficace d\u2019union<\/strong> entre niveaux de charge et profil\u00e9s par encastrement, <strong>ne n\u00e9cessitant pas de vis<\/strong>. La fixation, <strong>tr\u00e8s stable et tr\u00e8s s\u00fbre<\/strong>, se r\u00e9alise par la face interne du profil\u00e9, apportant une grande rigidit\u00e9 \u00e0 la structure et la dotant d\u2019une capacit\u00e9 de charge notable.<\/p>\n<p>Le rayonnage est compos\u00e9 de quatre profil\u00e9s verticaux \u00e0 section angulaire auxquels se fixent autant de paires de lisses que de niveaux de charge souhait\u00e9s. Les niveaux sup\u00e9rieur et inf\u00e9rieur sont compl\u00e9t\u00e9s par deux transversales chacun afin d\u2019assurer la stabilit\u00e9 de la structure. Diff\u00e9rents types de surface peuvent \u00eatre dispos\u00e9s sur les lisses : planches en agglom\u00e9r\u00e9 brut ou m\u00e9lamin\u00e9 et plaques m\u00e9talliques galvanis\u00e9es ou peintes ; ces types de mat\u00e9riaux, ainsi que les dimensions de l\u2019ensemble, d\u00e9termineront la capacit\u00e9 portante.<\/p>\n<p>Sa conception s\u2019adapte \u00e0 une utilisation individuelle bien que des alignements simples ou doubles de corps de rayonnage peuvent \u00eatre dispos\u00e9s par r\u00e9p\u00e9tition de modules simples s\u2019il est n\u00e9cessaire de couvrir de plus grands besoins de stockage.<\/p>\n","protected":false},"featured_media":14447,"comment_status":"open","ping_status":"closed","template":"","meta":{"_acf_changed":false,"_joinchat":[]},"product_brand":[],"product_cat":[54],"product_tag":[],"class_list":{"0":"post-14855","1":"product","2":"type-product","3":"status-publish","4":"has-post-thumbnail","6":"product_cat-rayonnage-mi-lourd-et-leger","8":"first","9":"instock","10":"shipping-taxable","11":"product-type-simple"},"acf":[],"yoast_head":"<!-- This site is optimized with the Yoast SEO plugin v27.0 - https:\/\/yoast.com\/product\/yoast-seo-wordpress\/ -->\n<title>SINcord Basic | Sans vis | Estanter\u00edas Record<\/title>\n<meta name=\"robots\" content=\"index, follow, max-snippet:-1, max-image-preview:large, max-video-preview:-1\" \/>\n<link rel=\"canonical\" href=\"https:\/\/estanteriasrecord.com\/fr\/produits\/sincord-basic-sans-vis\" \/>\n<meta property=\"og:locale\" content=\"fr_FR\" \/>\n<meta property=\"og:type\" content=\"article\" \/>\n<meta property=\"og:title\" content=\"SINcord Basic | Sans vis | Estanter\u00edas Record\" \/>\n<meta property=\"og:description\" content=\"Rayonnage modulaire dot\u00e9 d\u2019un syst\u00e8me efficace d\u2019union entre niveaux de charge et profil\u00e9s par encastrement, ne n\u00e9cessitant pas de vis. La fixation, tr\u00e8s stable et tr\u00e8s s\u00fbre, se r\u00e9alise par la face interne du profil\u00e9, apportant une grande rigidit\u00e9 \u00e0 la structure et la dotant d\u2019une capacit\u00e9 de charge notable.  Le rayonnage est compos\u00e9 de quatre profil\u00e9s verticaux \u00e0 section angulaire auxquels se fixent autant de paires de lisses que de niveaux de charge souhait\u00e9s. Les niveaux sup\u00e9rieur et inf\u00e9rieur sont compl\u00e9t\u00e9s par deux transversales chacun afin d\u2019assurer la stabilit\u00e9 de la structure. Diff\u00e9rents types de surface peuvent \u00eatre dispos\u00e9s sur les lisses : planches en agglom\u00e9r\u00e9 brut ou m\u00e9lamin\u00e9 et plaques m\u00e9talliques galvanis\u00e9es ou peintes ; ces types de mat\u00e9riaux, ainsi que les dimensions de l\u2019ensemble, d\u00e9termineront la capacit\u00e9 portante.  Sa conception s\u2019adapte \u00e0 une utilisation individuelle bien que des alignements simples ou doubles de corps de rayonnage peuvent \u00eatre dispos\u00e9s par r\u00e9p\u00e9tition de modules simples s\u2019il est n\u00e9cessaire de couvrir de plus grands besoins de stockage.\" \/>\n<meta property=\"og:url\" content=\"https:\/\/estanteriasrecord.com\/fr\/produits\/sincord-basic-sans-vis\" \/>\n<meta property=\"og:site_name\" content=\"Estanter\u00edas Record\" \/>\n<meta property=\"article:publisher\" content=\"https:\/\/www.facebook.com\/estanteriasrecord\/\" \/>\n<meta property=\"article:modified_time\" content=\"2025-05-22T10:50:20+00:00\" \/>\n<meta property=\"og:image\" content=\"https:\/\/estanteriasrecord.com\/wp-content\/uploads\/2024\/07\/sincord_basic_estanteria_sin_tornillos_01.jpg\" \/>\n\t<meta property=\"og:image:width\" content=\"1329\" \/>\n\t<meta property=\"og:image:height\" content=\"748\" \/>\n\t<meta property=\"og:image:type\" content=\"image\/jpeg\" \/>\n<meta name=\"twitter:card\" content=\"summary_large_image\" \/>\n<meta name=\"twitter:label1\" content=\"Dur\u00e9e de lecture estim\u00e9e\" \/>\n\t<meta name=\"twitter:data1\" content=\"1 minute\" \/>\n<script type=\"application\/ld+json\" class=\"yoast-schema-graph\">{\"@context\":\"https:\/\/schema.org\",\"@graph\":[{\"@type\":\"WebPage\",\"@id\":\"https:\/\/estanteriasrecord.com\/fr\/produits\/sincord-basic-sans-vis\",\"url\":\"https:\/\/estanteriasrecord.com\/fr\/produits\/sincord-basic-sans-vis\",\"name\":\"SINcord Basic | Sans vis | Estanter\u00edas Record\",\"isPartOf\":{\"@id\":\"https:\/\/estanteriasrecord.com\/fr#website\"},\"primaryImageOfPage\":{\"@id\":\"https:\/\/estanteriasrecord.com\/fr\/produits\/sincord-basic-sans-vis#primaryimage\"},\"image\":{\"@id\":\"https:\/\/estanteriasrecord.com\/fr\/produits\/sincord-basic-sans-vis#primaryimage\"},\"thumbnailUrl\":\"https:\/\/estanteriasrecord.com\/wp-content\/uploads\/2024\/07\/sincord_basic_estanteria_sin_tornillos_01.jpg\",\"datePublished\":\"2024-07-04T11:25:47+00:00\",\"dateModified\":\"2025-05-22T10:50:20+00:00\",\"breadcrumb\":{\"@id\":\"https:\/\/estanteriasrecord.com\/fr\/produits\/sincord-basic-sans-vis#breadcrumb\"},\"inLanguage\":\"fr-FR\",\"potentialAction\":[{\"@type\":\"ReadAction\",\"target\":[\"https:\/\/estanteriasrecord.com\/fr\/produits\/sincord-basic-sans-vis\"]}]},{\"@type\":\"ImageObject\",\"inLanguage\":\"fr-FR\",\"@id\":\"https:\/\/estanteriasrecord.com\/fr\/produits\/sincord-basic-sans-vis#primaryimage\",\"url\":\"https:\/\/estanteriasrecord.com\/wp-content\/uploads\/2024\/07\/sincord_basic_estanteria_sin_tornillos_01.jpg\",\"contentUrl\":\"https:\/\/estanteriasrecord.com\/wp-content\/uploads\/2024\/07\/sincord_basic_estanteria_sin_tornillos_01.jpg\",\"width\":1329,\"height\":748},{\"@type\":\"BreadcrumbList\",\"@id\":\"https:\/\/estanteriasrecord.com\/fr\/produits\/sincord-basic-sans-vis#breadcrumb\",\"itemListElement\":[{\"@type\":\"ListItem\",\"position\":1,\"name\":\"Portada\",\"item\":\"https:\/\/estanteriasrecord.com\/fr\/estanterias-record\"},{\"@type\":\"ListItem\",\"position\":2,\"name\":\"Magasin\",\"item\":\"https:\/\/estanteriasrecord.com\/fr\/magasin\"},{\"@type\":\"ListItem\",\"position\":3,\"name\":\"SINcord Basic | Sans vis\"}]},{\"@type\":\"WebSite\",\"@id\":\"https:\/\/estanteriasrecord.com\/fr#website\",\"url\":\"https:\/\/estanteriasrecord.com\/fr\",\"name\":\"Estanter\u00edas Record\",\"description\":\"Sistemas eficientes de almacenamiento\",\"publisher\":{\"@id\":\"https:\/\/estanteriasrecord.com\/fr#organization\"},\"potentialAction\":[{\"@type\":\"SearchAction\",\"target\":{\"@type\":\"EntryPoint\",\"urlTemplate\":\"https:\/\/estanteriasrecord.com\/fr?s={search_term_string}\"},\"query-input\":{\"@type\":\"PropertyValueSpecification\",\"valueRequired\":true,\"valueName\":\"search_term_string\"}}],\"inLanguage\":\"fr-FR\"},{\"@type\":\"Organization\",\"@id\":\"https:\/\/estanteriasrecord.com\/fr#organization\",\"name\":\"Estanter\u00edas Record\",\"url\":\"https:\/\/estanteriasrecord.com\/fr\",\"logo\":{\"@type\":\"ImageObject\",\"inLanguage\":\"fr-FR\",\"@id\":\"https:\/\/estanteriasrecord.com\/fr#\/schema\/logo\/image\/\",\"url\":\"https:\/\/estanteriasrecord.com\/wp-content\/uploads\/2024\/03\/logo_cab_doc.png\",\"contentUrl\":\"https:\/\/estanteriasrecord.com\/wp-content\/uploads\/2024\/03\/logo_cab_doc.png\",\"width\":250,\"height\":119,\"caption\":\"Estanter\u00edas Record\"},\"image\":{\"@id\":\"https:\/\/estanteriasrecord.com\/fr#\/schema\/logo\/image\/\"},\"sameAs\":[\"https:\/\/www.facebook.com\/estanteriasrecord\/\"]}]}<\/script>\n<!-- \/ Yoast SEO plugin. -->","yoast_head_json":{"title":"SINcord Basic | Sans vis | Estanter\u00edas Record","robots":{"index":"index","follow":"follow","max-snippet":"max-snippet:-1","max-image-preview":"max-image-preview:large","max-video-preview":"max-video-preview:-1"},"canonical":"https:\/\/estanteriasrecord.com\/fr\/produits\/sincord-basic-sans-vis","og_locale":"fr_FR","og_type":"article","og_title":"SINcord Basic | Sans vis | Estanter\u00edas Record","og_description":"Rayonnage modulaire dot\u00e9 d\u2019un syst\u00e8me efficace d\u2019union entre niveaux de charge et profil\u00e9s par encastrement, ne n\u00e9cessitant pas de vis. La fixation, tr\u00e8s stable et tr\u00e8s s\u00fbre, se r\u00e9alise par la face interne du profil\u00e9, apportant une grande rigidit\u00e9 \u00e0 la structure et la dotant d\u2019une capacit\u00e9 de charge notable.  Le rayonnage est compos\u00e9 de quatre profil\u00e9s verticaux \u00e0 section angulaire auxquels se fixent autant de paires de lisses que de niveaux de charge souhait\u00e9s. Les niveaux sup\u00e9rieur et inf\u00e9rieur sont compl\u00e9t\u00e9s par deux transversales chacun afin d\u2019assurer la stabilit\u00e9 de la structure. Diff\u00e9rents types de surface peuvent \u00eatre dispos\u00e9s sur les lisses : planches en agglom\u00e9r\u00e9 brut ou m\u00e9lamin\u00e9 et plaques m\u00e9talliques galvanis\u00e9es ou peintes ; ces types de mat\u00e9riaux, ainsi que les dimensions de l\u2019ensemble, d\u00e9termineront la capacit\u00e9 portante.  Sa conception s\u2019adapte \u00e0 une utilisation individuelle bien que des alignements simples ou doubles de corps de rayonnage peuvent \u00eatre dispos\u00e9s par r\u00e9p\u00e9tition de modules simples s\u2019il est n\u00e9cessaire de couvrir de plus grands besoins de stockage.","og_url":"https:\/\/estanteriasrecord.com\/fr\/produits\/sincord-basic-sans-vis","og_site_name":"Estanter\u00edas Record","article_publisher":"https:\/\/www.facebook.com\/estanteriasrecord\/","article_modified_time":"2025-05-22T10:50:20+00:00","og_image":[{"width":1329,"height":748,"url":"https:\/\/estanteriasrecord.com\/wp-content\/uploads\/2024\/07\/sincord_basic_estanteria_sin_tornillos_01.jpg","type":"image\/jpeg"}],"twitter_card":"summary_large_image","twitter_misc":{"Dur\u00e9e de lecture estim\u00e9e":"1 minute"},"schema":{"@context":"https:\/\/schema.org","@graph":[{"@type":"WebPage","@id":"https:\/\/estanteriasrecord.com\/fr\/produits\/sincord-basic-sans-vis","url":"https:\/\/estanteriasrecord.com\/fr\/produits\/sincord-basic-sans-vis","name":"SINcord Basic | Sans vis | Estanter\u00edas Record","isPartOf":{"@id":"https:\/\/estanteriasrecord.com\/fr#website"},"primaryImageOfPage":{"@id":"https:\/\/estanteriasrecord.com\/fr\/produits\/sincord-basic-sans-vis#primaryimage"},"image":{"@id":"https:\/\/estanteriasrecord.com\/fr\/produits\/sincord-basic-sans-vis#primaryimage"},"thumbnailUrl":"https:\/\/estanteriasrecord.com\/wp-content\/uploads\/2024\/07\/sincord_basic_estanteria_sin_tornillos_01.jpg","datePublished":"2024-07-04T11:25:47+00:00","dateModified":"2025-05-22T10:50:20+00:00","breadcrumb":{"@id":"https:\/\/estanteriasrecord.com\/fr\/produits\/sincord-basic-sans-vis#breadcrumb"},"inLanguage":"fr-FR","potentialAction":[{"@type":"ReadAction","target":["https:\/\/estanteriasrecord.com\/fr\/produits\/sincord-basic-sans-vis"]}]},{"@type":"ImageObject","inLanguage":"fr-FR","@id":"https:\/\/estanteriasrecord.com\/fr\/produits\/sincord-basic-sans-vis#primaryimage","url":"https:\/\/estanteriasrecord.com\/wp-content\/uploads\/2024\/07\/sincord_basic_estanteria_sin_tornillos_01.jpg","contentUrl":"https:\/\/estanteriasrecord.com\/wp-content\/uploads\/2024\/07\/sincord_basic_estanteria_sin_tornillos_01.jpg","width":1329,"height":748},{"@type":"BreadcrumbList","@id":"https:\/\/estanteriasrecord.com\/fr\/produits\/sincord-basic-sans-vis#breadcrumb","itemListElement":[{"@type":"ListItem","position":1,"name":"Portada","item":"https:\/\/estanteriasrecord.com\/fr\/estanterias-record"},{"@type":"ListItem","position":2,"name":"Magasin","item":"https:\/\/estanteriasrecord.com\/fr\/magasin"},{"@type":"ListItem","position":3,"name":"SINcord Basic | Sans vis"}]},{"@type":"WebSite","@id":"https:\/\/estanteriasrecord.com\/fr#website","url":"https:\/\/estanteriasrecord.com\/fr","name":"Estanter\u00edas Record","description":"Sistemas eficientes de almacenamiento","publisher":{"@id":"https:\/\/estanteriasrecord.com\/fr#organization"},"potentialAction":[{"@type":"SearchAction","target":{"@type":"EntryPoint","urlTemplate":"https:\/\/estanteriasrecord.com\/fr?s={search_term_string}"},"query-input":{"@type":"PropertyValueSpecification","valueRequired":true,"valueName":"search_term_string"}}],"inLanguage":"fr-FR"},{"@type":"Organization","@id":"https:\/\/estanteriasrecord.com\/fr#organization","name":"Estanter\u00edas Record","url":"https:\/\/estanteriasrecord.com\/fr","logo":{"@type":"ImageObject","inLanguage":"fr-FR","@id":"https:\/\/estanteriasrecord.com\/fr#\/schema\/logo\/image\/","url":"https:\/\/estanteriasrecord.com\/wp-content\/uploads\/2024\/03\/logo_cab_doc.png","contentUrl":"https:\/\/estanteriasrecord.com\/wp-content\/uploads\/2024\/03\/logo_cab_doc.png","width":250,"height":119,"caption":"Estanter\u00edas Record"},"image":{"@id":"https:\/\/estanteriasrecord.com\/fr#\/schema\/logo\/image\/"},"sameAs":["https:\/\/www.facebook.com\/estanteriasrecord\/"]}]}},"_links":{"self":[{"href":"https:\/\/estanteriasrecord.com\/fr\/wp-json\/wp\/v2\/product\/14855","targetHints":{"allow":["GET"]}}],"collection":[{"href":"https:\/\/estanteriasrecord.com\/fr\/wp-json\/wp\/v2\/product"}],"about":[{"href":"https:\/\/estanteriasrecord.com\/fr\/wp-json\/wp\/v2\/types\/product"}],"replies":[{"embeddable":true,"href":"https:\/\/estanteriasrecord.com\/fr\/wp-json\/wp\/v2\/comments?post=14855"}],"wp:featuredmedia":[{"embeddable":true,"href":"https:\/\/estanteriasrecord.com\/fr\/wp-json\/wp\/v2\/media\/14447"}],"wp:attachment":[{"href":"https:\/\/estanteriasrecord.com\/fr\/wp-json\/wp\/v2\/media?parent=14855"}],"wp:term":[{"taxonomy":"product_brand","embeddable":true,"href":"https:\/\/estanteriasrecord.com\/fr\/wp-json\/wp\/v2\/product_brand?post=14855"},{"taxonomy":"product_cat","embeddable":true,"href":"https:\/\/estanteriasrecord.com\/fr\/wp-json\/wp\/v2\/product_cat?post=14855"},{"taxonomy":"product_tag","embeddable":true,"href":"https:\/\/estanteriasrecord.com\/fr\/wp-json\/wp\/v2\/product_tag?post=14855"}],"curies":[{"name":"wp","href":"https:\/\/api.w.org\/{rel}","templated":true}]}}