{"id":14871,"date":"2024-07-04T10:38:44","date_gmt":"2024-07-04T10:38:44","guid":{"rendered":"https:\/\/estanteriasrecord.com\/productos\/bricord"},"modified":"2025-05-22T12:17:24","modified_gmt":"2025-05-22T10:17:24","slug":"bricord","status":"publish","type":"product","link":"https:\/\/estanteriasrecord.com\/fr\/produits\/bricord","title":{"rendered":"Bricord"},"content":{"rendered":"","protected":false},"excerpt":{"rendered":"<p>Le design de ce mod\u00e8le de rayonnages est \u00e9labor\u00e9 et adapt\u00e9 pour la gestion manuelle de charges moyennes de diff\u00e9rents formats. Il s\u2019agit d\u2019un <strong>d\u00e9veloppement exclusif<\/strong> d\u2019Estanter\u00edas Record, qui <strong>associe une capacit\u00e9 portante consid\u00e9rable \u00e0 une esth\u00e9tique soign\u00e9e<\/strong>.<\/p>\n<p>Tout comme pour le syst\u00e8me de chargement manuel classique, ses composants \u00e9l\u00e9mentaires sont les \u00e9chelles et les niveaux de charge qui, \u00e0 leur tour, sont form\u00e9s de lisses et de diverses surfaces optionnelles pouvant y \u00eatre dispos\u00e9es. Cependant, s\u2019agissant d\u2019une ligne de produits \u00e0 l\u2019approche diff\u00e9rente, ses \u00e9l\u00e9ments constructifs ont un design diff\u00e9rent et non compatible avec le syst\u00e8me r\u00e9f\u00e9r\u00e9.<\/p>\n<p>Le montage des \u00e9chelles ne se r\u00e9alise pas \u00e0 l\u2019aide de contreventements en treillis, mais gr\u00e2ce \u00e0 des profil\u00e9s transversaux. D\u2019autre part, la face apparente des montants des \u00e9chelles est totalement plane et sans trous. Les lisses, dont la face apparente est \u00e9galement plane, comportent dans leurs extr\u00e9mit\u00e9s des connecteurs sp\u00e9ciaux. Ces derniers, se fixant dans la face interne des montants, rendent difficile l\u2019appr\u00e9ciation de l\u2019union des deux \u00e9l\u00e9ments, apportant ainsi \u00e0 la structure une nettet\u00e9 des lignes notable.<\/p>\n<p>Enfin, les niveaux de charge sont am\u00e9nag\u00e9s avec des panneaux en agglom\u00e9r\u00e9 m\u00e9lamin\u00e9 ou m\u00e9talliques, selon l\u2019utilit\u00e9 pr\u00e9vue.<\/p>\n","protected":false},"featured_media":14329,"comment_status":"open","ping_status":"closed","template":"","meta":{"_acf_changed":false,"_joinchat":[]},"product_brand":[],"product_cat":[54],"product_tag":[],"class_list":{"0":"post-14871","1":"product","2":"type-product","3":"status-publish","4":"has-post-thumbnail","6":"product_cat-rayonnage-mi-lourd-et-leger","8":"first","9":"instock","10":"shipping-taxable","11":"product-type-simple"},"acf":[],"yoast_head":"<!-- This site is optimized with the Yoast SEO plugin v27.0 - https:\/\/yoast.com\/product\/yoast-seo-wordpress\/ -->\n<title>Bricord | Estanter\u00edas Record<\/title>\n<meta name=\"robots\" content=\"index, follow, max-snippet:-1, max-image-preview:large, max-video-preview:-1\" \/>\n<link rel=\"canonical\" href=\"https:\/\/estanteriasrecord.com\/fr\/produits\/bricord\" \/>\n<meta property=\"og:locale\" content=\"fr_FR\" \/>\n<meta property=\"og:type\" content=\"article\" \/>\n<meta property=\"og:title\" content=\"Bricord | Estanter\u00edas Record\" \/>\n<meta property=\"og:description\" content=\"Le design de ce mod\u00e8le de rayonnages est \u00e9labor\u00e9 et adapt\u00e9 pour la gestion manuelle de charges moyennes de diff\u00e9rents formats. Il s\u2019agit d\u2019un d\u00e9veloppement exclusif d\u2019Estanter\u00edas Record, qui associe une capacit\u00e9 portante consid\u00e9rable \u00e0 une esth\u00e9tique soign\u00e9e.  Tout comme pour le syst\u00e8me de chargement manuel classique, ses composants \u00e9l\u00e9mentaires sont les \u00e9chelles et les niveaux de charge qui, \u00e0 leur tour, sont form\u00e9s de lisses et de diverses surfaces optionnelles pouvant y \u00eatre dispos\u00e9es. Cependant, s\u2019agissant d\u2019une ligne de produits \u00e0 l\u2019approche diff\u00e9rente, ses \u00e9l\u00e9ments constructifs ont un design diff\u00e9rent et non compatible avec le syst\u00e8me r\u00e9f\u00e9r\u00e9.  Le montage des \u00e9chelles ne se r\u00e9alise pas \u00e0 l\u2019aide de contreventements en treillis, mais gr\u00e2ce \u00e0 des profil\u00e9s transversaux. D\u2019autre part, la face apparente des montants des \u00e9chelles est totalement plane et sans trous. Les lisses, dont la face apparente est \u00e9galement plane, comportent dans leurs extr\u00e9mit\u00e9s des connecteurs sp\u00e9ciaux. Ces derniers, se fixant dans la face interne des montants, rendent difficile l\u2019appr\u00e9ciation de l\u2019union des deux \u00e9l\u00e9ments, apportant ainsi \u00e0 la structure une nettet\u00e9 des lignes notable.  Enfin, les niveaux de charge sont am\u00e9nag\u00e9s avec des panneaux en agglom\u00e9r\u00e9 m\u00e9lamin\u00e9 ou m\u00e9talliques, selon l\u2019utilit\u00e9 pr\u00e9vue.\" \/>\n<meta property=\"og:url\" content=\"https:\/\/estanteriasrecord.com\/fr\/produits\/bricord\" \/>\n<meta property=\"og:site_name\" content=\"Estanter\u00edas Record\" \/>\n<meta property=\"article:publisher\" content=\"https:\/\/www.facebook.com\/estanteriasrecord\/\" \/>\n<meta property=\"article:modified_time\" content=\"2025-05-22T10:17:24+00:00\" \/>\n<meta property=\"og:image\" content=\"https:\/\/estanteriasrecord.com\/wp-content\/uploads\/2024\/07\/estanterias_bricord_slider_infografias.jpg\" \/>\n\t<meta property=\"og:image:width\" content=\"1980\" \/>\n\t<meta property=\"og:image:height\" content=\"1114\" \/>\n\t<meta property=\"og:image:type\" content=\"image\/jpeg\" \/>\n<meta name=\"twitter:card\" content=\"summary_large_image\" \/>\n<meta name=\"twitter:label1\" content=\"Dur\u00e9e de lecture estim\u00e9e\" \/>\n\t<meta name=\"twitter:data1\" content=\"1 minute\" \/>\n<script type=\"application\/ld+json\" class=\"yoast-schema-graph\">{\"@context\":\"https:\/\/schema.org\",\"@graph\":[{\"@type\":\"WebPage\",\"@id\":\"https:\/\/estanteriasrecord.com\/fr\/produits\/bricord\",\"url\":\"https:\/\/estanteriasrecord.com\/fr\/produits\/bricord\",\"name\":\"Bricord | Estanter\u00edas Record\",\"isPartOf\":{\"@id\":\"https:\/\/estanteriasrecord.com\/fr#website\"},\"primaryImageOfPage\":{\"@id\":\"https:\/\/estanteriasrecord.com\/fr\/produits\/bricord#primaryimage\"},\"image\":{\"@id\":\"https:\/\/estanteriasrecord.com\/fr\/produits\/bricord#primaryimage\"},\"thumbnailUrl\":\"https:\/\/estanteriasrecord.com\/wp-content\/uploads\/2024\/07\/estanterias_bricord_slider_infografias.jpg\",\"datePublished\":\"2024-07-04T10:38:44+00:00\",\"dateModified\":\"2025-05-22T10:17:24+00:00\",\"breadcrumb\":{\"@id\":\"https:\/\/estanteriasrecord.com\/fr\/produits\/bricord#breadcrumb\"},\"inLanguage\":\"fr-FR\",\"potentialAction\":[{\"@type\":\"ReadAction\",\"target\":[\"https:\/\/estanteriasrecord.com\/fr\/produits\/bricord\"]}]},{\"@type\":\"ImageObject\",\"inLanguage\":\"fr-FR\",\"@id\":\"https:\/\/estanteriasrecord.com\/fr\/produits\/bricord#primaryimage\",\"url\":\"https:\/\/estanteriasrecord.com\/wp-content\/uploads\/2024\/07\/estanterias_bricord_slider_infografias.jpg\",\"contentUrl\":\"https:\/\/estanteriasrecord.com\/wp-content\/uploads\/2024\/07\/estanterias_bricord_slider_infografias.jpg\",\"width\":1980,\"height\":1114},{\"@type\":\"BreadcrumbList\",\"@id\":\"https:\/\/estanteriasrecord.com\/fr\/produits\/bricord#breadcrumb\",\"itemListElement\":[{\"@type\":\"ListItem\",\"position\":1,\"name\":\"Portada\",\"item\":\"https:\/\/estanteriasrecord.com\/fr\/estanterias-record\"},{\"@type\":\"ListItem\",\"position\":2,\"name\":\"Magasin\",\"item\":\"https:\/\/estanteriasrecord.com\/fr\/magasin\"},{\"@type\":\"ListItem\",\"position\":3,\"name\":\"Bricord\"}]},{\"@type\":\"WebSite\",\"@id\":\"https:\/\/estanteriasrecord.com\/fr#website\",\"url\":\"https:\/\/estanteriasrecord.com\/fr\",\"name\":\"Estanter\u00edas Record\",\"description\":\"Sistemas eficientes de almacenamiento\",\"publisher\":{\"@id\":\"https:\/\/estanteriasrecord.com\/fr#organization\"},\"potentialAction\":[{\"@type\":\"SearchAction\",\"target\":{\"@type\":\"EntryPoint\",\"urlTemplate\":\"https:\/\/estanteriasrecord.com\/fr?s={search_term_string}\"},\"query-input\":{\"@type\":\"PropertyValueSpecification\",\"valueRequired\":true,\"valueName\":\"search_term_string\"}}],\"inLanguage\":\"fr-FR\"},{\"@type\":\"Organization\",\"@id\":\"https:\/\/estanteriasrecord.com\/fr#organization\",\"name\":\"Estanter\u00edas Record\",\"url\":\"https:\/\/estanteriasrecord.com\/fr\",\"logo\":{\"@type\":\"ImageObject\",\"inLanguage\":\"fr-FR\",\"@id\":\"https:\/\/estanteriasrecord.com\/fr#\/schema\/logo\/image\/\",\"url\":\"https:\/\/estanteriasrecord.com\/wp-content\/uploads\/2024\/03\/logo_cab_doc.png\",\"contentUrl\":\"https:\/\/estanteriasrecord.com\/wp-content\/uploads\/2024\/03\/logo_cab_doc.png\",\"width\":250,\"height\":119,\"caption\":\"Estanter\u00edas Record\"},\"image\":{\"@id\":\"https:\/\/estanteriasrecord.com\/fr#\/schema\/logo\/image\/\"},\"sameAs\":[\"https:\/\/www.facebook.com\/estanteriasrecord\/\"]}]}<\/script>\n<!-- \/ Yoast SEO plugin. -->","yoast_head_json":{"title":"Bricord | Estanter\u00edas Record","robots":{"index":"index","follow":"follow","max-snippet":"max-snippet:-1","max-image-preview":"max-image-preview:large","max-video-preview":"max-video-preview:-1"},"canonical":"https:\/\/estanteriasrecord.com\/fr\/produits\/bricord","og_locale":"fr_FR","og_type":"article","og_title":"Bricord | Estanter\u00edas Record","og_description":"Le design de ce mod\u00e8le de rayonnages est \u00e9labor\u00e9 et adapt\u00e9 pour la gestion manuelle de charges moyennes de diff\u00e9rents formats. Il s\u2019agit d\u2019un d\u00e9veloppement exclusif d\u2019Estanter\u00edas Record, qui associe une capacit\u00e9 portante consid\u00e9rable \u00e0 une esth\u00e9tique soign\u00e9e.  Tout comme pour le syst\u00e8me de chargement manuel classique, ses composants \u00e9l\u00e9mentaires sont les \u00e9chelles et les niveaux de charge qui, \u00e0 leur tour, sont form\u00e9s de lisses et de diverses surfaces optionnelles pouvant y \u00eatre dispos\u00e9es. Cependant, s\u2019agissant d\u2019une ligne de produits \u00e0 l\u2019approche diff\u00e9rente, ses \u00e9l\u00e9ments constructifs ont un design diff\u00e9rent et non compatible avec le syst\u00e8me r\u00e9f\u00e9r\u00e9.  Le montage des \u00e9chelles ne se r\u00e9alise pas \u00e0 l\u2019aide de contreventements en treillis, mais gr\u00e2ce \u00e0 des profil\u00e9s transversaux. D\u2019autre part, la face apparente des montants des \u00e9chelles est totalement plane et sans trous. Les lisses, dont la face apparente est \u00e9galement plane, comportent dans leurs extr\u00e9mit\u00e9s des connecteurs sp\u00e9ciaux. Ces derniers, se fixant dans la face interne des montants, rendent difficile l\u2019appr\u00e9ciation de l\u2019union des deux \u00e9l\u00e9ments, apportant ainsi \u00e0 la structure une nettet\u00e9 des lignes notable.  Enfin, les niveaux de charge sont am\u00e9nag\u00e9s avec des panneaux en agglom\u00e9r\u00e9 m\u00e9lamin\u00e9 ou m\u00e9talliques, selon l\u2019utilit\u00e9 pr\u00e9vue.","og_url":"https:\/\/estanteriasrecord.com\/fr\/produits\/bricord","og_site_name":"Estanter\u00edas Record","article_publisher":"https:\/\/www.facebook.com\/estanteriasrecord\/","article_modified_time":"2025-05-22T10:17:24+00:00","og_image":[{"width":1980,"height":1114,"url":"https:\/\/estanteriasrecord.com\/wp-content\/uploads\/2024\/07\/estanterias_bricord_slider_infografias.jpg","type":"image\/jpeg"}],"twitter_card":"summary_large_image","twitter_misc":{"Dur\u00e9e de lecture estim\u00e9e":"1 minute"},"schema":{"@context":"https:\/\/schema.org","@graph":[{"@type":"WebPage","@id":"https:\/\/estanteriasrecord.com\/fr\/produits\/bricord","url":"https:\/\/estanteriasrecord.com\/fr\/produits\/bricord","name":"Bricord | Estanter\u00edas Record","isPartOf":{"@id":"https:\/\/estanteriasrecord.com\/fr#website"},"primaryImageOfPage":{"@id":"https:\/\/estanteriasrecord.com\/fr\/produits\/bricord#primaryimage"},"image":{"@id":"https:\/\/estanteriasrecord.com\/fr\/produits\/bricord#primaryimage"},"thumbnailUrl":"https:\/\/estanteriasrecord.com\/wp-content\/uploads\/2024\/07\/estanterias_bricord_slider_infografias.jpg","datePublished":"2024-07-04T10:38:44+00:00","dateModified":"2025-05-22T10:17:24+00:00","breadcrumb":{"@id":"https:\/\/estanteriasrecord.com\/fr\/produits\/bricord#breadcrumb"},"inLanguage":"fr-FR","potentialAction":[{"@type":"ReadAction","target":["https:\/\/estanteriasrecord.com\/fr\/produits\/bricord"]}]},{"@type":"ImageObject","inLanguage":"fr-FR","@id":"https:\/\/estanteriasrecord.com\/fr\/produits\/bricord#primaryimage","url":"https:\/\/estanteriasrecord.com\/wp-content\/uploads\/2024\/07\/estanterias_bricord_slider_infografias.jpg","contentUrl":"https:\/\/estanteriasrecord.com\/wp-content\/uploads\/2024\/07\/estanterias_bricord_slider_infografias.jpg","width":1980,"height":1114},{"@type":"BreadcrumbList","@id":"https:\/\/estanteriasrecord.com\/fr\/produits\/bricord#breadcrumb","itemListElement":[{"@type":"ListItem","position":1,"name":"Portada","item":"https:\/\/estanteriasrecord.com\/fr\/estanterias-record"},{"@type":"ListItem","position":2,"name":"Magasin","item":"https:\/\/estanteriasrecord.com\/fr\/magasin"},{"@type":"ListItem","position":3,"name":"Bricord"}]},{"@type":"WebSite","@id":"https:\/\/estanteriasrecord.com\/fr#website","url":"https:\/\/estanteriasrecord.com\/fr","name":"Estanter\u00edas Record","description":"Sistemas eficientes de almacenamiento","publisher":{"@id":"https:\/\/estanteriasrecord.com\/fr#organization"},"potentialAction":[{"@type":"SearchAction","target":{"@type":"EntryPoint","urlTemplate":"https:\/\/estanteriasrecord.com\/fr?s={search_term_string}"},"query-input":{"@type":"PropertyValueSpecification","valueRequired":true,"valueName":"search_term_string"}}],"inLanguage":"fr-FR"},{"@type":"Organization","@id":"https:\/\/estanteriasrecord.com\/fr#organization","name":"Estanter\u00edas Record","url":"https:\/\/estanteriasrecord.com\/fr","logo":{"@type":"ImageObject","inLanguage":"fr-FR","@id":"https:\/\/estanteriasrecord.com\/fr#\/schema\/logo\/image\/","url":"https:\/\/estanteriasrecord.com\/wp-content\/uploads\/2024\/03\/logo_cab_doc.png","contentUrl":"https:\/\/estanteriasrecord.com\/wp-content\/uploads\/2024\/03\/logo_cab_doc.png","width":250,"height":119,"caption":"Estanter\u00edas Record"},"image":{"@id":"https:\/\/estanteriasrecord.com\/fr#\/schema\/logo\/image\/"},"sameAs":["https:\/\/www.facebook.com\/estanteriasrecord\/"]}]}},"_links":{"self":[{"href":"https:\/\/estanteriasrecord.com\/fr\/wp-json\/wp\/v2\/product\/14871","targetHints":{"allow":["GET"]}}],"collection":[{"href":"https:\/\/estanteriasrecord.com\/fr\/wp-json\/wp\/v2\/product"}],"about":[{"href":"https:\/\/estanteriasrecord.com\/fr\/wp-json\/wp\/v2\/types\/product"}],"replies":[{"embeddable":true,"href":"https:\/\/estanteriasrecord.com\/fr\/wp-json\/wp\/v2\/comments?post=14871"}],"wp:featuredmedia":[{"embeddable":true,"href":"https:\/\/estanteriasrecord.com\/fr\/wp-json\/wp\/v2\/media\/14329"}],"wp:attachment":[{"href":"https:\/\/estanteriasrecord.com\/fr\/wp-json\/wp\/v2\/media?parent=14871"}],"wp:term":[{"taxonomy":"product_brand","embeddable":true,"href":"https:\/\/estanteriasrecord.com\/fr\/wp-json\/wp\/v2\/product_brand?post=14871"},{"taxonomy":"product_cat","embeddable":true,"href":"https:\/\/estanteriasrecord.com\/fr\/wp-json\/wp\/v2\/product_cat?post=14871"},{"taxonomy":"product_tag","embeddable":true,"href":"https:\/\/estanteriasrecord.com\/fr\/wp-json\/wp\/v2\/product_tag?post=14871"}],"curies":[{"name":"wp","href":"https:\/\/api.w.org\/{rel}","templated":true}]}}