{"id":14873,"date":"2024-07-04T10:29:54","date_gmt":"2024-07-04T10:29:54","guid":{"rendered":"https:\/\/estanteriasrecord.com\/productos\/porte-pneus"},"modified":"2025-05-22T12:00:45","modified_gmt":"2025-05-22T10:00:45","slug":"porte-pneus","status":"publish","type":"product","link":"https:\/\/estanteriasrecord.com\/fr\/produits\/porte-pneus","title":{"rendered":"Porte-pneus"},"content":{"rendered":"","protected":false},"excerpt":{"rendered":"<p>Le syst\u00e8me de chargement manuel classique pr\u00e9sente de multiples options d\u2019adaptation technique afin de r\u00e9pondre aux besoins particuliers d\u2019entreposage de marchandises tr\u00e8s sp\u00e9cifiques. Dans ce cas, on se passe totalement des surfaces des niveaux de charge afin de poser les produits directement sur chaque paire de lisses d\u2019un m\u00eame niveau.<\/p>\n<p>Le stockage de pneus est beaucoup plus efficace si ceux-ci sont plac\u00e9s \u00e0 la verticale, avec deux points d\u2019appui sur les lisses avant et arri\u00e8re. De cette fa\u00e7on, la compacit\u00e9 de charge est plus grande si les hauteurs des niveaux sont distribu\u00e9es de fa\u00e7on ad\u00e9quate. La marchandise peut \u00e9galement \u00eatre plac\u00e9e \u00e0 l\u2019horizontale sur une des diff\u00e9rentes surfaces optionnelles que pr\u00e9sente la gamme g\u00e9n\u00e9rique, mais cette solution est plus on\u00e9reuse, l\u2019espace n\u2019est pas optimis\u00e9 et l\u2019acc\u00e8s aux produits situ\u00e9s \u00e0 la base de chaque pile est rendu difficile, car il serait n\u00e9cessaire de d\u00e9placer les unit\u00e9s situ\u00e9es au-dessus.<\/p>\n<p>De m\u00eame que pour les rayonnages Penderies, les Porte-pneus peuvent \u00eatre compl\u00e9t\u00e9s par des accessoires et options constructives du syst\u00e8me classique de chargement manuel si l\u2019on souhaite associer une fonctionnalit\u00e9 suppl\u00e9mentaire ou changer les sp\u00e9cifications de l\u2019entrep\u00f4t ou ses op\u00e9rations.<\/p>\n","protected":false},"featured_media":14429,"comment_status":"open","ping_status":"closed","template":"","meta":{"_acf_changed":false,"_joinchat":[]},"product_brand":[],"product_cat":[52],"product_tag":[],"class_list":{"0":"post-14873","1":"product","2":"type-product","3":"status-publish","4":"has-post-thumbnail","6":"product_cat-stockage-speciale","8":"first","9":"instock","10":"shipping-taxable","11":"product-type-simple"},"acf":[],"yoast_head":"<!-- This site is optimized with the Yoast SEO plugin v27.0 - https:\/\/yoast.com\/product\/yoast-seo-wordpress\/ -->\n<title>Porte-pneus | Estanter\u00edas Record<\/title>\n<meta name=\"robots\" content=\"index, follow, max-snippet:-1, max-image-preview:large, max-video-preview:-1\" \/>\n<link rel=\"canonical\" href=\"https:\/\/estanteriasrecord.com\/fr\/produits\/porte-pneus\" \/>\n<meta property=\"og:locale\" content=\"fr_FR\" \/>\n<meta property=\"og:type\" content=\"article\" \/>\n<meta property=\"og:title\" content=\"Porte-pneus | Estanter\u00edas Record\" \/>\n<meta property=\"og:description\" content=\"Le syst\u00e8me de chargement manuel classique pr\u00e9sente de multiples options d\u2019adaptation technique afin de r\u00e9pondre aux besoins particuliers d\u2019entreposage de marchandises tr\u00e8s sp\u00e9cifiques. Dans ce cas, on se passe totalement des surfaces des niveaux de charge afin de poser les produits directement sur chaque paire de lisses d\u2019un m\u00eame niveau.  Le stockage de pneus est beaucoup plus efficace si ceux-ci sont plac\u00e9s \u00e0 la verticale, avec deux points d\u2019appui sur les lisses avant et arri\u00e8re. De cette fa\u00e7on, la compacit\u00e9 de charge est plus grande si les hauteurs des niveaux sont distribu\u00e9es de fa\u00e7on ad\u00e9quate. La marchandise peut \u00e9galement \u00eatre plac\u00e9e \u00e0 l\u2019horizontale sur une des diff\u00e9rentes surfaces optionnelles que pr\u00e9sente la gamme g\u00e9n\u00e9rique, mais cette solution est plus on\u00e9reuse, l\u2019espace n\u2019est pas optimis\u00e9 et l\u2019acc\u00e8s aux produits situ\u00e9s \u00e0 la base de chaque pile est rendu difficile, car il serait n\u00e9cessaire de d\u00e9placer les unit\u00e9s situ\u00e9es au-dessus.  De m\u00eame que pour les rayonnages Penderies, les Porte-pneus peuvent \u00eatre compl\u00e9t\u00e9s par des accessoires et options constructives du syst\u00e8me classique de chargement manuel si l\u2019on souhaite associer une fonctionnalit\u00e9 suppl\u00e9mentaire ou changer les sp\u00e9cifications de l\u2019entrep\u00f4t ou ses op\u00e9rations.\" \/>\n<meta property=\"og:url\" content=\"https:\/\/estanteriasrecord.com\/fr\/produits\/porte-pneus\" \/>\n<meta property=\"og:site_name\" content=\"Estanter\u00edas Record\" \/>\n<meta property=\"article:publisher\" content=\"https:\/\/www.facebook.com\/estanteriasrecord\/\" \/>\n<meta property=\"article:modified_time\" content=\"2025-05-22T10:00:45+00:00\" \/>\n<meta property=\"og:image\" content=\"https:\/\/estanteriasrecord.com\/wp-content\/uploads\/2024\/07\/portaneumaticos_slider_infografia.jpg\" \/>\n\t<meta property=\"og:image:width\" content=\"1920\" \/>\n\t<meta property=\"og:image:height\" content=\"1080\" \/>\n\t<meta property=\"og:image:type\" content=\"image\/jpeg\" \/>\n<meta name=\"twitter:card\" content=\"summary_large_image\" \/>\n<meta name=\"twitter:label1\" content=\"Dur\u00e9e de lecture estim\u00e9e\" \/>\n\t<meta name=\"twitter:data1\" content=\"1 minute\" \/>\n<script type=\"application\/ld+json\" class=\"yoast-schema-graph\">{\"@context\":\"https:\/\/schema.org\",\"@graph\":[{\"@type\":\"WebPage\",\"@id\":\"https:\/\/estanteriasrecord.com\/fr\/produits\/porte-pneus\",\"url\":\"https:\/\/estanteriasrecord.com\/fr\/produits\/porte-pneus\",\"name\":\"Porte-pneus | Estanter\u00edas Record\",\"isPartOf\":{\"@id\":\"https:\/\/estanteriasrecord.com\/fr#website\"},\"primaryImageOfPage\":{\"@id\":\"https:\/\/estanteriasrecord.com\/fr\/produits\/porte-pneus#primaryimage\"},\"image\":{\"@id\":\"https:\/\/estanteriasrecord.com\/fr\/produits\/porte-pneus#primaryimage\"},\"thumbnailUrl\":\"https:\/\/estanteriasrecord.com\/wp-content\/uploads\/2024\/07\/portaneumaticos_slider_infografia.jpg\",\"datePublished\":\"2024-07-04T10:29:54+00:00\",\"dateModified\":\"2025-05-22T10:00:45+00:00\",\"breadcrumb\":{\"@id\":\"https:\/\/estanteriasrecord.com\/fr\/produits\/porte-pneus#breadcrumb\"},\"inLanguage\":\"fr-FR\",\"potentialAction\":[{\"@type\":\"ReadAction\",\"target\":[\"https:\/\/estanteriasrecord.com\/fr\/produits\/porte-pneus\"]}]},{\"@type\":\"ImageObject\",\"inLanguage\":\"fr-FR\",\"@id\":\"https:\/\/estanteriasrecord.com\/fr\/produits\/porte-pneus#primaryimage\",\"url\":\"https:\/\/estanteriasrecord.com\/wp-content\/uploads\/2024\/07\/portaneumaticos_slider_infografia.jpg\",\"contentUrl\":\"https:\/\/estanteriasrecord.com\/wp-content\/uploads\/2024\/07\/portaneumaticos_slider_infografia.jpg\",\"width\":1920,\"height\":1080},{\"@type\":\"BreadcrumbList\",\"@id\":\"https:\/\/estanteriasrecord.com\/fr\/produits\/porte-pneus#breadcrumb\",\"itemListElement\":[{\"@type\":\"ListItem\",\"position\":1,\"name\":\"Portada\",\"item\":\"https:\/\/estanteriasrecord.com\/fr\/estanterias-record\"},{\"@type\":\"ListItem\",\"position\":2,\"name\":\"Magasin\",\"item\":\"https:\/\/estanteriasrecord.com\/fr\/magasin\"},{\"@type\":\"ListItem\",\"position\":3,\"name\":\"Porte-pneus\"}]},{\"@type\":\"WebSite\",\"@id\":\"https:\/\/estanteriasrecord.com\/fr#website\",\"url\":\"https:\/\/estanteriasrecord.com\/fr\",\"name\":\"Estanter\u00edas Record\",\"description\":\"Sistemas eficientes de almacenamiento\",\"publisher\":{\"@id\":\"https:\/\/estanteriasrecord.com\/fr#organization\"},\"potentialAction\":[{\"@type\":\"SearchAction\",\"target\":{\"@type\":\"EntryPoint\",\"urlTemplate\":\"https:\/\/estanteriasrecord.com\/fr?s={search_term_string}\"},\"query-input\":{\"@type\":\"PropertyValueSpecification\",\"valueRequired\":true,\"valueName\":\"search_term_string\"}}],\"inLanguage\":\"fr-FR\"},{\"@type\":\"Organization\",\"@id\":\"https:\/\/estanteriasrecord.com\/fr#organization\",\"name\":\"Estanter\u00edas Record\",\"url\":\"https:\/\/estanteriasrecord.com\/fr\",\"logo\":{\"@type\":\"ImageObject\",\"inLanguage\":\"fr-FR\",\"@id\":\"https:\/\/estanteriasrecord.com\/fr#\/schema\/logo\/image\/\",\"url\":\"https:\/\/estanteriasrecord.com\/wp-content\/uploads\/2024\/03\/logo_cab_doc.png\",\"contentUrl\":\"https:\/\/estanteriasrecord.com\/wp-content\/uploads\/2024\/03\/logo_cab_doc.png\",\"width\":250,\"height\":119,\"caption\":\"Estanter\u00edas Record\"},\"image\":{\"@id\":\"https:\/\/estanteriasrecord.com\/fr#\/schema\/logo\/image\/\"},\"sameAs\":[\"https:\/\/www.facebook.com\/estanteriasrecord\/\"]}]}<\/script>\n<!-- \/ Yoast SEO plugin. -->","yoast_head_json":{"title":"Porte-pneus | Estanter\u00edas Record","robots":{"index":"index","follow":"follow","max-snippet":"max-snippet:-1","max-image-preview":"max-image-preview:large","max-video-preview":"max-video-preview:-1"},"canonical":"https:\/\/estanteriasrecord.com\/fr\/produits\/porte-pneus","og_locale":"fr_FR","og_type":"article","og_title":"Porte-pneus | Estanter\u00edas Record","og_description":"Le syst\u00e8me de chargement manuel classique pr\u00e9sente de multiples options d\u2019adaptation technique afin de r\u00e9pondre aux besoins particuliers d\u2019entreposage de marchandises tr\u00e8s sp\u00e9cifiques. Dans ce cas, on se passe totalement des surfaces des niveaux de charge afin de poser les produits directement sur chaque paire de lisses d\u2019un m\u00eame niveau.  Le stockage de pneus est beaucoup plus efficace si ceux-ci sont plac\u00e9s \u00e0 la verticale, avec deux points d\u2019appui sur les lisses avant et arri\u00e8re. De cette fa\u00e7on, la compacit\u00e9 de charge est plus grande si les hauteurs des niveaux sont distribu\u00e9es de fa\u00e7on ad\u00e9quate. La marchandise peut \u00e9galement \u00eatre plac\u00e9e \u00e0 l\u2019horizontale sur une des diff\u00e9rentes surfaces optionnelles que pr\u00e9sente la gamme g\u00e9n\u00e9rique, mais cette solution est plus on\u00e9reuse, l\u2019espace n\u2019est pas optimis\u00e9 et l\u2019acc\u00e8s aux produits situ\u00e9s \u00e0 la base de chaque pile est rendu difficile, car il serait n\u00e9cessaire de d\u00e9placer les unit\u00e9s situ\u00e9es au-dessus.  De m\u00eame que pour les rayonnages Penderies, les Porte-pneus peuvent \u00eatre compl\u00e9t\u00e9s par des accessoires et options constructives du syst\u00e8me classique de chargement manuel si l\u2019on souhaite associer une fonctionnalit\u00e9 suppl\u00e9mentaire ou changer les sp\u00e9cifications de l\u2019entrep\u00f4t ou ses op\u00e9rations.","og_url":"https:\/\/estanteriasrecord.com\/fr\/produits\/porte-pneus","og_site_name":"Estanter\u00edas Record","article_publisher":"https:\/\/www.facebook.com\/estanteriasrecord\/","article_modified_time":"2025-05-22T10:00:45+00:00","og_image":[{"width":1920,"height":1080,"url":"https:\/\/estanteriasrecord.com\/wp-content\/uploads\/2024\/07\/portaneumaticos_slider_infografia.jpg","type":"image\/jpeg"}],"twitter_card":"summary_large_image","twitter_misc":{"Dur\u00e9e de lecture estim\u00e9e":"1 minute"},"schema":{"@context":"https:\/\/schema.org","@graph":[{"@type":"WebPage","@id":"https:\/\/estanteriasrecord.com\/fr\/produits\/porte-pneus","url":"https:\/\/estanteriasrecord.com\/fr\/produits\/porte-pneus","name":"Porte-pneus | Estanter\u00edas Record","isPartOf":{"@id":"https:\/\/estanteriasrecord.com\/fr#website"},"primaryImageOfPage":{"@id":"https:\/\/estanteriasrecord.com\/fr\/produits\/porte-pneus#primaryimage"},"image":{"@id":"https:\/\/estanteriasrecord.com\/fr\/produits\/porte-pneus#primaryimage"},"thumbnailUrl":"https:\/\/estanteriasrecord.com\/wp-content\/uploads\/2024\/07\/portaneumaticos_slider_infografia.jpg","datePublished":"2024-07-04T10:29:54+00:00","dateModified":"2025-05-22T10:00:45+00:00","breadcrumb":{"@id":"https:\/\/estanteriasrecord.com\/fr\/produits\/porte-pneus#breadcrumb"},"inLanguage":"fr-FR","potentialAction":[{"@type":"ReadAction","target":["https:\/\/estanteriasrecord.com\/fr\/produits\/porte-pneus"]}]},{"@type":"ImageObject","inLanguage":"fr-FR","@id":"https:\/\/estanteriasrecord.com\/fr\/produits\/porte-pneus#primaryimage","url":"https:\/\/estanteriasrecord.com\/wp-content\/uploads\/2024\/07\/portaneumaticos_slider_infografia.jpg","contentUrl":"https:\/\/estanteriasrecord.com\/wp-content\/uploads\/2024\/07\/portaneumaticos_slider_infografia.jpg","width":1920,"height":1080},{"@type":"BreadcrumbList","@id":"https:\/\/estanteriasrecord.com\/fr\/produits\/porte-pneus#breadcrumb","itemListElement":[{"@type":"ListItem","position":1,"name":"Portada","item":"https:\/\/estanteriasrecord.com\/fr\/estanterias-record"},{"@type":"ListItem","position":2,"name":"Magasin","item":"https:\/\/estanteriasrecord.com\/fr\/magasin"},{"@type":"ListItem","position":3,"name":"Porte-pneus"}]},{"@type":"WebSite","@id":"https:\/\/estanteriasrecord.com\/fr#website","url":"https:\/\/estanteriasrecord.com\/fr","name":"Estanter\u00edas Record","description":"Sistemas eficientes de almacenamiento","publisher":{"@id":"https:\/\/estanteriasrecord.com\/fr#organization"},"potentialAction":[{"@type":"SearchAction","target":{"@type":"EntryPoint","urlTemplate":"https:\/\/estanteriasrecord.com\/fr?s={search_term_string}"},"query-input":{"@type":"PropertyValueSpecification","valueRequired":true,"valueName":"search_term_string"}}],"inLanguage":"fr-FR"},{"@type":"Organization","@id":"https:\/\/estanteriasrecord.com\/fr#organization","name":"Estanter\u00edas Record","url":"https:\/\/estanteriasrecord.com\/fr","logo":{"@type":"ImageObject","inLanguage":"fr-FR","@id":"https:\/\/estanteriasrecord.com\/fr#\/schema\/logo\/image\/","url":"https:\/\/estanteriasrecord.com\/wp-content\/uploads\/2024\/03\/logo_cab_doc.png","contentUrl":"https:\/\/estanteriasrecord.com\/wp-content\/uploads\/2024\/03\/logo_cab_doc.png","width":250,"height":119,"caption":"Estanter\u00edas Record"},"image":{"@id":"https:\/\/estanteriasrecord.com\/fr#\/schema\/logo\/image\/"},"sameAs":["https:\/\/www.facebook.com\/estanteriasrecord\/"]}]}},"_links":{"self":[{"href":"https:\/\/estanteriasrecord.com\/fr\/wp-json\/wp\/v2\/product\/14873","targetHints":{"allow":["GET"]}}],"collection":[{"href":"https:\/\/estanteriasrecord.com\/fr\/wp-json\/wp\/v2\/product"}],"about":[{"href":"https:\/\/estanteriasrecord.com\/fr\/wp-json\/wp\/v2\/types\/product"}],"replies":[{"embeddable":true,"href":"https:\/\/estanteriasrecord.com\/fr\/wp-json\/wp\/v2\/comments?post=14873"}],"wp:featuredmedia":[{"embeddable":true,"href":"https:\/\/estanteriasrecord.com\/fr\/wp-json\/wp\/v2\/media\/14429"}],"wp:attachment":[{"href":"https:\/\/estanteriasrecord.com\/fr\/wp-json\/wp\/v2\/media?parent=14873"}],"wp:term":[{"taxonomy":"product_brand","embeddable":true,"href":"https:\/\/estanteriasrecord.com\/fr\/wp-json\/wp\/v2\/product_brand?post=14873"},{"taxonomy":"product_cat","embeddable":true,"href":"https:\/\/estanteriasrecord.com\/fr\/wp-json\/wp\/v2\/product_cat?post=14873"},{"taxonomy":"product_tag","embeddable":true,"href":"https:\/\/estanteriasrecord.com\/fr\/wp-json\/wp\/v2\/product_tag?post=14873"}],"curies":[{"name":"wp","href":"https:\/\/api.w.org\/{rel}","templated":true}]}}