{"id":14940,"date":"2024-05-06T06:53:51","date_gmt":"2024-05-06T06:53:51","guid":{"rendered":"https:\/\/estanteriasrecord.com\/productos\/mezzanine-sur-rayonnage-a-palettes-classique"},"modified":"2025-05-22T10:43:44","modified_gmt":"2025-05-22T08:43:44","slug":"mezzanine-sur-rayonnage-a-palettes-classique","status":"publish","type":"product","link":"https:\/\/estanteriasrecord.com\/fr\/produits\/mezzanine-sur-rayonnage-a-palettes-classique","title":{"rendered":"Mezzanine sur rayonnage \u00e0 palettes classique"},"content":{"rendered":"","protected":false},"excerpt":{"rendered":"<p>Un <strong>\u00e9tage diaphane praticable<\/strong> peut \u00eatre dispos\u00e9 sur des rayonnages pour palettisation conventionnelle dans le but <strong>d\u2019augmenter la surface utile<\/strong>, en profitant de la hauteur du b\u00e2timent. Le syst\u00e8me constructif est con\u00e7u pour s\u2019int\u00e9grer \u00e0 la structure \u00e9l\u00e9mentaire de rayonnages sans alt\u00e9rer leur fonctionnalit\u00e9 et se compl\u00e8te avec ses composants propres : escaliers d\u2019acc\u00e8s convenablement situ\u00e9s, portes et quais de chargement\/d\u00e9chargement, syst\u00e8mes de protection du p\u00e9rim\u00e8tre avec des garde-corps dans les zones expos\u00e9es, plinthes et \u00e9quipements de s\u00e9curit\u00e9 interm\u00e9diaires, etc.<\/p>\n<p>La surface sur\u00e9lev\u00e9e peut \u00eatre habilit\u00e9e avec diff\u00e9rents types de planchers selon l\u2019utilisation pr\u00e9vue, les caract\u00e9ristiques de la charge, le syst\u00e8me de travail, l\u2019\u00e9ventuelle circulation de transpalettes, les besoins de ventilation, l\u2019\u00e9clairage ou le passage d\u2019eau des syst\u00e8mes contre les incendies, etc. En somme, il est possible d\u2019installer un plancher \u00e0 l\u2019aide de panneaux en agglom\u00e9r\u00e9, m\u00e9lamin\u00e9s ou recouverts de t\u00f4le, aux diverses finitions, m\u00e9talliques en acier galvanis\u00e9 \u00e0 la surface stri\u00e9e ou perfor\u00e9e, des syst\u00e8mes tramex avec caillebotis, etc.<\/p>\n","protected":false},"featured_media":13735,"comment_status":"open","ping_status":"closed","template":"","meta":{"_acf_changed":false,"_joinchat":[]},"product_brand":[],"product_cat":[55],"product_tag":[],"class_list":{"0":"post-14940","1":"product","2":"type-product","3":"status-publish","4":"has-post-thumbnail","6":"product_cat-mezzanines","8":"first","9":"instock","10":"shipping-taxable","11":"product-type-simple"},"acf":[],"yoast_head":"<!-- This site is optimized with the Yoast SEO plugin v27.0 - https:\/\/yoast.com\/product\/yoast-seo-wordpress\/ -->\n<title>Mezzanine sur rayonnage \u00e0 palettes classique | Estanter\u00edas Record<\/title>\n<meta name=\"robots\" content=\"index, follow, max-snippet:-1, max-image-preview:large, max-video-preview:-1\" \/>\n<link rel=\"canonical\" href=\"https:\/\/estanteriasrecord.com\/fr\/produits\/mezzanine-sur-rayonnage-a-palettes-classique\" \/>\n<meta property=\"og:locale\" content=\"fr_FR\" \/>\n<meta property=\"og:type\" content=\"article\" \/>\n<meta property=\"og:title\" content=\"Mezzanine sur rayonnage \u00e0 palettes classique | Estanter\u00edas Record\" \/>\n<meta property=\"og:description\" content=\"Un \u00e9tage diaphane praticable peut \u00eatre dispos\u00e9 sur des rayonnages pour palettisation conventionnelle dans le but d\u2019augmenter la surface utile, en profitant de la hauteur du b\u00e2timent. Le syst\u00e8me constructif est con\u00e7u pour s\u2019int\u00e9grer \u00e0 la structure \u00e9l\u00e9mentaire de rayonnages sans alt\u00e9rer leur fonctionnalit\u00e9 et se compl\u00e8te avec ses composants propres : escaliers d\u2019acc\u00e8s convenablement situ\u00e9s, portes et quais de chargement\/d\u00e9chargement, syst\u00e8mes de protection du p\u00e9rim\u00e8tre avec des garde-corps dans les zones expos\u00e9es, plinthes et \u00e9quipements de s\u00e9curit\u00e9 interm\u00e9diaires, etc.  La surface sur\u00e9lev\u00e9e peut \u00eatre habilit\u00e9e avec diff\u00e9rents types de planchers selon l\u2019utilisation pr\u00e9vue, les caract\u00e9ristiques de la charge, le syst\u00e8me de travail, l\u2019\u00e9ventuelle circulation de transpalettes, les besoins de ventilation, l\u2019\u00e9clairage ou le passage d\u2019eau des syst\u00e8mes contre les incendies, etc. En somme, il est possible d\u2019installer un plancher \u00e0 l\u2019aide de panneaux en agglom\u00e9r\u00e9, m\u00e9lamin\u00e9s ou recouverts de t\u00f4le, aux diverses finitions, m\u00e9talliques en acier galvanis\u00e9 \u00e0 la surface stri\u00e9e ou perfor\u00e9e, des syst\u00e8mes tramex avec caillebotis, etc.\" \/>\n<meta property=\"og:url\" content=\"https:\/\/estanteriasrecord.com\/fr\/produits\/mezzanine-sur-rayonnage-a-palettes-classique\" \/>\n<meta property=\"og:site_name\" content=\"Estanter\u00edas Record\" \/>\n<meta property=\"article:publisher\" content=\"https:\/\/www.facebook.com\/estanteriasrecord\/\" \/>\n<meta property=\"article:modified_time\" content=\"2025-05-22T08:43:44+00:00\" \/>\n<meta property=\"og:image\" content=\"https:\/\/estanteriasrecord.com\/wp-content\/uploads\/2024\/05\/altillo_sobre_paletizacion_convencional.jpg\" \/>\n\t<meta property=\"og:image:width\" content=\"1980\" \/>\n\t<meta property=\"og:image:height\" content=\"1065\" \/>\n\t<meta property=\"og:image:type\" content=\"image\/jpeg\" \/>\n<meta name=\"twitter:card\" content=\"summary_large_image\" \/>\n<meta name=\"twitter:label1\" content=\"Dur\u00e9e de lecture estim\u00e9e\" \/>\n\t<meta name=\"twitter:data1\" content=\"1 minute\" \/>\n<script type=\"application\/ld+json\" class=\"yoast-schema-graph\">{\"@context\":\"https:\/\/schema.org\",\"@graph\":[{\"@type\":\"WebPage\",\"@id\":\"https:\/\/estanteriasrecord.com\/fr\/produits\/mezzanine-sur-rayonnage-a-palettes-classique\",\"url\":\"https:\/\/estanteriasrecord.com\/fr\/produits\/mezzanine-sur-rayonnage-a-palettes-classique\",\"name\":\"Mezzanine sur rayonnage \u00e0 palettes classique | Estanter\u00edas Record\",\"isPartOf\":{\"@id\":\"https:\/\/estanteriasrecord.com\/fr#website\"},\"primaryImageOfPage\":{\"@id\":\"https:\/\/estanteriasrecord.com\/fr\/produits\/mezzanine-sur-rayonnage-a-palettes-classique#primaryimage\"},\"image\":{\"@id\":\"https:\/\/estanteriasrecord.com\/fr\/produits\/mezzanine-sur-rayonnage-a-palettes-classique#primaryimage\"},\"thumbnailUrl\":\"https:\/\/estanteriasrecord.com\/wp-content\/uploads\/2024\/05\/altillo_sobre_paletizacion_convencional.jpg\",\"datePublished\":\"2024-05-06T06:53:51+00:00\",\"dateModified\":\"2025-05-22T08:43:44+00:00\",\"breadcrumb\":{\"@id\":\"https:\/\/estanteriasrecord.com\/fr\/produits\/mezzanine-sur-rayonnage-a-palettes-classique#breadcrumb\"},\"inLanguage\":\"fr-FR\",\"potentialAction\":[{\"@type\":\"ReadAction\",\"target\":[\"https:\/\/estanteriasrecord.com\/fr\/produits\/mezzanine-sur-rayonnage-a-palettes-classique\"]}]},{\"@type\":\"ImageObject\",\"inLanguage\":\"fr-FR\",\"@id\":\"https:\/\/estanteriasrecord.com\/fr\/produits\/mezzanine-sur-rayonnage-a-palettes-classique#primaryimage\",\"url\":\"https:\/\/estanteriasrecord.com\/wp-content\/uploads\/2024\/05\/altillo_sobre_paletizacion_convencional.jpg\",\"contentUrl\":\"https:\/\/estanteriasrecord.com\/wp-content\/uploads\/2024\/05\/altillo_sobre_paletizacion_convencional.jpg\",\"width\":1980,\"height\":1065},{\"@type\":\"BreadcrumbList\",\"@id\":\"https:\/\/estanteriasrecord.com\/fr\/produits\/mezzanine-sur-rayonnage-a-palettes-classique#breadcrumb\",\"itemListElement\":[{\"@type\":\"ListItem\",\"position\":1,\"name\":\"Portada\",\"item\":\"https:\/\/estanteriasrecord.com\/fr\/estanterias-record\"},{\"@type\":\"ListItem\",\"position\":2,\"name\":\"Magasin\",\"item\":\"https:\/\/estanteriasrecord.com\/fr\/magasin\"},{\"@type\":\"ListItem\",\"position\":3,\"name\":\"Mezzanine sur rayonnage \u00e0 palettes classique\"}]},{\"@type\":\"WebSite\",\"@id\":\"https:\/\/estanteriasrecord.com\/fr#website\",\"url\":\"https:\/\/estanteriasrecord.com\/fr\",\"name\":\"Estanter\u00edas Record\",\"description\":\"Sistemas eficientes de almacenamiento\",\"publisher\":{\"@id\":\"https:\/\/estanteriasrecord.com\/fr#organization\"},\"potentialAction\":[{\"@type\":\"SearchAction\",\"target\":{\"@type\":\"EntryPoint\",\"urlTemplate\":\"https:\/\/estanteriasrecord.com\/fr?s={search_term_string}\"},\"query-input\":{\"@type\":\"PropertyValueSpecification\",\"valueRequired\":true,\"valueName\":\"search_term_string\"}}],\"inLanguage\":\"fr-FR\"},{\"@type\":\"Organization\",\"@id\":\"https:\/\/estanteriasrecord.com\/fr#organization\",\"name\":\"Estanter\u00edas Record\",\"url\":\"https:\/\/estanteriasrecord.com\/fr\",\"logo\":{\"@type\":\"ImageObject\",\"inLanguage\":\"fr-FR\",\"@id\":\"https:\/\/estanteriasrecord.com\/fr#\/schema\/logo\/image\/\",\"url\":\"https:\/\/estanteriasrecord.com\/wp-content\/uploads\/2024\/03\/logo_cab_doc.png\",\"contentUrl\":\"https:\/\/estanteriasrecord.com\/wp-content\/uploads\/2024\/03\/logo_cab_doc.png\",\"width\":250,\"height\":119,\"caption\":\"Estanter\u00edas Record\"},\"image\":{\"@id\":\"https:\/\/estanteriasrecord.com\/fr#\/schema\/logo\/image\/\"},\"sameAs\":[\"https:\/\/www.facebook.com\/estanteriasrecord\/\"]}]}<\/script>\n<!-- \/ Yoast SEO plugin. -->","yoast_head_json":{"title":"Mezzanine sur rayonnage \u00e0 palettes classique | Estanter\u00edas Record","robots":{"index":"index","follow":"follow","max-snippet":"max-snippet:-1","max-image-preview":"max-image-preview:large","max-video-preview":"max-video-preview:-1"},"canonical":"https:\/\/estanteriasrecord.com\/fr\/produits\/mezzanine-sur-rayonnage-a-palettes-classique","og_locale":"fr_FR","og_type":"article","og_title":"Mezzanine sur rayonnage \u00e0 palettes classique | Estanter\u00edas Record","og_description":"Un \u00e9tage diaphane praticable peut \u00eatre dispos\u00e9 sur des rayonnages pour palettisation conventionnelle dans le but d\u2019augmenter la surface utile, en profitant de la hauteur du b\u00e2timent. Le syst\u00e8me constructif est con\u00e7u pour s\u2019int\u00e9grer \u00e0 la structure \u00e9l\u00e9mentaire de rayonnages sans alt\u00e9rer leur fonctionnalit\u00e9 et se compl\u00e8te avec ses composants propres : escaliers d\u2019acc\u00e8s convenablement situ\u00e9s, portes et quais de chargement\/d\u00e9chargement, syst\u00e8mes de protection du p\u00e9rim\u00e8tre avec des garde-corps dans les zones expos\u00e9es, plinthes et \u00e9quipements de s\u00e9curit\u00e9 interm\u00e9diaires, etc.  La surface sur\u00e9lev\u00e9e peut \u00eatre habilit\u00e9e avec diff\u00e9rents types de planchers selon l\u2019utilisation pr\u00e9vue, les caract\u00e9ristiques de la charge, le syst\u00e8me de travail, l\u2019\u00e9ventuelle circulation de transpalettes, les besoins de ventilation, l\u2019\u00e9clairage ou le passage d\u2019eau des syst\u00e8mes contre les incendies, etc. En somme, il est possible d\u2019installer un plancher \u00e0 l\u2019aide de panneaux en agglom\u00e9r\u00e9, m\u00e9lamin\u00e9s ou recouverts de t\u00f4le, aux diverses finitions, m\u00e9talliques en acier galvanis\u00e9 \u00e0 la surface stri\u00e9e ou perfor\u00e9e, des syst\u00e8mes tramex avec caillebotis, etc.","og_url":"https:\/\/estanteriasrecord.com\/fr\/produits\/mezzanine-sur-rayonnage-a-palettes-classique","og_site_name":"Estanter\u00edas Record","article_publisher":"https:\/\/www.facebook.com\/estanteriasrecord\/","article_modified_time":"2025-05-22T08:43:44+00:00","og_image":[{"width":1980,"height":1065,"url":"https:\/\/estanteriasrecord.com\/wp-content\/uploads\/2024\/05\/altillo_sobre_paletizacion_convencional.jpg","type":"image\/jpeg"}],"twitter_card":"summary_large_image","twitter_misc":{"Dur\u00e9e de lecture estim\u00e9e":"1 minute"},"schema":{"@context":"https:\/\/schema.org","@graph":[{"@type":"WebPage","@id":"https:\/\/estanteriasrecord.com\/fr\/produits\/mezzanine-sur-rayonnage-a-palettes-classique","url":"https:\/\/estanteriasrecord.com\/fr\/produits\/mezzanine-sur-rayonnage-a-palettes-classique","name":"Mezzanine sur rayonnage \u00e0 palettes classique | Estanter\u00edas Record","isPartOf":{"@id":"https:\/\/estanteriasrecord.com\/fr#website"},"primaryImageOfPage":{"@id":"https:\/\/estanteriasrecord.com\/fr\/produits\/mezzanine-sur-rayonnage-a-palettes-classique#primaryimage"},"image":{"@id":"https:\/\/estanteriasrecord.com\/fr\/produits\/mezzanine-sur-rayonnage-a-palettes-classique#primaryimage"},"thumbnailUrl":"https:\/\/estanteriasrecord.com\/wp-content\/uploads\/2024\/05\/altillo_sobre_paletizacion_convencional.jpg","datePublished":"2024-05-06T06:53:51+00:00","dateModified":"2025-05-22T08:43:44+00:00","breadcrumb":{"@id":"https:\/\/estanteriasrecord.com\/fr\/produits\/mezzanine-sur-rayonnage-a-palettes-classique#breadcrumb"},"inLanguage":"fr-FR","potentialAction":[{"@type":"ReadAction","target":["https:\/\/estanteriasrecord.com\/fr\/produits\/mezzanine-sur-rayonnage-a-palettes-classique"]}]},{"@type":"ImageObject","inLanguage":"fr-FR","@id":"https:\/\/estanteriasrecord.com\/fr\/produits\/mezzanine-sur-rayonnage-a-palettes-classique#primaryimage","url":"https:\/\/estanteriasrecord.com\/wp-content\/uploads\/2024\/05\/altillo_sobre_paletizacion_convencional.jpg","contentUrl":"https:\/\/estanteriasrecord.com\/wp-content\/uploads\/2024\/05\/altillo_sobre_paletizacion_convencional.jpg","width":1980,"height":1065},{"@type":"BreadcrumbList","@id":"https:\/\/estanteriasrecord.com\/fr\/produits\/mezzanine-sur-rayonnage-a-palettes-classique#breadcrumb","itemListElement":[{"@type":"ListItem","position":1,"name":"Portada","item":"https:\/\/estanteriasrecord.com\/fr\/estanterias-record"},{"@type":"ListItem","position":2,"name":"Magasin","item":"https:\/\/estanteriasrecord.com\/fr\/magasin"},{"@type":"ListItem","position":3,"name":"Mezzanine sur rayonnage \u00e0 palettes classique"}]},{"@type":"WebSite","@id":"https:\/\/estanteriasrecord.com\/fr#website","url":"https:\/\/estanteriasrecord.com\/fr","name":"Estanter\u00edas Record","description":"Sistemas eficientes de almacenamiento","publisher":{"@id":"https:\/\/estanteriasrecord.com\/fr#organization"},"potentialAction":[{"@type":"SearchAction","target":{"@type":"EntryPoint","urlTemplate":"https:\/\/estanteriasrecord.com\/fr?s={search_term_string}"},"query-input":{"@type":"PropertyValueSpecification","valueRequired":true,"valueName":"search_term_string"}}],"inLanguage":"fr-FR"},{"@type":"Organization","@id":"https:\/\/estanteriasrecord.com\/fr#organization","name":"Estanter\u00edas Record","url":"https:\/\/estanteriasrecord.com\/fr","logo":{"@type":"ImageObject","inLanguage":"fr-FR","@id":"https:\/\/estanteriasrecord.com\/fr#\/schema\/logo\/image\/","url":"https:\/\/estanteriasrecord.com\/wp-content\/uploads\/2024\/03\/logo_cab_doc.png","contentUrl":"https:\/\/estanteriasrecord.com\/wp-content\/uploads\/2024\/03\/logo_cab_doc.png","width":250,"height":119,"caption":"Estanter\u00edas Record"},"image":{"@id":"https:\/\/estanteriasrecord.com\/fr#\/schema\/logo\/image\/"},"sameAs":["https:\/\/www.facebook.com\/estanteriasrecord\/"]}]}},"_links":{"self":[{"href":"https:\/\/estanteriasrecord.com\/fr\/wp-json\/wp\/v2\/product\/14940","targetHints":{"allow":["GET"]}}],"collection":[{"href":"https:\/\/estanteriasrecord.com\/fr\/wp-json\/wp\/v2\/product"}],"about":[{"href":"https:\/\/estanteriasrecord.com\/fr\/wp-json\/wp\/v2\/types\/product"}],"replies":[{"embeddable":true,"href":"https:\/\/estanteriasrecord.com\/fr\/wp-json\/wp\/v2\/comments?post=14940"}],"wp:featuredmedia":[{"embeddable":true,"href":"https:\/\/estanteriasrecord.com\/fr\/wp-json\/wp\/v2\/media\/13735"}],"wp:attachment":[{"href":"https:\/\/estanteriasrecord.com\/fr\/wp-json\/wp\/v2\/media?parent=14940"}],"wp:term":[{"taxonomy":"product_brand","embeddable":true,"href":"https:\/\/estanteriasrecord.com\/fr\/wp-json\/wp\/v2\/product_brand?post=14940"},{"taxonomy":"product_cat","embeddable":true,"href":"https:\/\/estanteriasrecord.com\/fr\/wp-json\/wp\/v2\/product_cat?post=14940"},{"taxonomy":"product_tag","embeddable":true,"href":"https:\/\/estanteriasrecord.com\/fr\/wp-json\/wp\/v2\/product_tag?post=14940"}],"curies":[{"name":"wp","href":"https:\/\/api.w.org\/{rel}","templated":true}]}}