{"id":14942,"date":"2024-05-06T06:54:17","date_gmt":"2024-05-06T06:54:17","guid":{"rendered":"https:\/\/estanteriasrecord.com\/productos\/plateforme-mezzanine"},"modified":"2025-05-22T11:19:02","modified_gmt":"2025-05-22T09:19:02","slug":"plateforme-mezzanine","status":"publish","type":"product","link":"https:\/\/estanteriasrecord.com\/fr\/produits\/plateforme-mezzanine","title":{"rendered":"Plate-forme"},"content":{"rendered":"","protected":false},"excerpt":{"rendered":"<p>0Il s\u2019agit d\u2019un syst\u00e8me structurel d\u2019une <strong>grande versatilit\u00e9 et rendement pour l\u2019agrandissement de surface utile en hauteur<\/strong>. \u00c0 la diff\u00e9rence des syst\u00e8mes de mezzanine pour palettisation ou chargement manuel, l\u2019\u00e9tage praticable n\u2019est pas soutenu par des rayonnages mais par une structure semblable \u00e0 celle utilis\u00e9e en construction : des poutres qui s\u2019appuient sur des solives formant un treillis de soutien horizontal qui, \u00e0 son tour, repose sur des piliers verticaux qui d\u00e9terminent la hauteur de l\u2019\u00e9tage et d\u00e9rivent la charge au sol.<\/p>\n<p>Cette conception rend possible, d\u2019une part, l\u2019\u00e9l\u00e9vation de plus d\u2019un \u00e9tage et son adaptation p\u00e9rim\u00e9trale au format superficiel du local et, d\u2019autre part, que ses composants puissent \u00eatre dimensionn\u00e9s conform\u00e9ment aux exigences de charge et de la capacit\u00e9 de chaque projet. De l\u00e0 se d\u00e9rive un potentiel constructif tr\u00e8s notable et un haut degr\u00e9 de sp\u00e9cialisation de chaque solution pour s\u2019adapter aux conditions les plus sp\u00e9cifiques et aux utilisations les plus diverses.<\/p>\n<p>Les plates-formes praticables sont prot\u00e9g\u00e9es par des <strong>rambardes de s\u00e9curit\u00e9<\/strong> sur tout le p\u00e9rim\u00e8tre expos\u00e9 et sont connect\u00e9es par des escaliers d\u2019acc\u00e8s con\u00e7us conform\u00e9ment \u00e0 l\u2019usage pr\u00e9vu. De m\u00eame, il est possible de placer des portes au niveau des rambardes afin de faciliter les t\u00e2ches de manipulation de marchandises et mat\u00e9riels r\u00e9alis\u00e9es par des chariots \u00e9l\u00e9vateurs ou par un autre type de machines de transport interne.<\/p>\n<p>Son syst\u00e8me constructif est <strong>modulaire et configurable<\/strong> ; les unions entre ses composants se font par encastrement et vis, de telle fa\u00e7on que toute l\u2019installation est compl\u00e8tement d\u00e9montable. De plus, cette structure n\u2019a pas besoin de d\u00e9river les tensions ; elle ne se fixe \u00e0 aucun \u00e9l\u00e9ment structurel du b\u00e2timent, car elle travaille de fa\u00e7on compl\u00e8tement autonome et ind\u00e9pendante.<\/p>\n","protected":false},"featured_media":14109,"comment_status":"open","ping_status":"closed","template":"","meta":{"_acf_changed":false,"_joinchat":[]},"product_brand":[],"product_cat":[55],"product_tag":[],"class_list":{"0":"post-14942","1":"product","2":"type-product","3":"status-publish","4":"has-post-thumbnail","6":"product_cat-mezzanines","8":"first","9":"instock","10":"shipping-taxable","11":"product-type-simple"},"acf":[],"yoast_head":"<!-- This site is optimized with the Yoast SEO plugin v27.0 - https:\/\/yoast.com\/product\/yoast-seo-wordpress\/ -->\n<title>Plate-forme | Estanter\u00edas Record<\/title>\n<meta name=\"robots\" content=\"index, follow, max-snippet:-1, max-image-preview:large, max-video-preview:-1\" \/>\n<link rel=\"canonical\" href=\"https:\/\/estanteriasrecord.com\/fr\/produits\/plateforme-mezzanine\" \/>\n<meta property=\"og:locale\" content=\"fr_FR\" \/>\n<meta property=\"og:type\" content=\"article\" \/>\n<meta property=\"og:title\" content=\"Plate-forme | Estanter\u00edas Record\" \/>\n<meta property=\"og:description\" content=\"0Il s\u2019agit d\u2019un syst\u00e8me structurel d\u2019une grande versatilit\u00e9 et rendement pour l\u2019agrandissement de surface utile en hauteur. \u00c0 la diff\u00e9rence des syst\u00e8mes de mezzanine pour palettisation ou chargement manuel, l\u2019\u00e9tage praticable n\u2019est pas soutenu par des rayonnages mais par une structure semblable \u00e0 celle utilis\u00e9e en construction : des poutres qui s\u2019appuient sur des solives formant un treillis de soutien horizontal qui, \u00e0 son tour, repose sur des piliers verticaux qui d\u00e9terminent la hauteur de l\u2019\u00e9tage et d\u00e9rivent la charge au sol.  Cette conception rend possible, d\u2019une part, l\u2019\u00e9l\u00e9vation de plus d\u2019un \u00e9tage et son adaptation p\u00e9rim\u00e9trale au format superficiel du local et, d\u2019autre part, que ses composants puissent \u00eatre dimensionn\u00e9s conform\u00e9ment aux exigences de charge et de la capacit\u00e9 de chaque projet. De l\u00e0 se d\u00e9rive un potentiel constructif tr\u00e8s notable et un haut degr\u00e9 de sp\u00e9cialisation de chaque solution pour s\u2019adapter aux conditions les plus sp\u00e9cifiques et aux utilisations les plus diverses.  Les plates-formes praticables sont prot\u00e9g\u00e9es par des rambardes de s\u00e9curit\u00e9 sur tout le p\u00e9rim\u00e8tre expos\u00e9 et sont connect\u00e9es par des escaliers d\u2019acc\u00e8s con\u00e7us conform\u00e9ment \u00e0 l\u2019usage pr\u00e9vu. De m\u00eame, il est possible de placer des portes au niveau des rambardes afin de faciliter les t\u00e2ches de manipulation de marchandises et mat\u00e9riels r\u00e9alis\u00e9es par des chariots \u00e9l\u00e9vateurs ou par un autre type de machines de transport interne.  Son syst\u00e8me constructif est modulaire et configurable ; les unions entre ses composants se font par encastrement et vis, de telle fa\u00e7on que toute l\u2019installation est compl\u00e8tement d\u00e9montable. De plus, cette structure n\u2019a pas besoin de d\u00e9river les tensions ; elle ne se fixe \u00e0 aucun \u00e9l\u00e9ment structurel du b\u00e2timent, car elle travaille de fa\u00e7on compl\u00e8tement autonome et ind\u00e9pendante.\" \/>\n<meta property=\"og:url\" content=\"https:\/\/estanteriasrecord.com\/fr\/produits\/plateforme-mezzanine\" \/>\n<meta property=\"og:site_name\" content=\"Estanter\u00edas Record\" \/>\n<meta property=\"article:publisher\" content=\"https:\/\/www.facebook.com\/estanteriasrecord\/\" \/>\n<meta property=\"article:modified_time\" content=\"2025-05-22T09:19:02+00:00\" \/>\n<meta property=\"og:image\" content=\"https:\/\/estanteriasrecord.com\/wp-content\/uploads\/2024\/05\/entreplanta_estanterias_record-1.jpg\" \/>\n\t<meta property=\"og:image:width\" content=\"1980\" \/>\n\t<meta property=\"og:image:height\" content=\"1114\" \/>\n\t<meta property=\"og:image:type\" content=\"image\/jpeg\" \/>\n<meta name=\"twitter:card\" content=\"summary_large_image\" \/>\n<meta name=\"twitter:label1\" content=\"Dur\u00e9e de lecture estim\u00e9e\" \/>\n\t<meta name=\"twitter:data1\" content=\"1 minute\" \/>\n<script type=\"application\/ld+json\" class=\"yoast-schema-graph\">{\"@context\":\"https:\/\/schema.org\",\"@graph\":[{\"@type\":\"WebPage\",\"@id\":\"https:\/\/estanteriasrecord.com\/fr\/produits\/plateforme-mezzanine\",\"url\":\"https:\/\/estanteriasrecord.com\/fr\/produits\/plateforme-mezzanine\",\"name\":\"Plate-forme | Estanter\u00edas Record\",\"isPartOf\":{\"@id\":\"https:\/\/estanteriasrecord.com\/fr#website\"},\"primaryImageOfPage\":{\"@id\":\"https:\/\/estanteriasrecord.com\/fr\/produits\/plateforme-mezzanine#primaryimage\"},\"image\":{\"@id\":\"https:\/\/estanteriasrecord.com\/fr\/produits\/plateforme-mezzanine#primaryimage\"},\"thumbnailUrl\":\"https:\/\/estanteriasrecord.com\/wp-content\/uploads\/2024\/05\/entreplanta_estanterias_record-1.jpg\",\"datePublished\":\"2024-05-06T06:54:17+00:00\",\"dateModified\":\"2025-05-22T09:19:02+00:00\",\"breadcrumb\":{\"@id\":\"https:\/\/estanteriasrecord.com\/fr\/produits\/plateforme-mezzanine#breadcrumb\"},\"inLanguage\":\"fr-FR\",\"potentialAction\":[{\"@type\":\"ReadAction\",\"target\":[\"https:\/\/estanteriasrecord.com\/fr\/produits\/plateforme-mezzanine\"]}]},{\"@type\":\"ImageObject\",\"inLanguage\":\"fr-FR\",\"@id\":\"https:\/\/estanteriasrecord.com\/fr\/produits\/plateforme-mezzanine#primaryimage\",\"url\":\"https:\/\/estanteriasrecord.com\/wp-content\/uploads\/2024\/05\/entreplanta_estanterias_record-1.jpg\",\"contentUrl\":\"https:\/\/estanteriasrecord.com\/wp-content\/uploads\/2024\/05\/entreplanta_estanterias_record-1.jpg\",\"width\":1980,\"height\":1114},{\"@type\":\"BreadcrumbList\",\"@id\":\"https:\/\/estanteriasrecord.com\/fr\/produits\/plateforme-mezzanine#breadcrumb\",\"itemListElement\":[{\"@type\":\"ListItem\",\"position\":1,\"name\":\"Portada\",\"item\":\"https:\/\/estanteriasrecord.com\/fr\/estanterias-record\"},{\"@type\":\"ListItem\",\"position\":2,\"name\":\"Magasin\",\"item\":\"https:\/\/estanteriasrecord.com\/fr\/magasin\"},{\"@type\":\"ListItem\",\"position\":3,\"name\":\"Plate-forme\"}]},{\"@type\":\"WebSite\",\"@id\":\"https:\/\/estanteriasrecord.com\/fr#website\",\"url\":\"https:\/\/estanteriasrecord.com\/fr\",\"name\":\"Estanter\u00edas Record\",\"description\":\"Sistemas eficientes de almacenamiento\",\"publisher\":{\"@id\":\"https:\/\/estanteriasrecord.com\/fr#organization\"},\"potentialAction\":[{\"@type\":\"SearchAction\",\"target\":{\"@type\":\"EntryPoint\",\"urlTemplate\":\"https:\/\/estanteriasrecord.com\/fr?s={search_term_string}\"},\"query-input\":{\"@type\":\"PropertyValueSpecification\",\"valueRequired\":true,\"valueName\":\"search_term_string\"}}],\"inLanguage\":\"fr-FR\"},{\"@type\":\"Organization\",\"@id\":\"https:\/\/estanteriasrecord.com\/fr#organization\",\"name\":\"Estanter\u00edas Record\",\"url\":\"https:\/\/estanteriasrecord.com\/fr\",\"logo\":{\"@type\":\"ImageObject\",\"inLanguage\":\"fr-FR\",\"@id\":\"https:\/\/estanteriasrecord.com\/fr#\/schema\/logo\/image\/\",\"url\":\"https:\/\/estanteriasrecord.com\/wp-content\/uploads\/2024\/03\/logo_cab_doc.png\",\"contentUrl\":\"https:\/\/estanteriasrecord.com\/wp-content\/uploads\/2024\/03\/logo_cab_doc.png\",\"width\":250,\"height\":119,\"caption\":\"Estanter\u00edas Record\"},\"image\":{\"@id\":\"https:\/\/estanteriasrecord.com\/fr#\/schema\/logo\/image\/\"},\"sameAs\":[\"https:\/\/www.facebook.com\/estanteriasrecord\/\"]}]}<\/script>\n<!-- \/ Yoast SEO plugin. -->","yoast_head_json":{"title":"Plate-forme | Estanter\u00edas Record","robots":{"index":"index","follow":"follow","max-snippet":"max-snippet:-1","max-image-preview":"max-image-preview:large","max-video-preview":"max-video-preview:-1"},"canonical":"https:\/\/estanteriasrecord.com\/fr\/produits\/plateforme-mezzanine","og_locale":"fr_FR","og_type":"article","og_title":"Plate-forme | Estanter\u00edas Record","og_description":"0Il s\u2019agit d\u2019un syst\u00e8me structurel d\u2019une grande versatilit\u00e9 et rendement pour l\u2019agrandissement de surface utile en hauteur. \u00c0 la diff\u00e9rence des syst\u00e8mes de mezzanine pour palettisation ou chargement manuel, l\u2019\u00e9tage praticable n\u2019est pas soutenu par des rayonnages mais par une structure semblable \u00e0 celle utilis\u00e9e en construction : des poutres qui s\u2019appuient sur des solives formant un treillis de soutien horizontal qui, \u00e0 son tour, repose sur des piliers verticaux qui d\u00e9terminent la hauteur de l\u2019\u00e9tage et d\u00e9rivent la charge au sol.  Cette conception rend possible, d\u2019une part, l\u2019\u00e9l\u00e9vation de plus d\u2019un \u00e9tage et son adaptation p\u00e9rim\u00e9trale au format superficiel du local et, d\u2019autre part, que ses composants puissent \u00eatre dimensionn\u00e9s conform\u00e9ment aux exigences de charge et de la capacit\u00e9 de chaque projet. De l\u00e0 se d\u00e9rive un potentiel constructif tr\u00e8s notable et un haut degr\u00e9 de sp\u00e9cialisation de chaque solution pour s\u2019adapter aux conditions les plus sp\u00e9cifiques et aux utilisations les plus diverses.  Les plates-formes praticables sont prot\u00e9g\u00e9es par des rambardes de s\u00e9curit\u00e9 sur tout le p\u00e9rim\u00e8tre expos\u00e9 et sont connect\u00e9es par des escaliers d\u2019acc\u00e8s con\u00e7us conform\u00e9ment \u00e0 l\u2019usage pr\u00e9vu. De m\u00eame, il est possible de placer des portes au niveau des rambardes afin de faciliter les t\u00e2ches de manipulation de marchandises et mat\u00e9riels r\u00e9alis\u00e9es par des chariots \u00e9l\u00e9vateurs ou par un autre type de machines de transport interne.  Son syst\u00e8me constructif est modulaire et configurable ; les unions entre ses composants se font par encastrement et vis, de telle fa\u00e7on que toute l\u2019installation est compl\u00e8tement d\u00e9montable. De plus, cette structure n\u2019a pas besoin de d\u00e9river les tensions ; elle ne se fixe \u00e0 aucun \u00e9l\u00e9ment structurel du b\u00e2timent, car elle travaille de fa\u00e7on compl\u00e8tement autonome et ind\u00e9pendante.","og_url":"https:\/\/estanteriasrecord.com\/fr\/produits\/plateforme-mezzanine","og_site_name":"Estanter\u00edas Record","article_publisher":"https:\/\/www.facebook.com\/estanteriasrecord\/","article_modified_time":"2025-05-22T09:19:02+00:00","og_image":[{"width":1980,"height":1114,"url":"https:\/\/estanteriasrecord.com\/wp-content\/uploads\/2024\/05\/entreplanta_estanterias_record-1.jpg","type":"image\/jpeg"}],"twitter_card":"summary_large_image","twitter_misc":{"Dur\u00e9e de lecture estim\u00e9e":"1 minute"},"schema":{"@context":"https:\/\/schema.org","@graph":[{"@type":"WebPage","@id":"https:\/\/estanteriasrecord.com\/fr\/produits\/plateforme-mezzanine","url":"https:\/\/estanteriasrecord.com\/fr\/produits\/plateforme-mezzanine","name":"Plate-forme | Estanter\u00edas Record","isPartOf":{"@id":"https:\/\/estanteriasrecord.com\/fr#website"},"primaryImageOfPage":{"@id":"https:\/\/estanteriasrecord.com\/fr\/produits\/plateforme-mezzanine#primaryimage"},"image":{"@id":"https:\/\/estanteriasrecord.com\/fr\/produits\/plateforme-mezzanine#primaryimage"},"thumbnailUrl":"https:\/\/estanteriasrecord.com\/wp-content\/uploads\/2024\/05\/entreplanta_estanterias_record-1.jpg","datePublished":"2024-05-06T06:54:17+00:00","dateModified":"2025-05-22T09:19:02+00:00","breadcrumb":{"@id":"https:\/\/estanteriasrecord.com\/fr\/produits\/plateforme-mezzanine#breadcrumb"},"inLanguage":"fr-FR","potentialAction":[{"@type":"ReadAction","target":["https:\/\/estanteriasrecord.com\/fr\/produits\/plateforme-mezzanine"]}]},{"@type":"ImageObject","inLanguage":"fr-FR","@id":"https:\/\/estanteriasrecord.com\/fr\/produits\/plateforme-mezzanine#primaryimage","url":"https:\/\/estanteriasrecord.com\/wp-content\/uploads\/2024\/05\/entreplanta_estanterias_record-1.jpg","contentUrl":"https:\/\/estanteriasrecord.com\/wp-content\/uploads\/2024\/05\/entreplanta_estanterias_record-1.jpg","width":1980,"height":1114},{"@type":"BreadcrumbList","@id":"https:\/\/estanteriasrecord.com\/fr\/produits\/plateforme-mezzanine#breadcrumb","itemListElement":[{"@type":"ListItem","position":1,"name":"Portada","item":"https:\/\/estanteriasrecord.com\/fr\/estanterias-record"},{"@type":"ListItem","position":2,"name":"Magasin","item":"https:\/\/estanteriasrecord.com\/fr\/magasin"},{"@type":"ListItem","position":3,"name":"Plate-forme"}]},{"@type":"WebSite","@id":"https:\/\/estanteriasrecord.com\/fr#website","url":"https:\/\/estanteriasrecord.com\/fr","name":"Estanter\u00edas Record","description":"Sistemas eficientes de almacenamiento","publisher":{"@id":"https:\/\/estanteriasrecord.com\/fr#organization"},"potentialAction":[{"@type":"SearchAction","target":{"@type":"EntryPoint","urlTemplate":"https:\/\/estanteriasrecord.com\/fr?s={search_term_string}"},"query-input":{"@type":"PropertyValueSpecification","valueRequired":true,"valueName":"search_term_string"}}],"inLanguage":"fr-FR"},{"@type":"Organization","@id":"https:\/\/estanteriasrecord.com\/fr#organization","name":"Estanter\u00edas Record","url":"https:\/\/estanteriasrecord.com\/fr","logo":{"@type":"ImageObject","inLanguage":"fr-FR","@id":"https:\/\/estanteriasrecord.com\/fr#\/schema\/logo\/image\/","url":"https:\/\/estanteriasrecord.com\/wp-content\/uploads\/2024\/03\/logo_cab_doc.png","contentUrl":"https:\/\/estanteriasrecord.com\/wp-content\/uploads\/2024\/03\/logo_cab_doc.png","width":250,"height":119,"caption":"Estanter\u00edas Record"},"image":{"@id":"https:\/\/estanteriasrecord.com\/fr#\/schema\/logo\/image\/"},"sameAs":["https:\/\/www.facebook.com\/estanteriasrecord\/"]}]}},"_links":{"self":[{"href":"https:\/\/estanteriasrecord.com\/fr\/wp-json\/wp\/v2\/product\/14942","targetHints":{"allow":["GET"]}}],"collection":[{"href":"https:\/\/estanteriasrecord.com\/fr\/wp-json\/wp\/v2\/product"}],"about":[{"href":"https:\/\/estanteriasrecord.com\/fr\/wp-json\/wp\/v2\/types\/product"}],"replies":[{"embeddable":true,"href":"https:\/\/estanteriasrecord.com\/fr\/wp-json\/wp\/v2\/comments?post=14942"}],"wp:featuredmedia":[{"embeddable":true,"href":"https:\/\/estanteriasrecord.com\/fr\/wp-json\/wp\/v2\/media\/14109"}],"wp:attachment":[{"href":"https:\/\/estanteriasrecord.com\/fr\/wp-json\/wp\/v2\/media?parent=14942"}],"wp:term":[{"taxonomy":"product_brand","embeddable":true,"href":"https:\/\/estanteriasrecord.com\/fr\/wp-json\/wp\/v2\/product_brand?post=14942"},{"taxonomy":"product_cat","embeddable":true,"href":"https:\/\/estanteriasrecord.com\/fr\/wp-json\/wp\/v2\/product_cat?post=14942"},{"taxonomy":"product_tag","embeddable":true,"href":"https:\/\/estanteriasrecord.com\/fr\/wp-json\/wp\/v2\/product_tag?post=14942"}],"curies":[{"name":"wp","href":"https:\/\/api.w.org\/{rel}","templated":true}]}}