{"id":14992,"date":"2024-07-04T08:25:35","date_gmt":"2024-07-04T08:25:35","guid":{"rendered":"https:\/\/estanteriasrecord.com\/productos\/cantilever"},"modified":"2025-05-22T11:25:15","modified_gmt":"2025-05-22T09:25:15","slug":"cantilever","status":"publish","type":"product","link":"https:\/\/estanteriasrecord.com\/fr\/produits\/cantilever","title":{"rendered":"Cantilever"},"content":{"rendered":"","protected":false},"excerpt":{"rendered":"<p>Il s\u2019agit d\u2019un syst\u00e8me de rayonnages au design singulier. Il est constitu\u00e9 d\u2019alignements de colonnes contrevent\u00e9es sur le plan vertical gr\u00e2ce \u00e0 des treillis viss\u00e9s. Les colonnes sont maintenues gr\u00e2ce \u00e0 une fixation dans leur partie inf\u00e9rieure et \u00e0 plusieurs profil\u00e9s perpendiculaires en guise de base et qui stabilisent toute la structure. Des bras en saillie, destin\u00e9s \u00e0 supporter les marchandises, sont plac\u00e9s horizontalement sur les colonnes.<\/p>\n<p>En fonction des besoins de chargement et de leur situation dans l\u2019entrep\u00f4t, les modules d\u00e9crits peuvent \u00eatre des alignements simples s\u2019ils ne pr\u00e9sentent qu\u2019un seul c\u00f4t\u00e9 de chargement, ou \u00e0 double entr\u00e9e s\u2019ils sont accessibles des deux c\u00f4t\u00e9s.<\/p>\n<p>Deux bras ou plus, contigus sur le plan horizontal, constituent un niveau de charge. Ils sont fix\u00e9s aux colonnes gr\u00e2ce \u00e0 un <strong>syst\u00e8me articul\u00e9 efficace<\/strong>, qui pr\u00e9sente non seulement une grande r\u00e9sistance aux tensions cr\u00e9\u00e9es par les charges, mais permet aussi un mouvement vertical du bras, \u00e9vitant des dommages par choc lors d\u2019op\u00e9rations de chargement\/d\u00e9chargement. De m\u00eame, ce syst\u00e8me peut se plier vers le haut, sur sa colonne, lorsque l\u2019espace n\u2019est pas utilis\u00e9 ou lorsqu\u2019il est n\u00e9cessaire d\u2019agrandir l\u2019espace du niveau inf\u00e9rieur.<\/p>\n","protected":false},"featured_media":14117,"comment_status":"open","ping_status":"closed","template":"","meta":{"_acf_changed":false,"_joinchat":[]},"product_brand":[],"product_cat":[52],"product_tag":[],"class_list":{"0":"post-14992","1":"product","2":"type-product","3":"status-publish","4":"has-post-thumbnail","6":"product_cat-stockage-speciale","8":"first","9":"instock","10":"shipping-taxable","11":"product-type-simple"},"acf":[],"yoast_head":"<!-- This site is optimized with the Yoast SEO plugin v27.0 - https:\/\/yoast.com\/product\/yoast-seo-wordpress\/ -->\n<title>Cantilever | Estanter\u00edas Record<\/title>\n<meta name=\"robots\" content=\"index, follow, max-snippet:-1, max-image-preview:large, max-video-preview:-1\" \/>\n<link rel=\"canonical\" href=\"https:\/\/estanteriasrecord.com\/fr\/produits\/cantilever\" \/>\n<meta property=\"og:locale\" content=\"fr_FR\" \/>\n<meta property=\"og:type\" content=\"article\" \/>\n<meta property=\"og:title\" content=\"Cantilever | Estanter\u00edas Record\" \/>\n<meta property=\"og:description\" content=\"Il s\u2019agit d\u2019un syst\u00e8me de rayonnages au design singulier. Il est constitu\u00e9 d\u2019alignements de colonnes contrevent\u00e9es sur le plan vertical gr\u00e2ce \u00e0 des treillis viss\u00e9s. Les colonnes sont maintenues gr\u00e2ce \u00e0 une fixation dans leur partie inf\u00e9rieure et \u00e0 plusieurs profil\u00e9s perpendiculaires en guise de base et qui stabilisent toute la structure. Des bras en saillie, destin\u00e9s \u00e0 supporter les marchandises, sont plac\u00e9s horizontalement sur les colonnes.  En fonction des besoins de chargement et de leur situation dans l\u2019entrep\u00f4t, les modules d\u00e9crits peuvent \u00eatre des alignements simples s\u2019ils ne pr\u00e9sentent qu\u2019un seul c\u00f4t\u00e9 de chargement, ou \u00e0 double entr\u00e9e s\u2019ils sont accessibles des deux c\u00f4t\u00e9s.  Deux bras ou plus, contigus sur le plan horizontal, constituent un niveau de charge. Ils sont fix\u00e9s aux colonnes gr\u00e2ce \u00e0 un syst\u00e8me articul\u00e9 efficace, qui pr\u00e9sente non seulement une grande r\u00e9sistance aux tensions cr\u00e9\u00e9es par les charges, mais permet aussi un mouvement vertical du bras, \u00e9vitant des dommages par choc lors d\u2019op\u00e9rations de chargement\/d\u00e9chargement. De m\u00eame, ce syst\u00e8me peut se plier vers le haut, sur sa colonne, lorsque l\u2019espace n\u2019est pas utilis\u00e9 ou lorsqu\u2019il est n\u00e9cessaire d\u2019agrandir l\u2019espace du niveau inf\u00e9rieur.\" \/>\n<meta property=\"og:url\" content=\"https:\/\/estanteriasrecord.com\/fr\/produits\/cantilever\" \/>\n<meta property=\"og:site_name\" content=\"Estanter\u00edas Record\" \/>\n<meta property=\"article:publisher\" content=\"https:\/\/www.facebook.com\/estanteriasrecord\/\" \/>\n<meta property=\"article:modified_time\" content=\"2025-05-22T09:25:15+00:00\" \/>\n<meta property=\"og:image\" content=\"https:\/\/estanteriasrecord.com\/wp-content\/uploads\/2024\/07\/cantilever-hero-scaled.jpg\" \/>\n\t<meta property=\"og:image:width\" content=\"2560\" \/>\n\t<meta property=\"og:image:height\" content=\"1017\" \/>\n\t<meta property=\"og:image:type\" content=\"image\/jpeg\" \/>\n<meta name=\"twitter:card\" content=\"summary_large_image\" \/>\n<meta name=\"twitter:label1\" content=\"Dur\u00e9e de lecture estim\u00e9e\" \/>\n\t<meta name=\"twitter:data1\" content=\"1 minute\" \/>\n<script type=\"application\/ld+json\" class=\"yoast-schema-graph\">{\"@context\":\"https:\/\/schema.org\",\"@graph\":[{\"@type\":\"WebPage\",\"@id\":\"https:\/\/estanteriasrecord.com\/fr\/produits\/cantilever\",\"url\":\"https:\/\/estanteriasrecord.com\/fr\/produits\/cantilever\",\"name\":\"Cantilever | Estanter\u00edas Record\",\"isPartOf\":{\"@id\":\"https:\/\/estanteriasrecord.com\/fr#website\"},\"primaryImageOfPage\":{\"@id\":\"https:\/\/estanteriasrecord.com\/fr\/produits\/cantilever#primaryimage\"},\"image\":{\"@id\":\"https:\/\/estanteriasrecord.com\/fr\/produits\/cantilever#primaryimage\"},\"thumbnailUrl\":\"https:\/\/estanteriasrecord.com\/wp-content\/uploads\/2024\/07\/cantilever-hero-scaled.jpg\",\"datePublished\":\"2024-07-04T08:25:35+00:00\",\"dateModified\":\"2025-05-22T09:25:15+00:00\",\"breadcrumb\":{\"@id\":\"https:\/\/estanteriasrecord.com\/fr\/produits\/cantilever#breadcrumb\"},\"inLanguage\":\"fr-FR\",\"potentialAction\":[{\"@type\":\"ReadAction\",\"target\":[\"https:\/\/estanteriasrecord.com\/fr\/produits\/cantilever\"]}]},{\"@type\":\"ImageObject\",\"inLanguage\":\"fr-FR\",\"@id\":\"https:\/\/estanteriasrecord.com\/fr\/produits\/cantilever#primaryimage\",\"url\":\"https:\/\/estanteriasrecord.com\/wp-content\/uploads\/2024\/07\/cantilever-hero-scaled.jpg\",\"contentUrl\":\"https:\/\/estanteriasrecord.com\/wp-content\/uploads\/2024\/07\/cantilever-hero-scaled.jpg\",\"width\":2560,\"height\":1017},{\"@type\":\"BreadcrumbList\",\"@id\":\"https:\/\/estanteriasrecord.com\/fr\/produits\/cantilever#breadcrumb\",\"itemListElement\":[{\"@type\":\"ListItem\",\"position\":1,\"name\":\"Portada\",\"item\":\"https:\/\/estanteriasrecord.com\/fr\/estanterias-record\"},{\"@type\":\"ListItem\",\"position\":2,\"name\":\"Magasin\",\"item\":\"https:\/\/estanteriasrecord.com\/fr\/magasin\"},{\"@type\":\"ListItem\",\"position\":3,\"name\":\"Cantilever\"}]},{\"@type\":\"WebSite\",\"@id\":\"https:\/\/estanteriasrecord.com\/fr#website\",\"url\":\"https:\/\/estanteriasrecord.com\/fr\",\"name\":\"Estanter\u00edas Record\",\"description\":\"Sistemas eficientes de almacenamiento\",\"publisher\":{\"@id\":\"https:\/\/estanteriasrecord.com\/fr#organization\"},\"potentialAction\":[{\"@type\":\"SearchAction\",\"target\":{\"@type\":\"EntryPoint\",\"urlTemplate\":\"https:\/\/estanteriasrecord.com\/fr?s={search_term_string}\"},\"query-input\":{\"@type\":\"PropertyValueSpecification\",\"valueRequired\":true,\"valueName\":\"search_term_string\"}}],\"inLanguage\":\"fr-FR\"},{\"@type\":\"Organization\",\"@id\":\"https:\/\/estanteriasrecord.com\/fr#organization\",\"name\":\"Estanter\u00edas Record\",\"url\":\"https:\/\/estanteriasrecord.com\/fr\",\"logo\":{\"@type\":\"ImageObject\",\"inLanguage\":\"fr-FR\",\"@id\":\"https:\/\/estanteriasrecord.com\/fr#\/schema\/logo\/image\/\",\"url\":\"https:\/\/estanteriasrecord.com\/wp-content\/uploads\/2024\/03\/logo_cab_doc.png\",\"contentUrl\":\"https:\/\/estanteriasrecord.com\/wp-content\/uploads\/2024\/03\/logo_cab_doc.png\",\"width\":250,\"height\":119,\"caption\":\"Estanter\u00edas Record\"},\"image\":{\"@id\":\"https:\/\/estanteriasrecord.com\/fr#\/schema\/logo\/image\/\"},\"sameAs\":[\"https:\/\/www.facebook.com\/estanteriasrecord\/\"]}]}<\/script>\n<!-- \/ Yoast SEO plugin. -->","yoast_head_json":{"title":"Cantilever | Estanter\u00edas Record","robots":{"index":"index","follow":"follow","max-snippet":"max-snippet:-1","max-image-preview":"max-image-preview:large","max-video-preview":"max-video-preview:-1"},"canonical":"https:\/\/estanteriasrecord.com\/fr\/produits\/cantilever","og_locale":"fr_FR","og_type":"article","og_title":"Cantilever | Estanter\u00edas Record","og_description":"Il s\u2019agit d\u2019un syst\u00e8me de rayonnages au design singulier. Il est constitu\u00e9 d\u2019alignements de colonnes contrevent\u00e9es sur le plan vertical gr\u00e2ce \u00e0 des treillis viss\u00e9s. Les colonnes sont maintenues gr\u00e2ce \u00e0 une fixation dans leur partie inf\u00e9rieure et \u00e0 plusieurs profil\u00e9s perpendiculaires en guise de base et qui stabilisent toute la structure. Des bras en saillie, destin\u00e9s \u00e0 supporter les marchandises, sont plac\u00e9s horizontalement sur les colonnes.  En fonction des besoins de chargement et de leur situation dans l\u2019entrep\u00f4t, les modules d\u00e9crits peuvent \u00eatre des alignements simples s\u2019ils ne pr\u00e9sentent qu\u2019un seul c\u00f4t\u00e9 de chargement, ou \u00e0 double entr\u00e9e s\u2019ils sont accessibles des deux c\u00f4t\u00e9s.  Deux bras ou plus, contigus sur le plan horizontal, constituent un niveau de charge. Ils sont fix\u00e9s aux colonnes gr\u00e2ce \u00e0 un syst\u00e8me articul\u00e9 efficace, qui pr\u00e9sente non seulement une grande r\u00e9sistance aux tensions cr\u00e9\u00e9es par les charges, mais permet aussi un mouvement vertical du bras, \u00e9vitant des dommages par choc lors d\u2019op\u00e9rations de chargement\/d\u00e9chargement. De m\u00eame, ce syst\u00e8me peut se plier vers le haut, sur sa colonne, lorsque l\u2019espace n\u2019est pas utilis\u00e9 ou lorsqu\u2019il est n\u00e9cessaire d\u2019agrandir l\u2019espace du niveau inf\u00e9rieur.","og_url":"https:\/\/estanteriasrecord.com\/fr\/produits\/cantilever","og_site_name":"Estanter\u00edas Record","article_publisher":"https:\/\/www.facebook.com\/estanteriasrecord\/","article_modified_time":"2025-05-22T09:25:15+00:00","og_image":[{"width":2560,"height":1017,"url":"https:\/\/estanteriasrecord.com\/wp-content\/uploads\/2024\/07\/cantilever-hero-scaled.jpg","type":"image\/jpeg"}],"twitter_card":"summary_large_image","twitter_misc":{"Dur\u00e9e de lecture estim\u00e9e":"1 minute"},"schema":{"@context":"https:\/\/schema.org","@graph":[{"@type":"WebPage","@id":"https:\/\/estanteriasrecord.com\/fr\/produits\/cantilever","url":"https:\/\/estanteriasrecord.com\/fr\/produits\/cantilever","name":"Cantilever | Estanter\u00edas Record","isPartOf":{"@id":"https:\/\/estanteriasrecord.com\/fr#website"},"primaryImageOfPage":{"@id":"https:\/\/estanteriasrecord.com\/fr\/produits\/cantilever#primaryimage"},"image":{"@id":"https:\/\/estanteriasrecord.com\/fr\/produits\/cantilever#primaryimage"},"thumbnailUrl":"https:\/\/estanteriasrecord.com\/wp-content\/uploads\/2024\/07\/cantilever-hero-scaled.jpg","datePublished":"2024-07-04T08:25:35+00:00","dateModified":"2025-05-22T09:25:15+00:00","breadcrumb":{"@id":"https:\/\/estanteriasrecord.com\/fr\/produits\/cantilever#breadcrumb"},"inLanguage":"fr-FR","potentialAction":[{"@type":"ReadAction","target":["https:\/\/estanteriasrecord.com\/fr\/produits\/cantilever"]}]},{"@type":"ImageObject","inLanguage":"fr-FR","@id":"https:\/\/estanteriasrecord.com\/fr\/produits\/cantilever#primaryimage","url":"https:\/\/estanteriasrecord.com\/wp-content\/uploads\/2024\/07\/cantilever-hero-scaled.jpg","contentUrl":"https:\/\/estanteriasrecord.com\/wp-content\/uploads\/2024\/07\/cantilever-hero-scaled.jpg","width":2560,"height":1017},{"@type":"BreadcrumbList","@id":"https:\/\/estanteriasrecord.com\/fr\/produits\/cantilever#breadcrumb","itemListElement":[{"@type":"ListItem","position":1,"name":"Portada","item":"https:\/\/estanteriasrecord.com\/fr\/estanterias-record"},{"@type":"ListItem","position":2,"name":"Magasin","item":"https:\/\/estanteriasrecord.com\/fr\/magasin"},{"@type":"ListItem","position":3,"name":"Cantilever"}]},{"@type":"WebSite","@id":"https:\/\/estanteriasrecord.com\/fr#website","url":"https:\/\/estanteriasrecord.com\/fr","name":"Estanter\u00edas Record","description":"Sistemas eficientes de almacenamiento","publisher":{"@id":"https:\/\/estanteriasrecord.com\/fr#organization"},"potentialAction":[{"@type":"SearchAction","target":{"@type":"EntryPoint","urlTemplate":"https:\/\/estanteriasrecord.com\/fr?s={search_term_string}"},"query-input":{"@type":"PropertyValueSpecification","valueRequired":true,"valueName":"search_term_string"}}],"inLanguage":"fr-FR"},{"@type":"Organization","@id":"https:\/\/estanteriasrecord.com\/fr#organization","name":"Estanter\u00edas Record","url":"https:\/\/estanteriasrecord.com\/fr","logo":{"@type":"ImageObject","inLanguage":"fr-FR","@id":"https:\/\/estanteriasrecord.com\/fr#\/schema\/logo\/image\/","url":"https:\/\/estanteriasrecord.com\/wp-content\/uploads\/2024\/03\/logo_cab_doc.png","contentUrl":"https:\/\/estanteriasrecord.com\/wp-content\/uploads\/2024\/03\/logo_cab_doc.png","width":250,"height":119,"caption":"Estanter\u00edas Record"},"image":{"@id":"https:\/\/estanteriasrecord.com\/fr#\/schema\/logo\/image\/"},"sameAs":["https:\/\/www.facebook.com\/estanteriasrecord\/"]}]}},"_links":{"self":[{"href":"https:\/\/estanteriasrecord.com\/fr\/wp-json\/wp\/v2\/product\/14992","targetHints":{"allow":["GET"]}}],"collection":[{"href":"https:\/\/estanteriasrecord.com\/fr\/wp-json\/wp\/v2\/product"}],"about":[{"href":"https:\/\/estanteriasrecord.com\/fr\/wp-json\/wp\/v2\/types\/product"}],"replies":[{"embeddable":true,"href":"https:\/\/estanteriasrecord.com\/fr\/wp-json\/wp\/v2\/comments?post=14992"}],"wp:featuredmedia":[{"embeddable":true,"href":"https:\/\/estanteriasrecord.com\/fr\/wp-json\/wp\/v2\/media\/14117"}],"wp:attachment":[{"href":"https:\/\/estanteriasrecord.com\/fr\/wp-json\/wp\/v2\/media?parent=14992"}],"wp:term":[{"taxonomy":"product_brand","embeddable":true,"href":"https:\/\/estanteriasrecord.com\/fr\/wp-json\/wp\/v2\/product_brand?post=14992"},{"taxonomy":"product_cat","embeddable":true,"href":"https:\/\/estanteriasrecord.com\/fr\/wp-json\/wp\/v2\/product_cat?post=14992"},{"taxonomy":"product_tag","embeddable":true,"href":"https:\/\/estanteriasrecord.com\/fr\/wp-json\/wp\/v2\/product_tag?post=14992"}],"curies":[{"name":"wp","href":"https:\/\/api.w.org\/{rel}","templated":true}]}}