{"id":15023,"date":"2024-07-04T08:42:35","date_gmt":"2024-07-04T08:42:35","guid":{"rendered":"https:\/\/estanteriasrecord.com\/productos\/porte-bobines"},"modified":"2025-05-22T11:32:18","modified_gmt":"2025-05-22T09:32:18","slug":"porte-bobines","status":"publish","type":"product","link":"https:\/\/estanteriasrecord.com\/fr\/produits\/porte-bobines","title":{"rendered":"Porte-bobines"},"content":{"rendered":"","protected":false},"excerpt":{"rendered":"<p>D\u00e9velopp\u00e9e sur la base du design constructif du syst\u00e8me de palettisation, cette solution a \u00e9t\u00e9 sp\u00e9cifiquement con\u00e7ue pour l\u2019entreposage et la gestion de marchandises lourdes, au format cylindrique \u00e0 axe central, tels que de grandes bobines ou des rouleaux de c\u00e2bles, tubes, cordes, papier ou d\u2019autres mat\u00e9riaux lamin\u00e9s, etc.<\/p>\n<p>La structure est compos\u00e9e d\u2019alignements d\u2019\u00e9chelles standard dispos\u00e9es en parall\u00e8le et unies dans leur extr\u00e9mit\u00e9 sup\u00e9rieure et \u00e0 l\u2019arri\u00e8re par des lisses du syst\u00e8me classique pour palettisation de grandes charges. Espac\u00e9s en hauteur, ils sont fix\u00e9s aux \u00e9chelles paires de consoles plac\u00e9es les unes en face des autres, o\u00f9 sont appuy\u00e9s les produits \u00e0 stocker. Ces consoles pr\u00e9sentent des emplacements centraux pour placer les extr\u00e9mit\u00e9s des barres m\u00e9talliques qui constituent les axes des bobines.<\/p>\n<p>Du fait de ses caract\u00e9ristiques fonctionnelles, cette structure s&rsquo;adosse g\u00e9n\u00e9ralement aux murs du local s&rsquo;il s&rsquo;agit d&rsquo;alignements simples. Par contre, s&rsquo;il s&rsquo;agit de lin\u00e9aires doubles, le rayonnage est situ\u00e9 dans des zones interm\u00e9diaires du local, car ses corps peuvent uniquement \u00eatre g\u00e9r\u00e9s par l&rsquo;avant.<\/p>\n","protected":false},"featured_media":19166,"comment_status":"open","ping_status":"closed","template":"","meta":{"_acf_changed":false,"_joinchat":[]},"product_brand":[],"product_cat":[52],"product_tag":[],"class_list":{"0":"post-15023","1":"product","2":"type-product","3":"status-publish","4":"has-post-thumbnail","6":"product_cat-stockage-speciale","8":"first","9":"instock","10":"shipping-taxable","11":"product-type-simple"},"acf":[],"yoast_head":"<!-- This site is optimized with the Yoast SEO plugin v27.0 - https:\/\/yoast.com\/product\/yoast-seo-wordpress\/ -->\n<title>Porte-bobines | Estanter\u00edas Record<\/title>\n<meta name=\"robots\" content=\"index, follow, max-snippet:-1, max-image-preview:large, max-video-preview:-1\" \/>\n<link rel=\"canonical\" href=\"https:\/\/estanteriasrecord.com\/fr\/produits\/porte-bobines\" \/>\n<meta property=\"og:locale\" content=\"fr_FR\" \/>\n<meta property=\"og:type\" content=\"article\" \/>\n<meta property=\"og:title\" content=\"Porte-bobines | Estanter\u00edas Record\" \/>\n<meta property=\"og:description\" content=\"D\u00e9velopp\u00e9e sur la base du design constructif du syst\u00e8me de palettisation, cette solution a \u00e9t\u00e9 sp\u00e9cifiquement con\u00e7ue pour l\u2019entreposage et la gestion de marchandises lourdes, au format cylindrique \u00e0 axe central, tels que de grandes bobines ou des rouleaux de c\u00e2bles, tubes, cordes, papier ou d\u2019autres mat\u00e9riaux lamin\u00e9s, etc.  La structure est compos\u00e9e d\u2019alignements d\u2019\u00e9chelles standard dispos\u00e9es en parall\u00e8le et unies dans leur extr\u00e9mit\u00e9 sup\u00e9rieure et \u00e0 l\u2019arri\u00e8re par des lisses du syst\u00e8me classique pour palettisation de grandes charges. Espac\u00e9s en hauteur, ils sont fix\u00e9s aux \u00e9chelles paires de consoles plac\u00e9es les unes en face des autres, o\u00f9 sont appuy\u00e9s les produits \u00e0 stocker. Ces consoles pr\u00e9sentent des emplacements centraux pour placer les extr\u00e9mit\u00e9s des barres m\u00e9talliques qui constituent les axes des bobines.  Du fait de ses caract\u00e9ristiques fonctionnelles, cette structure s&#039;adosse g\u00e9n\u00e9ralement aux murs du local s&#039;il s&#039;agit d&#039;alignements simples. Par contre, s&#039;il s&#039;agit de lin\u00e9aires doubles, le rayonnage est situ\u00e9 dans des zones interm\u00e9diaires du local, car ses corps peuvent uniquement \u00eatre g\u00e9r\u00e9s par l&#039;avant.\" \/>\n<meta property=\"og:url\" content=\"https:\/\/estanteriasrecord.com\/fr\/produits\/porte-bobines\" \/>\n<meta property=\"og:site_name\" content=\"Estanter\u00edas Record\" \/>\n<meta property=\"article:publisher\" content=\"https:\/\/www.facebook.com\/estanteriasrecord\/\" \/>\n<meta property=\"article:modified_time\" content=\"2025-05-22T09:32:18+00:00\" \/>\n<meta property=\"og:image\" content=\"https:\/\/estanteriasrecord.com\/wp-content\/uploads\/2024\/07\/portabobinas_estanterias_record01.webp\" \/>\n\t<meta property=\"og:image:width\" content=\"1772\" \/>\n\t<meta property=\"og:image:height\" content=\"1181\" \/>\n\t<meta property=\"og:image:type\" content=\"image\/webp\" \/>\n<meta name=\"twitter:card\" content=\"summary_large_image\" \/>\n<meta name=\"twitter:label1\" content=\"Dur\u00e9e de lecture estim\u00e9e\" \/>\n\t<meta name=\"twitter:data1\" content=\"1 minute\" \/>\n<script type=\"application\/ld+json\" class=\"yoast-schema-graph\">{\"@context\":\"https:\/\/schema.org\",\"@graph\":[{\"@type\":\"WebPage\",\"@id\":\"https:\/\/estanteriasrecord.com\/fr\/produits\/porte-bobines\",\"url\":\"https:\/\/estanteriasrecord.com\/fr\/produits\/porte-bobines\",\"name\":\"Porte-bobines | Estanter\u00edas Record\",\"isPartOf\":{\"@id\":\"https:\/\/estanteriasrecord.com\/fr#website\"},\"primaryImageOfPage\":{\"@id\":\"https:\/\/estanteriasrecord.com\/fr\/produits\/porte-bobines#primaryimage\"},\"image\":{\"@id\":\"https:\/\/estanteriasrecord.com\/fr\/produits\/porte-bobines#primaryimage\"},\"thumbnailUrl\":\"https:\/\/estanteriasrecord.com\/wp-content\/uploads\/2024\/07\/portabobinas_estanterias_record01.webp\",\"datePublished\":\"2024-07-04T08:42:35+00:00\",\"dateModified\":\"2025-05-22T09:32:18+00:00\",\"breadcrumb\":{\"@id\":\"https:\/\/estanteriasrecord.com\/fr\/produits\/porte-bobines#breadcrumb\"},\"inLanguage\":\"fr-FR\",\"potentialAction\":[{\"@type\":\"ReadAction\",\"target\":[\"https:\/\/estanteriasrecord.com\/fr\/produits\/porte-bobines\"]}]},{\"@type\":\"ImageObject\",\"inLanguage\":\"fr-FR\",\"@id\":\"https:\/\/estanteriasrecord.com\/fr\/produits\/porte-bobines#primaryimage\",\"url\":\"https:\/\/estanteriasrecord.com\/wp-content\/uploads\/2024\/07\/portabobinas_estanterias_record01.webp\",\"contentUrl\":\"https:\/\/estanteriasrecord.com\/wp-content\/uploads\/2024\/07\/portabobinas_estanterias_record01.webp\",\"width\":1772,\"height\":1181},{\"@type\":\"BreadcrumbList\",\"@id\":\"https:\/\/estanteriasrecord.com\/fr\/produits\/porte-bobines#breadcrumb\",\"itemListElement\":[{\"@type\":\"ListItem\",\"position\":1,\"name\":\"Portada\",\"item\":\"https:\/\/estanteriasrecord.com\/fr\/estanterias-record\"},{\"@type\":\"ListItem\",\"position\":2,\"name\":\"Magasin\",\"item\":\"https:\/\/estanteriasrecord.com\/fr\/magasin\"},{\"@type\":\"ListItem\",\"position\":3,\"name\":\"Porte-bobines\"}]},{\"@type\":\"WebSite\",\"@id\":\"https:\/\/estanteriasrecord.com\/fr#website\",\"url\":\"https:\/\/estanteriasrecord.com\/fr\",\"name\":\"Estanter\u00edas Record\",\"description\":\"Sistemas eficientes de almacenamiento\",\"publisher\":{\"@id\":\"https:\/\/estanteriasrecord.com\/fr#organization\"},\"potentialAction\":[{\"@type\":\"SearchAction\",\"target\":{\"@type\":\"EntryPoint\",\"urlTemplate\":\"https:\/\/estanteriasrecord.com\/fr?s={search_term_string}\"},\"query-input\":{\"@type\":\"PropertyValueSpecification\",\"valueRequired\":true,\"valueName\":\"search_term_string\"}}],\"inLanguage\":\"fr-FR\"},{\"@type\":\"Organization\",\"@id\":\"https:\/\/estanteriasrecord.com\/fr#organization\",\"name\":\"Estanter\u00edas Record\",\"url\":\"https:\/\/estanteriasrecord.com\/fr\",\"logo\":{\"@type\":\"ImageObject\",\"inLanguage\":\"fr-FR\",\"@id\":\"https:\/\/estanteriasrecord.com\/fr#\/schema\/logo\/image\/\",\"url\":\"https:\/\/estanteriasrecord.com\/wp-content\/uploads\/2024\/03\/logo_cab_doc.png\",\"contentUrl\":\"https:\/\/estanteriasrecord.com\/wp-content\/uploads\/2024\/03\/logo_cab_doc.png\",\"width\":250,\"height\":119,\"caption\":\"Estanter\u00edas Record\"},\"image\":{\"@id\":\"https:\/\/estanteriasrecord.com\/fr#\/schema\/logo\/image\/\"},\"sameAs\":[\"https:\/\/www.facebook.com\/estanteriasrecord\/\"]}]}<\/script>\n<!-- \/ Yoast SEO plugin. -->","yoast_head_json":{"title":"Porte-bobines | Estanter\u00edas Record","robots":{"index":"index","follow":"follow","max-snippet":"max-snippet:-1","max-image-preview":"max-image-preview:large","max-video-preview":"max-video-preview:-1"},"canonical":"https:\/\/estanteriasrecord.com\/fr\/produits\/porte-bobines","og_locale":"fr_FR","og_type":"article","og_title":"Porte-bobines | Estanter\u00edas Record","og_description":"D\u00e9velopp\u00e9e sur la base du design constructif du syst\u00e8me de palettisation, cette solution a \u00e9t\u00e9 sp\u00e9cifiquement con\u00e7ue pour l\u2019entreposage et la gestion de marchandises lourdes, au format cylindrique \u00e0 axe central, tels que de grandes bobines ou des rouleaux de c\u00e2bles, tubes, cordes, papier ou d\u2019autres mat\u00e9riaux lamin\u00e9s, etc.  La structure est compos\u00e9e d\u2019alignements d\u2019\u00e9chelles standard dispos\u00e9es en parall\u00e8le et unies dans leur extr\u00e9mit\u00e9 sup\u00e9rieure et \u00e0 l\u2019arri\u00e8re par des lisses du syst\u00e8me classique pour palettisation de grandes charges. Espac\u00e9s en hauteur, ils sont fix\u00e9s aux \u00e9chelles paires de consoles plac\u00e9es les unes en face des autres, o\u00f9 sont appuy\u00e9s les produits \u00e0 stocker. Ces consoles pr\u00e9sentent des emplacements centraux pour placer les extr\u00e9mit\u00e9s des barres m\u00e9talliques qui constituent les axes des bobines.  Du fait de ses caract\u00e9ristiques fonctionnelles, cette structure s'adosse g\u00e9n\u00e9ralement aux murs du local s'il s'agit d'alignements simples. Par contre, s'il s'agit de lin\u00e9aires doubles, le rayonnage est situ\u00e9 dans des zones interm\u00e9diaires du local, car ses corps peuvent uniquement \u00eatre g\u00e9r\u00e9s par l'avant.","og_url":"https:\/\/estanteriasrecord.com\/fr\/produits\/porte-bobines","og_site_name":"Estanter\u00edas Record","article_publisher":"https:\/\/www.facebook.com\/estanteriasrecord\/","article_modified_time":"2025-05-22T09:32:18+00:00","og_image":[{"width":1772,"height":1181,"url":"https:\/\/estanteriasrecord.com\/wp-content\/uploads\/2024\/07\/portabobinas_estanterias_record01.webp","type":"image\/webp"}],"twitter_card":"summary_large_image","twitter_misc":{"Dur\u00e9e de lecture estim\u00e9e":"1 minute"},"schema":{"@context":"https:\/\/schema.org","@graph":[{"@type":"WebPage","@id":"https:\/\/estanteriasrecord.com\/fr\/produits\/porte-bobines","url":"https:\/\/estanteriasrecord.com\/fr\/produits\/porte-bobines","name":"Porte-bobines | Estanter\u00edas Record","isPartOf":{"@id":"https:\/\/estanteriasrecord.com\/fr#website"},"primaryImageOfPage":{"@id":"https:\/\/estanteriasrecord.com\/fr\/produits\/porte-bobines#primaryimage"},"image":{"@id":"https:\/\/estanteriasrecord.com\/fr\/produits\/porte-bobines#primaryimage"},"thumbnailUrl":"https:\/\/estanteriasrecord.com\/wp-content\/uploads\/2024\/07\/portabobinas_estanterias_record01.webp","datePublished":"2024-07-04T08:42:35+00:00","dateModified":"2025-05-22T09:32:18+00:00","breadcrumb":{"@id":"https:\/\/estanteriasrecord.com\/fr\/produits\/porte-bobines#breadcrumb"},"inLanguage":"fr-FR","potentialAction":[{"@type":"ReadAction","target":["https:\/\/estanteriasrecord.com\/fr\/produits\/porte-bobines"]}]},{"@type":"ImageObject","inLanguage":"fr-FR","@id":"https:\/\/estanteriasrecord.com\/fr\/produits\/porte-bobines#primaryimage","url":"https:\/\/estanteriasrecord.com\/wp-content\/uploads\/2024\/07\/portabobinas_estanterias_record01.webp","contentUrl":"https:\/\/estanteriasrecord.com\/wp-content\/uploads\/2024\/07\/portabobinas_estanterias_record01.webp","width":1772,"height":1181},{"@type":"BreadcrumbList","@id":"https:\/\/estanteriasrecord.com\/fr\/produits\/porte-bobines#breadcrumb","itemListElement":[{"@type":"ListItem","position":1,"name":"Portada","item":"https:\/\/estanteriasrecord.com\/fr\/estanterias-record"},{"@type":"ListItem","position":2,"name":"Magasin","item":"https:\/\/estanteriasrecord.com\/fr\/magasin"},{"@type":"ListItem","position":3,"name":"Porte-bobines"}]},{"@type":"WebSite","@id":"https:\/\/estanteriasrecord.com\/fr#website","url":"https:\/\/estanteriasrecord.com\/fr","name":"Estanter\u00edas Record","description":"Sistemas eficientes de almacenamiento","publisher":{"@id":"https:\/\/estanteriasrecord.com\/fr#organization"},"potentialAction":[{"@type":"SearchAction","target":{"@type":"EntryPoint","urlTemplate":"https:\/\/estanteriasrecord.com\/fr?s={search_term_string}"},"query-input":{"@type":"PropertyValueSpecification","valueRequired":true,"valueName":"search_term_string"}}],"inLanguage":"fr-FR"},{"@type":"Organization","@id":"https:\/\/estanteriasrecord.com\/fr#organization","name":"Estanter\u00edas Record","url":"https:\/\/estanteriasrecord.com\/fr","logo":{"@type":"ImageObject","inLanguage":"fr-FR","@id":"https:\/\/estanteriasrecord.com\/fr#\/schema\/logo\/image\/","url":"https:\/\/estanteriasrecord.com\/wp-content\/uploads\/2024\/03\/logo_cab_doc.png","contentUrl":"https:\/\/estanteriasrecord.com\/wp-content\/uploads\/2024\/03\/logo_cab_doc.png","width":250,"height":119,"caption":"Estanter\u00edas Record"},"image":{"@id":"https:\/\/estanteriasrecord.com\/fr#\/schema\/logo\/image\/"},"sameAs":["https:\/\/www.facebook.com\/estanteriasrecord\/"]}]}},"_links":{"self":[{"href":"https:\/\/estanteriasrecord.com\/fr\/wp-json\/wp\/v2\/product\/15023","targetHints":{"allow":["GET"]}}],"collection":[{"href":"https:\/\/estanteriasrecord.com\/fr\/wp-json\/wp\/v2\/product"}],"about":[{"href":"https:\/\/estanteriasrecord.com\/fr\/wp-json\/wp\/v2\/types\/product"}],"replies":[{"embeddable":true,"href":"https:\/\/estanteriasrecord.com\/fr\/wp-json\/wp\/v2\/comments?post=15023"}],"wp:featuredmedia":[{"embeddable":true,"href":"https:\/\/estanteriasrecord.com\/fr\/wp-json\/wp\/v2\/media\/19166"}],"wp:attachment":[{"href":"https:\/\/estanteriasrecord.com\/fr\/wp-json\/wp\/v2\/media?parent=15023"}],"wp:term":[{"taxonomy":"product_brand","embeddable":true,"href":"https:\/\/estanteriasrecord.com\/fr\/wp-json\/wp\/v2\/product_brand?post=15023"},{"taxonomy":"product_cat","embeddable":true,"href":"https:\/\/estanteriasrecord.com\/fr\/wp-json\/wp\/v2\/product_cat?post=15023"},{"taxonomy":"product_tag","embeddable":true,"href":"https:\/\/estanteriasrecord.com\/fr\/wp-json\/wp\/v2\/product_tag?post=15023"}],"curies":[{"name":"wp","href":"https:\/\/api.w.org\/{rel}","templated":true}]}}