{"id":15025,"date":"2024-07-04T09:17:15","date_gmt":"2024-07-04T09:17:15","guid":{"rendered":"https:\/\/estanteriasrecord.com\/productos\/rayonnage-semi-lourd"},"modified":"2025-05-22T11:37:47","modified_gmt":"2025-05-22T09:37:47","slug":"rayonnage-semi-lourd","status":"publish","type":"product","link":"https:\/\/estanteriasrecord.com\/fr\/produits\/rayonnage-semi-lourd","title":{"rendered":"Rayonnage semi-lourd"},"content":{"rendered":"","protected":false},"excerpt":{"rendered":"<p>Il s&rsquo;agit d&rsquo;une gamme compl\u00e8te de rayonnages et de compl\u00e9ments pour l&rsquo;entreposage de marchandises qui, par leur taille, poids et op\u00e9rations logistiques ont besoin d&rsquo;une gestion manuelle.<\/p>\n<p>La disposition \u00e9l\u00e9mentaire est compos\u00e9e d\u2019alignements parall\u00e8les d\u2019\u00e9chelles qui sont unies par deux lisses ; et sur celles-ci sont plac\u00e9s les niveaux de charge o\u00f9 sont d\u00e9pos\u00e9es les marchandises. Les corps de rayonnages sont distribu\u00e9s de telle fa\u00e7on \u00e0 former des couloirs permettant le d\u00e9placement des op\u00e9rateurs. Les composants structurels pr\u00e9sentent diff\u00e9rentes configurations et mesures afin de s\u2019adapter aux conditions de service et aux capacit\u00e9s demand\u00e9es. De m\u00eame, les niveaux de charge sont distribu\u00e9s avec les mat\u00e9riaux et finitions ad\u00e9quats pour l\u2019utilisation pr\u00e9vue.<\/p>\n<p>Les \u00e9l\u00e9ments longitudinaux peuvent \u00eatre dispos\u00e9s en configurations simples, g\u00e9n\u00e9ralement adoss\u00e9es aux murs du local et accessibles d\u2019un seul c\u00f4t\u00e9 ou en configurations doubles, constitu\u00e9es de deux lin\u00e9aires simples adoss\u00e9s et habituellement situ\u00e9s dans les zones centrales du local, permettant l\u2019acc\u00e8s des deux c\u00f4t\u00e9s de l\u2019ensemble.<\/p>\n","protected":false},"featured_media":14177,"comment_status":"open","ping_status":"closed","template":"","meta":{"_acf_changed":false,"_joinchat":[]},"product_brand":[],"product_cat":[54],"product_tag":[],"class_list":{"0":"post-15025","1":"product","2":"type-product","3":"status-publish","4":"has-post-thumbnail","6":"product_cat-rayonnage-mi-lourd-et-leger","8":"first","9":"instock","10":"shipping-taxable","11":"product-type-simple"},"acf":[],"yoast_head":"<!-- This site is optimized with the Yoast SEO plugin v27.0 - https:\/\/yoast.com\/product\/yoast-seo-wordpress\/ -->\n<title>Rayonnage semi-lourd | Estanter\u00edas Record<\/title>\n<meta name=\"robots\" content=\"index, follow, max-snippet:-1, max-image-preview:large, max-video-preview:-1\" \/>\n<link rel=\"canonical\" href=\"https:\/\/estanteriasrecord.com\/fr\/produits\/rayonnage-semi-lourd\" \/>\n<meta property=\"og:locale\" content=\"fr_FR\" \/>\n<meta property=\"og:type\" content=\"article\" \/>\n<meta property=\"og:title\" content=\"Rayonnage semi-lourd | Estanter\u00edas Record\" \/>\n<meta property=\"og:description\" content=\"Il s&#039;agit d&#039;une gamme compl\u00e8te de rayonnages et de compl\u00e9ments pour l&#039;entreposage de marchandises qui, par leur taille, poids et op\u00e9rations logistiques ont besoin d&#039;une gestion manuelle.  La disposition \u00e9l\u00e9mentaire est compos\u00e9e d\u2019alignements parall\u00e8les d\u2019\u00e9chelles qui sont unies par deux lisses ; et sur celles-ci sont plac\u00e9s les niveaux de charge o\u00f9 sont d\u00e9pos\u00e9es les marchandises. Les corps de rayonnages sont distribu\u00e9s de telle fa\u00e7on \u00e0 former des couloirs permettant le d\u00e9placement des op\u00e9rateurs. Les composants structurels pr\u00e9sentent diff\u00e9rentes configurations et mesures afin de s\u2019adapter aux conditions de service et aux capacit\u00e9s demand\u00e9es. De m\u00eame, les niveaux de charge sont distribu\u00e9s avec les mat\u00e9riaux et finitions ad\u00e9quats pour l\u2019utilisation pr\u00e9vue.  Les \u00e9l\u00e9ments longitudinaux peuvent \u00eatre dispos\u00e9s en configurations simples, g\u00e9n\u00e9ralement adoss\u00e9es aux murs du local et accessibles d\u2019un seul c\u00f4t\u00e9 ou en configurations doubles, constitu\u00e9es de deux lin\u00e9aires simples adoss\u00e9s et habituellement situ\u00e9s dans les zones centrales du local, permettant l\u2019acc\u00e8s des deux c\u00f4t\u00e9s de l\u2019ensemble.\" \/>\n<meta property=\"og:url\" content=\"https:\/\/estanteriasrecord.com\/fr\/produits\/rayonnage-semi-lourd\" \/>\n<meta property=\"og:site_name\" content=\"Estanter\u00edas Record\" \/>\n<meta property=\"article:publisher\" content=\"https:\/\/www.facebook.com\/estanteriasrecord\/\" \/>\n<meta property=\"article:modified_time\" content=\"2025-05-22T09:37:47+00:00\" \/>\n<meta property=\"og:image\" content=\"https:\/\/estanteriasrecord.com\/wp-content\/uploads\/2024\/07\/carga_manual_convencional_slider_infografia.jpg\" \/>\n\t<meta property=\"og:image:width\" content=\"1980\" \/>\n\t<meta property=\"og:image:height\" content=\"968\" \/>\n\t<meta property=\"og:image:type\" content=\"image\/jpeg\" \/>\n<meta name=\"twitter:card\" content=\"summary_large_image\" \/>\n<meta name=\"twitter:label1\" content=\"Dur\u00e9e de lecture estim\u00e9e\" \/>\n\t<meta name=\"twitter:data1\" content=\"1 minute\" \/>\n<script type=\"application\/ld+json\" class=\"yoast-schema-graph\">{\"@context\":\"https:\/\/schema.org\",\"@graph\":[{\"@type\":\"WebPage\",\"@id\":\"https:\/\/estanteriasrecord.com\/fr\/produits\/rayonnage-semi-lourd\",\"url\":\"https:\/\/estanteriasrecord.com\/fr\/produits\/rayonnage-semi-lourd\",\"name\":\"Rayonnage semi-lourd | Estanter\u00edas Record\",\"isPartOf\":{\"@id\":\"https:\/\/estanteriasrecord.com\/fr#website\"},\"primaryImageOfPage\":{\"@id\":\"https:\/\/estanteriasrecord.com\/fr\/produits\/rayonnage-semi-lourd#primaryimage\"},\"image\":{\"@id\":\"https:\/\/estanteriasrecord.com\/fr\/produits\/rayonnage-semi-lourd#primaryimage\"},\"thumbnailUrl\":\"https:\/\/estanteriasrecord.com\/wp-content\/uploads\/2024\/07\/carga_manual_convencional_slider_infografia.jpg\",\"datePublished\":\"2024-07-04T09:17:15+00:00\",\"dateModified\":\"2025-05-22T09:37:47+00:00\",\"breadcrumb\":{\"@id\":\"https:\/\/estanteriasrecord.com\/fr\/produits\/rayonnage-semi-lourd#breadcrumb\"},\"inLanguage\":\"fr-FR\",\"potentialAction\":[{\"@type\":\"ReadAction\",\"target\":[\"https:\/\/estanteriasrecord.com\/fr\/produits\/rayonnage-semi-lourd\"]}]},{\"@type\":\"ImageObject\",\"inLanguage\":\"fr-FR\",\"@id\":\"https:\/\/estanteriasrecord.com\/fr\/produits\/rayonnage-semi-lourd#primaryimage\",\"url\":\"https:\/\/estanteriasrecord.com\/wp-content\/uploads\/2024\/07\/carga_manual_convencional_slider_infografia.jpg\",\"contentUrl\":\"https:\/\/estanteriasrecord.com\/wp-content\/uploads\/2024\/07\/carga_manual_convencional_slider_infografia.jpg\",\"width\":1980,\"height\":968},{\"@type\":\"BreadcrumbList\",\"@id\":\"https:\/\/estanteriasrecord.com\/fr\/produits\/rayonnage-semi-lourd#breadcrumb\",\"itemListElement\":[{\"@type\":\"ListItem\",\"position\":1,\"name\":\"Portada\",\"item\":\"https:\/\/estanteriasrecord.com\/fr\/estanterias-record\"},{\"@type\":\"ListItem\",\"position\":2,\"name\":\"Magasin\",\"item\":\"https:\/\/estanteriasrecord.com\/fr\/magasin\"},{\"@type\":\"ListItem\",\"position\":3,\"name\":\"Rayonnage semi-lourd\"}]},{\"@type\":\"WebSite\",\"@id\":\"https:\/\/estanteriasrecord.com\/fr#website\",\"url\":\"https:\/\/estanteriasrecord.com\/fr\",\"name\":\"Estanter\u00edas Record\",\"description\":\"Sistemas eficientes de almacenamiento\",\"publisher\":{\"@id\":\"https:\/\/estanteriasrecord.com\/fr#organization\"},\"potentialAction\":[{\"@type\":\"SearchAction\",\"target\":{\"@type\":\"EntryPoint\",\"urlTemplate\":\"https:\/\/estanteriasrecord.com\/fr?s={search_term_string}\"},\"query-input\":{\"@type\":\"PropertyValueSpecification\",\"valueRequired\":true,\"valueName\":\"search_term_string\"}}],\"inLanguage\":\"fr-FR\"},{\"@type\":\"Organization\",\"@id\":\"https:\/\/estanteriasrecord.com\/fr#organization\",\"name\":\"Estanter\u00edas Record\",\"url\":\"https:\/\/estanteriasrecord.com\/fr\",\"logo\":{\"@type\":\"ImageObject\",\"inLanguage\":\"fr-FR\",\"@id\":\"https:\/\/estanteriasrecord.com\/fr#\/schema\/logo\/image\/\",\"url\":\"https:\/\/estanteriasrecord.com\/wp-content\/uploads\/2024\/03\/logo_cab_doc.png\",\"contentUrl\":\"https:\/\/estanteriasrecord.com\/wp-content\/uploads\/2024\/03\/logo_cab_doc.png\",\"width\":250,\"height\":119,\"caption\":\"Estanter\u00edas Record\"},\"image\":{\"@id\":\"https:\/\/estanteriasrecord.com\/fr#\/schema\/logo\/image\/\"},\"sameAs\":[\"https:\/\/www.facebook.com\/estanteriasrecord\/\"]}]}<\/script>\n<!-- \/ Yoast SEO plugin. -->","yoast_head_json":{"title":"Rayonnage semi-lourd | Estanter\u00edas Record","robots":{"index":"index","follow":"follow","max-snippet":"max-snippet:-1","max-image-preview":"max-image-preview:large","max-video-preview":"max-video-preview:-1"},"canonical":"https:\/\/estanteriasrecord.com\/fr\/produits\/rayonnage-semi-lourd","og_locale":"fr_FR","og_type":"article","og_title":"Rayonnage semi-lourd | Estanter\u00edas Record","og_description":"Il s'agit d'une gamme compl\u00e8te de rayonnages et de compl\u00e9ments pour l'entreposage de marchandises qui, par leur taille, poids et op\u00e9rations logistiques ont besoin d'une gestion manuelle.  La disposition \u00e9l\u00e9mentaire est compos\u00e9e d\u2019alignements parall\u00e8les d\u2019\u00e9chelles qui sont unies par deux lisses ; et sur celles-ci sont plac\u00e9s les niveaux de charge o\u00f9 sont d\u00e9pos\u00e9es les marchandises. Les corps de rayonnages sont distribu\u00e9s de telle fa\u00e7on \u00e0 former des couloirs permettant le d\u00e9placement des op\u00e9rateurs. Les composants structurels pr\u00e9sentent diff\u00e9rentes configurations et mesures afin de s\u2019adapter aux conditions de service et aux capacit\u00e9s demand\u00e9es. De m\u00eame, les niveaux de charge sont distribu\u00e9s avec les mat\u00e9riaux et finitions ad\u00e9quats pour l\u2019utilisation pr\u00e9vue.  Les \u00e9l\u00e9ments longitudinaux peuvent \u00eatre dispos\u00e9s en configurations simples, g\u00e9n\u00e9ralement adoss\u00e9es aux murs du local et accessibles d\u2019un seul c\u00f4t\u00e9 ou en configurations doubles, constitu\u00e9es de deux lin\u00e9aires simples adoss\u00e9s et habituellement situ\u00e9s dans les zones centrales du local, permettant l\u2019acc\u00e8s des deux c\u00f4t\u00e9s de l\u2019ensemble.","og_url":"https:\/\/estanteriasrecord.com\/fr\/produits\/rayonnage-semi-lourd","og_site_name":"Estanter\u00edas Record","article_publisher":"https:\/\/www.facebook.com\/estanteriasrecord\/","article_modified_time":"2025-05-22T09:37:47+00:00","og_image":[{"width":1980,"height":968,"url":"https:\/\/estanteriasrecord.com\/wp-content\/uploads\/2024\/07\/carga_manual_convencional_slider_infografia.jpg","type":"image\/jpeg"}],"twitter_card":"summary_large_image","twitter_misc":{"Dur\u00e9e de lecture estim\u00e9e":"1 minute"},"schema":{"@context":"https:\/\/schema.org","@graph":[{"@type":"WebPage","@id":"https:\/\/estanteriasrecord.com\/fr\/produits\/rayonnage-semi-lourd","url":"https:\/\/estanteriasrecord.com\/fr\/produits\/rayonnage-semi-lourd","name":"Rayonnage semi-lourd | Estanter\u00edas Record","isPartOf":{"@id":"https:\/\/estanteriasrecord.com\/fr#website"},"primaryImageOfPage":{"@id":"https:\/\/estanteriasrecord.com\/fr\/produits\/rayonnage-semi-lourd#primaryimage"},"image":{"@id":"https:\/\/estanteriasrecord.com\/fr\/produits\/rayonnage-semi-lourd#primaryimage"},"thumbnailUrl":"https:\/\/estanteriasrecord.com\/wp-content\/uploads\/2024\/07\/carga_manual_convencional_slider_infografia.jpg","datePublished":"2024-07-04T09:17:15+00:00","dateModified":"2025-05-22T09:37:47+00:00","breadcrumb":{"@id":"https:\/\/estanteriasrecord.com\/fr\/produits\/rayonnage-semi-lourd#breadcrumb"},"inLanguage":"fr-FR","potentialAction":[{"@type":"ReadAction","target":["https:\/\/estanteriasrecord.com\/fr\/produits\/rayonnage-semi-lourd"]}]},{"@type":"ImageObject","inLanguage":"fr-FR","@id":"https:\/\/estanteriasrecord.com\/fr\/produits\/rayonnage-semi-lourd#primaryimage","url":"https:\/\/estanteriasrecord.com\/wp-content\/uploads\/2024\/07\/carga_manual_convencional_slider_infografia.jpg","contentUrl":"https:\/\/estanteriasrecord.com\/wp-content\/uploads\/2024\/07\/carga_manual_convencional_slider_infografia.jpg","width":1980,"height":968},{"@type":"BreadcrumbList","@id":"https:\/\/estanteriasrecord.com\/fr\/produits\/rayonnage-semi-lourd#breadcrumb","itemListElement":[{"@type":"ListItem","position":1,"name":"Portada","item":"https:\/\/estanteriasrecord.com\/fr\/estanterias-record"},{"@type":"ListItem","position":2,"name":"Magasin","item":"https:\/\/estanteriasrecord.com\/fr\/magasin"},{"@type":"ListItem","position":3,"name":"Rayonnage semi-lourd"}]},{"@type":"WebSite","@id":"https:\/\/estanteriasrecord.com\/fr#website","url":"https:\/\/estanteriasrecord.com\/fr","name":"Estanter\u00edas Record","description":"Sistemas eficientes de almacenamiento","publisher":{"@id":"https:\/\/estanteriasrecord.com\/fr#organization"},"potentialAction":[{"@type":"SearchAction","target":{"@type":"EntryPoint","urlTemplate":"https:\/\/estanteriasrecord.com\/fr?s={search_term_string}"},"query-input":{"@type":"PropertyValueSpecification","valueRequired":true,"valueName":"search_term_string"}}],"inLanguage":"fr-FR"},{"@type":"Organization","@id":"https:\/\/estanteriasrecord.com\/fr#organization","name":"Estanter\u00edas Record","url":"https:\/\/estanteriasrecord.com\/fr","logo":{"@type":"ImageObject","inLanguage":"fr-FR","@id":"https:\/\/estanteriasrecord.com\/fr#\/schema\/logo\/image\/","url":"https:\/\/estanteriasrecord.com\/wp-content\/uploads\/2024\/03\/logo_cab_doc.png","contentUrl":"https:\/\/estanteriasrecord.com\/wp-content\/uploads\/2024\/03\/logo_cab_doc.png","width":250,"height":119,"caption":"Estanter\u00edas Record"},"image":{"@id":"https:\/\/estanteriasrecord.com\/fr#\/schema\/logo\/image\/"},"sameAs":["https:\/\/www.facebook.com\/estanteriasrecord\/"]}]}},"_links":{"self":[{"href":"https:\/\/estanteriasrecord.com\/fr\/wp-json\/wp\/v2\/product\/15025","targetHints":{"allow":["GET"]}}],"collection":[{"href":"https:\/\/estanteriasrecord.com\/fr\/wp-json\/wp\/v2\/product"}],"about":[{"href":"https:\/\/estanteriasrecord.com\/fr\/wp-json\/wp\/v2\/types\/product"}],"replies":[{"embeddable":true,"href":"https:\/\/estanteriasrecord.com\/fr\/wp-json\/wp\/v2\/comments?post=15025"}],"wp:featuredmedia":[{"embeddable":true,"href":"https:\/\/estanteriasrecord.com\/fr\/wp-json\/wp\/v2\/media\/14177"}],"wp:attachment":[{"href":"https:\/\/estanteriasrecord.com\/fr\/wp-json\/wp\/v2\/media?parent=15025"}],"wp:term":[{"taxonomy":"product_brand","embeddable":true,"href":"https:\/\/estanteriasrecord.com\/fr\/wp-json\/wp\/v2\/product_brand?post=15025"},{"taxonomy":"product_cat","embeddable":true,"href":"https:\/\/estanteriasrecord.com\/fr\/wp-json\/wp\/v2\/product_cat?post=15025"},{"taxonomy":"product_tag","embeddable":true,"href":"https:\/\/estanteriasrecord.com\/fr\/wp-json\/wp\/v2\/product_tag?post=15025"}],"curies":[{"name":"wp","href":"https:\/\/api.w.org\/{rel}","templated":true}]}}