{"id":15027,"date":"2024-05-06T08:05:24","date_gmt":"2024-05-06T08:05:24","guid":{"rendered":"https:\/\/estanteriasrecord.com\/productos\/rayonnage-a-palettes-classique"},"modified":"2025-05-22T10:03:09","modified_gmt":"2025-05-22T08:03:09","slug":"rayonnage-a-palettes-classique","status":"publish","type":"product","link":"https:\/\/estanteriasrecord.com\/fr\/produits\/rayonnage-a-palettes-classique","title":{"rendered":"Rayonnage \u00e0 palettes classique"},"content":{"rendered":"<p>Il s\u2019agit du <strong>syst\u00e8me de stockage<\/strong> <strong>le plus utilis\u00e9 et le plus efficace<\/strong> pour les marchandises palettis\u00e9es. Il est constitu\u00e9 de rang\u00e9es de rayonnages dispos\u00e9s de mani\u00e8re \u00e0 former des all\u00e9es libres pour la circulation des \u00e9l\u00e9ments de manutention m\u00e9canique. L\u2019acc\u00e8s \u00e0 chaque UGS est s\u00e9lectif et direct, avec un emplacement correspondant \u00e0 chaque palette.<\/p>\n<p>Ses composants de base sont les poutres, qui forment les niveaux de charge o\u00f9 sont positionn\u00e9es les marchandises, et les rayonnages, qui transmettent cette charge verticalement jusqu\u2019au sol.<\/p>\n<p>La structure est dimensionn\u00e9e en fonction des caract\u00e9ristiques physiques des articles \u00e0 stocker et est distribu\u00e9e de mani\u00e8re \u00e0 utiliser au mieux l\u2019espace disponible, en fonction de la fonctionnalit\u00e9 pr\u00e9vue de l\u2019entrep\u00f4t, du flux de stock et des \u00e9l\u00e9ments de manutention utilis\u00e9s.<\/p>\n<p>Les mises en \u0153uvre pour palettisation classique se distribuent g\u00e9n\u00e9ralement en <strong>groupements longitudinaux simples ou doubles<\/strong>. Les lin\u00e9aires simples constituent des syst\u00e8mes de rayonnages \u00e0 un acc\u00e8s et sont, en g\u00e9n\u00e9ral, plac\u00e9s sur le c\u00f4t\u00e9 ou sur le p\u00e9rim\u00e8tre, adoss\u00e9s contre les murs du local. Les lin\u00e9aires doubles sont deux corps simples unis et distribu\u00e9s dans l&rsquo;installation, \u00e0 des emplacements centraux, formant des alignements \u00e0 double acc\u00e8s. Deux lin\u00e9aires doubles peuvent se combiner afin de former des syst\u00e8mes \u00e0 double profondeur dans le but d&rsquo;augmenter la capacit\u00e9 de stockage et de r\u00e9duire le nombre de couloirs. Dans ce cas, des chariots \u00e9l\u00e9vateurs munis d&rsquo;une plus grande fourche sont n\u00e9cessaires afin d&rsquo;acc\u00e9der aux palettes int\u00e9rieures.<\/p>\n","protected":false},"excerpt":{"rendered":"<p>Il s\u2019agit du <strong>syst\u00e8me de stockage<\/strong> <strong>le plus utilis\u00e9 et le plus efficace<\/strong> pour les marchandises palettis\u00e9es. Il est constitu\u00e9 de rang\u00e9es de rayonnages dispos\u00e9s de mani\u00e8re \u00e0 former des all\u00e9es libres pour la circulation des \u00e9l\u00e9ments de manutention m\u00e9canique. L\u2019acc\u00e8s \u00e0 chaque UGS est s\u00e9lectif et direct, avec un emplacement correspondant \u00e0 chaque palette.<\/p>\n<p>Ses composants de base sont les poutres, qui forment les niveaux de charge o\u00f9 sont positionn\u00e9es les marchandises, et les rayonnages, qui transmettent cette charge verticalement jusqu\u2019au sol.<\/p>\n<p>La structure est dimensionn\u00e9e en fonction des caract\u00e9ristiques physiques des articles \u00e0 stocker et est distribu\u00e9e de mani\u00e8re \u00e0 utiliser au mieux l\u2019espace disponible, en fonction de la fonctionnalit\u00e9 pr\u00e9vue de l\u2019entrep\u00f4t, du flux de stock et des \u00e9l\u00e9ments de manutention utilis\u00e9s.<\/p>\n<p>Las implementaciones para paletizaci\u00f3n convencional se suelen distribuir en <strong>agrupaciones longitudinales simples o dobles<\/strong>. Los lineales simples constituyen sistemas de estanter\u00edas de un acceso y se posicionan usualmente de forma lateral o perimetral adosados a las paredes del local. Los lineales dobles son dos cuerpos simples unidos y distribuidos en la instalaci\u00f3n en ubicaciones centrales, conformando alineaciones de doble acceso. Dos lineales dobles se pueden combinar para conformar sistemas de doble profundidad al objeto de incrementar la capacidad de almacenamiento y reducir el n\u00famero de pasillos; en este caso, se precisan m\u00e1quinas elevadoras con horquillas de mayor longitud para acceder a las paletas interiores.<\/p>\n","protected":false},"featured_media":13619,"comment_status":"open","ping_status":"closed","template":"","meta":{"_acf_changed":false,"_joinchat":[]},"product_brand":[],"product_cat":[57],"product_tag":[],"class_list":{"0":"post-15027","1":"product","2":"type-product","3":"status-publish","4":"has-post-thumbnail","6":"product_cat-rayonnages-a-palettes","8":"first","9":"instock","10":"shipping-taxable","11":"product-type-simple"},"acf":[],"yoast_head":"<!-- This site is optimized with the Yoast SEO plugin v27.0 - https:\/\/yoast.com\/product\/yoast-seo-wordpress\/ -->\n<title>Rayonnage \u00e0 palettes classique | Estanter\u00edas Record<\/title>\n<meta name=\"description\" content=\"Il s\u2019agit du syst\u00e8me de stockage le plus utilis\u00e9 et le plus efficace pour les marchandises palettis\u00e9es, constituant une solution r\u00e9ellement versatile.\" \/>\n<meta name=\"robots\" content=\"index, follow, max-snippet:-1, max-image-preview:large, max-video-preview:-1\" \/>\n<link rel=\"canonical\" href=\"https:\/\/estanteriasrecord.com\/fr\/produits\/rayonnage-a-palettes-classique\" \/>\n<meta property=\"og:locale\" content=\"fr_FR\" \/>\n<meta property=\"og:type\" content=\"article\" \/>\n<meta property=\"og:title\" content=\"Rayonnage \u00e0 palettes classique | Estanter\u00edas Record\" \/>\n<meta property=\"og:description\" content=\"Il s\u2019agit du syst\u00e8me de stockage le plus utilis\u00e9 et le plus efficace pour les marchandises palettis\u00e9es, constituant une solution r\u00e9ellement versatile.\" \/>\n<meta property=\"og:url\" content=\"https:\/\/estanteriasrecord.com\/fr\/produits\/rayonnage-a-palettes-classique\" \/>\n<meta property=\"og:site_name\" content=\"Estanter\u00edas Record\" \/>\n<meta property=\"article:publisher\" content=\"https:\/\/www.facebook.com\/estanteriasrecord\/\" \/>\n<meta property=\"article:modified_time\" content=\"2025-05-22T08:03:09+00:00\" \/>\n<meta property=\"og:image\" content=\"https:\/\/estanteriasrecord.com\/wp-content\/uploads\/2024\/05\/main.jpg\" \/>\n\t<meta property=\"og:image:width\" content=\"2362\" \/>\n\t<meta property=\"og:image:height\" content=\"1772\" \/>\n\t<meta property=\"og:image:type\" content=\"image\/jpeg\" \/>\n<meta name=\"twitter:card\" content=\"summary_large_image\" \/>\n<meta name=\"twitter:label1\" content=\"Dur\u00e9e de lecture estim\u00e9e\" \/>\n\t<meta name=\"twitter:data1\" content=\"2 minutes\" \/>\n<script type=\"application\/ld+json\" class=\"yoast-schema-graph\">{\"@context\":\"https:\/\/schema.org\",\"@graph\":[{\"@type\":\"WebPage\",\"@id\":\"https:\/\/estanteriasrecord.com\/fr\/produits\/rayonnage-a-palettes-classique\",\"url\":\"https:\/\/estanteriasrecord.com\/fr\/produits\/rayonnage-a-palettes-classique\",\"name\":\"Rayonnage \u00e0 palettes classique | Estanter\u00edas Record\",\"isPartOf\":{\"@id\":\"https:\/\/estanteriasrecord.com\/fr#website\"},\"primaryImageOfPage\":{\"@id\":\"https:\/\/estanteriasrecord.com\/fr\/produits\/rayonnage-a-palettes-classique#primaryimage\"},\"image\":{\"@id\":\"https:\/\/estanteriasrecord.com\/fr\/produits\/rayonnage-a-palettes-classique#primaryimage\"},\"thumbnailUrl\":\"https:\/\/estanteriasrecord.com\/wp-content\/uploads\/2024\/05\/main.jpg\",\"datePublished\":\"2024-05-06T08:05:24+00:00\",\"dateModified\":\"2025-05-22T08:03:09+00:00\",\"description\":\"Il s\u2019agit du syst\u00e8me de stockage le plus utilis\u00e9 et le plus efficace pour les marchandises palettis\u00e9es, constituant une solution r\u00e9ellement versatile.\",\"breadcrumb\":{\"@id\":\"https:\/\/estanteriasrecord.com\/fr\/produits\/rayonnage-a-palettes-classique#breadcrumb\"},\"inLanguage\":\"fr-FR\",\"potentialAction\":[{\"@type\":\"ReadAction\",\"target\":[\"https:\/\/estanteriasrecord.com\/fr\/produits\/rayonnage-a-palettes-classique\"]}]},{\"@type\":\"ImageObject\",\"inLanguage\":\"fr-FR\",\"@id\":\"https:\/\/estanteriasrecord.com\/fr\/produits\/rayonnage-a-palettes-classique#primaryimage\",\"url\":\"https:\/\/estanteriasrecord.com\/wp-content\/uploads\/2024\/05\/main.jpg\",\"contentUrl\":\"https:\/\/estanteriasrecord.com\/wp-content\/uploads\/2024\/05\/main.jpg\",\"width\":2362,\"height\":1772},{\"@type\":\"BreadcrumbList\",\"@id\":\"https:\/\/estanteriasrecord.com\/fr\/produits\/rayonnage-a-palettes-classique#breadcrumb\",\"itemListElement\":[{\"@type\":\"ListItem\",\"position\":1,\"name\":\"Portada\",\"item\":\"https:\/\/estanteriasrecord.com\/fr\/estanterias-record\"},{\"@type\":\"ListItem\",\"position\":2,\"name\":\"Magasin\",\"item\":\"https:\/\/estanteriasrecord.com\/fr\/magasin\"},{\"@type\":\"ListItem\",\"position\":3,\"name\":\"Rayonnage \u00e0 palettes classique\"}]},{\"@type\":\"WebSite\",\"@id\":\"https:\/\/estanteriasrecord.com\/fr#website\",\"url\":\"https:\/\/estanteriasrecord.com\/fr\",\"name\":\"Estanter\u00edas Record\",\"description\":\"Sistemas eficientes de almacenamiento\",\"publisher\":{\"@id\":\"https:\/\/estanteriasrecord.com\/fr#organization\"},\"potentialAction\":[{\"@type\":\"SearchAction\",\"target\":{\"@type\":\"EntryPoint\",\"urlTemplate\":\"https:\/\/estanteriasrecord.com\/fr?s={search_term_string}\"},\"query-input\":{\"@type\":\"PropertyValueSpecification\",\"valueRequired\":true,\"valueName\":\"search_term_string\"}}],\"inLanguage\":\"fr-FR\"},{\"@type\":\"Organization\",\"@id\":\"https:\/\/estanteriasrecord.com\/fr#organization\",\"name\":\"Estanter\u00edas Record\",\"url\":\"https:\/\/estanteriasrecord.com\/fr\",\"logo\":{\"@type\":\"ImageObject\",\"inLanguage\":\"fr-FR\",\"@id\":\"https:\/\/estanteriasrecord.com\/fr#\/schema\/logo\/image\/\",\"url\":\"https:\/\/estanteriasrecord.com\/wp-content\/uploads\/2024\/03\/logo_cab_doc.png\",\"contentUrl\":\"https:\/\/estanteriasrecord.com\/wp-content\/uploads\/2024\/03\/logo_cab_doc.png\",\"width\":250,\"height\":119,\"caption\":\"Estanter\u00edas Record\"},\"image\":{\"@id\":\"https:\/\/estanteriasrecord.com\/fr#\/schema\/logo\/image\/\"},\"sameAs\":[\"https:\/\/www.facebook.com\/estanteriasrecord\/\"]}]}<\/script>\n<!-- \/ Yoast SEO plugin. -->","yoast_head_json":{"title":"Rayonnage \u00e0 palettes classique | Estanter\u00edas Record","description":"Il s\u2019agit du syst\u00e8me de stockage le plus utilis\u00e9 et le plus efficace pour les marchandises palettis\u00e9es, constituant une solution r\u00e9ellement versatile.","robots":{"index":"index","follow":"follow","max-snippet":"max-snippet:-1","max-image-preview":"max-image-preview:large","max-video-preview":"max-video-preview:-1"},"canonical":"https:\/\/estanteriasrecord.com\/fr\/produits\/rayonnage-a-palettes-classique","og_locale":"fr_FR","og_type":"article","og_title":"Rayonnage \u00e0 palettes classique | Estanter\u00edas Record","og_description":"Il s\u2019agit du syst\u00e8me de stockage le plus utilis\u00e9 et le plus efficace pour les marchandises palettis\u00e9es, constituant une solution r\u00e9ellement versatile.","og_url":"https:\/\/estanteriasrecord.com\/fr\/produits\/rayonnage-a-palettes-classique","og_site_name":"Estanter\u00edas Record","article_publisher":"https:\/\/www.facebook.com\/estanteriasrecord\/","article_modified_time":"2025-05-22T08:03:09+00:00","og_image":[{"width":2362,"height":1772,"url":"https:\/\/estanteriasrecord.com\/wp-content\/uploads\/2024\/05\/main.jpg","type":"image\/jpeg"}],"twitter_card":"summary_large_image","twitter_misc":{"Dur\u00e9e de lecture estim\u00e9e":"2 minutes"},"schema":{"@context":"https:\/\/schema.org","@graph":[{"@type":"WebPage","@id":"https:\/\/estanteriasrecord.com\/fr\/produits\/rayonnage-a-palettes-classique","url":"https:\/\/estanteriasrecord.com\/fr\/produits\/rayonnage-a-palettes-classique","name":"Rayonnage \u00e0 palettes classique | Estanter\u00edas Record","isPartOf":{"@id":"https:\/\/estanteriasrecord.com\/fr#website"},"primaryImageOfPage":{"@id":"https:\/\/estanteriasrecord.com\/fr\/produits\/rayonnage-a-palettes-classique#primaryimage"},"image":{"@id":"https:\/\/estanteriasrecord.com\/fr\/produits\/rayonnage-a-palettes-classique#primaryimage"},"thumbnailUrl":"https:\/\/estanteriasrecord.com\/wp-content\/uploads\/2024\/05\/main.jpg","datePublished":"2024-05-06T08:05:24+00:00","dateModified":"2025-05-22T08:03:09+00:00","description":"Il s\u2019agit du syst\u00e8me de stockage le plus utilis\u00e9 et le plus efficace pour les marchandises palettis\u00e9es, constituant une solution r\u00e9ellement versatile.","breadcrumb":{"@id":"https:\/\/estanteriasrecord.com\/fr\/produits\/rayonnage-a-palettes-classique#breadcrumb"},"inLanguage":"fr-FR","potentialAction":[{"@type":"ReadAction","target":["https:\/\/estanteriasrecord.com\/fr\/produits\/rayonnage-a-palettes-classique"]}]},{"@type":"ImageObject","inLanguage":"fr-FR","@id":"https:\/\/estanteriasrecord.com\/fr\/produits\/rayonnage-a-palettes-classique#primaryimage","url":"https:\/\/estanteriasrecord.com\/wp-content\/uploads\/2024\/05\/main.jpg","contentUrl":"https:\/\/estanteriasrecord.com\/wp-content\/uploads\/2024\/05\/main.jpg","width":2362,"height":1772},{"@type":"BreadcrumbList","@id":"https:\/\/estanteriasrecord.com\/fr\/produits\/rayonnage-a-palettes-classique#breadcrumb","itemListElement":[{"@type":"ListItem","position":1,"name":"Portada","item":"https:\/\/estanteriasrecord.com\/fr\/estanterias-record"},{"@type":"ListItem","position":2,"name":"Magasin","item":"https:\/\/estanteriasrecord.com\/fr\/magasin"},{"@type":"ListItem","position":3,"name":"Rayonnage \u00e0 palettes classique"}]},{"@type":"WebSite","@id":"https:\/\/estanteriasrecord.com\/fr#website","url":"https:\/\/estanteriasrecord.com\/fr","name":"Estanter\u00edas Record","description":"Sistemas eficientes de almacenamiento","publisher":{"@id":"https:\/\/estanteriasrecord.com\/fr#organization"},"potentialAction":[{"@type":"SearchAction","target":{"@type":"EntryPoint","urlTemplate":"https:\/\/estanteriasrecord.com\/fr?s={search_term_string}"},"query-input":{"@type":"PropertyValueSpecification","valueRequired":true,"valueName":"search_term_string"}}],"inLanguage":"fr-FR"},{"@type":"Organization","@id":"https:\/\/estanteriasrecord.com\/fr#organization","name":"Estanter\u00edas Record","url":"https:\/\/estanteriasrecord.com\/fr","logo":{"@type":"ImageObject","inLanguage":"fr-FR","@id":"https:\/\/estanteriasrecord.com\/fr#\/schema\/logo\/image\/","url":"https:\/\/estanteriasrecord.com\/wp-content\/uploads\/2024\/03\/logo_cab_doc.png","contentUrl":"https:\/\/estanteriasrecord.com\/wp-content\/uploads\/2024\/03\/logo_cab_doc.png","width":250,"height":119,"caption":"Estanter\u00edas Record"},"image":{"@id":"https:\/\/estanteriasrecord.com\/fr#\/schema\/logo\/image\/"},"sameAs":["https:\/\/www.facebook.com\/estanteriasrecord\/"]}]}},"_links":{"self":[{"href":"https:\/\/estanteriasrecord.com\/fr\/wp-json\/wp\/v2\/product\/15027","targetHints":{"allow":["GET"]}}],"collection":[{"href":"https:\/\/estanteriasrecord.com\/fr\/wp-json\/wp\/v2\/product"}],"about":[{"href":"https:\/\/estanteriasrecord.com\/fr\/wp-json\/wp\/v2\/types\/product"}],"replies":[{"embeddable":true,"href":"https:\/\/estanteriasrecord.com\/fr\/wp-json\/wp\/v2\/comments?post=15027"}],"wp:featuredmedia":[{"embeddable":true,"href":"https:\/\/estanteriasrecord.com\/fr\/wp-json\/wp\/v2\/media\/13619"}],"wp:attachment":[{"href":"https:\/\/estanteriasrecord.com\/fr\/wp-json\/wp\/v2\/media?parent=15027"}],"wp:term":[{"taxonomy":"product_brand","embeddable":true,"href":"https:\/\/estanteriasrecord.com\/fr\/wp-json\/wp\/v2\/product_brand?post=15027"},{"taxonomy":"product_cat","embeddable":true,"href":"https:\/\/estanteriasrecord.com\/fr\/wp-json\/wp\/v2\/product_cat?post=15027"},{"taxonomy":"product_tag","embeddable":true,"href":"https:\/\/estanteriasrecord.com\/fr\/wp-json\/wp\/v2\/product_tag?post=15027"}],"curies":[{"name":"wp","href":"https:\/\/api.w.org\/{rel}","templated":true}]}}