{"id":15031,"date":"2024-07-04T09:43:24","date_gmt":"2024-07-04T09:43:24","guid":{"rendered":"https:\/\/estanteriasrecord.com\/productos\/chargement-manuel-avec-couloirs-en-hauteurx"},"modified":"2025-05-22T11:48:30","modified_gmt":"2025-05-22T09:48:30","slug":"rayonnage-semi-lourd-a-passerelles","status":"publish","type":"product","link":"https:\/\/estanteriasrecord.com\/fr\/produits\/rayonnage-semi-lourd-a-passerelles","title":{"rendered":"Rayonnage semi-lourd \u00e0 passerelles"},"content":{"rendered":"","protected":false},"excerpt":{"rendered":"<p>Le syst\u00e8me classique de rayonnages pour picking s&rsquo;utilise, en g\u00e9n\u00e9ral, sans machines pour pr\u00e9parer les commandes ou sans plates-formes \u00e9l\u00e9vatrices ; et c&rsquo;est pourquoi sa hauteur est limit\u00e9e et d\u00e9termine ainsi son acc\u00e8s individuel et manuel. Cependant, afin d&rsquo;\u00e9liminer cet inconv\u00e9nient, il existe une solution tr\u00e8s efficace qui multiplie la capacit\u00e9 et le rendement de l&rsquo;installation.<\/p>\n<p>Prolongeant la structure \u00e9l\u00e9mentaire en hauteur, <strong>un ou plusieurs niveaux praticables peuvent \u00eatre dispos\u00e9s gr\u00e2ce \u00e0 l&rsquo;installation de couloirs<\/strong> sur\u00e9lev\u00e9s fix\u00e9s entre les corps des rayonnages. Les diff\u00e9rents \u00e9tages sont connect\u00e9s entre eux gr\u00e2ce \u00e0 des escaliers d&rsquo;acc\u00e8s ; et les zones expos\u00e9es des couloirs de man\u0153uvre sont prot\u00e9g\u00e9es gr\u00e2ce \u00e0 des rambardes de s\u00e9curit\u00e9.<\/p>\n<p>Toute la mise en \u0153uvre est dot\u00e9e d&rsquo;\u00e9l\u00e9ments aux dimensions et caract\u00e9ristiques r\u00e9sistantes ad\u00e9quates pour la finalit\u00e9 pr\u00e9vue. De m\u00eame, les couloirs sont am\u00e9nag\u00e9s avec des mat\u00e9riaux qui s&rsquo;adaptent \u00e0 l&rsquo;utilisation et aux conditions fonctionnelles de service (planches en agglom\u00e9r\u00e9, \u00e0 la surface m\u00e9lamin\u00e9e, antid\u00e9rapante ou m\u00e9tallique pour la circulation de transpalettes, grilles \u00e9lectrosoud\u00e9es, etc.).<\/p>\n","protected":false},"featured_media":14225,"comment_status":"open","ping_status":"closed","template":"","meta":{"_acf_changed":false,"_joinchat":[]},"product_brand":[],"product_cat":[54],"product_tag":[],"class_list":{"0":"post-15031","1":"product","2":"type-product","3":"status-publish","4":"has-post-thumbnail","6":"product_cat-rayonnage-mi-lourd-et-leger","8":"first","9":"instock","10":"shipping-taxable","11":"product-type-simple"},"acf":[],"yoast_head":"<!-- This site is optimized with the Yoast SEO plugin v27.0 - https:\/\/yoast.com\/product\/yoast-seo-wordpress\/ -->\n<title>Rayonnage semi-lourd \u00e0 passerelles | Estanter\u00edas Record<\/title>\n<meta name=\"robots\" content=\"index, follow, max-snippet:-1, max-image-preview:large, max-video-preview:-1\" \/>\n<link rel=\"canonical\" href=\"https:\/\/estanteriasrecord.com\/fr\/produits\/rayonnage-semi-lourd-a-passerelles\" \/>\n<meta property=\"og:locale\" content=\"fr_FR\" \/>\n<meta property=\"og:type\" content=\"article\" \/>\n<meta property=\"og:title\" content=\"Rayonnage semi-lourd \u00e0 passerelles | Estanter\u00edas Record\" \/>\n<meta property=\"og:description\" content=\"Le syst\u00e8me classique de rayonnages pour picking s&#039;utilise, en g\u00e9n\u00e9ral, sans machines pour pr\u00e9parer les commandes ou sans plates-formes \u00e9l\u00e9vatrices ; et c&#039;est pourquoi sa hauteur est limit\u00e9e et d\u00e9termine ainsi son acc\u00e8s individuel et manuel. Cependant, afin d&#039;\u00e9liminer cet inconv\u00e9nient, il existe une solution tr\u00e8s efficace qui multiplie la capacit\u00e9 et le rendement de l&#039;installation.  Prolongeant la structure \u00e9l\u00e9mentaire en hauteur, un ou plusieurs niveaux praticables peuvent \u00eatre dispos\u00e9s gr\u00e2ce \u00e0 l&#039;installation de couloirs sur\u00e9lev\u00e9s fix\u00e9s entre les corps des rayonnages. Les diff\u00e9rents \u00e9tages sont connect\u00e9s entre eux gr\u00e2ce \u00e0 des escaliers d&#039;acc\u00e8s ; et les zones expos\u00e9es des couloirs de man\u0153uvre sont prot\u00e9g\u00e9es gr\u00e2ce \u00e0 des rambardes de s\u00e9curit\u00e9.  Toute la mise en \u0153uvre est dot\u00e9e d&#039;\u00e9l\u00e9ments aux dimensions et caract\u00e9ristiques r\u00e9sistantes ad\u00e9quates pour la finalit\u00e9 pr\u00e9vue. De m\u00eame, les couloirs sont am\u00e9nag\u00e9s avec des mat\u00e9riaux qui s&#039;adaptent \u00e0 l&#039;utilisation et aux conditions fonctionnelles de service (planches en agglom\u00e9r\u00e9, \u00e0 la surface m\u00e9lamin\u00e9e, antid\u00e9rapante ou m\u00e9tallique pour la circulation de transpalettes, grilles \u00e9lectrosoud\u00e9es, etc.).\" \/>\n<meta property=\"og:url\" content=\"https:\/\/estanteriasrecord.com\/fr\/produits\/rayonnage-semi-lourd-a-passerelles\" \/>\n<meta property=\"og:site_name\" content=\"Estanter\u00edas Record\" \/>\n<meta property=\"article:publisher\" content=\"https:\/\/www.facebook.com\/estanteriasrecord\/\" \/>\n<meta property=\"article:modified_time\" content=\"2025-05-22T09:48:30+00:00\" \/>\n<meta property=\"og:image\" content=\"https:\/\/estanteriasrecord.com\/wp-content\/uploads\/2024\/07\/manual-con-pasillos-hero-scaled.jpg\" \/>\n\t<meta property=\"og:image:width\" content=\"2560\" \/>\n\t<meta property=\"og:image:height\" content=\"1300\" \/>\n\t<meta property=\"og:image:type\" content=\"image\/jpeg\" \/>\n<meta name=\"twitter:card\" content=\"summary_large_image\" \/>\n<meta name=\"twitter:label1\" content=\"Dur\u00e9e de lecture estim\u00e9e\" \/>\n\t<meta name=\"twitter:data1\" content=\"1 minute\" \/>\n<script type=\"application\/ld+json\" class=\"yoast-schema-graph\">{\"@context\":\"https:\/\/schema.org\",\"@graph\":[{\"@type\":\"WebPage\",\"@id\":\"https:\/\/estanteriasrecord.com\/fr\/produits\/rayonnage-semi-lourd-a-passerelles\",\"url\":\"https:\/\/estanteriasrecord.com\/fr\/produits\/rayonnage-semi-lourd-a-passerelles\",\"name\":\"Rayonnage semi-lourd \u00e0 passerelles | Estanter\u00edas Record\",\"isPartOf\":{\"@id\":\"https:\/\/estanteriasrecord.com\/fr#website\"},\"primaryImageOfPage\":{\"@id\":\"https:\/\/estanteriasrecord.com\/fr\/produits\/rayonnage-semi-lourd-a-passerelles#primaryimage\"},\"image\":{\"@id\":\"https:\/\/estanteriasrecord.com\/fr\/produits\/rayonnage-semi-lourd-a-passerelles#primaryimage\"},\"thumbnailUrl\":\"https:\/\/estanteriasrecord.com\/wp-content\/uploads\/2024\/07\/manual-con-pasillos-hero-scaled.jpg\",\"datePublished\":\"2024-07-04T09:43:24+00:00\",\"dateModified\":\"2025-05-22T09:48:30+00:00\",\"breadcrumb\":{\"@id\":\"https:\/\/estanteriasrecord.com\/fr\/produits\/rayonnage-semi-lourd-a-passerelles#breadcrumb\"},\"inLanguage\":\"fr-FR\",\"potentialAction\":[{\"@type\":\"ReadAction\",\"target\":[\"https:\/\/estanteriasrecord.com\/fr\/produits\/rayonnage-semi-lourd-a-passerelles\"]}]},{\"@type\":\"ImageObject\",\"inLanguage\":\"fr-FR\",\"@id\":\"https:\/\/estanteriasrecord.com\/fr\/produits\/rayonnage-semi-lourd-a-passerelles#primaryimage\",\"url\":\"https:\/\/estanteriasrecord.com\/wp-content\/uploads\/2024\/07\/manual-con-pasillos-hero-scaled.jpg\",\"contentUrl\":\"https:\/\/estanteriasrecord.com\/wp-content\/uploads\/2024\/07\/manual-con-pasillos-hero-scaled.jpg\",\"width\":2560,\"height\":1300},{\"@type\":\"BreadcrumbList\",\"@id\":\"https:\/\/estanteriasrecord.com\/fr\/produits\/rayonnage-semi-lourd-a-passerelles#breadcrumb\",\"itemListElement\":[{\"@type\":\"ListItem\",\"position\":1,\"name\":\"Portada\",\"item\":\"https:\/\/estanteriasrecord.com\/fr\/estanterias-record\"},{\"@type\":\"ListItem\",\"position\":2,\"name\":\"Magasin\",\"item\":\"https:\/\/estanteriasrecord.com\/fr\/magasin\"},{\"@type\":\"ListItem\",\"position\":3,\"name\":\"Rayonnage semi-lourd \u00e0 passerelles\"}]},{\"@type\":\"WebSite\",\"@id\":\"https:\/\/estanteriasrecord.com\/fr#website\",\"url\":\"https:\/\/estanteriasrecord.com\/fr\",\"name\":\"Estanter\u00edas Record\",\"description\":\"Sistemas eficientes de almacenamiento\",\"publisher\":{\"@id\":\"https:\/\/estanteriasrecord.com\/fr#organization\"},\"potentialAction\":[{\"@type\":\"SearchAction\",\"target\":{\"@type\":\"EntryPoint\",\"urlTemplate\":\"https:\/\/estanteriasrecord.com\/fr?s={search_term_string}\"},\"query-input\":{\"@type\":\"PropertyValueSpecification\",\"valueRequired\":true,\"valueName\":\"search_term_string\"}}],\"inLanguage\":\"fr-FR\"},{\"@type\":\"Organization\",\"@id\":\"https:\/\/estanteriasrecord.com\/fr#organization\",\"name\":\"Estanter\u00edas Record\",\"url\":\"https:\/\/estanteriasrecord.com\/fr\",\"logo\":{\"@type\":\"ImageObject\",\"inLanguage\":\"fr-FR\",\"@id\":\"https:\/\/estanteriasrecord.com\/fr#\/schema\/logo\/image\/\",\"url\":\"https:\/\/estanteriasrecord.com\/wp-content\/uploads\/2024\/03\/logo_cab_doc.png\",\"contentUrl\":\"https:\/\/estanteriasrecord.com\/wp-content\/uploads\/2024\/03\/logo_cab_doc.png\",\"width\":250,\"height\":119,\"caption\":\"Estanter\u00edas Record\"},\"image\":{\"@id\":\"https:\/\/estanteriasrecord.com\/fr#\/schema\/logo\/image\/\"},\"sameAs\":[\"https:\/\/www.facebook.com\/estanteriasrecord\/\"]}]}<\/script>\n<!-- \/ Yoast SEO plugin. -->","yoast_head_json":{"title":"Rayonnage semi-lourd \u00e0 passerelles | Estanter\u00edas Record","robots":{"index":"index","follow":"follow","max-snippet":"max-snippet:-1","max-image-preview":"max-image-preview:large","max-video-preview":"max-video-preview:-1"},"canonical":"https:\/\/estanteriasrecord.com\/fr\/produits\/rayonnage-semi-lourd-a-passerelles","og_locale":"fr_FR","og_type":"article","og_title":"Rayonnage semi-lourd \u00e0 passerelles | Estanter\u00edas Record","og_description":"Le syst\u00e8me classique de rayonnages pour picking s'utilise, en g\u00e9n\u00e9ral, sans machines pour pr\u00e9parer les commandes ou sans plates-formes \u00e9l\u00e9vatrices ; et c'est pourquoi sa hauteur est limit\u00e9e et d\u00e9termine ainsi son acc\u00e8s individuel et manuel. Cependant, afin d'\u00e9liminer cet inconv\u00e9nient, il existe une solution tr\u00e8s efficace qui multiplie la capacit\u00e9 et le rendement de l'installation.  Prolongeant la structure \u00e9l\u00e9mentaire en hauteur, un ou plusieurs niveaux praticables peuvent \u00eatre dispos\u00e9s gr\u00e2ce \u00e0 l'installation de couloirs sur\u00e9lev\u00e9s fix\u00e9s entre les corps des rayonnages. Les diff\u00e9rents \u00e9tages sont connect\u00e9s entre eux gr\u00e2ce \u00e0 des escaliers d'acc\u00e8s ; et les zones expos\u00e9es des couloirs de man\u0153uvre sont prot\u00e9g\u00e9es gr\u00e2ce \u00e0 des rambardes de s\u00e9curit\u00e9.  Toute la mise en \u0153uvre est dot\u00e9e d'\u00e9l\u00e9ments aux dimensions et caract\u00e9ristiques r\u00e9sistantes ad\u00e9quates pour la finalit\u00e9 pr\u00e9vue. De m\u00eame, les couloirs sont am\u00e9nag\u00e9s avec des mat\u00e9riaux qui s'adaptent \u00e0 l'utilisation et aux conditions fonctionnelles de service (planches en agglom\u00e9r\u00e9, \u00e0 la surface m\u00e9lamin\u00e9e, antid\u00e9rapante ou m\u00e9tallique pour la circulation de transpalettes, grilles \u00e9lectrosoud\u00e9es, etc.).","og_url":"https:\/\/estanteriasrecord.com\/fr\/produits\/rayonnage-semi-lourd-a-passerelles","og_site_name":"Estanter\u00edas Record","article_publisher":"https:\/\/www.facebook.com\/estanteriasrecord\/","article_modified_time":"2025-05-22T09:48:30+00:00","og_image":[{"width":2560,"height":1300,"url":"https:\/\/estanteriasrecord.com\/wp-content\/uploads\/2024\/07\/manual-con-pasillos-hero-scaled.jpg","type":"image\/jpeg"}],"twitter_card":"summary_large_image","twitter_misc":{"Dur\u00e9e de lecture estim\u00e9e":"1 minute"},"schema":{"@context":"https:\/\/schema.org","@graph":[{"@type":"WebPage","@id":"https:\/\/estanteriasrecord.com\/fr\/produits\/rayonnage-semi-lourd-a-passerelles","url":"https:\/\/estanteriasrecord.com\/fr\/produits\/rayonnage-semi-lourd-a-passerelles","name":"Rayonnage semi-lourd \u00e0 passerelles | Estanter\u00edas Record","isPartOf":{"@id":"https:\/\/estanteriasrecord.com\/fr#website"},"primaryImageOfPage":{"@id":"https:\/\/estanteriasrecord.com\/fr\/produits\/rayonnage-semi-lourd-a-passerelles#primaryimage"},"image":{"@id":"https:\/\/estanteriasrecord.com\/fr\/produits\/rayonnage-semi-lourd-a-passerelles#primaryimage"},"thumbnailUrl":"https:\/\/estanteriasrecord.com\/wp-content\/uploads\/2024\/07\/manual-con-pasillos-hero-scaled.jpg","datePublished":"2024-07-04T09:43:24+00:00","dateModified":"2025-05-22T09:48:30+00:00","breadcrumb":{"@id":"https:\/\/estanteriasrecord.com\/fr\/produits\/rayonnage-semi-lourd-a-passerelles#breadcrumb"},"inLanguage":"fr-FR","potentialAction":[{"@type":"ReadAction","target":["https:\/\/estanteriasrecord.com\/fr\/produits\/rayonnage-semi-lourd-a-passerelles"]}]},{"@type":"ImageObject","inLanguage":"fr-FR","@id":"https:\/\/estanteriasrecord.com\/fr\/produits\/rayonnage-semi-lourd-a-passerelles#primaryimage","url":"https:\/\/estanteriasrecord.com\/wp-content\/uploads\/2024\/07\/manual-con-pasillos-hero-scaled.jpg","contentUrl":"https:\/\/estanteriasrecord.com\/wp-content\/uploads\/2024\/07\/manual-con-pasillos-hero-scaled.jpg","width":2560,"height":1300},{"@type":"BreadcrumbList","@id":"https:\/\/estanteriasrecord.com\/fr\/produits\/rayonnage-semi-lourd-a-passerelles#breadcrumb","itemListElement":[{"@type":"ListItem","position":1,"name":"Portada","item":"https:\/\/estanteriasrecord.com\/fr\/estanterias-record"},{"@type":"ListItem","position":2,"name":"Magasin","item":"https:\/\/estanteriasrecord.com\/fr\/magasin"},{"@type":"ListItem","position":3,"name":"Rayonnage semi-lourd \u00e0 passerelles"}]},{"@type":"WebSite","@id":"https:\/\/estanteriasrecord.com\/fr#website","url":"https:\/\/estanteriasrecord.com\/fr","name":"Estanter\u00edas Record","description":"Sistemas eficientes de almacenamiento","publisher":{"@id":"https:\/\/estanteriasrecord.com\/fr#organization"},"potentialAction":[{"@type":"SearchAction","target":{"@type":"EntryPoint","urlTemplate":"https:\/\/estanteriasrecord.com\/fr?s={search_term_string}"},"query-input":{"@type":"PropertyValueSpecification","valueRequired":true,"valueName":"search_term_string"}}],"inLanguage":"fr-FR"},{"@type":"Organization","@id":"https:\/\/estanteriasrecord.com\/fr#organization","name":"Estanter\u00edas Record","url":"https:\/\/estanteriasrecord.com\/fr","logo":{"@type":"ImageObject","inLanguage":"fr-FR","@id":"https:\/\/estanteriasrecord.com\/fr#\/schema\/logo\/image\/","url":"https:\/\/estanteriasrecord.com\/wp-content\/uploads\/2024\/03\/logo_cab_doc.png","contentUrl":"https:\/\/estanteriasrecord.com\/wp-content\/uploads\/2024\/03\/logo_cab_doc.png","width":250,"height":119,"caption":"Estanter\u00edas Record"},"image":{"@id":"https:\/\/estanteriasrecord.com\/fr#\/schema\/logo\/image\/"},"sameAs":["https:\/\/www.facebook.com\/estanteriasrecord\/"]}]}},"_links":{"self":[{"href":"https:\/\/estanteriasrecord.com\/fr\/wp-json\/wp\/v2\/product\/15031","targetHints":{"allow":["GET"]}}],"collection":[{"href":"https:\/\/estanteriasrecord.com\/fr\/wp-json\/wp\/v2\/product"}],"about":[{"href":"https:\/\/estanteriasrecord.com\/fr\/wp-json\/wp\/v2\/types\/product"}],"replies":[{"embeddable":true,"href":"https:\/\/estanteriasrecord.com\/fr\/wp-json\/wp\/v2\/comments?post=15031"}],"wp:featuredmedia":[{"embeddable":true,"href":"https:\/\/estanteriasrecord.com\/fr\/wp-json\/wp\/v2\/media\/14225"}],"wp:attachment":[{"href":"https:\/\/estanteriasrecord.com\/fr\/wp-json\/wp\/v2\/media?parent=15031"}],"wp:term":[{"taxonomy":"product_brand","embeddable":true,"href":"https:\/\/estanteriasrecord.com\/fr\/wp-json\/wp\/v2\/product_brand?post=15031"},{"taxonomy":"product_cat","embeddable":true,"href":"https:\/\/estanteriasrecord.com\/fr\/wp-json\/wp\/v2\/product_cat?post=15031"},{"taxonomy":"product_tag","embeddable":true,"href":"https:\/\/estanteriasrecord.com\/fr\/wp-json\/wp\/v2\/product_tag?post=15031"}],"curies":[{"name":"wp","href":"https:\/\/api.w.org\/{rel}","templated":true}]}}