{"id":15038,"date":"2024-04-30T09:31:37","date_gmt":"2024-04-30T09:31:37","guid":{"rendered":"https:\/\/estanteriasrecord.com\/productos\/rayonnage-a-palettes-par-accumulation"},"modified":"2026-01-14T17:00:09","modified_gmt":"2026-01-14T16:00:09","slug":"rayonnage-a-palettes-par-accumulation","status":"publish","type":"product","link":"https:\/\/estanteriasrecord.com\/fr\/produits\/rayonnage-a-palettes-par-accumulation","title":{"rendered":"Rayonnage \u00e0 palettes par accumulation"},"content":{"rendered":"","protected":false},"excerpt":{"rendered":"<p>Il s\u2019agit du syst\u00e8me de rayonnages pour palettes fournissant la plus <strong>grande capacit\u00e9 de stockage et l\u2019utilisation optimale de la surface disponible<\/strong>. Ses \u00e9l\u00e9ments verticaux s\u2019alignent longitudinalement, formant des rues de chargement dispos\u00e9es en parall\u00e8le. Ces rues sont dot\u00e9es des composants n\u00e9cessaires pour le maintien des palettes, des deux c\u00f4t\u00e9s et sur toute la hauteur de la structure, de fa\u00e7on \u00e0 ce que les chariots \u00e9l\u00e9vateurs p\u00e9n\u00e8trent dans les rues pour d\u00e9poser ou extraire les marchandises.<\/p>\n<p><strong>Cette solution double quasiment la capacit\u00e9 d\u2019un <a title=\"Rayonnage \u00e0 palettes classique\" href=\"https:\/\/estanteriasrecord.com\/fr\/produits\/rayonnage-a-palettes-classique\"><span style=\"color: #ff8200;\">syst\u00e8me conventionnel de palettisation<\/span><\/a><\/strong>, ne n\u00e9cessitant pas de couloirs de circulation et disposant les unit\u00e9s de charge de fa\u00e7on compacte. De fait, l\u2019acc\u00e8s s\u00e9lectif \u00e0 chaque palette stock\u00e9e est sacrifi\u00e9 au profit d\u2019un meilleur rendement de l\u2019espace utile.<\/p>\n<p>Le dimensionnement de la structure (nombre de rues, hauteur, profondeur, etc.) d\u00e9pend du type et du nombre de r\u00e9f\u00e9rences, taux de rotation, mat\u00e9riel de levage utilis\u00e9, espace total disponible et du syst\u00e8me de gestion logistique employ\u00e9.<\/p>\n<p>Les installations pour palettisation par accumulation peuvent \u00eatre mises en \u0153uvre dans des configurations \u00e0 <strong>entr\u00e9e simple<\/strong> si leurs rues ne sont praticables que d\u2019un seul c\u00f4t\u00e9, g\u00e9n\u00e9ralement adoss\u00e9es contre les murs du local ; ou dans des <strong>corps \u00e0 entr\u00e9e double<\/strong>, si l\u2019acc\u00e8s des chariots est permis des deux c\u00f4t\u00e9s. Il est habituel que cette derni\u00e8re disposition soit utilis\u00e9e afin de r\u00e9aliser les op\u00e9rations de chargement d\u2019un c\u00f4t\u00e9 et celles de d\u00e9chargement de l\u2019autre c\u00f4t\u00e9.<\/p>\n","protected":false},"featured_media":13659,"comment_status":"open","ping_status":"closed","template":"","meta":{"_acf_changed":false,"_joinchat":[]},"product_brand":[],"product_cat":[57],"product_tag":[],"class_list":{"0":"post-15038","1":"product","2":"type-product","3":"status-publish","4":"has-post-thumbnail","6":"product_cat-rayonnages-a-palettes","8":"first","9":"instock","10":"shipping-taxable","11":"product-type-simple"},"acf":[],"yoast_head":"<!-- This site is optimized with the Yoast SEO plugin v27.0 - https:\/\/yoast.com\/product\/yoast-seo-wordpress\/ -->\n<title>Rayonnage \u00e0 palettes par accumulation | Estanter\u00edas Record<\/title>\n<meta name=\"robots\" content=\"index, follow, max-snippet:-1, max-image-preview:large, max-video-preview:-1\" \/>\n<link rel=\"canonical\" href=\"https:\/\/estanteriasrecord.com\/fr\/produits\/rayonnage-a-palettes-par-accumulation\" \/>\n<meta property=\"og:locale\" content=\"fr_FR\" \/>\n<meta property=\"og:type\" content=\"article\" \/>\n<meta property=\"og:title\" content=\"Rayonnage \u00e0 palettes par accumulation | Estanter\u00edas Record\" \/>\n<meta property=\"og:description\" content=\"Il s\u2019agit du syst\u00e8me de rayonnages pour palettes fournissant la plus grande capacit\u00e9 de stockage et l\u2019utilisation optimale de la surface disponible. Ses \u00e9l\u00e9ments verticaux s\u2019alignent longitudinalement, formant des rues de chargement dispos\u00e9es en parall\u00e8le. Ces rues sont dot\u00e9es des composants n\u00e9cessaires pour le maintien des palettes, des deux c\u00f4t\u00e9s et sur toute la hauteur de la structure, de fa\u00e7on \u00e0 ce que les chariots \u00e9l\u00e9vateurs p\u00e9n\u00e8trent dans les rues pour d\u00e9poser ou extraire les marchandises.  Cette solution double quasiment la capacit\u00e9 d\u2019un syst\u00e8me conventionnel de palettisation, ne n\u00e9cessitant pas de couloirs de circulation et disposant les unit\u00e9s de charge de fa\u00e7on compacte. De fait, l\u2019acc\u00e8s s\u00e9lectif \u00e0 chaque palette stock\u00e9e est sacrifi\u00e9 au profit d\u2019un meilleur rendement de l\u2019espace utile.  Le dimensionnement de la structure (nombre de rues, hauteur, profondeur, etc.) d\u00e9pend du type et du nombre de r\u00e9f\u00e9rences, taux de rotation, mat\u00e9riel de levage utilis\u00e9, espace total disponible et du syst\u00e8me de gestion logistique employ\u00e9.  Les installations pour palettisation par accumulation peuvent \u00eatre mises en \u0153uvre dans des configurations \u00e0 entr\u00e9e simple si leurs rues ne sont praticables que d\u2019un seul c\u00f4t\u00e9, g\u00e9n\u00e9ralement adoss\u00e9es contre les murs du local ; ou dans des corps \u00e0 entr\u00e9e double, si l\u2019acc\u00e8s des chariots est permis des deux c\u00f4t\u00e9s. Il est habituel que cette derni\u00e8re disposition soit utilis\u00e9e afin de r\u00e9aliser les op\u00e9rations de chargement d\u2019un c\u00f4t\u00e9 et celles de d\u00e9chargement de l\u2019autre c\u00f4t\u00e9.\" \/>\n<meta property=\"og:url\" content=\"https:\/\/estanteriasrecord.com\/fr\/produits\/rayonnage-a-palettes-par-accumulation\" \/>\n<meta property=\"og:site_name\" content=\"Estanter\u00edas Record\" \/>\n<meta property=\"article:publisher\" content=\"https:\/\/www.facebook.com\/estanteriasrecord\/\" \/>\n<meta property=\"article:modified_time\" content=\"2026-01-14T16:00:09+00:00\" \/>\n<meta property=\"og:image\" content=\"https:\/\/estanteriasrecord.com\/wp-content\/uploads\/2024\/04\/PC_main.jpg\" \/>\n\t<meta property=\"og:image:width\" content=\"2362\" \/>\n\t<meta property=\"og:image:height\" content=\"1492\" \/>\n\t<meta property=\"og:image:type\" content=\"image\/jpeg\" \/>\n<meta name=\"twitter:card\" content=\"summary_large_image\" \/>\n<meta name=\"twitter:label1\" content=\"Dur\u00e9e de lecture estim\u00e9e\" \/>\n\t<meta name=\"twitter:data1\" content=\"1 minute\" \/>\n<script type=\"application\/ld+json\" class=\"yoast-schema-graph\">{\"@context\":\"https:\/\/schema.org\",\"@graph\":[{\"@type\":\"WebPage\",\"@id\":\"https:\/\/estanteriasrecord.com\/fr\/produits\/rayonnage-a-palettes-par-accumulation\",\"url\":\"https:\/\/estanteriasrecord.com\/fr\/produits\/rayonnage-a-palettes-par-accumulation\",\"name\":\"Rayonnage \u00e0 palettes par accumulation | Estanter\u00edas Record\",\"isPartOf\":{\"@id\":\"https:\/\/estanteriasrecord.com\/fr#website\"},\"primaryImageOfPage\":{\"@id\":\"https:\/\/estanteriasrecord.com\/fr\/produits\/rayonnage-a-palettes-par-accumulation#primaryimage\"},\"image\":{\"@id\":\"https:\/\/estanteriasrecord.com\/fr\/produits\/rayonnage-a-palettes-par-accumulation#primaryimage\"},\"thumbnailUrl\":\"https:\/\/estanteriasrecord.com\/wp-content\/uploads\/2024\/04\/PC_main.jpg\",\"datePublished\":\"2024-04-30T09:31:37+00:00\",\"dateModified\":\"2026-01-14T16:00:09+00:00\",\"breadcrumb\":{\"@id\":\"https:\/\/estanteriasrecord.com\/fr\/produits\/rayonnage-a-palettes-par-accumulation#breadcrumb\"},\"inLanguage\":\"fr-FR\",\"potentialAction\":[{\"@type\":\"ReadAction\",\"target\":[\"https:\/\/estanteriasrecord.com\/fr\/produits\/rayonnage-a-palettes-par-accumulation\"]}]},{\"@type\":\"ImageObject\",\"inLanguage\":\"fr-FR\",\"@id\":\"https:\/\/estanteriasrecord.com\/fr\/produits\/rayonnage-a-palettes-par-accumulation#primaryimage\",\"url\":\"https:\/\/estanteriasrecord.com\/wp-content\/uploads\/2024\/04\/PC_main.jpg\",\"contentUrl\":\"https:\/\/estanteriasrecord.com\/wp-content\/uploads\/2024\/04\/PC_main.jpg\",\"width\":2362,\"height\":1492},{\"@type\":\"BreadcrumbList\",\"@id\":\"https:\/\/estanteriasrecord.com\/fr\/produits\/rayonnage-a-palettes-par-accumulation#breadcrumb\",\"itemListElement\":[{\"@type\":\"ListItem\",\"position\":1,\"name\":\"Portada\",\"item\":\"https:\/\/estanteriasrecord.com\/fr\/estanterias-record\"},{\"@type\":\"ListItem\",\"position\":2,\"name\":\"Magasin\",\"item\":\"https:\/\/estanteriasrecord.com\/fr\/magasin\"},{\"@type\":\"ListItem\",\"position\":3,\"name\":\"Rayonnage \u00e0 palettes par accumulation\"}]},{\"@type\":\"WebSite\",\"@id\":\"https:\/\/estanteriasrecord.com\/fr#website\",\"url\":\"https:\/\/estanteriasrecord.com\/fr\",\"name\":\"Estanter\u00edas Record\",\"description\":\"Sistemas eficientes de almacenamiento\",\"publisher\":{\"@id\":\"https:\/\/estanteriasrecord.com\/fr#organization\"},\"potentialAction\":[{\"@type\":\"SearchAction\",\"target\":{\"@type\":\"EntryPoint\",\"urlTemplate\":\"https:\/\/estanteriasrecord.com\/fr?s={search_term_string}\"},\"query-input\":{\"@type\":\"PropertyValueSpecification\",\"valueRequired\":true,\"valueName\":\"search_term_string\"}}],\"inLanguage\":\"fr-FR\"},{\"@type\":\"Organization\",\"@id\":\"https:\/\/estanteriasrecord.com\/fr#organization\",\"name\":\"Estanter\u00edas Record\",\"url\":\"https:\/\/estanteriasrecord.com\/fr\",\"logo\":{\"@type\":\"ImageObject\",\"inLanguage\":\"fr-FR\",\"@id\":\"https:\/\/estanteriasrecord.com\/fr#\/schema\/logo\/image\/\",\"url\":\"https:\/\/estanteriasrecord.com\/wp-content\/uploads\/2024\/03\/logo_cab_doc.png\",\"contentUrl\":\"https:\/\/estanteriasrecord.com\/wp-content\/uploads\/2024\/03\/logo_cab_doc.png\",\"width\":250,\"height\":119,\"caption\":\"Estanter\u00edas Record\"},\"image\":{\"@id\":\"https:\/\/estanteriasrecord.com\/fr#\/schema\/logo\/image\/\"},\"sameAs\":[\"https:\/\/www.facebook.com\/estanteriasrecord\/\"]}]}<\/script>\n<!-- \/ Yoast SEO plugin. -->","yoast_head_json":{"title":"Rayonnage \u00e0 palettes par accumulation | Estanter\u00edas Record","robots":{"index":"index","follow":"follow","max-snippet":"max-snippet:-1","max-image-preview":"max-image-preview:large","max-video-preview":"max-video-preview:-1"},"canonical":"https:\/\/estanteriasrecord.com\/fr\/produits\/rayonnage-a-palettes-par-accumulation","og_locale":"fr_FR","og_type":"article","og_title":"Rayonnage \u00e0 palettes par accumulation | Estanter\u00edas Record","og_description":"Il s\u2019agit du syst\u00e8me de rayonnages pour palettes fournissant la plus grande capacit\u00e9 de stockage et l\u2019utilisation optimale de la surface disponible. Ses \u00e9l\u00e9ments verticaux s\u2019alignent longitudinalement, formant des rues de chargement dispos\u00e9es en parall\u00e8le. Ces rues sont dot\u00e9es des composants n\u00e9cessaires pour le maintien des palettes, des deux c\u00f4t\u00e9s et sur toute la hauteur de la structure, de fa\u00e7on \u00e0 ce que les chariots \u00e9l\u00e9vateurs p\u00e9n\u00e8trent dans les rues pour d\u00e9poser ou extraire les marchandises.  Cette solution double quasiment la capacit\u00e9 d\u2019un syst\u00e8me conventionnel de palettisation, ne n\u00e9cessitant pas de couloirs de circulation et disposant les unit\u00e9s de charge de fa\u00e7on compacte. De fait, l\u2019acc\u00e8s s\u00e9lectif \u00e0 chaque palette stock\u00e9e est sacrifi\u00e9 au profit d\u2019un meilleur rendement de l\u2019espace utile.  Le dimensionnement de la structure (nombre de rues, hauteur, profondeur, etc.) d\u00e9pend du type et du nombre de r\u00e9f\u00e9rences, taux de rotation, mat\u00e9riel de levage utilis\u00e9, espace total disponible et du syst\u00e8me de gestion logistique employ\u00e9.  Les installations pour palettisation par accumulation peuvent \u00eatre mises en \u0153uvre dans des configurations \u00e0 entr\u00e9e simple si leurs rues ne sont praticables que d\u2019un seul c\u00f4t\u00e9, g\u00e9n\u00e9ralement adoss\u00e9es contre les murs du local ; ou dans des corps \u00e0 entr\u00e9e double, si l\u2019acc\u00e8s des chariots est permis des deux c\u00f4t\u00e9s. Il est habituel que cette derni\u00e8re disposition soit utilis\u00e9e afin de r\u00e9aliser les op\u00e9rations de chargement d\u2019un c\u00f4t\u00e9 et celles de d\u00e9chargement de l\u2019autre c\u00f4t\u00e9.","og_url":"https:\/\/estanteriasrecord.com\/fr\/produits\/rayonnage-a-palettes-par-accumulation","og_site_name":"Estanter\u00edas Record","article_publisher":"https:\/\/www.facebook.com\/estanteriasrecord\/","article_modified_time":"2026-01-14T16:00:09+00:00","og_image":[{"width":2362,"height":1492,"url":"https:\/\/estanteriasrecord.com\/wp-content\/uploads\/2024\/04\/PC_main.jpg","type":"image\/jpeg"}],"twitter_card":"summary_large_image","twitter_misc":{"Dur\u00e9e de lecture estim\u00e9e":"1 minute"},"schema":{"@context":"https:\/\/schema.org","@graph":[{"@type":"WebPage","@id":"https:\/\/estanteriasrecord.com\/fr\/produits\/rayonnage-a-palettes-par-accumulation","url":"https:\/\/estanteriasrecord.com\/fr\/produits\/rayonnage-a-palettes-par-accumulation","name":"Rayonnage \u00e0 palettes par accumulation | Estanter\u00edas Record","isPartOf":{"@id":"https:\/\/estanteriasrecord.com\/fr#website"},"primaryImageOfPage":{"@id":"https:\/\/estanteriasrecord.com\/fr\/produits\/rayonnage-a-palettes-par-accumulation#primaryimage"},"image":{"@id":"https:\/\/estanteriasrecord.com\/fr\/produits\/rayonnage-a-palettes-par-accumulation#primaryimage"},"thumbnailUrl":"https:\/\/estanteriasrecord.com\/wp-content\/uploads\/2024\/04\/PC_main.jpg","datePublished":"2024-04-30T09:31:37+00:00","dateModified":"2026-01-14T16:00:09+00:00","breadcrumb":{"@id":"https:\/\/estanteriasrecord.com\/fr\/produits\/rayonnage-a-palettes-par-accumulation#breadcrumb"},"inLanguage":"fr-FR","potentialAction":[{"@type":"ReadAction","target":["https:\/\/estanteriasrecord.com\/fr\/produits\/rayonnage-a-palettes-par-accumulation"]}]},{"@type":"ImageObject","inLanguage":"fr-FR","@id":"https:\/\/estanteriasrecord.com\/fr\/produits\/rayonnage-a-palettes-par-accumulation#primaryimage","url":"https:\/\/estanteriasrecord.com\/wp-content\/uploads\/2024\/04\/PC_main.jpg","contentUrl":"https:\/\/estanteriasrecord.com\/wp-content\/uploads\/2024\/04\/PC_main.jpg","width":2362,"height":1492},{"@type":"BreadcrumbList","@id":"https:\/\/estanteriasrecord.com\/fr\/produits\/rayonnage-a-palettes-par-accumulation#breadcrumb","itemListElement":[{"@type":"ListItem","position":1,"name":"Portada","item":"https:\/\/estanteriasrecord.com\/fr\/estanterias-record"},{"@type":"ListItem","position":2,"name":"Magasin","item":"https:\/\/estanteriasrecord.com\/fr\/magasin"},{"@type":"ListItem","position":3,"name":"Rayonnage \u00e0 palettes par accumulation"}]},{"@type":"WebSite","@id":"https:\/\/estanteriasrecord.com\/fr#website","url":"https:\/\/estanteriasrecord.com\/fr","name":"Estanter\u00edas Record","description":"Sistemas eficientes de almacenamiento","publisher":{"@id":"https:\/\/estanteriasrecord.com\/fr#organization"},"potentialAction":[{"@type":"SearchAction","target":{"@type":"EntryPoint","urlTemplate":"https:\/\/estanteriasrecord.com\/fr?s={search_term_string}"},"query-input":{"@type":"PropertyValueSpecification","valueRequired":true,"valueName":"search_term_string"}}],"inLanguage":"fr-FR"},{"@type":"Organization","@id":"https:\/\/estanteriasrecord.com\/fr#organization","name":"Estanter\u00edas Record","url":"https:\/\/estanteriasrecord.com\/fr","logo":{"@type":"ImageObject","inLanguage":"fr-FR","@id":"https:\/\/estanteriasrecord.com\/fr#\/schema\/logo\/image\/","url":"https:\/\/estanteriasrecord.com\/wp-content\/uploads\/2024\/03\/logo_cab_doc.png","contentUrl":"https:\/\/estanteriasrecord.com\/wp-content\/uploads\/2024\/03\/logo_cab_doc.png","width":250,"height":119,"caption":"Estanter\u00edas Record"},"image":{"@id":"https:\/\/estanteriasrecord.com\/fr#\/schema\/logo\/image\/"},"sameAs":["https:\/\/www.facebook.com\/estanteriasrecord\/"]}]}},"_links":{"self":[{"href":"https:\/\/estanteriasrecord.com\/fr\/wp-json\/wp\/v2\/product\/15038","targetHints":{"allow":["GET"]}}],"collection":[{"href":"https:\/\/estanteriasrecord.com\/fr\/wp-json\/wp\/v2\/product"}],"about":[{"href":"https:\/\/estanteriasrecord.com\/fr\/wp-json\/wp\/v2\/types\/product"}],"replies":[{"embeddable":true,"href":"https:\/\/estanteriasrecord.com\/fr\/wp-json\/wp\/v2\/comments?post=15038"}],"wp:featuredmedia":[{"embeddable":true,"href":"https:\/\/estanteriasrecord.com\/fr\/wp-json\/wp\/v2\/media\/13659"}],"wp:attachment":[{"href":"https:\/\/estanteriasrecord.com\/fr\/wp-json\/wp\/v2\/media?parent=15038"}],"wp:term":[{"taxonomy":"product_brand","embeddable":true,"href":"https:\/\/estanteriasrecord.com\/fr\/wp-json\/wp\/v2\/product_brand?post=15038"},{"taxonomy":"product_cat","embeddable":true,"href":"https:\/\/estanteriasrecord.com\/fr\/wp-json\/wp\/v2\/product_cat?post=15038"},{"taxonomy":"product_tag","embeddable":true,"href":"https:\/\/estanteriasrecord.com\/fr\/wp-json\/wp\/v2\/product_tag?post=15038"}],"curies":[{"name":"wp","href":"https:\/\/api.w.org\/{rel}","templated":true}]}}