{"id":15040,"date":"2024-05-06T06:46:35","date_gmt":"2024-05-06T06:46:35","guid":{"rendered":"https:\/\/estanteriasrecord.com\/productos\/rayonnage-a-palettes-a-niveaux-de-picking"},"modified":"2025-05-22T10:35:31","modified_gmt":"2025-05-22T08:35:31","slug":"rayonnage-a-palettes-a-niveaux-de-picking","status":"publish","type":"product","link":"https:\/\/estanteriasrecord.com\/fr\/produits\/rayonnage-a-palettes-a-niveaux-de-picking","title":{"rendered":"Rayonnage \u00e0 palettes \u00e0 niveaux de picking"},"content":{"rendered":"","protected":false},"excerpt":{"rendered":"<p>Il s\u2019agit d\u2019un syst\u00e8me de rayonnages qui rend possible la <strong>combinaison de deux types de stockage<\/strong>, souvent compl\u00e9mentaires. Il s\u2019agit de deux corps de rayonnages pour <a title=\"Palettisation classique\" href=\"https:\/\/estanteriasrecord.com\/fr\/produits\/rayonnage-a-palettes-classique\"><span style=\"color: #ff8200;\">palettisation conventionnelle<\/span><\/a> o\u00f9 sont dispos\u00e9s dans la partie inf\u00e9rieure les composants n\u00e9cessaires pour entreposer <span style=\"color: #ff8200;\"><a style=\"color: #ff8200;\" title=\"Rayonnage semi-lourd\" href=\"https:\/\/estanteriasrecord.com\/fr\/produits\/rayonnage-leger-perfore-classique\">manuellement<\/a><\/span> des articles aux dimensions moyennes.<\/p>\n<p>Les modules de rayonnages se distribuent dans des alignements formant des couloirs, dimensionn\u00e9s selon les caract\u00e9ristiques des chariots \u00e9l\u00e9vateurs et les besoins fonctionnels de la gestion logistique. La structure est mise en place en fonction des conditions physiques des charges et du mode de manutention de celles-ci. \u00c9tant donn\u00e9 que l\u2019installation peut h\u00e9berger de grandes charges palettis\u00e9es, d\u00e9plac\u00e9es par des moyens m\u00e9caniques et que des op\u00e9rateurs y acc\u00e8dent pour r\u00e9aliser des t\u00e2ches de picking, il est n\u00e9cessaire d\u2019optimiser la conception afin de garantir la s\u00e9curit\u00e9 des personnes, des stocks et des rayonnages eux-m\u00eames.<\/p>\n","protected":false},"featured_media":13737,"comment_status":"open","ping_status":"closed","template":"","meta":{"_acf_changed":false,"_joinchat":[]},"product_brand":[],"product_cat":[57],"product_tag":[],"class_list":{"0":"post-15040","1":"product","2":"type-product","3":"status-publish","4":"has-post-thumbnail","6":"product_cat-rayonnages-a-palettes","8":"first","9":"instock","10":"shipping-taxable","11":"product-type-simple"},"acf":[],"yoast_head":"<!-- This site is optimized with the Yoast SEO plugin v27.0 - https:\/\/yoast.com\/product\/yoast-seo-wordpress\/ -->\n<title>Rayonnage \u00e0 palettes \u00e0 niveaux de picking | Estanter\u00edas Record<\/title>\n<meta name=\"robots\" content=\"index, follow, max-snippet:-1, max-image-preview:large, max-video-preview:-1\" \/>\n<link rel=\"canonical\" href=\"https:\/\/estanteriasrecord.com\/fr\/produits\/rayonnage-a-palettes-a-niveaux-de-picking\" \/>\n<meta property=\"og:locale\" content=\"fr_FR\" \/>\n<meta property=\"og:type\" content=\"article\" \/>\n<meta property=\"og:title\" content=\"Rayonnage \u00e0 palettes \u00e0 niveaux de picking | Estanter\u00edas Record\" \/>\n<meta property=\"og:description\" content=\"Il s\u2019agit d\u2019un syst\u00e8me de rayonnages qui rend possible la combinaison de deux types de stockage, souvent compl\u00e9mentaires. Il s\u2019agit de deux corps de rayonnages pour palettisation conventionnelle o\u00f9 sont dispos\u00e9s dans la partie inf\u00e9rieure les composants n\u00e9cessaires pour entreposer manuellement des articles aux dimensions moyennes.  Les modules de rayonnages se distribuent dans des alignements formant des couloirs, dimensionn\u00e9s selon les caract\u00e9ristiques des chariots \u00e9l\u00e9vateurs et les besoins fonctionnels de la gestion logistique. La structure est mise en place en fonction des conditions physiques des charges et du mode de manutention de celles-ci. \u00c9tant donn\u00e9 que l\u2019installation peut h\u00e9berger de grandes charges palettis\u00e9es, d\u00e9plac\u00e9es par des moyens m\u00e9caniques et que des op\u00e9rateurs y acc\u00e8dent pour r\u00e9aliser des t\u00e2ches de picking, il est n\u00e9cessaire d\u2019optimiser la conception afin de garantir la s\u00e9curit\u00e9 des personnes, des stocks et des rayonnages eux-m\u00eames.\" \/>\n<meta property=\"og:url\" content=\"https:\/\/estanteriasrecord.com\/fr\/produits\/rayonnage-a-palettes-a-niveaux-de-picking\" \/>\n<meta property=\"og:site_name\" content=\"Estanter\u00edas Record\" \/>\n<meta property=\"article:publisher\" content=\"https:\/\/www.facebook.com\/estanteriasrecord\/\" \/>\n<meta property=\"article:modified_time\" content=\"2025-05-22T08:35:31+00:00\" \/>\n<meta property=\"og:image\" content=\"https:\/\/estanteriasrecord.com\/wp-content\/uploads\/2024\/05\/PPM_main-scaled.jpg\" \/>\n\t<meta property=\"og:image:width\" content=\"2560\" \/>\n\t<meta property=\"og:image:height\" content=\"1441\" \/>\n\t<meta property=\"og:image:type\" content=\"image\/jpeg\" \/>\n<meta name=\"twitter:card\" content=\"summary_large_image\" \/>\n<meta name=\"twitter:label1\" content=\"Dur\u00e9e de lecture estim\u00e9e\" \/>\n\t<meta name=\"twitter:data1\" content=\"1 minute\" \/>\n<script type=\"application\/ld+json\" class=\"yoast-schema-graph\">{\"@context\":\"https:\/\/schema.org\",\"@graph\":[{\"@type\":\"WebPage\",\"@id\":\"https:\/\/estanteriasrecord.com\/fr\/produits\/rayonnage-a-palettes-a-niveaux-de-picking\",\"url\":\"https:\/\/estanteriasrecord.com\/fr\/produits\/rayonnage-a-palettes-a-niveaux-de-picking\",\"name\":\"Rayonnage \u00e0 palettes \u00e0 niveaux de picking | Estanter\u00edas Record\",\"isPartOf\":{\"@id\":\"https:\/\/estanteriasrecord.com\/fr#website\"},\"primaryImageOfPage\":{\"@id\":\"https:\/\/estanteriasrecord.com\/fr\/produits\/rayonnage-a-palettes-a-niveaux-de-picking#primaryimage\"},\"image\":{\"@id\":\"https:\/\/estanteriasrecord.com\/fr\/produits\/rayonnage-a-palettes-a-niveaux-de-picking#primaryimage\"},\"thumbnailUrl\":\"https:\/\/estanteriasrecord.com\/wp-content\/uploads\/2024\/05\/PPM_main-scaled.jpg\",\"datePublished\":\"2024-05-06T06:46:35+00:00\",\"dateModified\":\"2025-05-22T08:35:31+00:00\",\"breadcrumb\":{\"@id\":\"https:\/\/estanteriasrecord.com\/fr\/produits\/rayonnage-a-palettes-a-niveaux-de-picking#breadcrumb\"},\"inLanguage\":\"fr-FR\",\"potentialAction\":[{\"@type\":\"ReadAction\",\"target\":[\"https:\/\/estanteriasrecord.com\/fr\/produits\/rayonnage-a-palettes-a-niveaux-de-picking\"]}]},{\"@type\":\"ImageObject\",\"inLanguage\":\"fr-FR\",\"@id\":\"https:\/\/estanteriasrecord.com\/fr\/produits\/rayonnage-a-palettes-a-niveaux-de-picking#primaryimage\",\"url\":\"https:\/\/estanteriasrecord.com\/wp-content\/uploads\/2024\/05\/PPM_main-scaled.jpg\",\"contentUrl\":\"https:\/\/estanteriasrecord.com\/wp-content\/uploads\/2024\/05\/PPM_main-scaled.jpg\",\"width\":2560,\"height\":1441},{\"@type\":\"BreadcrumbList\",\"@id\":\"https:\/\/estanteriasrecord.com\/fr\/produits\/rayonnage-a-palettes-a-niveaux-de-picking#breadcrumb\",\"itemListElement\":[{\"@type\":\"ListItem\",\"position\":1,\"name\":\"Portada\",\"item\":\"https:\/\/estanteriasrecord.com\/fr\/estanterias-record\"},{\"@type\":\"ListItem\",\"position\":2,\"name\":\"Magasin\",\"item\":\"https:\/\/estanteriasrecord.com\/fr\/magasin\"},{\"@type\":\"ListItem\",\"position\":3,\"name\":\"Rayonnage \u00e0 palettes \u00e0 niveaux de picking\"}]},{\"@type\":\"WebSite\",\"@id\":\"https:\/\/estanteriasrecord.com\/fr#website\",\"url\":\"https:\/\/estanteriasrecord.com\/fr\",\"name\":\"Estanter\u00edas Record\",\"description\":\"Sistemas eficientes de almacenamiento\",\"publisher\":{\"@id\":\"https:\/\/estanteriasrecord.com\/fr#organization\"},\"potentialAction\":[{\"@type\":\"SearchAction\",\"target\":{\"@type\":\"EntryPoint\",\"urlTemplate\":\"https:\/\/estanteriasrecord.com\/fr?s={search_term_string}\"},\"query-input\":{\"@type\":\"PropertyValueSpecification\",\"valueRequired\":true,\"valueName\":\"search_term_string\"}}],\"inLanguage\":\"fr-FR\"},{\"@type\":\"Organization\",\"@id\":\"https:\/\/estanteriasrecord.com\/fr#organization\",\"name\":\"Estanter\u00edas Record\",\"url\":\"https:\/\/estanteriasrecord.com\/fr\",\"logo\":{\"@type\":\"ImageObject\",\"inLanguage\":\"fr-FR\",\"@id\":\"https:\/\/estanteriasrecord.com\/fr#\/schema\/logo\/image\/\",\"url\":\"https:\/\/estanteriasrecord.com\/wp-content\/uploads\/2024\/03\/logo_cab_doc.png\",\"contentUrl\":\"https:\/\/estanteriasrecord.com\/wp-content\/uploads\/2024\/03\/logo_cab_doc.png\",\"width\":250,\"height\":119,\"caption\":\"Estanter\u00edas Record\"},\"image\":{\"@id\":\"https:\/\/estanteriasrecord.com\/fr#\/schema\/logo\/image\/\"},\"sameAs\":[\"https:\/\/www.facebook.com\/estanteriasrecord\/\"]}]}<\/script>\n<!-- \/ Yoast SEO plugin. -->","yoast_head_json":{"title":"Rayonnage \u00e0 palettes \u00e0 niveaux de picking | Estanter\u00edas Record","robots":{"index":"index","follow":"follow","max-snippet":"max-snippet:-1","max-image-preview":"max-image-preview:large","max-video-preview":"max-video-preview:-1"},"canonical":"https:\/\/estanteriasrecord.com\/fr\/produits\/rayonnage-a-palettes-a-niveaux-de-picking","og_locale":"fr_FR","og_type":"article","og_title":"Rayonnage \u00e0 palettes \u00e0 niveaux de picking | Estanter\u00edas Record","og_description":"Il s\u2019agit d\u2019un syst\u00e8me de rayonnages qui rend possible la combinaison de deux types de stockage, souvent compl\u00e9mentaires. Il s\u2019agit de deux corps de rayonnages pour palettisation conventionnelle o\u00f9 sont dispos\u00e9s dans la partie inf\u00e9rieure les composants n\u00e9cessaires pour entreposer manuellement des articles aux dimensions moyennes.  Les modules de rayonnages se distribuent dans des alignements formant des couloirs, dimensionn\u00e9s selon les caract\u00e9ristiques des chariots \u00e9l\u00e9vateurs et les besoins fonctionnels de la gestion logistique. La structure est mise en place en fonction des conditions physiques des charges et du mode de manutention de celles-ci. \u00c9tant donn\u00e9 que l\u2019installation peut h\u00e9berger de grandes charges palettis\u00e9es, d\u00e9plac\u00e9es par des moyens m\u00e9caniques et que des op\u00e9rateurs y acc\u00e8dent pour r\u00e9aliser des t\u00e2ches de picking, il est n\u00e9cessaire d\u2019optimiser la conception afin de garantir la s\u00e9curit\u00e9 des personnes, des stocks et des rayonnages eux-m\u00eames.","og_url":"https:\/\/estanteriasrecord.com\/fr\/produits\/rayonnage-a-palettes-a-niveaux-de-picking","og_site_name":"Estanter\u00edas Record","article_publisher":"https:\/\/www.facebook.com\/estanteriasrecord\/","article_modified_time":"2025-05-22T08:35:31+00:00","og_image":[{"width":2560,"height":1441,"url":"https:\/\/estanteriasrecord.com\/wp-content\/uploads\/2024\/05\/PPM_main-scaled.jpg","type":"image\/jpeg"}],"twitter_card":"summary_large_image","twitter_misc":{"Dur\u00e9e de lecture estim\u00e9e":"1 minute"},"schema":{"@context":"https:\/\/schema.org","@graph":[{"@type":"WebPage","@id":"https:\/\/estanteriasrecord.com\/fr\/produits\/rayonnage-a-palettes-a-niveaux-de-picking","url":"https:\/\/estanteriasrecord.com\/fr\/produits\/rayonnage-a-palettes-a-niveaux-de-picking","name":"Rayonnage \u00e0 palettes \u00e0 niveaux de picking | Estanter\u00edas Record","isPartOf":{"@id":"https:\/\/estanteriasrecord.com\/fr#website"},"primaryImageOfPage":{"@id":"https:\/\/estanteriasrecord.com\/fr\/produits\/rayonnage-a-palettes-a-niveaux-de-picking#primaryimage"},"image":{"@id":"https:\/\/estanteriasrecord.com\/fr\/produits\/rayonnage-a-palettes-a-niveaux-de-picking#primaryimage"},"thumbnailUrl":"https:\/\/estanteriasrecord.com\/wp-content\/uploads\/2024\/05\/PPM_main-scaled.jpg","datePublished":"2024-05-06T06:46:35+00:00","dateModified":"2025-05-22T08:35:31+00:00","breadcrumb":{"@id":"https:\/\/estanteriasrecord.com\/fr\/produits\/rayonnage-a-palettes-a-niveaux-de-picking#breadcrumb"},"inLanguage":"fr-FR","potentialAction":[{"@type":"ReadAction","target":["https:\/\/estanteriasrecord.com\/fr\/produits\/rayonnage-a-palettes-a-niveaux-de-picking"]}]},{"@type":"ImageObject","inLanguage":"fr-FR","@id":"https:\/\/estanteriasrecord.com\/fr\/produits\/rayonnage-a-palettes-a-niveaux-de-picking#primaryimage","url":"https:\/\/estanteriasrecord.com\/wp-content\/uploads\/2024\/05\/PPM_main-scaled.jpg","contentUrl":"https:\/\/estanteriasrecord.com\/wp-content\/uploads\/2024\/05\/PPM_main-scaled.jpg","width":2560,"height":1441},{"@type":"BreadcrumbList","@id":"https:\/\/estanteriasrecord.com\/fr\/produits\/rayonnage-a-palettes-a-niveaux-de-picking#breadcrumb","itemListElement":[{"@type":"ListItem","position":1,"name":"Portada","item":"https:\/\/estanteriasrecord.com\/fr\/estanterias-record"},{"@type":"ListItem","position":2,"name":"Magasin","item":"https:\/\/estanteriasrecord.com\/fr\/magasin"},{"@type":"ListItem","position":3,"name":"Rayonnage \u00e0 palettes \u00e0 niveaux de picking"}]},{"@type":"WebSite","@id":"https:\/\/estanteriasrecord.com\/fr#website","url":"https:\/\/estanteriasrecord.com\/fr","name":"Estanter\u00edas Record","description":"Sistemas eficientes de almacenamiento","publisher":{"@id":"https:\/\/estanteriasrecord.com\/fr#organization"},"potentialAction":[{"@type":"SearchAction","target":{"@type":"EntryPoint","urlTemplate":"https:\/\/estanteriasrecord.com\/fr?s={search_term_string}"},"query-input":{"@type":"PropertyValueSpecification","valueRequired":true,"valueName":"search_term_string"}}],"inLanguage":"fr-FR"},{"@type":"Organization","@id":"https:\/\/estanteriasrecord.com\/fr#organization","name":"Estanter\u00edas Record","url":"https:\/\/estanteriasrecord.com\/fr","logo":{"@type":"ImageObject","inLanguage":"fr-FR","@id":"https:\/\/estanteriasrecord.com\/fr#\/schema\/logo\/image\/","url":"https:\/\/estanteriasrecord.com\/wp-content\/uploads\/2024\/03\/logo_cab_doc.png","contentUrl":"https:\/\/estanteriasrecord.com\/wp-content\/uploads\/2024\/03\/logo_cab_doc.png","width":250,"height":119,"caption":"Estanter\u00edas Record"},"image":{"@id":"https:\/\/estanteriasrecord.com\/fr#\/schema\/logo\/image\/"},"sameAs":["https:\/\/www.facebook.com\/estanteriasrecord\/"]}]}},"_links":{"self":[{"href":"https:\/\/estanteriasrecord.com\/fr\/wp-json\/wp\/v2\/product\/15040","targetHints":{"allow":["GET"]}}],"collection":[{"href":"https:\/\/estanteriasrecord.com\/fr\/wp-json\/wp\/v2\/product"}],"about":[{"href":"https:\/\/estanteriasrecord.com\/fr\/wp-json\/wp\/v2\/types\/product"}],"replies":[{"embeddable":true,"href":"https:\/\/estanteriasrecord.com\/fr\/wp-json\/wp\/v2\/comments?post=15040"}],"wp:featuredmedia":[{"embeddable":true,"href":"https:\/\/estanteriasrecord.com\/fr\/wp-json\/wp\/v2\/media\/13737"}],"wp:attachment":[{"href":"https:\/\/estanteriasrecord.com\/fr\/wp-json\/wp\/v2\/media?parent=15040"}],"wp:term":[{"taxonomy":"product_brand","embeddable":true,"href":"https:\/\/estanteriasrecord.com\/fr\/wp-json\/wp\/v2\/product_brand?post=15040"},{"taxonomy":"product_cat","embeddable":true,"href":"https:\/\/estanteriasrecord.com\/fr\/wp-json\/wp\/v2\/product_cat?post=15040"},{"taxonomy":"product_tag","embeddable":true,"href":"https:\/\/estanteriasrecord.com\/fr\/wp-json\/wp\/v2\/product_tag?post=15040"}],"curies":[{"name":"wp","href":"https:\/\/api.w.org\/{rel}","templated":true}]}}